
{"id":140733,"date":"2026-03-24T11:38:55","date_gmt":"2026-03-24T11:38:55","guid":{"rendered":"https:\/\/gevelridder.nl\/product\/veribor-podnosnik-ssacy-2x2-zatrzaski-walizka-60-kg\/"},"modified":"2026-03-24T11:38:55","modified_gmt":"2026-03-24T11:38:55","slug":"veribor-podnosnik-ssacy-2x2-zatrzaski-walizka-60-kg","status":"publish","type":"product","link":"https:\/\/gevelridder.nl\/pl\/produkt\/veribor-podnosnik-ssacy-2x2-zatrzaski-walizka-60-kg\/","title":{"rendered":"Veribor\u00ae Podno\u015bnik ss\u0105cy 2&#215;2-zatrzaski walizka 60 kg"},"content":{"rendered":"<p>Odkryj wytrzyma\u0142o\u015b\u0107 i ergonomiczn\u0105 konstrukcj\u0119 podno\u015bnika przyssawkowego Veribor\u00ae 2&#215;2-zatrzaski aluminiowe w pi\u0119knej obudowie, rycerski wyb\u00f3r dla wszystkich potrzeb zwi\u0105zanych z podnoszeniem i przenoszeniem. Niezale\u017cnie od tego, czy potrzebujesz podnie\u015b\u0107 szk\u0142o, arkusz materia\u0142u, czy nawet lod\u00f3wk\u0119, ten podno\u015bnik do szk\u0142a poradzi sobie z tym dzi\u0119ki imponuj\u0105cemu ud\u017awigowi do 60 kg. Pozw\u00f3l nam zabra\u0107 Ci\u0119 w podr\u00f3\u017c po funkcjach i zaletach tego niezwyk\u0142ego narz\u0119dzia:  <\/p>\n<p><strong>Optymalna wytrzyma\u0142o\u015b\u0107 i konstrukcja:<\/strong> 2-zatrzaskowy podno\u015bnik do szk\u0142a Bohle Veribor Aluminium to mocny no\u015bnik szk\u0142a o wyj\u0105tkowej konstrukcji. Dzi\u0119ki du\u017cym przyssawkom ci\u015bnienie podci\u015bnienia jest idealnie rozprowadzane po zewn\u0119trznej cz\u0119\u015bci gumowego dysku. Szerokie powierzchnie styku d\u017awigni zapewniaj\u0105 idealne przenoszenie si\u0142y, niezale\u017cnie od tego, czy podnosisz d\u0142oni\u0105, czy kciukiem. Du\u017ce pier\u015bcienie zapewniaj\u0105 dodatkow\u0105 stabilno\u015b\u0107 wahaczy, wyprodukowanych w sprawdzonej jako\u015bci Bohle.   <\/p>\n<p><strong>Aluminium bezo\u0142owiowe:<\/strong> Podno\u015bnik przyssawkowy Veribor\u00ae 2&#215;2-naps aluminium jest wykonany z aluminium bezo\u0142owiowego, co nie tylko zapewnia trwa\u0142o\u015b\u0107, ale tak\u017ce przyczynia si\u0119 do powstania produktu przyjaznego dla \u015brodowiska.<\/p>\n<p><strong>Jako\u015b\u0107 i bezpiecze\u0144stwo:<\/strong> Veribor\u00ae jest wysokiej jako\u015bci mark\u0105 Bohle Group. Od 1953 roku produkty te s\u0105 opracowywane i produkowane wy\u0142\u0105cznie w Niemczech. S\u0105 one poddawane wieloetapowym procedurom testowym w celu zapewnienia najwy\u017cszych standard\u00f3w bezpiecze\u0144stwa i ergonomii. Ponadto s\u0105 wolne od rakotw\u00f3rczych zwi\u0105zk\u00f3w w\u0119glowodorowych (PAH).   <\/p>\n<p><strong>Wielofunkcyjny:<\/strong> 2-zatrzaskowy aluminiowy podno\u015bnik do szk\u0142a Veribor firmy Bohle jest wszechstronny. Idealnie nadaje si\u0119 do podnoszenia szk\u0142a i innych g\u0142adkich powierzchni, takich jak arkusze materia\u0142u. Nale\u017cy pami\u0119ta\u0107, \u017ce ten podno\u015bnik do szk\u0142a mo\u017ce obs\u0142ugiwa\u0107 ci\u0119\u017cary do 60 kg, a dzi\u0119ki wbudowanemu podw\u00f3jnemu wsp\u00f3\u0142czynnikowi bezpiecze\u0144stwa ten podno\u015bnik do szk\u0142a jest niezawodny w ka\u017cdym zadaniu.  <\/p>\n<p><strong>Cechy w skr\u00f3cie:<\/strong><\/p>\n<ul>\n<li>Bezpiecze\u0144stwo przetestowane zgodnie z surowymi normami Bohle.<\/li>\n<li>Ud\u017awig 60 kg z podw\u00f3jnym wsp\u00f3\u0142czynnikiem bezpiecze\u0144stwa.<\/li>\n<li>Solidna konstrukcja zapewniaj\u0105ca trwa\u0142o\u015b\u0107.<\/li>\n<li>Prosta obs\u0142uga zapewniaj\u0105ca wydajno\u015b\u0107.<\/li>\n<li>Dumnie wyprodukowany w Niemczech, znak kunsztu.<\/li>\n<\/ul>\n<p>Wybierz podno\u015bnik przyssawkowy Veribor\u00ae 2&#215;2-zatrzaski aluminiowe i pozw\u00f3l Gevelridder BV pom\u00f3c Ci w znalezieniu najlepszych rozwi\u0105za\u0144 dla wszystkich Twoich potrzeb w zakresie podnoszenia i przenoszenia. Chcemy jako pierwsi zaoferowa\u0107 mo\u017cliwo\u015b\u0107 wprowadzenia tego innowacyjnego podno\u015bnika do szk\u0142a na rynek belgijski i holenderski. Zaufaj sile Bohle i pasji Gevelridder BV do najlepszych produkt\u00f3w. Skontaktuj si\u0119 z nami ju\u017c dzi\u015b, aby uzyska\u0107 informacje o cenach i dost\u0119pno\u015bci. Nasz\u0105 misj\u0105 jest uczynienie Twojej pracy \u0142atwiejsz\u0105 i bardziej wydajn\u0105.    <\/p>\n","protected":false},"excerpt":{"rendered":"<p>Odkryj wytrzyma\u0142o\u015b\u0107 i elegancj\u0119 aluminiowych podno\u015bnik\u00f3w przyssawkowych Veribor\u00ae 2&#215;2-naps w pi\u0119knej walizce o ud\u017awigu do 60 kg ka\u017cdy. To wytrzyma\u0142e i ergonomiczne narz\u0119dzie jest przeznaczone do r\u00f3\u017cnych zastosowa\u0144 i spe\u0142nia surowe normy bezpiecze\u0144stwa. Wybierz jako\u015b\u0107, odpowiedzialno\u015b\u0107 za \u015brodowisko i niemieckie rzemios\u0142o. Uczy\u0144 swoj\u0105 prac\u0119 \u0142atwiejsz\u0105 i bardziej wydajn\u0105 dzi\u0119ki Gevelridder BV.   <\/p>\n<p>&nbsp;<\/p>\n","protected":false},"featured_media":132167,"template":"","meta":{"_acf_changed":false,"_seopress_robots_primary_cat":"","_seopress_titles_title":"","_seopress_titles_desc":"","_seopress_robots_index":""},"product_brand":[],"product_cat":[1952,1953,1977,2329],"product_tag":[2333,2334,2143,2338,2214,2228,2331,2017,1993,2337,2014,2335,2015,1992,2231,2336,2330,2332],"class_list":{"0":"post-140733","1":"product","2":"type-product","3":"status-publish","4":"has-post-thumbnail","6":"product_cat-nosidla-do-szyb","7":"product_cat-przyssawki-z-pompka","8":"product_cat-przyssawki-z-pompka-2","9":"product_cat-veribor","10":"product_tag-2-drzemki","11":"product_tag-3-drzemki","12":"product_tag-bohle","13":"product_tag-darmowa-walizka","14":"product_tag-grabo","15":"product_tag-kim75","16":"product_tag-lasy","17":"product_tag-miroiterie","18":"product_tag-podnosnik-do-szkla","19":"product_tag-podnosnik-ssacy","20":"product_tag-podnoszenie-szkla","21":"product_tag-saugheber","22":"product_tag-szklarz-2","23":"product_tag-szklarz","24":"product_tag-tlok-pompy","25":"product_tag-veribor-2-drzemki","26":"product_tag-weribor","27":"product_tag-wpg","28":"product_shipping_class-paczka-45-35-25","30":"first","31":"instock","32":"taxable","33":"shipping-taxable","34":"purchasable","35":"product-type-simple"},"acf":[],"_links":{"self":[{"href":"https:\/\/gevelridder.nl\/pl\/wp-json\/wp\/v2\/product\/140733","targetHints":{"allow":["GET"]}}],"collection":[{"href":"https:\/\/gevelridder.nl\/pl\/wp-json\/wp\/v2\/product"}],"about":[{"href":"https:\/\/gevelridder.nl\/pl\/wp-json\/wp\/v2\/types\/product"}],"wp:featuredmedia":[{"embeddable":true,"href":"https:\/\/gevelridder.nl\/pl\/wp-json\/wp\/v2\/media\/132167"}],"wp:attachment":[{"href":"https:\/\/gevelridder.nl\/pl\/wp-json\/wp\/v2\/media?parent=140733"}],"wp:term":[{"taxonomy":"product_brand","embeddable":true,"href":"https:\/\/gevelridder.nl\/pl\/wp-json\/wp\/v2\/product_brand?post=140733"},{"taxonomy":"product_cat","embeddable":true,"href":"https:\/\/gevelridder.nl\/pl\/wp-json\/wp\/v2\/product_cat?post=140733"},{"taxonomy":"product_tag","embeddable":true,"href":"https:\/\/gevelridder.nl\/pl\/wp-json\/wp\/v2\/product_tag?post=140733"}],"curies":[{"name":"wp","href":"https:\/\/api.w.org\/{rel}","templated":true}]}}