
{"id":140732,"date":"2026-03-24T11:33:10","date_gmt":"2026-03-24T11:33:10","guid":{"rendered":"https:\/\/gevelridder.nl\/product\/napinacz-plyty-do-mocowania\/"},"modified":"2026-03-24T11:33:10","modified_gmt":"2026-03-24T11:33:10","slug":"napinacz-plyty-do-mocowania","status":"publish","type":"product","link":"https:\/\/gevelridder.nl\/pl\/produkt\/napinacz-plyty-do-mocowania\/","title":{"rendered":"Napinacz p\u0142yty do mocowania"},"content":{"rendered":"<p>\u0141atwe i bezpieczne pozycjonowanie du\u017cych cz\u0119\u015bci. R\u0119czne pozycjonowanie du\u017cych, ci\u0119\u017ckich p\u0142yt lub ich precyzyjne i r\u00f3wne \u0142\u0105czenie nie jest \u0142atwe. Dzi\u0119ki napinaczowi blachy Veribor\u00ae mo\u017cna okre\u015bli\u0107 idealn\u0105 pozycj\u0119 i w razie potrzeby skorygowa\u0107 j\u0105 bez przesuwania. Napinacz blachy Veribor\u00ae jest idealnym narz\u0119dziem do napinania, otwierania i zamykania du\u017cych arkuszy materia\u0142u w kontrolowany spos\u00f3b i z milimetrow\u0105 precyzj\u0105. Aby napi\u0105\u0107, t\u0142oki s\u0105 umieszczane na powierzchni. Za pomoc\u0105 kilku ruch\u00f3w pompy uzyskuje si\u0119 maksymaln\u0105 pr\u00f3\u017cni\u0119 i najwy\u017csz\u0105 poziom\u0105 si\u0142\u0119 zacisku do 1200 N. Bezpiecze\u0144stwo pr\u00f3\u017cni mo\u017cna sprawdzi\u0107 za pomoc\u0105 czerwonego pier\u015bcienia na pompie. W przypadku utraty podci\u015bnienia mo\u017cna je przywr\u00f3ci\u0107 poprzez ponowne uruchomienie pompy, bez od\u0142\u0105czania napinacza p\u0142yt od pod\u0142o\u017ca.       <\/p>\n","protected":false},"excerpt":{"rendered":"<p>\u0141atwe i bezpieczne pozycjonowanie du\u017cych cz\u0119\u015bci. R\u0119czne pozycjonowanie du\u017cych, ci\u0119\u017ckich p\u0142yt lub ich precyzyjne i r\u00f3wne \u0142\u0105czenie nie jest \u0142atwe. Dzi\u0119ki napinaczowi blachy Veribor\u00ae mo\u017cna okre\u015bli\u0107 idealn\u0105 pozycj\u0119 i w razie potrzeby skorygowa\u0107 j\u0105 bez przesuwania. Napinacz blachy Veribor\u00ae jest idealnym narz\u0119dziem do napinania, otwierania i zamykania du\u017cych arkuszy materia\u0142u w kontrolowany spos\u00f3b i z milimetrow\u0105 precyzj\u0105. Aby napi\u0105\u0107, t\u0142oki s\u0105 umieszczane na powierzchni. Za pomoc\u0105 kilku ruch\u00f3w pompy uzyskuje si\u0119 maksymaln\u0105 pr\u00f3\u017cni\u0119 i najwy\u017csz\u0105 poziom\u0105 si\u0142\u0119 zacisku do 1200 N. Bezpiecze\u0144stwo pr\u00f3\u017cni mo\u017cna sprawdzi\u0107 za pomoc\u0105 czerwonego pier\u015bcienia na pompie. W przypadku utraty podci\u015bnienia mo\u017cna je przywr\u00f3ci\u0107 poprzez ponowne uruchomienie pompy, bez od\u0142\u0105czania napinacza p\u0142yt od pod\u0142o\u017ca.       <\/p>\n","protected":false},"featured_media":131622,"template":"","meta":{"_acf_changed":false,"_seopress_robots_primary_cat":"","_seopress_titles_title":"","_seopress_titles_desc":"","_seopress_robots_index":""},"product_brand":[],"product_cat":[2341,1973,1974,1953],"product_tag":[2342,2230,2339,2152],"class_list":{"0":"post-140732","1":"product","2":"type-product","3":"status-publish","4":"has-post-thumbnail","6":"product_cat-napinacze-plyt","7":"product_cat-narzedzia","8":"product_cat-narzedzia-do-szkla","9":"product_cat-przyssawki-z-pompka","10":"product_tag-napinacz-plyty","11":"product_tag-plyty","12":"product_tag-tlok","13":"product_tag-zestaw-szklany","14":"product_shipping_class-pakiet-80-50-20","16":"first","17":"onbackorder","18":"taxable","19":"shipping-taxable","20":"purchasable","21":"product-type-simple"},"acf":[],"_links":{"self":[{"href":"https:\/\/gevelridder.nl\/pl\/wp-json\/wp\/v2\/product\/140732","targetHints":{"allow":["GET"]}}],"collection":[{"href":"https:\/\/gevelridder.nl\/pl\/wp-json\/wp\/v2\/product"}],"about":[{"href":"https:\/\/gevelridder.nl\/pl\/wp-json\/wp\/v2\/types\/product"}],"wp:featuredmedia":[{"embeddable":true,"href":"https:\/\/gevelridder.nl\/pl\/wp-json\/wp\/v2\/media\/131622"}],"wp:attachment":[{"href":"https:\/\/gevelridder.nl\/pl\/wp-json\/wp\/v2\/media?parent=140732"}],"wp:term":[{"taxonomy":"product_brand","embeddable":true,"href":"https:\/\/gevelridder.nl\/pl\/wp-json\/wp\/v2\/product_brand?post=140732"},{"taxonomy":"product_cat","embeddable":true,"href":"https:\/\/gevelridder.nl\/pl\/wp-json\/wp\/v2\/product_cat?post=140732"},{"taxonomy":"product_tag","embeddable":true,"href":"https:\/\/gevelridder.nl\/pl\/wp-json\/wp\/v2\/product_tag?post=140732"}],"curies":[{"name":"wp","href":"https:\/\/api.w.org\/{rel}","templated":true}]}}