
{"id":140723,"date":"2026-03-24T11:38:55","date_gmt":"2026-03-24T11:38:55","guid":{"rendered":"https:\/\/gevelridder.nl\/product\/podnosnik-przyssawkowy-veribor-3-zatrzaski-z-tworzywa-sztucznego-90-kg\/"},"modified":"2026-03-24T11:38:55","modified_gmt":"2026-03-24T11:38:55","slug":"podnosnik-przyssawkowy-veribor-3-zatrzaski-z-tworzywa-sztucznego-90-kg","status":"publish","type":"product","link":"https:\/\/gevelridder.nl\/pl\/produkt\/podnosnik-przyssawkowy-veribor-3-zatrzaski-z-tworzywa-sztucznego-90-kg\/","title":{"rendered":"Podno\u015bnik przyssawkowy Veribor\u00ae 3 zatrzaski z tworzywa sztucznego 90 kg"},"content":{"rendered":"<p>Podno\u015bnik przyssawkowy Veribor\u00ae z 3 zatrzaskami z tworzywa sztucznego to model o wysokiej jako\u015bci i funkcjonalno\u015bci, zaprojektowany tak, aby spe\u0142ni\u0107 Twoje wymagania bez uszczerbku dla komfortu. Dzi\u0119ki du\u017cej, antypo\u015blizgowej powierzchni uchwytu, ten podno\u015bnik przyssawkowy doskonale le\u017cy w d\u0142oni, dzi\u0119ki czemu jest \u0142atwy w obs\u0142udze. Ergonomicznie zaprojektowane d\u017awignie zapewniaj\u0105 \u0142atw\u0105 obs\u0142ug\u0119, a ich szeroka powierzchnia umo\u017cliwia optymalne przenoszenie si\u0142y.  <\/p>\n<p>Jako\u015b\u0107 tego podno\u015bnika ss\u0105cego jest gwarantowana przez wysokiej jako\u015bci gumowe tarcze niezawieraj\u0105ce WWA. Kr\u0105\u017cki te, produkowane zgodnie ze sprawdzon\u0105 jako\u015bci\u0105 Bohle, s\u0105 stabilne wymiarowo, a jednocze\u015bnie wystarczaj\u0105co mi\u0119kkie, aby idealnie dopasowa\u0107 si\u0119 do powierzchni. Zapewniaj\u0105 niezawodne uszczelnienie i bezpiecznie utrzymuj\u0105 materia\u0142y bez ich uszkodzenia.  <\/p>\n<p>Dzi\u0119ki imponuj\u0105cemu ud\u017awigowi wynosz\u0105cemu 50 kg, ten 3-zatrzaskowy podno\u015bnik przyssawkowy Veribor\u00ae z tworzywa sztucznego ma podw\u00f3jny wsp\u00f3\u0142czynnik bezpiecze\u0144stwa, ten 3-g\u0142owicowy podno\u015bnik przyssawkowy nadaje si\u0119 do wszystkich rodzaj\u00f3w materia\u0142\u00f3w i przedmiot\u00f3w o gazoszczelnych powierzchniach. Niezale\u017cnie od tego, czy jest to szk\u0142o, metal czy plastik, ten przyssawka gwarantuje pewny chwyt i optymaln\u0105 wydajno\u015b\u0107. <\/p>\n<p>Veribor\u00ae to renomowana marka wysokiej jako\u015bci, a ten podno\u015bnik ss\u0105cy nie jest wyj\u0105tkiem. Wszystkie produkty Veribor s\u0105 opracowywane i produkowane wy\u0142\u0105cznie w Niemczech, ze szczeg\u00f3lnym uwzgl\u0119dnieniem bezpiecze\u0144stwa i ergonomii. Co wi\u0119cej, s\u0105 one wolne od szkodliwych zwi\u0105zk\u00f3w w\u0119glowodorowych (WWA), zapewniaj\u0105c zdrowie i bezpiecze\u0144stwo u\u017cytkownik\u00f3w.  <\/p>\n<ul>\n<li>3-g\u0142owicowy podno\u015bnik ss\u0105cy Veribor\u00ae oferuje wysok\u0105 jako\u015b\u0107 i funkcjonalno\u015b\u0107.<\/li>\n<li>Posiada du\u017c\u0105, antypo\u015blizgow\u0105 powierzchni\u0119 uchwytu zapewniaj\u0105c\u0105 optymaln\u0105 przyczepno\u015b\u0107 i wygodn\u0105 obs\u0142ug\u0119.<\/li>\n<li>Ergonomicznie zaprojektowane d\u017awignie zapewniaj\u0105 \u0142atw\u0105 obs\u0142ug\u0119.<\/li>\n<li>Szeroka powierzchnia d\u017awigni zapewnia wydajne przenoszenie mocy.<\/li>\n<li>Wysokiej jako\u015bci tarcze gumowe niezawieraj\u0105ce WWA<\/li>\n<li>Ten podno\u015bnik ss\u0105cy ma imponuj\u0105cy ud\u017awig 90 kg, co oznacza podw\u00f3jny wsp\u00f3\u0142czynnik bezpiecze\u0144stwa.<\/li>\n<li>Nadaje si\u0119 do wszystkich rodzaj\u00f3w materia\u0142\u00f3w i przedmiot\u00f3w o gazoszczelnych powierzchniach, takich jak szk\u0142o, metal i plastik.<\/li>\n<li>Wszystkie produkty Veribor s\u0105 opracowywane i produkowane w Niemczech.<\/li>\n<li>S\u0105 one wolne od szkodliwych zwi\u0105zk\u00f3w w\u0119glowodorowych (WWA), zapewniaj\u0105c zdrowie i bezpiecze\u0144stwo.<\/li>\n<\/ul>\n<p>Kr\u00f3tko m\u00f3wi\u0105c, 3-g\u0142owicowy podno\u015bnik ss\u0105cy Veribor\u00ae to niezawodny wyb\u00f3r dla profesjonalist\u00f3w, kt\u00f3rzy d\u0105\u017c\u0105 do wydajno\u015bci i precyzji w swojej pracy, maj\u0105c pewno\u015b\u0107 naszej jako\u015bci i bezpiecze\u0144stwa.<\/p>\n","protected":false},"excerpt":{"rendered":"<p>3-g\u0142owicowy podno\u015bnik ss\u0105cy Veribor\u00ae to wysokiej jako\u015bci, ergonomicznie zaprojektowane narz\u0119dzie z antypo\u015blizgow\u0105 powierzchni\u0105 uchwytu i gumowymi tarczami niezawieraj\u0105cymi WWA. Dzi\u0119ki ud\u017awigowi 90 kg i przydatno\u015bci do r\u00f3\u017cnych materia\u0142\u00f3w, zapewnia precyzj\u0119 i bezpiecze\u0144stwo. <\/p>\n<p>&nbsp;<\/p>\n","protected":false},"featured_media":132179,"template":"","meta":{"_acf_changed":false,"_seopress_robots_primary_cat":"","_seopress_titles_title":"","_seopress_titles_desc":"","_seopress_robots_index":""},"product_brand":[],"product_cat":[1952,1953,1977,2329],"product_tag":[2333,2334,2143,2214,2228,2331,2017,2340,1993,2337,2014,2335,1992,2015,2339,2231,2336,2330,2332],"class_list":{"0":"post-140723","1":"product","2":"type-product","3":"status-publish","4":"has-post-thumbnail","6":"product_cat-nosidla-do-szyb","7":"product_cat-przyssawki-z-pompka","8":"product_cat-przyssawki-z-pompka-2","9":"product_cat-veribor","10":"product_tag-2-drzemki","11":"product_tag-3-drzemki","12":"product_tag-bohle","13":"product_tag-grabo","14":"product_tag-kim75","15":"product_tag-lasy","16":"product_tag-miroiterie","17":"product_tag-plastikowy-tlok-2-zatrzaskowy","18":"product_tag-podnosnik-do-szkla","19":"product_tag-podnosnik-ssacy","20":"product_tag-podnoszenie-szkla","21":"product_tag-saugheber","22":"product_tag-szklarz","23":"product_tag-szklarz-2","24":"product_tag-tlok","25":"product_tag-tlok-pompy","26":"product_tag-veribor-2-drzemki","27":"product_tag-weribor","28":"product_tag-wpg","29":"product_shipping_class-paczka-45-35-25","31":"first","32":"instock","33":"taxable","34":"shipping-taxable","35":"purchasable","36":"product-type-simple"},"acf":[],"_links":{"self":[{"href":"https:\/\/gevelridder.nl\/pl\/wp-json\/wp\/v2\/product\/140723","targetHints":{"allow":["GET"]}}],"collection":[{"href":"https:\/\/gevelridder.nl\/pl\/wp-json\/wp\/v2\/product"}],"about":[{"href":"https:\/\/gevelridder.nl\/pl\/wp-json\/wp\/v2\/types\/product"}],"wp:featuredmedia":[{"embeddable":true,"href":"https:\/\/gevelridder.nl\/pl\/wp-json\/wp\/v2\/media\/132179"}],"wp:attachment":[{"href":"https:\/\/gevelridder.nl\/pl\/wp-json\/wp\/v2\/media?parent=140723"}],"wp:term":[{"taxonomy":"product_brand","embeddable":true,"href":"https:\/\/gevelridder.nl\/pl\/wp-json\/wp\/v2\/product_brand?post=140723"},{"taxonomy":"product_cat","embeddable":true,"href":"https:\/\/gevelridder.nl\/pl\/wp-json\/wp\/v2\/product_cat?post=140723"},{"taxonomy":"product_tag","embeddable":true,"href":"https:\/\/gevelridder.nl\/pl\/wp-json\/wp\/v2\/product_tag?post=140723"}],"curies":[{"name":"wp","href":"https:\/\/api.w.org\/{rel}","templated":true}]}}