
{"id":140719,"date":"2026-03-24T11:38:55","date_gmt":"2026-03-24T11:38:55","guid":{"rendered":"https:\/\/gevelridder.nl\/product\/podnosnik-przyssawkowy-veribor-3-zatrzaski-aluminium-100-kg\/"},"modified":"2026-03-24T11:38:55","modified_gmt":"2026-03-24T11:38:55","slug":"podnosnik-przyssawkowy-veribor-3-zatrzaski-aluminium-100-kg","status":"publish","type":"product","link":"https:\/\/gevelridder.nl\/pl\/produkt\/podnosnik-przyssawkowy-veribor-3-zatrzaski-aluminium-100-kg\/","title":{"rendered":"Podno\u015bnik przyssawkowy Veribor\u00ae 3 zatrzaski aluminium 100 kg"},"content":{"rendered":"<p>W Gable Knight jeste\u015bmy znani jako rycerze jako\u015bci i innowacji, dlatego z dum\u0105 przedstawiamy pot\u0119\u017cny podno\u015bnik przyssawkowy Veribor\u00ae z 3 aluminiowymi zatrzaskami. Ten uniwersalny podno\u015bnik przyssawkowy z serii Veribor zosta\u0142 zaprojektowany do bezwysi\u0142kowego podnoszenia i przenoszenia r\u00f3\u017cnych \u0142adunk\u00f3w. Pozw\u00f3l nam zabra\u0107 Ci\u0119 w rycersk\u0105 podr\u00f3\u017c po niezwyk\u0142ych funkcjach tego podno\u015bnika do szk\u0142a.  <\/p>\n<p><strong>Wytrzyma\u0142o\u015b\u0107 i trwa\u0142o\u015b\u0107:<\/strong> Ten podno\u015bnik do szk\u0142a \u0142\u0105czy w sobie progresywne i mocne materia\u0142y z solidn\u0105 stabilno\u015bci\u0105 aluminium. Jego zorientowana na wyniki konstrukcja zapewnia ud\u017awig do 100 kg, dzi\u0119ki czemu wyr\u00f3\u017cnia si\u0119 jako prawdziwa pot\u0119ga. <\/p>\n<p><strong>Ergonomiczna konstrukcja:<\/strong> Dzi\u0119ki ergonomicznemu i przyjaznemu dla u\u017cytkownika uchwytowi z tworzywa sztucznego, ten podno\u015bnik ss\u0105cy oferuje nie tylko si\u0142\u0119, ale tak\u017ce wygod\u0119 podczas u\u017cytkowania. Zosta\u0142 zaprojektowany z my\u015bl\u0105 o u\u017cytkowniku, dzi\u0119ki czemu nawet najtrudniejsze prace przebiegaj\u0105 sprawnie. <\/p>\n<p><strong>Odpowiedni do r\u00f3\u017cnych materia\u0142\u00f3w:<\/strong> Niezale\u017cnie od tego, czy potrzebujesz podnie\u015b\u0107 szk\u0142o, arkusz materia\u0142u czy inn\u0105 g\u0142adk\u0105 powierzchni\u0119, ten podno\u015bnik do szk\u0142a nadaje si\u0119 do wszystkich materia\u0142\u00f3w o p\u0142askiej i gazoszczelnej powierzchni. To niezawodny towarzysz w ka\u017cdej pracy. <\/p>\n<p><strong>Niezawodno\u015b\u0107 i duma:<\/strong> W Gevelridder cenimy niezawodno\u015b\u0107 i dum\u0119 z rzemios\u0142a. W\u0142a\u015bnie dlatego oferujemy aluminiowy 3-zatrzaskowy podno\u015bnik do szyb Bohle Veribor. Stoimy za jako\u015bci\u0105 tego produktu i z dum\u0105 oferujemy go naszym klientom.  <\/p>\n<p><strong>Zam\u00f3w teraz w Gevelridder:<\/strong> Dzi\u0119ki tarczy ss\u0105cej \u00f8120 mm i trzem tarczom ss\u0105cym, ten podno\u015bnik do szk\u0142a jest niezb\u0119dnym narz\u0119dziem dla profesjonalist\u00f3w d\u0105\u017c\u0105cych do wydajno\u015bci i jako\u015bci. Zam\u00f3w to pot\u0119\u017cne urz\u0105dzenie ju\u017c teraz w Gevelridder i pozw\u00f3l nam u\u0142atwi\u0107 Ci prac\u0119. <\/p>\n<p>Wybierz jako\u015b\u0107, wybierz Gable Knight. Jeste\u015bmy gotowi spe\u0142ni\u0107 Twoje potrzeby z rycersk\u0105 precyzj\u0105. <\/p>\n","protected":false},"excerpt":{"rendered":"<p>Gevelridder z dum\u0105 prezentuje podno\u015bnik do szk\u0142a Bohle Veribor Aluminium 3-nap, pot\u0119\u017cny uniwersalny podno\u015bnik ss\u0105cy o ud\u017awigu do 100 kg. To ergonomiczne narz\u0119dzie oferuje wydajno\u015b\u0107 i komfort, odpowiednie do podnoszenia r\u00f3\u017cnych materia\u0142\u00f3w o g\u0142adkiej powierzchni. W Gevelridder \u0142\u0105czymy niezawodno\u015b\u0107 i dum\u0119 z rzemios\u0142a, a naszym celem jest dostarczanie naszym klientom produkt\u00f3w wysokiej jako\u015bci. Zam\u00f3w teraz i przekonaj si\u0119 o sile Gevelridder i podno\u015bnika do szk\u0142a Bohle Veribor.   <\/p>\n<p>&nbsp;<\/p>\n","protected":false},"featured_media":132170,"template":"","meta":{"_acf_changed":false,"_seopress_robots_primary_cat":"none","_seopress_titles_title":"","_seopress_titles_desc":"","_seopress_robots_index":""},"product_brand":[],"product_cat":[1952,1953,1977,2329],"product_tag":[2333,2334,2143,2214,2228,2331,2017,1993,2337,2014,2335,2015,1992,2231,2336,2330,2332],"class_list":{"0":"post-140719","1":"product","2":"type-product","3":"status-publish","4":"has-post-thumbnail","6":"product_cat-nosidla-do-szyb","7":"product_cat-przyssawki-z-pompka","8":"product_cat-przyssawki-z-pompka-2","9":"product_cat-veribor","10":"product_tag-2-drzemki","11":"product_tag-3-drzemki","12":"product_tag-bohle","13":"product_tag-grabo","14":"product_tag-kim75","15":"product_tag-lasy","16":"product_tag-miroiterie","17":"product_tag-podnosnik-do-szkla","18":"product_tag-podnosnik-ssacy","19":"product_tag-podnoszenie-szkla","20":"product_tag-saugheber","21":"product_tag-szklarz-2","22":"product_tag-szklarz","23":"product_tag-tlok-pompy","24":"product_tag-veribor-2-drzemki","25":"product_tag-weribor","26":"product_tag-wpg","27":"product_shipping_class-paczka-45-35-25","29":"first","30":"instock","31":"taxable","32":"shipping-taxable","33":"purchasable","34":"product-type-simple"},"acf":[],"_links":{"self":[{"href":"https:\/\/gevelridder.nl\/pl\/wp-json\/wp\/v2\/product\/140719","targetHints":{"allow":["GET"]}}],"collection":[{"href":"https:\/\/gevelridder.nl\/pl\/wp-json\/wp\/v2\/product"}],"about":[{"href":"https:\/\/gevelridder.nl\/pl\/wp-json\/wp\/v2\/types\/product"}],"wp:featuredmedia":[{"embeddable":true,"href":"https:\/\/gevelridder.nl\/pl\/wp-json\/wp\/v2\/media\/132170"}],"wp:attachment":[{"href":"https:\/\/gevelridder.nl\/pl\/wp-json\/wp\/v2\/media?parent=140719"}],"wp:term":[{"taxonomy":"product_brand","embeddable":true,"href":"https:\/\/gevelridder.nl\/pl\/wp-json\/wp\/v2\/product_brand?post=140719"},{"taxonomy":"product_cat","embeddable":true,"href":"https:\/\/gevelridder.nl\/pl\/wp-json\/wp\/v2\/product_cat?post=140719"},{"taxonomy":"product_tag","embeddable":true,"href":"https:\/\/gevelridder.nl\/pl\/wp-json\/wp\/v2\/product_tag?post=140719"}],"curies":[{"name":"wp","href":"https:\/\/api.w.org\/{rel}","templated":true}]}}