
{"id":140711,"date":"2026-03-24T11:38:55","date_gmt":"2026-03-24T11:38:55","guid":{"rendered":"https:\/\/gevelridder.nl\/product\/podnosnik-przyssawkowy-veribor-1-zatrzaski-60-kg\/"},"modified":"2026-03-24T11:38:55","modified_gmt":"2026-03-24T11:38:55","slug":"podnosnik-przyssawkowy-veribor-1-zatrzaski-60-kg","status":"publish","type":"product","link":"https:\/\/gevelridder.nl\/pl\/produkt\/podnosnik-przyssawkowy-veribor-1-zatrzaski-60-kg\/","title":{"rendered":"Podno\u015bnik przyssawkowy Veribor\u00ae 1-zatrzaski 60 kg"},"content":{"rendered":"<p>Moc przyssawki Veribor\u00ae 1-naps 180 zadziwi Ci\u0119 i upro\u015bci Twoje rycerskie zadania. Bez wzgl\u0119du na to, jak teksturowana mo\u017ce by\u0107 powierzchnia, ten podno\u015bnik przyssawkowy pomo\u017ce Twoim szlachetnym d\u0142oniom w podniesieniu niemal ka\u017cdej p\u0142yty. <\/p>\n<p>W poszukiwaniu wiernego towarzysza przekonasz si\u0119, \u017ce podno\u015bnik przyssawkowy Veribor z du\u017c\u0105, mi\u0119kk\u0105 tarcz\u0105 ss\u0105c\u0105 o \u015brednicy 180 mm doskonale dostosowuje si\u0119 do p\u0142yt kamiennych, blach falistych, a nawet pod\u0142\u00f3g z kolcami. To idealny sprzymierzeniec nowoczesnego rycerza elewacji. <\/p>\n<p>Dzi\u0119ki uchwytowi T podno\u015bnika ss\u0105cego Veribor\u00ae 1-naps 180 mo\u017cna \u0142atwo i mocno docisn\u0105\u0107 do pod\u0142o\u017ca, a nast\u0119pnie z rycersk\u0105 odwag\u0105 prze\u0142o\u017cy\u0107 du\u017c\u0105 d\u017awigni\u0119. Przek\u0142adaj\u0105c d\u017awigni\u0119, poczujesz moc t\u0142oka, kt\u00f3ry dostosowuje si\u0119 do pod\u0142o\u017ca za pomoc\u0105 polityki. Prawdziwy wyczyn wytwarzania pr\u00f3\u017cni w s\u0142u\u017cbie rycerskiego obowi\u0105zku.  <\/p>\n<p>Ten szlachetny podno\u015bnik przyssawkowy nie jest ograniczony w swoich mo\u017cliwo\u015bciach i mo\u017ce unie\u015b\u0107 w pionie do 60 kg, pokazuj\u0105c, \u017ce jest prawdziwym d\u017centelmenem elewacji. Wykonany z wysokiej jako\u015bci aluminium i o p\u0142askiej geometrii powierzchni, jest nie tylko mocny, ale i trwa\u0142y. <\/p>\n<p>Niestety, ten towarzysz nie posiada pr\u00f3\u017cniowego wska\u017anika bezpiecze\u0144stwa, ale zaufaj swojej rycerskiej intuicji, aby opanowa\u0107 jego moc. Chocia\u017c nie posiada certyfikatu GS, jego warto\u015b\u0107 jest niepodwa\u017calna i pomo\u017ce ci w walce z grawitacj\u0105. <\/p>\n<p>Tak wi\u0119c, dzielny rycerzu elewacji, zwr\u00f3\u0107 si\u0119 do podno\u015bnika przyssawkowego Veribor i wznie\u015b swoje prace elewacyjne na nowe wy\u017cyny. Rycersko\u015b\u0107 spotyka si\u0119 z nowoczesn\u0105 wygod\u0105 w postaci tego szlachetnego podno\u015bnika ss\u0105cego. Wykorzystaj swoj\u0105 szans\u0119 i zdejmij ci\u0119\u017car ze swoich bark\u00f3w, poniewa\u017c z Veribor \u017cadna p\u0142yta nie jest zbyt ci\u0119\u017cka, a \u017cadne zadanie zbyt du\u017ce.  <\/p>\n","protected":false},"excerpt":{"rendered":"<p>Podno\u015bnik podci\u015bnieniowy Veribor, z tarcz\u0105 podci\u015bnieniow\u0105 o \u015brednicy 180 mm i ud\u017awigiem 60 kg, jest idealnym towarzyszem dla pracownik\u00f3w elewacyjnych. Dzi\u0119ki uchwytowi w kszta\u0142cie litery T i inteligentnemu wytwarzaniu podci\u015bnienia bez trudu dostosowuje si\u0119 do r\u00f3\u017cnych powierzchni. Niezawodno\u015b\u0107 i trwa\u0142o\u015b\u0107 s\u0105 gwarantowane dzi\u0119ki zastosowaniu aluminium. Pot\u0119\u017cny partner w ka\u017cdej profesjonalnej pracy.   <\/p>\n<p>&nbsp;<\/p>\n","protected":false},"featured_media":132177,"template":"","meta":{"_acf_changed":false,"_seopress_robots_primary_cat":"","_seopress_titles_title":"","_seopress_titles_desc":"","_seopress_robots_index":""},"product_brand":[],"product_cat":[1952,1953,1977,2329],"product_tag":[2333,2334,2143,2214,2228,2331,2017,1993,2337,2014,2335,2015,1992,2231,2336,2330,2332],"class_list":{"0":"post-140711","1":"product","2":"type-product","3":"status-publish","4":"has-post-thumbnail","6":"product_cat-nosidla-do-szyb","7":"product_cat-przyssawki-z-pompka","8":"product_cat-przyssawki-z-pompka-2","9":"product_cat-veribor","10":"product_tag-2-drzemki","11":"product_tag-3-drzemki","12":"product_tag-bohle","13":"product_tag-grabo","14":"product_tag-kim75","15":"product_tag-lasy","16":"product_tag-miroiterie","17":"product_tag-podnosnik-do-szkla","18":"product_tag-podnosnik-ssacy","19":"product_tag-podnoszenie-szkla","20":"product_tag-saugheber","21":"product_tag-szklarz-2","22":"product_tag-szklarz","23":"product_tag-tlok-pompy","24":"product_tag-veribor-2-drzemki","25":"product_tag-weribor","26":"product_tag-wpg","27":"product_shipping_class-paczka-45-35-25","29":"first","30":"instock","31":"taxable","32":"shipping-taxable","33":"purchasable","34":"product-type-simple"},"acf":[],"_links":{"self":[{"href":"https:\/\/gevelridder.nl\/pl\/wp-json\/wp\/v2\/product\/140711","targetHints":{"allow":["GET"]}}],"collection":[{"href":"https:\/\/gevelridder.nl\/pl\/wp-json\/wp\/v2\/product"}],"about":[{"href":"https:\/\/gevelridder.nl\/pl\/wp-json\/wp\/v2\/types\/product"}],"wp:featuredmedia":[{"embeddable":true,"href":"https:\/\/gevelridder.nl\/pl\/wp-json\/wp\/v2\/media\/132177"}],"wp:attachment":[{"href":"https:\/\/gevelridder.nl\/pl\/wp-json\/wp\/v2\/media?parent=140711"}],"wp:term":[{"taxonomy":"product_brand","embeddable":true,"href":"https:\/\/gevelridder.nl\/pl\/wp-json\/wp\/v2\/product_brand?post=140711"},{"taxonomy":"product_cat","embeddable":true,"href":"https:\/\/gevelridder.nl\/pl\/wp-json\/wp\/v2\/product_cat?post=140711"},{"taxonomy":"product_tag","embeddable":true,"href":"https:\/\/gevelridder.nl\/pl\/wp-json\/wp\/v2\/product_tag?post=140711"}],"curies":[{"name":"wp","href":"https:\/\/api.w.org\/{rel}","templated":true}]}}