
{"id":140705,"date":"2026-03-24T11:34:38","date_gmt":"2026-03-24T11:34:38","guid":{"rendered":"https:\/\/gevelridder.nl\/product\/plastikowy-tlok-pompy-veribor-w-walizce\/"},"modified":"2026-03-24T11:34:38","modified_gmt":"2026-03-24T11:34:38","slug":"plastikowy-tlok-pompy-veribor-w-walizce","status":"publish","type":"product","link":"https:\/\/gevelridder.nl\/pl\/produkt\/plastikowy-tlok-pompy-veribor-w-walizce\/","title":{"rendered":"Plastikowy t\u0142ok pompy Veribor\u00ae w walizce"},"content":{"rendered":"<h2><strong>Plastikowy t\u0142ok pompy Veribor w obudowie: wysoka jako\u015b\u0107 wykonania i wygoda u\u017cytkowania<\/strong><\/h2>\n<p>T\u0142ok pompy Veribor wykonany z tworzywa sztucznego w obudowie jest uderzaj\u0105c\u0105 atrakcj\u0105 pod wzgl\u0119dem wzornictwa i komfortu, specjalnie zaprojektowan\u0105, aby spe\u0142ni\u0107 Twoje wymagania. Wyposa\u017cony we wska\u017anik bezpiecze\u0144stwa podci\u015bnienia, kt\u00f3ry jest wyra\u017anie widoczny nawet z du\u017cej odleg\u0142o\u015bci, ten innowacyjny podno\u015bnik ss\u0105cy oferuje liczne korzy\u015bci funkcjonalne. <\/p>\n<h2><strong>Szybka konfiguracja podci\u015bnienia i \u0142atwa obs\u0142uga<\/strong><\/h2>\n<p>Dzi\u0119ki wysokiej jako\u015bci mechanizmowi pompuj\u0105cemu, podci\u015bnienie mo\u017cna wytworzy\u0107 szybko i skutecznie. Z drugiej strony, du\u017cy przycisk zaworu pozwala na szybkie odpowietrzenie, u\u0142atwiaj\u0105c zmniejszenie podci\u015bnienia i szybkie przymocowanie lub od\u0142\u0105czenie przyssawki do materia\u0142u. Przyczynia si\u0119 to do p\u0142ynnej i wydajnej pracy BO 601G.  <\/p>\n<p><strong>Wygodne przenoszenie i dodatkowa stabilno\u015b\u0107<\/strong><\/p>\n<p>Plastikowy t\u0142ok pompki Veribor w futerale zapewnia najwy\u017cszy komfort przenoszenia dzi\u0119ki szerszemu uchwytowi. Co wi\u0119cej, plastikowy pier\u015bcie\u0144 jest zamontowany na gumowej tarczy, zapewniaj\u0105c dodatkow\u0105 stabilno\u015b\u0107 i ochron\u0119. Mo\u017cesz polega\u0107 na tym podno\u015bniku ss\u0105cym, aby z \u0142atwo\u015bci\u0105 przenosi\u0107 nawet najci\u0119\u017csze \u0142adunki o masie do 120 kg.  <\/p>\n<p><strong>Wszechstronne i gazoszczelne powierzchnie<\/strong><\/p>\n<p>Ten podno\u015bnik ss\u0105cy pompy nadaje si\u0119 do wszystkich materia\u0142\u00f3w i przedmiot\u00f3w o gazoszczelnych powierzchniach, co czyni go wszechstronnym wyborem do r\u00f3\u017cnych zastosowa\u0144.<\/p>\n<p><strong>Jako\u015b\u0107 potwierdzona certyfikatem T\u00dcV<\/strong><\/p>\n<p>Wysok\u0105 jako\u015b\u0107 pompy Veribor\u00ae Piston BO 601G potwierdza certyfikat T\u00dcV oraz przyznanie znaku jako\u015bci GS. Jest to produkt spe\u0142niaj\u0105cy surowe normy jako\u015bci i bezpiecze\u0144stwa. <\/p>\n<p><strong>Veribor\u00ae i Bohle Group: Tw\u00f3j niezawodny partner<\/strong><\/p>\n<p>Odkurzacz Veribor z plastikow\u0105 pompk\u0105 w walizce to wysokiej jako\u015bci marka Bohle Group, znana z zaanga\u017cowania w rozw\u00f3j i produkcj\u0119 wysokiej jako\u015bci niemieckich produkt\u00f3w. Produkty s\u0105 specjalnie zaprojektowane z dba\u0142o\u015bci\u0105 o bezpiecze\u0144stwo i ergonomi\u0119 oraz s\u0105 wolne od rakotw\u00f3rczych zwi\u0105zk\u00f3w w\u0119glowodorowych (WWA). <\/p>\n<p><strong>Dane techniczne w skr\u00f3cie<\/strong><\/p>\n<ul>\n<li>Typ wytwarzania pr\u00f3\u017cni: Podno\u015bnik ss\u0105cy pompy<\/li>\n<li>Ud\u017awig: 120 kg<\/li>\n<li>Kierunek \u0142o\u017cyska: r\u00f3wnoleg\u0142y<\/li>\n<li>Materia\u0142 podno\u015bnik\u00f3w ss\u0105cych: tworzywo sztuczne<\/li>\n<li>Geometria powierzchni: P\u0142aska<\/li>\n<li>Przyssawka: \u00f8 213 mm<\/li>\n<li>Liczba tarcz ss\u0105cych: 1<\/li>\n<li>Wska\u017anik bezpiecze\u0144stwa pr\u00f3\u017cni: Tak<\/li>\n<li>Certyfikat GS: Tak<\/li>\n<\/ul>\n<p>Wybierz pomp\u0119 t\u0142okow\u0105 Veribor\u00ae BO 601G, aby uzyska\u0107 najwy\u017csz\u0105 wydajno\u015b\u0107, komfort i spok\u00f3j podczas operacji podnoszenia. Dzi\u0119ki imponuj\u0105cym funkcjom produkt ten jest idealnym towarzyszem do wymagaj\u0105cych zada\u0144. <\/p>\n","protected":false},"excerpt":{"rendered":"<p>Pompka t\u0142okowa Veribor\u00ae BO 601G oferuje wysokiej jako\u015bci wzornictwo i komfort, z dobrze widocznym wska\u017anikiem bezpiecze\u0144stwa podci\u015bnienia i wygodnymi elementami steruj\u0105cymi. Szybko wytwarza podci\u015bnienie i ma du\u017ce pokr\u0119t\u0142o zaworu u\u0142atwiaj\u0105ce odpowietrzanie. Dzi\u0119ki szerszemu uchwytowi i plastikowemu pier\u015bcieniowi zapewniaj\u0105cemu stabilno\u015b\u0107 i ochron\u0119, ten podno\u015bnik podci\u015bnieniowy mo\u017ce bez wysi\u0142ku przenosi\u0107 obci\u0105\u017cenia do 120 kg na r\u00f3\u017cnych materia\u0142ach o gazoszczelnych powierzchniach. Posiada certyfikat T\u00dcV i jest wolny od substancji rakotw\u00f3rczych. Veribor\u00ae to niezawodny wyb\u00f3r filozofii Facade Knight dla solidnych produkt\u00f3w.    <\/p>\n<h1><\/h1>\n<p>&nbsp;<\/p>\n","protected":false},"featured_media":132027,"template":"","meta":{"_acf_changed":false,"_seopress_robots_primary_cat":"none","_seopress_titles_title":"","_seopress_titles_desc":"","_seopress_robots_index":""},"product_brand":[],"product_cat":[1952,1953,1977,2329],"product_tag":[2143,2214,2228,2331,2017,1993,2014,2015,1992,2231,2330,2332],"class_list":{"0":"post-140705","1":"product","2":"type-product","3":"status-publish","4":"has-post-thumbnail","6":"product_cat-nosidla-do-szyb","7":"product_cat-przyssawki-z-pompka","8":"product_cat-przyssawki-z-pompka-2","9":"product_cat-veribor","10":"product_tag-bohle","11":"product_tag-grabo","12":"product_tag-kim75","13":"product_tag-lasy","14":"product_tag-miroiterie","15":"product_tag-podnosnik-do-szkla","16":"product_tag-podnoszenie-szkla","17":"product_tag-szklarz-2","18":"product_tag-szklarz","19":"product_tag-tlok-pompy","20":"product_tag-weribor","21":"product_tag-wpg","23":"first","24":"instock","25":"sale","26":"taxable","27":"shipping-taxable","28":"purchasable","29":"product-type-simple"},"acf":[],"_links":{"self":[{"href":"https:\/\/gevelridder.nl\/pl\/wp-json\/wp\/v2\/product\/140705","targetHints":{"allow":["GET"]}}],"collection":[{"href":"https:\/\/gevelridder.nl\/pl\/wp-json\/wp\/v2\/product"}],"about":[{"href":"https:\/\/gevelridder.nl\/pl\/wp-json\/wp\/v2\/types\/product"}],"wp:featuredmedia":[{"embeddable":true,"href":"https:\/\/gevelridder.nl\/pl\/wp-json\/wp\/v2\/media\/132027"}],"wp:attachment":[{"href":"https:\/\/gevelridder.nl\/pl\/wp-json\/wp\/v2\/media?parent=140705"}],"wp:term":[{"taxonomy":"product_brand","embeddable":true,"href":"https:\/\/gevelridder.nl\/pl\/wp-json\/wp\/v2\/product_brand?post=140705"},{"taxonomy":"product_cat","embeddable":true,"href":"https:\/\/gevelridder.nl\/pl\/wp-json\/wp\/v2\/product_cat?post=140705"},{"taxonomy":"product_tag","embeddable":true,"href":"https:\/\/gevelridder.nl\/pl\/wp-json\/wp\/v2\/product_tag?post=140705"}],"curies":[{"name":"wp","href":"https:\/\/api.w.org\/{rel}","templated":true}]}}