
{"id":140689,"date":"2026-03-24T11:42:02","date_gmt":"2026-03-24T11:42:02","guid":{"rendered":"https:\/\/gevelridder.nl\/product\/drabina-budowlana-1x13-szczebli-z-belka-stabilizujaca\/"},"modified":"2026-03-24T11:42:02","modified_gmt":"2026-03-24T11:42:02","slug":"drabina-budowlana-1x13-szczebli-z-belka-stabilizujaca","status":"publish","type":"product","link":"https:\/\/gevelridder.nl\/pl\/produkt\/drabina-budowlana-1x13-szczebli-z-belka-stabilizujaca\/","title":{"rendered":"Drabina budowlana 1&#215;13 szczebli z belk\u0105 stabilizuj\u0105c\u0105"},"content":{"rendered":"<h2 id=\"sylius-product-name\" class=\"product__name\">Drabina budowlana 1&#215;13 szczebli z belk\u0105 stabilizuj\u0105c\u0105<\/h2>\n<p><strong>Po ustawieniu drabiny przy rusztowaniu lub kraw\u0119dzi dachu, powinna ona wystawa\u0107 co najmniej metr ponad kraw\u0119d\u017a, aby zapewni\u0107 wystarczaj\u0105c\u0105 przyczepno\u015b\u0107 podczas schodzenia. Mo\u017ce to by\u0107 jednak ryzykowne, poniewa\u017c drabina mo\u017ce si\u0119 ze\u015blizgn\u0105\u0107 podczas schodzenia. Drabina budowlana Gable Knight rozwi\u0105zuje ten problem. Ta drabina jest szersza i ma ci\u0105g\u0142e s\u0142upki drabiny o wysoko\u015bci 110 cm u g\u00f3ry. Umo\u017cliwia to wchodzenie na rusztowanie lub dach bez wykonywania ruch\u00f3w na boki, dzi\u0119ki czemu praca jest znacznie bezpieczniejsza i bardziej stabilna.    <\/strong><\/p>\n<p>Ta pi\u0119kna drabina o stabilnej konstrukcji zosta\u0142a wyprodukowana w Holandii.<\/p>\n<p>Wyposa\u017cony w belk\u0119 stabilizuj\u0105c\u0105 o d\u0142ugo\u015bci 86 cm.<\/p>\n<p>&#8211; d\u0142ugo\u015b\u0107 4,5 metra<\/p>\n<p>-wysoko\u015b\u0107 prostopad\u0142o\u015bcianu 3,15 metra<\/p>\n<p>-waga 10 kilogram\u00f3w<\/p>\n<p>-powierzchnia fali 3 cm<\/p>\n<p>-kroki 25 cm<\/p>\n<p>Z pewno\u015bci\u0105 docenisz t\u0119 drabin\u0119, zw\u0142aszcza \u017ce prowadnice s\u0105 poszerzone i wyposa\u017cone w profil antypo\u015blizgowy, a dzi\u0119ki powierzchni do stania o szeroko\u015bci 30 mm mo\u017cesz wygodnie pracowa\u0107 z t\u0105 drabin\u0105. Drabina jest powlekana, dzi\u0119ki czemu nie zsuwa si\u0119. S\u0142upki drabiny maj\u0105 profil antypo\u015blizgowy i zaokr\u0105glone naro\u017cniki.  <\/p>\n","protected":false},"excerpt":{"rendered":"<p><span style=\"color: #5bbc3a;\"><strong>\u2714 <\/strong><\/span>D\u0142ugo\u015b\u0107: 4,50 metra<\/p>\n<p><span style=\"color: #5bbc3a;\"><strong>\u2714 <\/strong><\/span>Prostopad\u0142a wysoko\u015b\u0107: 3,15 metra<\/p>\n<p><span style=\"color: #5bbc3a;\"><strong>\u2714 <\/strong><\/span>Waga 10 kg<\/p>\n<p><strong><span style=\"color: #ff0000;\">Wyprodukowano <\/span>w <span style=\"color: #0000ff;\">Holandii<\/span><\/strong><\/p>\n","protected":false},"featured_media":132417,"template":"","meta":{"_acf_changed":false,"_seopress_robots_primary_cat":"none","_seopress_titles_title":"","_seopress_titles_desc":"","_seopress_robots_index":""},"product_brand":[],"product_cat":[2326,2047],"product_tag":[2320,2322,2318,2321,2319],"class_list":{"0":"post-140689","1":"product","2":"type-product","3":"status-publish","4":"has-post-thumbnail","6":"product_cat-drabina-budowlana","7":"product_cat-rusztowania-fasadowe","8":"product_tag-drabina","9":"product_tag-drabina-robocza","10":"product_tag-drabina-robocza-2-sekcyjna-2x10","11":"product_tag-reforma-oswietlenia-drabiny","12":"product_tag-schody","13":"product_shipping_class-65-euro","15":"first","16":"instock","17":"taxable","18":"shipping-taxable","19":"purchasable","20":"product-type-simple"},"acf":[],"_links":{"self":[{"href":"https:\/\/gevelridder.nl\/pl\/wp-json\/wp\/v2\/product\/140689","targetHints":{"allow":["GET"]}}],"collection":[{"href":"https:\/\/gevelridder.nl\/pl\/wp-json\/wp\/v2\/product"}],"about":[{"href":"https:\/\/gevelridder.nl\/pl\/wp-json\/wp\/v2\/types\/product"}],"wp:featuredmedia":[{"embeddable":true,"href":"https:\/\/gevelridder.nl\/pl\/wp-json\/wp\/v2\/media\/132417"}],"wp:attachment":[{"href":"https:\/\/gevelridder.nl\/pl\/wp-json\/wp\/v2\/media?parent=140689"}],"wp:term":[{"taxonomy":"product_brand","embeddable":true,"href":"https:\/\/gevelridder.nl\/pl\/wp-json\/wp\/v2\/product_brand?post=140689"},{"taxonomy":"product_cat","embeddable":true,"href":"https:\/\/gevelridder.nl\/pl\/wp-json\/wp\/v2\/product_cat?post=140689"},{"taxonomy":"product_tag","embeddable":true,"href":"https:\/\/gevelridder.nl\/pl\/wp-json\/wp\/v2\/product_tag?post=140689"}],"curies":[{"name":"wp","href":"https:\/\/api.w.org\/{rel}","templated":true}]}}