
{"id":140684,"date":"2026-03-24T11:41:40","date_gmt":"2026-03-24T11:41:40","guid":{"rendered":"https:\/\/gevelridder.nl\/product\/drabina-2-sekcyjna-2x10\/"},"modified":"2026-03-24T11:41:40","modified_gmt":"2026-03-24T11:41:40","slug":"drabina-2-sekcyjna-2x10","status":"publish","type":"product","link":"https:\/\/gevelridder.nl\/pl\/produkt\/drabina-2-sekcyjna-2x10\/","title":{"rendered":"Drabina 2-sekcyjna 2&#215;10"},"content":{"rendered":"<div class=\"flex-shrink-0 flex flex-col relative items-end\">\n<div>\n<div class=\"pt-0\">\n<div class=\"gizmo-bot-avatar flex h-8 w-8 items-center justify-center overflow-hidden rounded-full\">\n<div class=\"relative p-1 rounded-sm flex items-center justify-center bg-token-main-surface-primary text-token-text-primary h-8 w-8\">Drabina pompowana <strong>Gevelridder<\/strong> jest znana jako jedna z najmocniejszych profesjonalnych drabin pompowanych w Holandii. Drabina ta, znana r\u00f3wnie\u017c jako drabina rozsuwana, oferuje optymaln\u0105 stabilno\u015b\u0107 i bezpiecze\u0144stwo, co czyni j\u0105 doskona\u0142ym wyborem dla profesjonalist\u00f3w pracuj\u0105cych na du\u017cych wysoko\u015bciach. Dzi\u0119ki <strong>2&#215;10 szczeblom<\/strong> drabina rozstawna stanowi idealne rozwi\u0105zanie do zada\u0144 wymagaj\u0105cych bardzo du\u017cego zasi\u0119gu, takich jak konserwacja dachu, malowanie lub naprawy elewacji.  <\/div>\n<\/div>\n<\/div>\n<\/div>\n<\/div>\n<div class=\"group\/conversation-turn relative flex w-full min-w-0 flex-col agent-turn\">\n<div class=\"flex-col gap-1 md:gap-3\">\n<div class=\"flex max-w-full flex-col flex-grow\">\n<div class=\"min-h-8 text-message flex w-full flex-col items-end gap-2 whitespace-normal break-words [.text-message+&amp;]:mt-5\" dir=\"auto\" data-message-author-role=\"assistant\" data-message-id=\"f5605ce6-419f-4880-ac96-11bcb5def6b0\">\n<div class=\"flex w-full flex-col gap-1 empty:hidden first:pt-[3px]\">\n<div class=\"markdown prose w-full break-words dark:prose-invert light\">\n<h3>Dlaczego warto wybra\u0107 drabink\u0119 do pompek Gable Knight?<\/h3>\n<p><strong>Drabina podestowa Gevelridder<\/strong> zosta\u0142a wykonana z aluminium pokrytego czarn\u0105 pow\u0142ok\u0105, dzi\u0119ki czemu jest nie tylko wytrzyma\u0142a, ale tak\u017ce chroniona przed zu\u017cyciem i nie brudzi r\u0105k przy intensywnym u\u017cytkowaniu. Szerokie, antypo\u015blizgowe szczeble zapewniaj\u0105 komfort i bezpiecze\u0144stwo, dzi\u0119ki czemu mo\u017cna bez obaw pracowa\u0107 nawet na du\u017cych wysoko\u015bciach. Dzi\u0119ki solidnej konstrukcji drabina pozostaje stabilna podczas u\u017cytkowania, co jest niezb\u0119dne do bezpiecznej pracy.  <\/p>\n<h3>R\u00f3\u017cnica mi\u0119dzy drabin\u0105 schodkow\u0105 a drabin\u0105 reformowan\u0105<\/h3>\n<p>R\u00f3\u017cnica mi\u0119dzy drabin\u0105 <strong>schodow\u0105<\/strong> a <strong>drabin\u0105 reformowan\u0105<\/strong> polega na ich konstrukcji i zastosowaniu:  <\/p>\n<ul>\n<li><strong>Drabina rozk\u0142adana<\/strong>: Sk\u0142ada si\u0119 z dw\u00f3ch cz\u0119\u015bci, kt\u00f3re mo\u017cna ze sob\u0105 po\u0142\u0105czy\u0107. G\u00f3rn\u0105 cz\u0119\u015b\u0107 mo\u017cna wysun\u0105\u0107, aby uzyska\u0107 dodatkow\u0105 wysoko\u015b\u0107. Drabina ta powinna by\u0107 zawsze umieszczona przy \u015bcianie lub innym solidnym obiekcie w celu zapewnienia stabilno\u015bci. Sprawia to, \u017ce drabina przystawna jest idealna w sytuacjach, w kt\u00f3rych wa\u017cna jest wysoko\u015b\u0107, takich jak czyszczenie elewacji lub malowanie.   <\/li>\n<li><strong>Drabina reformowana<\/strong>: Ta drabina jest bardziej wszechstronna, poniewa\u017c mo\u017ce by\u0107 u\u017cywana jako drabina prosta lub w kszta\u0142cie litery A (wolnostoj\u0105ca). Drabiny reformowane s\u0105 przydatne w miejscach, w kt\u00f3rych nie ma dost\u0119pnej \u015bciany lub punktu podparcia, takich jak nier\u00f3wne powierzchnie lub otwarte przestrzenie. Specjalny mechanizm drabiny reform zapewnia stabilno\u015b\u0107 bez dodatkowego wsparcia.  <\/li>\n<\/ul>\n<h3>Wnioski<\/h3>\n<p>Drabina <strong>podestowa Gable<\/strong> Knight oferuje idealn\u0105 r\u00f3wnowag\u0119 mi\u0119dzy wytrzyma\u0142o\u015bci\u0105, stabilno\u015bci\u0105 i komfortem. Dla profesjonalist\u00f3w, kt\u00f3rzy potrzebuj\u0105 dodatkowej wysoko\u015bci i bezpiecze\u0144stwa, drabina ta jest doskona\u0142ym wyborem. Je\u015bli jednak potrzebujesz wi\u0119kszej elastyczno\u015bci w swojej pracy, lepszym rozwi\u0105zaniem mo\u017ce by\u0107 <strong>drabina reformowana<\/strong> firmy Gevelridder.  <\/p>\n<p>Zawsze u\u017cywaj odpowiedniej drabiny do odpowiedniego zadania, aby pracowa\u0107 wydajniej i bezpieczniej.<\/p>\n<\/div>\n<\/div>\n<\/div>\n<\/div>\n<\/div>\n<\/div>\n<p>&nbsp;<\/p>\n","protected":false},"excerpt":{"rendered":"<p><span style=\"color: #5bbc3a;\"><strong>\u2714 <\/strong><\/span>Po z\u0142o\u017ceniu: 2,65 metra<\/p>\n<p><span style=\"color: #5bbc3a;\"><strong>\u2714 <\/strong><\/span>Wyd\u0142u\u017cony: 4,65 metra<\/p>\n<p><span style=\"color: #5bbc3a;\"><strong>\u2714 <\/strong><\/span>Wysoko\u015b\u0107 robocza maks. 5,55 metra<\/p>\n<p><span style=\"color: #5bbc3a;\"><strong>\u2714 <\/strong><\/span>Waga 14 kg<\/p>\n<p><strong><span style=\"color: #ff0000;\">Wyprodukowano<\/span> w <span style=\"color: #0000ff;\">Holandii<\/span><\/strong><\/p>\n","protected":false},"featured_media":132403,"template":"","meta":{"_acf_changed":false,"_seopress_robots_primary_cat":"none","_seopress_titles_title":"","_seopress_titles_desc":"","_seopress_robots_index":""},"product_brand":[],"product_cat":[2325,2047],"product_tag":[2320,2322,2318,2321,2319],"class_list":{"0":"post-140684","1":"product","2":"type-product","3":"status-publish","4":"has-post-thumbnail","6":"product_cat-drabina-pionowa","7":"product_cat-rusztowania-fasadowe","8":"product_tag-drabina","9":"product_tag-drabina-robocza","10":"product_tag-drabina-robocza-2-sekcyjna-2x10","11":"product_tag-reforma-oswietlenia-drabiny","12":"product_tag-schody","13":"product_shipping_class-65-euro","15":"first","16":"instock","17":"taxable","18":"shipping-taxable","19":"purchasable","20":"product-type-simple"},"acf":[],"_links":{"self":[{"href":"https:\/\/gevelridder.nl\/pl\/wp-json\/wp\/v2\/product\/140684","targetHints":{"allow":["GET"]}}],"collection":[{"href":"https:\/\/gevelridder.nl\/pl\/wp-json\/wp\/v2\/product"}],"about":[{"href":"https:\/\/gevelridder.nl\/pl\/wp-json\/wp\/v2\/types\/product"}],"wp:featuredmedia":[{"embeddable":true,"href":"https:\/\/gevelridder.nl\/pl\/wp-json\/wp\/v2\/media\/132403"}],"wp:attachment":[{"href":"https:\/\/gevelridder.nl\/pl\/wp-json\/wp\/v2\/media?parent=140684"}],"wp:term":[{"taxonomy":"product_brand","embeddable":true,"href":"https:\/\/gevelridder.nl\/pl\/wp-json\/wp\/v2\/product_brand?post=140684"},{"taxonomy":"product_cat","embeddable":true,"href":"https:\/\/gevelridder.nl\/pl\/wp-json\/wp\/v2\/product_cat?post=140684"},{"taxonomy":"product_tag","embeddable":true,"href":"https:\/\/gevelridder.nl\/pl\/wp-json\/wp\/v2\/product_tag?post=140684"}],"curies":[{"name":"wp","href":"https:\/\/api.w.org\/{rel}","templated":true}]}}