
{"id":140678,"date":"2026-03-24T11:41:40","date_gmt":"2026-03-24T11:41:40","guid":{"rendered":"https:\/\/gevelridder.nl\/product\/plastikowa-drabina-reformowana-2-sekcyjna-2x10\/"},"modified":"2026-03-24T11:41:40","modified_gmt":"2026-03-24T11:41:40","slug":"plastikowa-drabina-reformowana-2-sekcyjna-2x10","status":"publish","type":"product","link":"https:\/\/gevelridder.nl\/pl\/produkt\/plastikowa-drabina-reformowana-2-sekcyjna-2x10\/","title":{"rendered":"Plastikowa drabina reformowana 2-sekcyjna 2&#215;10"},"content":{"rendered":"<h2 id=\"sylius-product-name\" class=\"product__name\">Plastikowa drabina reformowana 2-sekcyjna 2&#215;10<\/h2>\n<p>Wyposa\u017cony w belk\u0119 stabilizuj\u0105c\u0105 o d\u0142ugo\u015bci 86 cm.<\/p>\n<p>-Rozszerzona d\u0142ugo\u015b\u0107 4,5 metra<\/p>\n<p>-wysoko\u015b\u0107 robocza 4,66 metra<\/p>\n<p>-D\u0142ugo\u015b\u0107 po z\u0142o\u017ceniu 2,75 metra<\/p>\n<p>-waga 14 kilogram\u00f3w<\/p>\n<p>-Szeroko\u015b\u0107 drabiny 42 cm.<\/p>\n<p>-kroki 25 cm<\/p>\n<p>-Tworzywo sztuczne GRP<\/p>\n<p>Dwucz\u0119\u015bciowa plastikowa drabina reformowana wykonana z tworzywa sztucznego wzmocnionego w\u0142\u00f3knem szklanym (GRP) zosta\u0142a opracowana specjalnie dla wymagaj\u0105cych sektor\u00f3w, takich jak przemys\u0142 elektryczny, chemiczny i spo\u017cywczy. Drabina ta oferuje wyj\u0105tkowe w\u0142a\u015bciwo\u015bci izolacyjne, zar\u00f3wno termiczne, jak i elektryczne, dzi\u0119ki czemu idealnie nadaje si\u0119 do zastosowa\u0144 w \u015brodowiskach pracy o wysokim ryzyku. Zastosowanie wysokiej jako\u015bci GRP sprawia, \u017ce drabina ta jest nie tylko lekka, ale tak\u017ce niezwykle wytrzyma\u0142a, zapewniaj\u0105c bezpiecze\u0144stwo i trwa\u0142o\u015b\u0107 w najtrudniejszych sytuacjach.  <\/p>\n<p>Ta drabina GRP jest certyfikowana do u\u017cytku przy napi\u0119ciu do 30 000 V, zgodnie z rygorystyczn\u0105 norm\u0105 EN-61478. Oznacza to, \u017ce elektrycy mog\u0105 bezpiecznie pracowa\u0107 bez ryzyka pora\u017cenia pr\u0105dem. Ponadto izolacja termiczna chroni przed ekstremalnymi temperaturami, co jest szczeg\u00f3lnie wa\u017cne w \u015brodowiskach chemicznych i przemys\u0142owych, w kt\u00f3rych ciep\u0142o odgrywa wa\u017cn\u0105 rol\u0119.  <\/p>\n<p>Konstrukcja tej drabiny sk\u0142ada si\u0119 w ponad 60% z w\u0142\u00f3kna szklanego. W\u0142\u00f3kna te s\u0105 przetwarzane w taki spos\u00f3b, \u017ce wzmacniaj\u0105 zar\u00f3wno wewn\u0119trzne, jak i zewn\u0119trzne \u015bciany drabiny, co skutkuje doskona\u0142\u0105 sztywno\u015bci\u0105 i stabilno\u015bci\u0105 bez po\u015bwi\u0119cania wagi. Dzi\u0119ki temu drabina jest \u0142atwa w obs\u0142udze, nawet w trudno dost\u0119pnych miejscach. Ponadto szczeble s\u0105 bezpiecznie przymocowane do s\u0142upk\u00f3w drabiny zar\u00f3wno za pomoc\u0105 klejenia, jak i mechanicznego blokowania. Ten podw\u00f3jny system mocowania sprawia, \u017ce drabina jest wyj\u0105tkowo bezpieczna i wytrzymuje intensywne u\u017cytkowanie.    <\/p>\n<p>To, co naprawd\u0119 wyr\u00f3\u017cnia t\u0119 drabin\u0119, to fakt, \u017ce jest ona nie tylko funkcjonalna, ale tak\u017ce zaprojektowana z my\u015bl\u0105 o d\u0142ugoterminowym bezpiecze\u0144stwie. Drabina Reform jest doskona\u0142ym wyborem dla profesjonalist\u00f3w pracuj\u0105cych w obszarach wysokiego napi\u0119cia lub w sektorach, w kt\u00f3rych cz\u0119sto wyst\u0119puj\u0105 chemikalia i ciep\u0142o. Dzi\u0119ki w\u0142a\u015bciwo\u015bciom izolacyjnym i solidnej konstrukcji mo\u017ce by\u0107 u\u017cywana w r\u00f3\u017cnych warunkach, od konserwacji instalacji elektrycznych po prac\u0119 w fabrykach lub laboratoriach.  <\/p>\n<p>Kr\u00f3tko m\u00f3wi\u0105c, dwucz\u0119\u015bciowa drabina reformowana z tworzywa sztucznego GFK jest niezb\u0119dnym narz\u0119dziem dla ka\u017cdego, kto ceni sobie bezpiecze\u0144stwo i niezawodno\u015b\u0107 w swojej pracy. Niezale\u017cnie od tego, czy pracujesz w przemy\u015ble elektrycznym, chemicznym czy spo\u017cywczym, drabina ta oferuje idealn\u0105 r\u00f3wnowag\u0119 mi\u0119dzy wytrzyma\u0142o\u015bci\u0105, bezpiecze\u0144stwem i \u0142atwo\u015bci\u0105 u\u017cytkowania. <\/p>\n","protected":false},"excerpt":{"rendered":"<p><span style=\"color: #5bbc3a;\"><strong>\u2714 <\/strong><\/span>Schowany: 2,75 metra<\/p>\n<p><span style=\"color: #5bbc3a;\"><strong>\u2714 <\/strong><\/span>Wysuni\u0119ty: 4,50 metra<\/p>\n<p><span style=\"color: #5bbc3a;\"><strong>\u2714 <\/strong><\/span>Wysoko\u015b\u0107 robocza maks. 5,50 metra<\/p>\n<p><span style=\"color: #5bbc3a;\"><strong>\u2714 <\/strong><\/span>Waga 14 kg<\/p>\n","protected":false},"featured_media":132407,"template":"","meta":{"_acf_changed":false,"_seopress_robots_primary_cat":"","_seopress_titles_title":"","_seopress_titles_desc":"","_seopress_robots_index":""},"product_brand":[],"product_cat":[2324,2047],"product_tag":[2320,2322,2318,2321,2319],"class_list":{"0":"post-140678","1":"product","2":"type-product","3":"status-publish","4":"has-post-thumbnail","6":"product_cat-drabiny-plastikowe","7":"product_cat-rusztowania-fasadowe","8":"product_tag-drabina","9":"product_tag-drabina-robocza","10":"product_tag-drabina-robocza-2-sekcyjna-2x10","11":"product_tag-reforma-oswietlenia-drabiny","12":"product_tag-schody","13":"product_shipping_class-65-euro","15":"first","16":"instock","17":"taxable","18":"shipping-taxable","19":"purchasable","20":"product-type-simple"},"acf":[],"_links":{"self":[{"href":"https:\/\/gevelridder.nl\/pl\/wp-json\/wp\/v2\/product\/140678","targetHints":{"allow":["GET"]}}],"collection":[{"href":"https:\/\/gevelridder.nl\/pl\/wp-json\/wp\/v2\/product"}],"about":[{"href":"https:\/\/gevelridder.nl\/pl\/wp-json\/wp\/v2\/types\/product"}],"wp:featuredmedia":[{"embeddable":true,"href":"https:\/\/gevelridder.nl\/pl\/wp-json\/wp\/v2\/media\/132407"}],"wp:attachment":[{"href":"https:\/\/gevelridder.nl\/pl\/wp-json\/wp\/v2\/media?parent=140678"}],"wp:term":[{"taxonomy":"product_brand","embeddable":true,"href":"https:\/\/gevelridder.nl\/pl\/wp-json\/wp\/v2\/product_brand?post=140678"},{"taxonomy":"product_cat","embeddable":true,"href":"https:\/\/gevelridder.nl\/pl\/wp-json\/wp\/v2\/product_cat?post=140678"},{"taxonomy":"product_tag","embeddable":true,"href":"https:\/\/gevelridder.nl\/pl\/wp-json\/wp\/v2\/product_tag?post=140678"}],"curies":[{"name":"wp","href":"https:\/\/api.w.org\/{rel}","templated":true}]}}