
{"id":140669,"date":"2026-03-24T08:17:11","date_gmt":"2026-03-24T08:17:11","guid":{"rendered":"https:\/\/gevelridder.nl\/product\/drabina-reformowana-2-sekcyjna-2x10\/"},"modified":"2026-03-24T08:17:11","modified_gmt":"2026-03-24T08:17:11","slug":"drabina-reformowana-2-sekcyjna-2x10","status":"publish","type":"product","link":"https:\/\/gevelridder.nl\/pl\/produkt\/drabina-reformowana-2-sekcyjna-2x10\/","title":{"rendered":"Drabina reformowana 2-sekcyjna 2&#215;10"},"content":{"rendered":"<h2>Drabina reformowana 2-sekcyjna 2\u00d710<\/h2>\n<p>Ta pi\u0119kna stabilna drabina reformowana 2-sekcyjna 2\u00d710 szczebli jest &#8222;Mercedesem&#8221; w\u015br\u00f3d drabin i jest produkowana w Holandii. Tej pi\u0119knej drabiny mo\u017cna u\u017cywa\u0107 zar\u00f3wno jako drabiny wolnostoj\u0105cej (wysoko\u015b\u0107 robocza do 3,5 metra), jak i drabiny typu push-up (wysoko\u015b\u0107 robocza do 5,6 metra). <\/p>\n<p>Wyposa\u017cony w belk\u0119 stabilizuj\u0105c\u0105 o d\u0142ugo\u015bci 86 cm.<\/p>\n<p>-d\u0142ugo\u015b\u0107 po roz\u0142o\u017ceniu 4,75 metra -wysoko\u015b\u0107 robocza 5,63 metra<br \/>\n-d\u0142ugo\u015b\u0107 po z\u0142o\u017ceniu 2,75 metra<br \/>\n-waga 16 kilogram\u00f3w<br \/>\n-szeroko\u015b\u0107 w poprzek s\u0142upk\u00f3w 35\/30 cm.<br \/>\n-powierzchnia podparcia 3 cm<br \/>\n-opcjonalny stopie\u0144 25 cm<\/p>\n<p>Z pewno\u015bci\u0105 docenisz t\u0119 drabin\u0119, zw\u0142aszcza \u017ce prowadnice s\u0105 poszerzone i wyposa\u017cone w profil antypo\u015blizgowy, a dzi\u0119ki powierzchni do stania o szeroko\u015bci 30 mm mo\u017cesz wygodnie pracowa\u0107 z t\u0105 drabin\u0105. Drabina jest powlekana, dzi\u0119ki czemu nie zrzuca. S\u0142upki tej drabiny maj\u0105 profil antypo\u015blizgowy i zaokr\u0105glone rogi.  <\/p>\n<h2>Nasza rekomendacja dla drabiny Reform Ladder 2-sekcja 2\u00d710<\/h2>\n<p>Kup t\u0119 drabin\u0119 w po\u0142\u0105czeniu z <a href=\"https:\/\/gevelridder.nl\/pl\/?post_type=product&#038;p=140066\" target=\"_blank\" rel=\"noopener\">Gevelridder<\/a> <a href=\"https:\/\/gevelridder.nl\/product\/gevelridder-s-incl-afstandhouder\/\" target=\"_blank\" rel=\"noopener\">S<\/a> lub Gevelridder M, a b\u0119dziesz m\u00f3g\u0142 bezpiecznie wykonywa\u0107 prace na wysoko\u015bci przez wiele lat.<\/p>\n<h2>Prawodawstwo<\/h2>\n<p>Nasz rz\u0105d ustanowi\u0142 wymogi i przepisy dotycz\u0105ce bezpiecze\u0144stwa pracy na wysoko\u015bci. Reguluje to <a href=\"https:\/\/wetten.overheid.nl\/BWBR0008498\/2022-08-01\/#Hoofdstuk7_Afdeling4_Paragraaf2b_Artikel7.23a\" target=\"_blank\" rel=\"noopener\">artyku\u0142 2b rozporz\u0105dzenia w sprawie warunk\u00f3w pracy.<\/a> <\/p>\n<p>Drabiny i schody musz\u0105 by\u0107 zawsze ustawione w taki spos\u00f3b, aby zapewni\u0107 ich stabilno\u015b\u0107 podczas u\u017cytkowania. W ka\u017cdym przypadku w tym celu nale\u017cy podj\u0105\u0107 nast\u0119puj\u0105ce \u015brodki, w razie potrzeby po\u0142\u0105czone: <\/p>\n<div id=\"Hoofdstuk7_Afdeling4_Paragraaf2b_Artikel7.23a\" class=\"artikel\">\n<ol>\n<li>podpory przeno\u015bnych drabin i schod\u00f3w spoczywaj\u0105 na stabilnej, twardej i nieruchomej powierzchni o wystarczaj\u0105cych rozmiarach, aby szczeble pozostawa\u0142y w pozycji poziomej;<\/li>\n<li>Po\u015blizgni\u0119ciu si\u0119 stopy na przeno\u015bnych drabinach i stopniach podczas u\u017cytkowania nale\u017cy zapobiega\u0107 za pomoc\u0105 kt\u00f3regokolwiek z poni\u017cszych rozwi\u0105za\u0144, w razie potrzeby po\u0142\u0105czonych ze sob\u0105:<\/li>\n<li class=\"labeled\">zabezpieczenie g\u00f3rnych lub dolnych s\u0142upk\u00f3w drabiny;<\/li>\n<li class=\"labeled\">odpowiednie urz\u0105dzenie antypo\u015blizgowe;<\/li>\n<li class=\"labeled\">inny r\u00f3wnie skuteczny \u015brodek;<\/li>\n<\/ol>\n<p>Wi\u0119cej informacji na ten temat znajduje si\u0119 w dalszych przepisach.<\/p>\n<\/div>\n<h3>Kursy na drabinie reform 2-sekcyjnej 2\u00d710<\/h3>\n<p>Je\u015bli chcesz uzyska\u0107 wi\u0119cej informacji na temat tej klatki schodowej lub jeste\u015b zainteresowany kursem, na przyk\u0142ad &#8222;Bezpieczna praca z drabinami i schodami&#8221;, wy\u015blij nam wiadomo\u015b\u0107 na adres info@gevelridder.nl, aby uzyska\u0107 wi\u0119cej informacji.<\/p>\n","protected":false},"excerpt":{"rendered":"<p><strong><span style=\"color: #5bbc3a;\">\u2714<\/span> <\/strong>Po z\u0142o\u017ceniu: 2,75 metra<\/p>\n<p><strong><span style=\"color: #5bbc3a;\">\u2714<\/span> <\/strong>Wyd\u0142u\u017cony: 4,75 metra<\/p>\n<p><strong><span style=\"color: #5bbc3a;\">\u2714<\/span> <\/strong>Wysoko\u015b\u0107 robocza maks. 5,63 metra<\/p>\n<p><strong><span style=\"color: #5bbc3a;\">\u2714<\/span> <\/strong>Wolnostoj\u0105ca wysoko\u015b\u0107 robocza 3,59 metra<\/p>\n<p><strong><span style=\"color: #5bbc3a;\">\u2714<\/span> <\/strong>Waga 16 kg<\/p>\n<p><strong><span style=\"color: #ff0000;\">Wyprodukowano<\/span> w <span style=\"color: #0000ff;\">Holandii<\/span><\/strong><\/p>\n","protected":false},"featured_media":131778,"template":"","meta":{"_acf_changed":false,"_seopress_robots_primary_cat":"","_seopress_titles_title":"","_seopress_titles_desc":"","_seopress_robots_index":""},"product_brand":[],"product_cat":[2048,2047],"product_tag":[2318],"class_list":{"0":"post-140669","1":"product","2":"type-product","3":"status-publish","4":"has-post-thumbnail","6":"product_cat-drabina-reform","7":"product_cat-rusztowania-fasadowe","8":"product_tag-drabina-robocza-2-sekcyjna-2x10","9":"product_shipping_class-65-euro","11":"first","12":"instock","13":"taxable","14":"shipping-taxable","15":"purchasable","16":"product-type-simple"},"acf":[],"_links":{"self":[{"href":"https:\/\/gevelridder.nl\/pl\/wp-json\/wp\/v2\/product\/140669","targetHints":{"allow":["GET"]}}],"collection":[{"href":"https:\/\/gevelridder.nl\/pl\/wp-json\/wp\/v2\/product"}],"about":[{"href":"https:\/\/gevelridder.nl\/pl\/wp-json\/wp\/v2\/types\/product"}],"wp:featuredmedia":[{"embeddable":true,"href":"https:\/\/gevelridder.nl\/pl\/wp-json\/wp\/v2\/media\/131778"}],"wp:attachment":[{"href":"https:\/\/gevelridder.nl\/pl\/wp-json\/wp\/v2\/media?parent=140669"}],"wp:term":[{"taxonomy":"product_brand","embeddable":true,"href":"https:\/\/gevelridder.nl\/pl\/wp-json\/wp\/v2\/product_brand?post=140669"},{"taxonomy":"product_cat","embeddable":true,"href":"https:\/\/gevelridder.nl\/pl\/wp-json\/wp\/v2\/product_cat?post=140669"},{"taxonomy":"product_tag","embeddable":true,"href":"https:\/\/gevelridder.nl\/pl\/wp-json\/wp\/v2\/product_tag?post=140669"}],"curies":[{"name":"wp","href":"https:\/\/api.w.org\/{rel}","templated":true}]}}