
{"id":140664,"date":"2026-03-24T11:42:02","date_gmt":"2026-03-24T11:42:02","guid":{"rendered":"https:\/\/gevelridder.nl\/product\/drabina-reformowana-3-sekcyjna-3x10\/"},"modified":"2026-03-24T11:42:02","modified_gmt":"2026-03-24T11:42:02","slug":"drabina-reformowana-3-sekcyjna-3x10","status":"publish","type":"product","link":"https:\/\/gevelridder.nl\/pl\/produkt\/drabina-reformowana-3-sekcyjna-3x10\/","title":{"rendered":"Drabina reformowana 3-sekcyjna 3&#215;10"},"content":{"rendered":"<h2 id=\"sylius-product-name\" class=\"product__name\">Drabina reformowana 3-sekcyjna 3&#215;10<\/h2>\n<div class=\"flex-shrink-0 flex flex-col relative items-end\">\n<div>\n<div class=\"pt-0\">\n<div class=\"gizmo-bot-avatar flex h-8 w-8 items-center justify-center overflow-hidden rounded-full\">\n<div class=\"relative p-1 rounded-sm flex items-center justify-center bg-token-main-surface-primary text-token-text-primary h-8 w-8\"><strong>3-sekcyjna drabina reformowana Gable<\/strong> Knight jest jedn\u0105 z najmocniejszych i najbardziej stabilnych profesjonalnych drabin na rynku. Dzi\u0119ki solidnej, ale lekkiej belce stabilizuj\u0105cej, drabina ta zapewnia optymaln\u0105 stabilno\u015b\u0107 i bezpiecze\u0144stwo podczas u\u017cytkowania. Drabina reformowana <strong>3&#215;10<\/strong> mo\u017ce by\u0107 u\u017cywana zar\u00f3wno jako wolnostoj\u0105ca (w pozycji A), jak i jako drabina przystawna, dzi\u0119ki czemu jest wszechstronna do wszelkiego rodzaju prac.  <\/div>\n<\/div>\n<\/div>\n<\/div>\n<\/div>\n<div class=\"group\/conversation-turn relative flex w-full min-w-0 flex-col agent-turn\">\n<div class=\"flex-col gap-1 md:gap-3\">\n<div class=\"flex max-w-full flex-col flex-grow\">\n<div class=\"min-h-8 text-message flex w-full flex-col items-end gap-2 whitespace-normal break-words [.text-message+&amp;]:mt-5\" dir=\"auto\" data-message-author-role=\"assistant\" data-message-id=\"6640e8f2-335c-4da1-b6b8-3bedfd4e5e81\">\n<div class=\"flex w-full flex-col gap-1 empty:hidden first:pt-[3px]\">\n<div class=\"markdown prose w-full break-words dark:prose-invert light\">\n<p>Drabina posiada bardzo szerokie szczeble o antypo\u015blizgowym profilu, co pozwala na wygodn\u0105 i bezpieczn\u0105 prac\u0119. Szczeble drabiny wykonane s\u0105 z matowego, powlekanego na czarno aluminium, co zapobiega wy\u015blizgiwaniu si\u0119 drabiny podczas intensywnego u\u017cytkowania i utrzymuje d\u0142onie w czysto\u015bci. Ponadto drabina ma profil skrzynkowy z zaokr\u0105glonymi naro\u017cnikami, co nie tylko zwi\u0119ksza wytrzyma\u0142o\u015b\u0107, ale tak\u017ce zapewnia wygodny chwyt podczas wspinaczki.  <\/p>\n<p>Ta drabina reformowana Gable Knight \u0142\u0105czy w sobie wytrzyma\u0142o\u015b\u0107, bezpiecze\u0144stwo i wygod\u0119, idealn\u0105 zar\u00f3wno do u\u017cytku profesjonalnego, jak i prywatnego.<\/p>\n<\/div>\n<\/div>\n<\/div>\n<\/div>\n<\/div>\n<\/div>\n","protected":false},"excerpt":{"rendered":"<p><span style=\"color: #5bbc3a;\"><strong>\u2714 <\/strong><\/span>Po z\u0142o\u017ceniu: 2,75 metra<\/p>\n<p><span style=\"color: #5bbc3a;\"><strong>\u2714 <\/strong><\/span>Wyd\u0142u\u017cony: 6,25 metra<\/p>\n<p><span style=\"color: #5bbc3a;\"><strong>\u2714 <\/strong><\/span>Wysoko\u015b\u0107 robocza maks. 7,10 metra<\/p>\n<p><span style=\"color: #5bbc3a;\"><strong>\u2714 <\/strong><\/span>Waga 23 kg<\/p>\n<p><strong><span style=\"color: #ff0000;\">Wyprodukowano <\/span>w <span style=\"color: #0000ff;\">Holandii<\/span><\/strong><\/p>\n","protected":false},"featured_media":132416,"template":"","meta":{"_acf_changed":false,"_seopress_robots_primary_cat":"none","_seopress_titles_title":"","_seopress_titles_desc":"","_seopress_robots_index":""},"product_brand":[],"product_cat":[2048,2047],"product_tag":[2320,2322,2318,2321,2319],"class_list":{"0":"post-140664","1":"product","2":"type-product","3":"status-publish","4":"has-post-thumbnail","6":"product_cat-drabina-reform","7":"product_cat-rusztowania-fasadowe","8":"product_tag-drabina","9":"product_tag-drabina-robocza","10":"product_tag-drabina-robocza-2-sekcyjna-2x10","11":"product_tag-reforma-oswietlenia-drabiny","12":"product_tag-schody","13":"product_shipping_class-65-euro","15":"first","16":"instock","17":"taxable","18":"shipping-taxable","19":"purchasable","20":"product-type-simple"},"acf":[],"_links":{"self":[{"href":"https:\/\/gevelridder.nl\/pl\/wp-json\/wp\/v2\/product\/140664","targetHints":{"allow":["GET"]}}],"collection":[{"href":"https:\/\/gevelridder.nl\/pl\/wp-json\/wp\/v2\/product"}],"about":[{"href":"https:\/\/gevelridder.nl\/pl\/wp-json\/wp\/v2\/types\/product"}],"wp:featuredmedia":[{"embeddable":true,"href":"https:\/\/gevelridder.nl\/pl\/wp-json\/wp\/v2\/media\/132416"}],"wp:attachment":[{"href":"https:\/\/gevelridder.nl\/pl\/wp-json\/wp\/v2\/media?parent=140664"}],"wp:term":[{"taxonomy":"product_brand","embeddable":true,"href":"https:\/\/gevelridder.nl\/pl\/wp-json\/wp\/v2\/product_brand?post=140664"},{"taxonomy":"product_cat","embeddable":true,"href":"https:\/\/gevelridder.nl\/pl\/wp-json\/wp\/v2\/product_cat?post=140664"},{"taxonomy":"product_tag","embeddable":true,"href":"https:\/\/gevelridder.nl\/pl\/wp-json\/wp\/v2\/product_tag?post=140664"}],"curies":[{"name":"wp","href":"https:\/\/api.w.org\/{rel}","templated":true}]}}