
{"id":140663,"date":"2026-04-03T10:24:57","date_gmt":"2026-04-03T10:24:57","guid":{"rendered":"https:\/\/gevelridder.nl\/product\/lekki-mini-dzwig-cannon-w-kolorze-czarnym\/"},"modified":"2026-04-03T10:24:57","modified_gmt":"2026-04-03T10:24:57","slug":"lekki-mini-dzwig-cannon-w-kolorze-czarnym","status":"publish","type":"product","link":"https:\/\/gevelridder.nl\/pl\/produkt\/lekki-mini-dzwig-cannon-w-kolorze-czarnym\/","title":{"rendered":"Lekki mini d\u017awig Cannon w kolorze czarnym"},"content":{"rendered":"<h3 data-start=\"308\" data-end=\"383\">Lekki mini \u017curaw The Cannon &#8211; Inteligentne podnoszenie zaczyna si\u0119 tutaj<\/h3>\n<p data-start=\"385\" data-end=\"715\">Szukasz kompaktowego, zwrotnego i wydajnego rozwi\u0105zania do podnoszenia szk\u0142a, ram okiennych lub p\u0142ytek? W takim razie <strong data-start=\"496\" data-end=\"545\">lekki mini \u017curaw GEVELRIDDER Cannon<\/strong> jest rozwi\u0105zaniem dla profesjonalist\u00f3w z bran\u017cy budowlanej, wyko\u0144czeniowej i szklarskiej. Ten innowacyjny mini \u017curaw \u0142\u0105czy w sobie moc, elastyczno\u015b\u0107 i \u0142atwo\u015b\u0107 obs\u0142ugi w jednym por\u0119cznym urz\u0105dzeniu.  <\/p>\n<p data-start=\"717\" data-end=\"1088\">Z obci\u0105\u017ceniem roboczym od 75 do 250 kg, The Cannon jest idealny do monta\u017cu ci\u0119\u017ckich paneli szklanych, ram okiennych lub paneli pod\u0142ogowych. Dzi\u0119ki niskiej masie ca\u0142kowitej wynosz\u0105cej zaledwie 58 kg, lekki mini\u017curaw GEVELRIDDER The Cannon jest \u0142atwy w transporcie w ma\u0142ej furgonetce, takiej jak Caddy. Do ustawienia i obs\u0142ugi wystarczy jedna osoba.  <\/p>\n<p data-start=\"1090\" data-end=\"1409\">To, co sprawia, \u017ce ten mini\u017curaw jest naprawd\u0119 wyj\u0105tkowy, to sprytne po\u0142\u0105czenie poziomo regulowanego masztu i monta\u017cu na kablu. Dzi\u0119ki temu praca jest szybsza, bezpieczniejsza i bardziej precyzyjna ni\u017c kiedykolwiek &#8211; bez b\u00f3lu plec\u00f3w. Idealny do podnoszenia z koz\u0142a szklarskiego lub przyczepy, lub do uk\u0142adania ci\u0119\u017ckich tafli szk\u0142a na pod\u0142odze.  <\/p>\n<p data-start=\"1411\" data-end=\"1711\">Lekki mini \u017curaw GEVELRIDDER Cannon jest wyposa\u017cony w k\u00f3\u0142ka z hamulcami, regulowany maszt obs\u0142ugiwany za pomoc\u0105 bezprzewodowej wiertarki i system balastowy z lu\u017anymi obci\u0105\u017cnikami. Ca\u0142o\u015b\u0107 zosta\u0142a wykonana r\u0119cznie w Holandii i zaprojektowana z my\u015bl\u0105 o d\u0142ugotrwa\u0142ej wydajno\u015bci i satysfakcji z pracy. <\/p>\n<p data-start=\"1713\" data-end=\"1730\"><strong data-start=\"1713\" data-end=\"1730\">Zastosowania:<\/strong><\/p>\n<ul data-start=\"1731\" data-end=\"1855\">\n<li data-start=\"1731\" data-end=\"1763\">\n<p data-start=\"1733\" data-end=\"1763\">Monta\u017c szk\u0142a, w tym potr\u00f3jnych szyb<\/p>\n<\/li>\n<li data-start=\"1764\" data-end=\"1788\">\n<p data-start=\"1766\" data-end=\"1788\">Monta\u017c ram okiennych<\/p>\n<\/li>\n<li data-start=\"1789\" data-end=\"1824\">\n<p data-start=\"1791\" data-end=\"1824\">Obr\u00f3bka p\u0142ytek (pod\u0142ogowych i \u015bciennych)<\/p>\n<\/li>\n<li data-start=\"1825\" data-end=\"1855\">\n<p data-start=\"1827\" data-end=\"1855\">Budowa elewacji i wn\u0119trz<\/p>\n<\/li>\n<\/ul>\n<p data-start=\"1857\" data-end=\"1891\"><strong data-start=\"1857\" data-end=\"1891\">Dlaczego warto wybra\u0107 The Cannon?<\/strong><\/p>\n<ul data-start=\"1892\" data-end=\"2081\">\n<li data-start=\"1892\" data-end=\"1919\">\n<p data-start=\"1894\" data-end=\"1919\">Lekki i kompaktowy<\/p>\n<\/li>\n<li data-start=\"1920\" data-end=\"1953\">\n<p data-start=\"1922\" data-end=\"1953\">Ergonomiczny i przyjazny dla plec\u00f3w<\/p>\n<\/li>\n<li data-start=\"1954\" data-end=\"1996\">\n<p data-start=\"1956\" data-end=\"1996\">\u0141atwa obs\u0142uga przez jedn\u0105 osob\u0119<\/p>\n<\/li>\n<li data-start=\"1997\" data-end=\"2035\">\n<p data-start=\"1999\" data-end=\"2035\">Zr\u00f3wnowa\u017cona produkcja w Holandii<\/p>\n<\/li>\n<li data-start=\"2036\" data-end=\"2081\">\n<p data-start=\"2038\" data-end=\"2081\">Cz\u0119\u015b\u0107 serii GEVELRIDDER<\/p>\n<\/li>\n<\/ul>\n<p data-start=\"2083\" data-end=\"2239\">Uczy\u0144 swoj\u0105 prac\u0119 bardziej wydajn\u0105, bezpieczniejsz\u0105 i l\u017cejsz\u0105 dzi\u0119ki <strong data-start=\"2138\" data-end=\"2187\">lekkiemu mini \u017curawiowi GEVELRIDDER The Cannon<\/strong> &#8211; rozwi\u0105zaniu do inteligentnego podnoszenia na ka\u017cdym placu budowy.<\/p>\n","protected":false},"excerpt":{"rendered":"<p class=\"ai-optimize-90\" data-start=\"162\" data-end=\"488\"><strong data-start=\"162\" data-end=\"211\">Cannon &#8211; kompaktowy podno\u015bnik monta\u017c<\/strong>owy <strong data-start=\"162\" data-end=\"211\">(75-250 kg)<\/strong><br data-start=\"211\" data-end=\"214\"\/>Cannon to lekki i przeno\u015bny podno\u015bnik monta\u017cowy do szk\u0142a, ram okiennych i p\u0142ytek. Dzi\u0119ki przemy\u015blanej konstrukcji mo\u017cna bez wysi\u0142ku podnie\u015b\u0107 ci\u0119\u017car do 250 kg. Mie\u015bci si\u0119 w ma\u0142ej furgonetce i jest bardzo lekki. Idealny do precyzyjnego i ergonomicznego podnoszenia na placu budowy. Ten mini \u017curaw jest wolnostoj\u0105cy.    <\/p>\n<p class=\"ai-optimize-91\" data-start=\"490\" data-end=\"508\"><strong data-start=\"490\" data-end=\"508\">Specyfikacje:<\/strong><\/p>\n<p class=\"ai-optimize-93\" data-start=\"511\" data-end=\"547\"><strong data-start=\"511\" data-end=\"535\"><span style=\"color: #5bbc3a;\">Obci\u0105\u017cenie robocze <\/span>(WLL<span style=\"color: #5bbc3a;\"><b>)<\/b> <\/span>:<\/strong> 75-250 kg<\/p>\n<p class=\"ai-optimize-95\" data-start=\"550\" data-end=\"602\"><strong data-start=\"550\" data-end=\"568\">Masa<span style=\"color: #5bbc3a;\"><b>w\u0142asna<\/b> <\/span>:<\/strong> 39 kg (podwozie), 19 kg (wysi\u0119gnik)<\/p>\n<p class=\"ai-optimize-97\" data-start=\"605\" data-end=\"635\"><strong data-start=\"605\" data-end=\"625\"><span style=\"color: #5bbc3a;\">Maksymalna <\/span>wysoko\u015b\u0107 podnoszenia<span style=\"color: #5bbc3a;\"><b>:<\/b> <\/span><\/strong> 2480 mm<\/p>\n<p class=\"ai-optimize-99\" data-start=\"638\" data-end=\"668\"><strong data-start=\"638\" data-end=\"658\"><span style=\"color: #5bbc3a;\">Maksymalny <\/span>zasi\u0119g<span style=\"color: #5bbc3a;\"><b>:<\/b> <\/span><\/strong> 1150 mm<\/p>\n<p class=\"ai-optimize-101\" data-start=\"671\" data-end=\"717\"><strong data-start=\"671\" data-end=\"694\"><span style=\"color: #5bbc3a;\">Wymiary <\/span>(d\u0142. x szer. x wys.)<span style=\"color: #5bbc3a;\"><b>:<\/b> <\/span><\/strong> 1330 x 800 x 1130 mm<\/p>\n<p class=\"ai-optimize-103\" data-start=\"720\" data-end=\"758\"><strong data-start=\"720\" data-end=\"734\"><span style=\"color: #5bbc3a;\">Materia\u0142<b>:<\/b> <\/span><\/strong> wysokiej jako\u015bci aluminium i stal nierdzewna<\/p>\n<p class=\"ai-optimize-107\" data-start=\"791\" data-end=\"826\"><strong data-start=\"791\" data-end=\"803\"><span style=\"color: #5bbc3a;\">Balast<b>:<\/b> <\/span><\/strong> 10 dysk\u00f3w o wadze 9 kg<\/p>\n<p class=\"ai-optimize-109\" data-start=\"829\" data-end=\"868\"><strong data-start=\"829\" data-end=\"846\"><span style=\"color: #5bbc3a;\">Ruch<b>:<\/b> <\/span><\/strong> k\u00f3\u0142ka z hamulcem<\/p>\n<p class=\"ai-optimize-111\" data-start=\"871\" data-end=\"923\"><strong data-start=\"871\" data-end=\"887\"><span style=\"color: #5bbc3a;\">Nap\u0119d<b>:<\/b> <\/span><\/strong> sterowanie wyci\u0105gark\u0105 za pomoc\u0105 wiertarki akumulatorowej<\/p>\n<p class=\"ai-optimize-120\" data-start=\"871\" data-end=\"923\"><strong data-start=\"871\" data-end=\"887\"><span style=\"color: #5bbc3a;\"><span style=\"color: #993366;\"><b>\u2714<\/b><\/span>  <span style=\"color: #ff0000;\">Wykonane<\/span> <span style=\"color: #999999;\">W<\/span> <span style=\"color: #0000ff;\">Holandia<\/span><\/span><\/strong><\/p>\n","protected":false},"featured_media":2830,"template":"","meta":{"_acf_changed":false,"_seopress_robots_primary_cat":"none","_seopress_titles_title":"","_seopress_titles_desc":"","_seopress_robots_index":""},"product_brand":[],"product_cat":[2057,2257,2099,2084,2078],"product_tag":[2016,2303,2012,2258,2304,2017,2305,2018,1967,2019,1993,2013,2301,2302,2014,2021,1998,1996,2020,1992,2015,2100,1997,2022,1995,1994],"class_list":{"0":"post-140663","1":"product","2":"type-product","3":"status-publish","4":"has-post-thumbnail","6":"product_cat-gable-knights","7":"product_cat-gable-knights-2","8":"product_cat-mini-zuraw","9":"product_cat-podnosniki-do-szkla","10":"product_cat-wozki-2","11":"product_tag-chwytak-podcisnieniowy","12":"product_tag-falownik-monetren","13":"product_tag-gevelridder-m","14":"product_tag-hybrydowy-elektryczny-gable-knight","15":"product_tag-instalacja-klimatyzacji","16":"product_tag-miroiterie","17":"product_tag-montaz-markizy-2","18":"product_tag-montaz-szkla-2","19":"product_tag-montaz-szkla","20":"product_tag-monter-sklepow","21":"product_tag-podnosnik-do-szkla","22":"product_tag-podnosnik-do-szyb","23":"product_tag-podnoszenie-klimatyzatora","24":"product_tag-podnoszenie-paneli-slonecznych-z-falownikiem","25":"product_tag-podnoszenie-szkla","26":"product_tag-przyssawka","27":"product_tag-rama-okienna","28":"product_tag-sir-liftalot","29":"product_tag-suncreenlift","30":"product_tag-szklarz","31":"product_tag-szklarz-2","32":"product_tag-szklo-podnoszone-nowe","33":"product_tag-uplifter","34":"product_tag-viavac","35":"product_tag-winda-drabinowa","36":"product_tag-wynajem-podnosnika-do-szkla","37":"product_shipping_class-gevelridder-m","39":"first","40":"instock","41":"taxable","42":"shipping-taxable","43":"purchasable","44":"product-type-simple"},"acf":[],"_links":{"self":[{"href":"https:\/\/gevelridder.nl\/pl\/wp-json\/wp\/v2\/product\/140663","targetHints":{"allow":["GET"]}}],"collection":[{"href":"https:\/\/gevelridder.nl\/pl\/wp-json\/wp\/v2\/product"}],"about":[{"href":"https:\/\/gevelridder.nl\/pl\/wp-json\/wp\/v2\/types\/product"}],"wp:featuredmedia":[{"embeddable":true,"href":"https:\/\/gevelridder.nl\/pl\/wp-json\/wp\/v2\/media\/2830"}],"wp:attachment":[{"href":"https:\/\/gevelridder.nl\/pl\/wp-json\/wp\/v2\/media?parent=140663"}],"wp:term":[{"taxonomy":"product_brand","embeddable":true,"href":"https:\/\/gevelridder.nl\/pl\/wp-json\/wp\/v2\/product_brand?post=140663"},{"taxonomy":"product_cat","embeddable":true,"href":"https:\/\/gevelridder.nl\/pl\/wp-json\/wp\/v2\/product_cat?post=140663"},{"taxonomy":"product_tag","embeddable":true,"href":"https:\/\/gevelridder.nl\/pl\/wp-json\/wp\/v2\/product_tag?post=140663"}],"curies":[{"name":"wp","href":"https:\/\/api.w.org\/{rel}","templated":true}]}}