
{"id":140644,"date":"2026-03-24T11:33:10","date_gmt":"2026-03-24T11:33:10","guid":{"rendered":"https:\/\/gevelridder.nl\/product\/ochrona-przed-upadkiem-wtorny-podwojny-system-zabezpieczajacy\/"},"modified":"2026-03-24T11:33:10","modified_gmt":"2026-03-24T11:33:10","slug":"ochrona-przed-upadkiem-wtorny-podwojny-system-zabezpieczajacy","status":"publish","type":"product","link":"https:\/\/gevelridder.nl\/pl\/produkt\/ochrona-przed-upadkiem-wtorny-podwojny-system-zabezpieczajacy\/","title":{"rendered":"Ochrona przed upadkiem Wt\u00f3rny podw\u00f3jny system zabezpieczaj\u0105cy"},"content":{"rendered":"<p data-start=\"1824\" data-end=\"2412\"><strong data-start=\"1827\" data-end=\"1872\">Facade Knight Secondary Safety Device (SSD)<\/strong> to niezb\u0119dny dodatkowy system bezpiecze\u0144stwa, kt\u00f3ry zapewnia dodatkow\u0105 ochron\u0119 podczas pracy z podno\u015bnikami pr\u00f3\u017cniowymi do szk\u0142a. System ten zosta\u0142 zaprojektowany w celu bezpiecznego opuszczania tafli szk\u0142a w przypadku nieoczekiwanej utraty pr\u00f3\u017cni. Wysokiej jako\u015bci poliestrowe pasy do podnoszenia mo\u017cna \u0142atwo umie\u015bci\u0107 wok\u00f3\u0142 \u0142adunku i pod\u0142\u0105czy\u0107 do haka d\u017awigu lub urz\u0105dzenia monta\u017cowego. Solidna konstrukcja, os\u0142ony ochronne i odporna na \u015bcieranie konstrukcja sprawiaj\u0105, \u017ce pasy s\u0105 idealne do intensywnego u\u017cytkowania przy uk\u0142adaniu szk\u0142a, budowie fasad, monta\u017cu i przemys\u0142owym przenoszeniu szk\u0142a.   <\/p>\n<p data-start=\"2414\" data-end=\"2884\">System SSD firmy Gevelridder zapobiega upadkowi panelu szklanego w sytuacji awaryjnej, znacznie zwi\u0119kszaj\u0105c bezpiecze\u0144stwo szklarzy, monter\u00f3w, operator\u00f3w d\u017awig\u00f3w i personelu budowlanego. Produkt nie jest samodzielnym urz\u0105dzeniem podnosz\u0105cym, ale s\u0142u\u017cy jako dodatkowa ochrona wraz z profesjonalnymi podno\u015bnikami pr\u00f3\u017cniowymi do szk\u0142a. Zestaw jest dostarczany w komplecie z os\u0142onami ochronnymi i wytrzyma\u0142\u0105 torb\u0105 do przechowywania, dzi\u0119ki czemu system jest \u0142atwy do przenoszenia i bezpiecznego przechowywania.  <\/p>\n<p data-start=\"2886\" data-end=\"3328\">Niezale\u017cnie od tego, czy pracujesz z du\u017cymi panelami szklanymi, ci\u0119\u017ckimi szklanymi elementami izolacyjnymi czy projektami monta\u017cowymi na wysoko\u015bci, Fa\u00e7ade Knight SSD zapewnia maksymalne bezpiecze\u0144stwo i spe\u0142nia profesjonalne wymagania w bran\u017cy szk\u0142a i fasad. Dzi\u0119ki opcjom ta\u015bm o d\u0142ugo\u015bci <strong data-start=\"3112\" data-end=\"3123\">8 m<\/strong> i <strong data-start=\"3127\" data-end=\"3139\">11 m<\/strong>, ten system bezpiecze\u0144stwa znajduje zastosowanie w r\u00f3\u017cnych sytuacjach roboczych. SSD jest niezb\u0119dnym dodatkiem do ka\u017cdego miejsca pracy, w kt\u00f3rym szk\u0142o jest transportowane, podnoszone lub instalowane.  <\/p>\n","protected":false},"excerpt":{"rendered":"<p>Podw\u00f3jny system zabezpieczaj\u0105cy przed upadkiem z wysoko\u015bci<b> <\/b> 11 metr\u00f3w jest niezb\u0119dnym narz\u0119dziem dla ka\u017cdego, kto pracuje z odkurzaczami do szk\u0142a i sprz\u0119tem do podnoszenia szk\u0142a. Ten dodatkowy system bezpiecze\u0144stwa zmniejsza ryzyko podczas podnoszenia i manewrowania szk\u0142em, dzia\u0142aj\u0105c jako dodatkowe zabezpieczenie w przypadku utraty podci\u015bnienia. Nie jest to urz\u0105dzenie podnosz\u0105ce, ale dodatkowe rozwi\u0105zanie bezpiecze\u0144stwa, kt\u00f3re pomaga zapobiega\u0107 wypadkom i zwi\u0119ksza bezpiecze\u0144stwo pracy. 1*<em>)cena tylko za urz\u0105dzenie zabezpieczaj\u0105ce przed upadkiem<\/em><\/p>\n","protected":false},"featured_media":132511,"template":"","meta":{"_acf_changed":false,"_seopress_robots_primary_cat":"none","_seopress_titles_title":"","_seopress_titles_desc":"","_seopress_robots_index":""},"product_brand":[],"product_cat":[2248],"product_tag":[2016,2012,2313,2017,1967,1993,2013,2014,2314,1992,2015,2100,2216,1994],"class_list":{"0":"post-140644","1":"product","2":"type-product","3":"status-publish","4":"has-post-thumbnail","6":"product_cat-podnosniki-prozniowe","7":"product_tag-chwytak-podcisnieniowy","8":"product_tag-gevelridder-m","9":"product_tag-ggs","10":"product_tag-miroiterie","11":"product_tag-montaz-szkla","12":"product_tag-podnosnik-do-szkla","13":"product_tag-podnosnik-do-szyb","14":"product_tag-podnoszenie-szkla","15":"product_tag-szklana-ochrona-przed-upadkiem","16":"product_tag-szklarz","17":"product_tag-szklarz-2","18":"product_tag-szklo-podnoszone-nowe","19":"product_tag-tlok-prozniowy","20":"product_tag-wynajem-podnosnika-do-szkla","21":"product_shipping_class-25-euro","23":"first","24":"instock","25":"taxable","26":"shipping-taxable","27":"purchasable","28":"product-type-simple"},"acf":[],"_links":{"self":[{"href":"https:\/\/gevelridder.nl\/pl\/wp-json\/wp\/v2\/product\/140644","targetHints":{"allow":["GET"]}}],"collection":[{"href":"https:\/\/gevelridder.nl\/pl\/wp-json\/wp\/v2\/product"}],"about":[{"href":"https:\/\/gevelridder.nl\/pl\/wp-json\/wp\/v2\/types\/product"}],"wp:featuredmedia":[{"embeddable":true,"href":"https:\/\/gevelridder.nl\/pl\/wp-json\/wp\/v2\/media\/132511"}],"wp:attachment":[{"href":"https:\/\/gevelridder.nl\/pl\/wp-json\/wp\/v2\/media?parent=140644"}],"wp:term":[{"taxonomy":"product_brand","embeddable":true,"href":"https:\/\/gevelridder.nl\/pl\/wp-json\/wp\/v2\/product_brand?post=140644"},{"taxonomy":"product_cat","embeddable":true,"href":"https:\/\/gevelridder.nl\/pl\/wp-json\/wp\/v2\/product_cat?post=140644"},{"taxonomy":"product_tag","embeddable":true,"href":"https:\/\/gevelridder.nl\/pl\/wp-json\/wp\/v2\/product_tag?post=140644"}],"curies":[{"name":"wp","href":"https:\/\/api.w.org\/{rel}","templated":true}]}}