
{"id":140631,"date":"2026-03-24T08:17:10","date_gmt":"2026-03-24T08:17:10","guid":{"rendered":"https:\/\/gevelridder.nl\/product\/fellow-ridder-mg-hybrid\/"},"modified":"2026-03-24T08:17:10","modified_gmt":"2026-03-24T08:17:10","slug":"fellow-ridder-mg-hybrid","status":"publish","type":"product","link":"https:\/\/gevelridder.nl\/pl\/produkt\/fellow-ridder-mg-hybrid\/","title":{"rendered":"FELLOW RIDDER MG Hybrid"},"content":{"rendered":"<div id=\"attachment_109352\" style=\"width: 310px\" class=\"wp-caption alignright\"><img decoding=\"async\" aria-describedby=\"caption-attachment-109352\" class=\"wp-image-109352 size-medium\" src=\"https:\/\/gevelridder.nl\/wp-content\/uploads\/2023\/03\/Gevelridder-Hybride-mogelijkheden-300x300.png\" alt=\"Fasada Knight M Hybrid\" width=\"300\" height=\"300\"><p id=\"caption-attachment-109352\" class=\"wp-caption-text\"><span style=\"vertical-align: inherit;\"><span style=\"vertical-align: inherit;\"><span style=\"vertical-align: inherit;\"><span style=\"vertical-align: inherit;\"><span style=\"vertical-align: inherit;\"><span style=\"vertical-align: inherit;\"><span style=\"vertical-align: inherit;\"><span style=\"vertical-align: inherit;\">Fasada Knight MG Hybrid<\/span><\/span><\/span><\/span><\/span><\/span><\/span><\/span><\/p><\/div>\n<h2>Gable Knight MG Hybrid<\/h2>\n<p>Gable Knight MG Hybrid, nasz nowoczesny rycerz konstrukcji, jest wyposa\u017cony w innowacyjn\u0105, lekk\u0105 wci\u0105gark\u0119. Obs\u0142ugiwana za pomoc\u0105 zwyk\u0142ej korby lub bezprzewodowej wiertarki, wci\u0105garka ta oferuje rewolucyjne do\u015bwiadczenie w podnoszeniu \u0142adunk\u00f3w. Wci\u0105garka, strategicznie umieszczona na zewn\u0105trz, tworzy du\u017c\u0105 przestrze\u0144 robocz\u0105 pod Facade Knight. Gevelridder jest idealny do monta\u017cu ci\u0119\u017ckich okien i ram okiennych, ale mo\u017cna go r\u00f3wnie\u017c idealnie wykorzysta\u0107 do instalacji lub wymiany \u017caluzji, klimatyzator\u00f3w i falownik\u00f3w paneli s\u0142onecznych.   <\/p>\n<p>Ta imponuj\u0105ca zbroja zawiera:<\/p>\n<h2>Co otrzymujesz?<\/h2>\n<ol>\n<li>Gevelridder M<\/li>\n<li>Przed\u0142u\u017cenie dla dodatkowej wysoko\u015bci<\/li>\n<li>Gable knight M head v<\/li>\n<li>G\u0142owica wysi\u0119gnika do umieszczania nad rusztowaniami.<\/li>\n<li>Element dystansowy dla optymalnego pozycjonowania<\/li>\n<li>Specjalna dysza do wyci\u0105garki, do wsp\u00f3\u0142pracy z wiertark\u0105 akumulatorow\u0105.<\/li>\n<li>I oczywi\u015bcie znana korba do wyci\u0105garki<\/li>\n<\/ol>\n<p>Gable Knight MG Hybrid to stra\u017cnik w \u015bwiecie konstrukcji i monta\u017cu, pozwalaj\u0105cy z \u0142atwo\u015bci\u0105 podnosi\u0107 ci\u0119\u017ckie \u0142adunki. Zar\u00f3wno wewn\u0105trz, jak i na zewn\u0105trz mur\u00f3w zamku. Korzystaj\u0105c ze wspornika dystansowego, mo\u017cesz szarmancko podnie\u015b\u0107 go na parapet lub ustawi\u0107 w bezpiecznej odleg\u0142o\u015bci od swojej fortecy.  <\/p>\n<p>Dzi\u0119ki dodaniu nowej g\u0142owicy wysi\u0119gnika uzyskano du\u017co miejsca na umieszczenie rusztowania mi\u0119dzy Fa\u00e7ade Knight a fasad\u0105.<\/p>\n<p>Ochrona jest sercem Gable Knight MG Hybrid. Przeciwwaga, kluczowa dla dzia\u0142ania urz\u0105dzenia, jest teraz chroniona gumow\u0105 os\u0142on\u0105, zapobiegaj\u0105c\u0105 uszkodzeniu podnoszonego obiektu. <\/p>\n<p>Gdy pole bitwy wzywa, mo\u017cesz polega\u0107 na Gable Knight MG Hybrid. Jego kompaktowy, chowany rozmiar u\u0142atwia transport w rydwanie lub powozie. A dzi\u0119ki rekomendacji z katalogu BHP mo\u017cesz mie\u0107 pewno\u015b\u0107, \u017ce to rycerskie narz\u0119dzie zawsze zapewni Ci bezpiecze\u0144stwo i wydajno\u015b\u0107.  <\/p>\n<p>W \u015bwiecie pe\u0142nym niebezpiecze\u0144stw i niepewno\u015bci, Gable Knight MG Hybrid oferuje rycersk\u0105 ochron\u0119 przed ryzykiem zwi\u0105zanym z r\u0119cznym podnoszeniem.<\/p>\n<p>Wkrocz na pole bitwy swoich projekt\u00f3w budowlanych z moc\u0105 i elegancj\u0105 Gable Knight MG Hybrid u boku. Poniewa\u017c w dzisiejszych czasach wszyscy zas\u0142ugujemy na rycerza w l\u015bni\u0105cej zbroi. <\/p>\n<p>Ceny nie obejmuj\u0105 koszt\u00f3w wysy\u0142ki dla naszych szlachetnych klient\u00f3w spoza granic Holandii i Belgii.<\/p>\n","protected":false},"excerpt":{"rendered":"<p><span style=\"color: #5bbc3a;\"><b>\u2714<\/b><\/span> <strong>Do podnoszenia szk\u0142a, markiz, instalacji itp.<\/strong><\/p>\n<p><strong>Do u\u017cytku do pierwszego pi\u0119tra w\u0142\u0105cznie<span style=\"color: #5bbc3a;\">.<\/span> <\/strong><\/p>\n<p><strong>Zawiera g\u0142owic\u0119 wysi\u0119gnika do umieszczenia nad rusztowaniem<span style=\"color: #5bbc3a;\">.<\/span> <\/strong><\/p>\n<p><strong>Regulowana wysoko\u015b\u0107<\/strong><strong>.<\/strong><\/p>\n<p><strong>Lekki, mo\u017ce by\u0107 przewo\u017cony w autobusie<span style=\"color: #5bbc3a;\">.<\/span> <\/strong><\/p>\n<p><strong><span style=\"color: #5bbc3a;\">\u2714<\/span>   <\/strong><strong>D\u0142ugo\u015b\u0107 transportowa 2500 mm.<\/strong><\/p>\n<p><strong><span style=\"color: #5bbc3a;\">\u2714<\/span>   <\/strong><strong>Maksymalne wyd\u0142u\u017cenie do 5850 mm.<\/strong><\/p>\n<p><span style=\"color: #5bbc3a;\"><strong>\u2714<\/strong><\/span><strong>   <\/strong><strong>WLL250\/200 kg (z\u0142o\u017cony\/roz\u0142o\u017cony).<\/strong><\/p>\n<p><span style=\"color: #5bbc3a;\"><strong>\u2714<\/strong><\/span><strong>   <\/strong><strong>Wyci\u0105garka z korb\u0105 r\u0119czn\u0105.<\/strong><\/p>\n<p><span style=\"color: #5bbc3a;\"><strong>\u2714<\/strong><\/span><strong>   <\/strong><strong>Wci\u0105gark\u0119 mo\u017cna zwin\u0105\u0107 za pomoc\u0105 akumulatorowej wiertarko-wkr\u0119tarki.<\/strong><\/p>\n<p><span style=\"color: #5bbc3a;\"><strong>\u2714<\/strong><\/span><strong><span style=\"color: #5bbc3a;\"> <\/span>  <\/strong><strong>Zawiera przed\u0142u\u017ck\u0119 i element dystansowy.<\/strong><\/p>\n<p><span style=\"color: #5bbc3a;\"><strong>\u2714<\/strong><\/span><strong><span style=\"color: #5bbc3a;\"> <\/span> Bezemisyjno\u015b\u0107.<\/strong><\/p>\n<p><strong>R\u00f3wnie\u017c na drugie pi\u0119tro?<\/strong><\/p>\n<p><strong>  Nast\u0119pnie zam\u00f3w <a href=\"https:\/\/gevelridder.nl\/pl\/produkt\/kwadrat-l-bez-glowicy\/\">Gable Knight L Hybrid<\/a>.  <\/strong><\/p>\n","protected":false},"featured_media":131900,"template":"","meta":{"_acf_changed":false,"_seopress_robots_primary_cat":"none","_seopress_titles_title":"","_seopress_titles_desc":"","_seopress_robots_index":""},"product_brand":[],"product_cat":[2257,2057],"product_tag":[2016,2012,2258,2304,2017,2312,1967,2018,2019,1993,2013,2301,2302,2014,2021,2311,1996,2020,2015,1992,2100,1997,2022,1995,1994],"class_list":{"0":"post-140631","1":"product","2":"type-product","3":"status-publish","4":"has-post-thumbnail","6":"product_cat-gable-knights-2","7":"product_cat-gable-knights","8":"product_tag-chwytak-podcisnieniowy","9":"product_tag-gevelridder-m","10":"product_tag-hybrydowy-elektryczny-gable-knight","11":"product_tag-instalacja-klimatyzacji","12":"product_tag-miroiterie","13":"product_tag-montaz-falownika","14":"product_tag-montaz-szkla","15":"product_tag-montaz-szkla-2","16":"product_tag-monter-sklepow","17":"product_tag-podnosnik-do-szkla","18":"product_tag-podnosnik-do-szyb","19":"product_tag-podnoszenie-klimatyzatora","20":"product_tag-podnoszenie-paneli-slonecznych-z-falownikiem","21":"product_tag-podnoszenie-szkla","22":"product_tag-przyssawka","23":"product_tag-rama-okienna-podnosnika-drabinowego","24":"product_tag-sir-liftalot","25":"product_tag-suncreenlift","26":"product_tag-szklarz-2","27":"product_tag-szklarz","28":"product_tag-szklo-podnoszone-nowe","29":"product_tag-uplifter","30":"product_tag-viavac","31":"product_tag-winda-drabinowa","32":"product_tag-wynajem-podnosnika-do-szkla","33":"product_shipping_class-gevelridder-m","35":"first","36":"instock","37":"taxable","38":"shipping-taxable","39":"purchasable","40":"product-type-simple"},"acf":[],"_links":{"self":[{"href":"https:\/\/gevelridder.nl\/pl\/wp-json\/wp\/v2\/product\/140631","targetHints":{"allow":["GET"]}}],"collection":[{"href":"https:\/\/gevelridder.nl\/pl\/wp-json\/wp\/v2\/product"}],"about":[{"href":"https:\/\/gevelridder.nl\/pl\/wp-json\/wp\/v2\/types\/product"}],"wp:featuredmedia":[{"embeddable":true,"href":"https:\/\/gevelridder.nl\/pl\/wp-json\/wp\/v2\/media\/131900"}],"wp:attachment":[{"href":"https:\/\/gevelridder.nl\/pl\/wp-json\/wp\/v2\/media?parent=140631"}],"wp:term":[{"taxonomy":"product_brand","embeddable":true,"href":"https:\/\/gevelridder.nl\/pl\/wp-json\/wp\/v2\/product_brand?post=140631"},{"taxonomy":"product_cat","embeddable":true,"href":"https:\/\/gevelridder.nl\/pl\/wp-json\/wp\/v2\/product_cat?post=140631"},{"taxonomy":"product_tag","embeddable":true,"href":"https:\/\/gevelridder.nl\/pl\/wp-json\/wp\/v2\/product_tag?post=140631"}],"curies":[{"name":"wp","href":"https:\/\/api.w.org\/{rel}","templated":true}]}}