
{"id":140625,"date":"2026-03-24T11:44:02","date_gmt":"2026-03-24T11:44:02","guid":{"rendered":"https:\/\/gevelridder.nl\/product\/lg-z-wysiegnikiem\/"},"modified":"2026-03-24T11:44:02","modified_gmt":"2026-03-24T11:44:02","slug":"lg-z-wysiegnikiem","status":"publish","type":"product","link":"https:\/\/gevelridder.nl\/pl\/produkt\/lg-z-wysiegnikiem\/","title":{"rendered":"LG (z wysi\u0119gnikiem)"},"content":{"rendered":"<h2>Gable LG z wysi\u0119gnikiem<\/h2>\n<p>Facade Knight LG z wysi\u0119gnikiem umo\u017cliwia monta\u017c szyb, ram okiennych, klimatyzator\u00f3w itp. na rusztowaniach do wysoko\u015bci drugiego pi\u0119tra.<\/p>\n<div id=\"attachment_123930\" style=\"width: 247px\" class=\"wp-caption alignright\"><img decoding=\"async\" aria-describedby=\"caption-attachment-123930\" class=\" wp-image-123930\" src=\"https:\/\/gevelridder.nl\/wp-content\/uploads\/2025\/05\/Gevelridder-LG-smal-plaatje-427x1024.png\" alt=\"Gable rider L z wysi\u0119gnikiem LG Hybrid. Podnoszenie na drugie pi\u0119tro bez mini\u017curawia.\" width=\"237\" height=\"568\"><p id=\"caption-attachment-123930\" class=\"wp-caption-text\">Gable rider L z wysi\u0119gnikiem LG Hybrid. Podnoszenie na drugie pi\u0119tro bez mini\u017curawia.<\/p><\/div>\n<p>To por\u0119czne urz\u0105dzenie do podnoszenia u\u0142atwia podnoszenie ci\u0119\u017ckich przedmiot\u00f3w na zewn\u0105trz, takich jak szyby i ramy okienne. Wystarczy przymocowa\u0107 \u0142adunek do haka i wprawi\u0107 go w ruch, obracaj\u0105c wci\u0105gark\u0119. Wci\u0105garka mo\u017ce by\u0107 r\u00f3wnie\u017c zasilana za pomoc\u0105 wiertarki akumulatorowej. Wysoko\u015b\u0107 podnoszenia do 8,978 m1 (rolka serca).   <\/p>\n<h2>Akcesoria Gable LG z wysi\u0119gnikiem<\/h2>\n<p>Jako akcesori\u00f3w mo\u017cna u\u017cy\u0107 Head of the Gable Knight M Hybrid.<\/p>\n<h2>Ryzyko zwi\u0105zane z prac\u0105 bez podno\u015bnika<\/h2>\n<p>Podnoszenie ci\u0119\u017car\u00f3w jest bardzo obci\u0105\u017caj\u0105ce dla organizmu, zw\u0142aszcza je\u015bli jest wykonywane cz\u0119sto. Podnoszenie ci\u0119\u017ckich przedmiot\u00f3w grozi uszkodzeniem mi\u0119\u015bni plec\u00f3w, wi\u0119zade\u0142 tkanki \u0142\u0105cznej wok\u00f3\u0142 kr\u0119gos\u0142upa lub kr\u0105\u017ck\u00f3w mi\u0119dzykr\u0119gowych. Im ci\u0119\u017csze przedmioty podnosisz, tym wi\u0119ksze jest ryzyko ich uszkodzenia. Ale nawet podnoszenie lekkich przedmiot\u00f3w mo\u017ce prowadzi\u0107 do uszkodze\u0144, na przyk\u0142ad dlatego, \u017ce musi by\u0107 wykonywane w niekorzystnej pozycji (zginanie, skr\u0119canie lub z podniesionymi ramionami) lub przez podnoszenie zbyt wiele razy z rz\u0119du i niewystarczaj\u0105cy czas na regeneracj\u0119. Wi\u0119cej informacji: <a href=\"https:\/\/www.arboportaal.nl\/\" target=\"_blank\" rel=\"noopener\">ArboPortal<\/a>.    <\/p>\n<p>Szukasz konkretnego typu Gable Knight? Skontaktuj si\u0119 z nami. <\/p>\n<p>Facade Knight zapewnia wydajn\u0105 i bezpieczn\u0105 prac\u0119 w pionie. Do transportu poziomego zalecamy model <a href=\"https:\/\/gevelridder.nl\/pl\/produkt\/wozek-glaskar-250kg-2\/\">Facade Knight o ud\u017awigu 250 kg<\/a>. Jako t\u0142ok najlepiej jest zakupi\u0107 <a href=\"https:\/\/gevelridder.nl\/product\/sir-liftalot4-vacuumzuiger-glass-vacuum-lifter-vantouse-vakuumheber\/\">Sir LiftAlot4<\/a> &#8211; Facade Knight.  <\/p>\n<p>&nbsp;<\/p>\n","protected":false},"excerpt":{"rendered":"<p><span style=\"color: #5bbc3a;\"><b>\u2714 <\/b><\/span><strong>Do podnoszenia szk\u0142a, markiz, instalacji itp.<\/strong><\/p>\n<p><span style=\"color: #5bbc3a;\"><b>\u2714<\/b><\/span>   <strong>Z wysi\u0119gnikiem do pracy nad rusztowaniem.<\/strong><\/p>\n<p><strong><span style=\"color: #5bbc3a;\">\u2714 Do <\/span> u\u017cytku do drugiego pi\u0119tra<\/strong><strong>.<\/strong><\/p>\n<p><strong><span style=\"color: #5bbc3a;\">\u2714<\/span><\/strong> <strong>Szybkie wdro\u017cenie z r\u00f3\u017cnymi opcjami.<\/strong><\/p>\n<p><strong>\u2714 Regulowana wysoko\u015b\u0107<\/strong><strong>.<\/strong><\/p>\n<p><strong><span style=\"color: #5bbc3a;\">\u2714<\/span>   <\/strong><strong>D\u0142ugo\u015b\u0107 transportowa 540 cm.<\/strong><\/p>\n<p><strong><span style=\"color: #5bbc3a;\">\u2714<\/span>   <\/strong><strong>Maksymalne wyd\u0142u\u017cenie do 890 cm.<\/strong><\/p>\n<p><span style=\"color: #5bbc3a;\"><strong>\u2714<\/strong><\/span><strong>   <\/strong><strong>WLL250.<\/strong><\/p>\n<p><span style=\"color: #5bbc3a;\"><strong>\u2714<\/strong><\/span><strong>   <\/strong><strong>Wyci\u0105garka z korb\u0105 r\u0119czn\u0105.<\/strong><\/p>\n<p><span style=\"color: #5bbc3a;\"><strong>\u2714<\/strong><\/span><strong><span style=\"color: #5bbc3a;\"> <\/span>  <\/strong><strong>Wci\u0105gark\u0119 mo\u017cna zwin\u0105\u0107 za pomoc\u0105 akumulatorowej wiertarko-wkr\u0119tarki.<\/strong><\/p>\n<p><span style=\"color: #5bbc3a;\"><strong>\u2714<\/strong><\/span><strong><span style=\"color: #5bbc3a;\"> <\/span> Bezemisyjno\u015b\u0107.<\/strong><\/p>\n<p><span style=\"color: #ff6600;\">\u2660 <\/span> <strong> Uwaga: z wy\u0142\u0105czeniem ma\u0142ej g\u0142\u00f3wki.<\/strong><\/p>\n<p>(Zawiera g\u0142owic\u0119 wysi\u0119gnika, je\u015bli masz ju\u017c Gevelridder M Hybrid, ta g\u0142owica b\u0119dzie r\u00f3wnie\u017c pasowa\u0107 do Gevelridder LG)<\/p>\n","protected":false},"featured_media":132482,"template":"","meta":{"_acf_changed":false,"_seopress_robots_primary_cat":"none","_seopress_titles_title":"","_seopress_titles_desc":"","_seopress_robots_index":""},"product_brand":[],"product_cat":[2057,2257],"product_tag":[1999,2002,2006,2307,2310,2001,2308,2055,2309,2003,2004,2008,1993,2265,2301,2005,2000,1998,1996,1992,2015,1997,2007,1995,1994],"class_list":{"0":"post-140625","1":"product","2":"type-product","3":"status-publish","4":"has-post-thumbnail","6":"product_cat-gable-knights","7":"product_cat-gable-knights-2","8":"product_tag-aluminiowy-podnosnik","9":"product_tag-chwytak-do-szkla","10":"product_tag-drugie-pietro","11":"product_tag-falownik-podnosnikowy-panel-sloneczny","12":"product_tag-falowniki","13":"product_tag-gevelridder-l","14":"product_tag-lioft-drabinkowy","15":"product_tag-markizy-wiszace","16":"product_tag-montaz-airoc","17":"product_tag-montaz-szyb","18":"product_tag-podnosnik-do-oslon-przeciwslonecznych","19":"product_tag-podnosnik-do-ram-okiennych","20":"product_tag-podnosnik-do-szkla","21":"product_tag-podnosnik-drabinowy","22":"product_tag-podnoszenie-klimatyzatora","23":"product_tag-pomoc-przy-podnoszeniu","24":"product_tag-przyjazny-dla-bhp","25":"product_tag-rama-okienna","26":"product_tag-sir-liftalot","27":"product_tag-szklarz","28":"product_tag-szklarz-2","29":"product_tag-uplifter","30":"product_tag-volandis","31":"product_tag-winda-drabinowa","32":"product_tag-wynajem-podnosnika-do-szkla","33":"product_shipping_class-gevelridder-l","35":"first","36":"instock","37":"taxable","38":"shipping-taxable","39":"purchasable","40":"product-type-simple"},"acf":[],"_links":{"self":[{"href":"https:\/\/gevelridder.nl\/pl\/wp-json\/wp\/v2\/product\/140625","targetHints":{"allow":["GET"]}}],"collection":[{"href":"https:\/\/gevelridder.nl\/pl\/wp-json\/wp\/v2\/product"}],"about":[{"href":"https:\/\/gevelridder.nl\/pl\/wp-json\/wp\/v2\/types\/product"}],"wp:featuredmedia":[{"embeddable":true,"href":"https:\/\/gevelridder.nl\/pl\/wp-json\/wp\/v2\/media\/132482"}],"wp:attachment":[{"href":"https:\/\/gevelridder.nl\/pl\/wp-json\/wp\/v2\/media?parent=140625"}],"wp:term":[{"taxonomy":"product_brand","embeddable":true,"href":"https:\/\/gevelridder.nl\/pl\/wp-json\/wp\/v2\/product_brand?post=140625"},{"taxonomy":"product_cat","embeddable":true,"href":"https:\/\/gevelridder.nl\/pl\/wp-json\/wp\/v2\/product_cat?post=140625"},{"taxonomy":"product_tag","embeddable":true,"href":"https:\/\/gevelridder.nl\/pl\/wp-json\/wp\/v2\/product_tag?post=140625"}],"curies":[{"name":"wp","href":"https:\/\/api.w.org\/{rel}","templated":true}]}}