
{"id":140619,"date":"2026-03-24T11:39:17","date_gmt":"2026-03-24T11:39:17","guid":{"rendered":"https:\/\/gevelridder.nl\/product\/gable-knight-special-wersja-z-szybem-windy\/"},"modified":"2026-03-24T11:39:17","modified_gmt":"2026-03-24T11:39:17","slug":"gable-knight-special-wersja-z-szybem-windy","status":"publish","type":"product","link":"https:\/\/gevelridder.nl\/pl\/produkt\/gable-knight-special-wersja-z-szybem-windy\/","title":{"rendered":"Gable knight special: Wersja z szybem windy"},"content":{"rendered":"<div id=\"attachment_111324\" style=\"width: 801px\" class=\"wp-caption alignright\"><img decoding=\"async\" aria-describedby=\"caption-attachment-111324\" class=\"wp-image-111324 size-full\" src=\"https:\/\/gevelridder.nl\/wp-content\/uploads\/2024\/01\/Screenshot-02-01-2024-09.15.29.png\" alt=\"Gable knight special: wersja z podnoszonym szybem\" width=\"791\" height=\"742\"><p id=\"caption-attachment-111324\" class=\"wp-caption-text\">Gable knight special: wersja z podnoszonym szybem<\/p><\/div>\n<h2><span style=\"vertical-align: inherit;\"><span style=\"vertical-align: inherit;\">Gable knight special: Wersja z szybem windy  <\/span><\/span><\/h2>\n<p><span style=\"vertical-align: inherit;\">Gevelridder special: Wersja do szyb\u00f3w wind <\/span>owych jest wyposa\u017cona w specjalne haki bezpiecze\u0144stwa, kt\u00f3re mo\u017cna obraca\u0107 nad kraw\u0119dzi\u0105 szybu. W po\u0142\u0105czeniu z now\u0105 lekk\u0105 wci\u0105gark\u0105, kt\u00f3r\u0105 mo\u017cna obs\u0142ugiwa\u0107 za pomoc\u0105 korby, ale tak\u017ce za pomoc\u0105 akumulatorowych wiertarek, jest to idealne urz\u0105dzenie wyci\u0105gowe do stosowania w szybie windowym. Wci\u0105garka jest zamontowana na zewn\u0105trz urz\u0105dzenia Gevelridder, co zapewnia wi\u0119ksz\u0105 przestrze\u0144 robocz\u0105 pod urz\u0105dzeniem Gevelridder. Urz\u0105dzenie Gevelridder jest wykonywane na zam\u00f3wienie, czas dostawy wynosi oko\u0142o 2 tygodni.   <\/p>\n<p>Jest to idealny produkt do podnoszenia ci\u0119\u017ckich przedmiot\u00f3w, zar\u00f3wno w pomieszczeniach, jak i na zewn\u0105trz. Korzystaj\u0105c z do\u0142\u0105czonej podk\u0142adki dystansowej, mo\u017cna \u0142atwo podnie\u015b\u0107 go na przyk\u0142ad nad parapetem lub umie\u015bci\u0107 Gevelridder w pewnej odleg\u0142o\u015bci od \u015bciany, aby mo\u017cna by\u0142o <a href=\"https:\/\/gevelridder.nl\/pl\/produkt\/wozek-glaskar-250kg-2\/\">wjecha\u0107 mi\u0119dzy nie w\u00f3zkiem<\/a> do szk\u0142a. G\u0142owica wysi\u0119gnika (opcjonalna) <span style=\"vertical-align: inherit;\">mo\u017ce by\u0107 r\u00f3wnie\u017c <\/span>zamontowana na tej <span style=\"vertical-align: inherit;\">specjalnej wersji Gevelridder: Lift Shaft <\/span>, tworz\u0105c przestrze\u0144 do umieszczenia rusztowania rolkowego mi\u0119dzy Gevelridder a Gevel.  <\/p>\n<p>Kolejn\u0105 now\u0105 cech\u0105 jest to, \u017ce przeciwwaga nad hakiem jest zabezpieczona gumowym r\u0119kawem, aby chroni\u0107 podnoszony przedmiot.<\/p>\n<p>Kompaktowy rozmiar po z\u0142o\u017ceniu u\u0142atwia przewo\u017cenie w samochodzie lub ma\u0142ej furgonetce. . D\u0142ugo\u015b\u0107 transportowa 2400 mm, szeroko\u015b\u0107 stopy 850 mm. Mo\u017cliwo\u015b\u0107 przed\u0142u\u017cenia do 4 metr\u00f3w w 2 cz\u0119\u015bciach (WLL 200 kg). Przy u\u017cyciu trzeciej cz\u0119\u015bci mo\u017cliwo\u015b\u0107 przed\u0142u\u017cenia do 5850 mm (WLL 200 kg).  <\/p>\n<p><strong>Uwaga: Podczas pracy z urz\u0105dzeniem Gevelridder nigdy nie wolno wchodzi\u0107 pod \u0142adunek. Opr\u00f3cz zamocowania hak\u00f3w, urz\u0105dzenie Gevelridder powinno by\u0107 przymocowane do pod\u0142ogi w szybie windy za pomoc\u0105 pasa bezpiecze\u0144stwa.   <\/strong><\/p>\n<h2>Praca ze <span style=\"vertical-align: inherit;\">specjaln\u0105 wersj\u0105 Gable Knight: Wersja z szybem windy. <\/span> <\/h2>\n<p>Podnoszenie ci\u0119\u017car\u00f3w jest bardzo obci\u0105\u017caj\u0105ce dla organizmu, zw\u0142aszcza je\u015bli jest wykonywane cz\u0119sto. Podczas podnoszenia ci\u0119\u017ckich przedmiot\u00f3w istnieje ryzyko uszkodzenia mi\u0119\u015bni plec\u00f3w, wi\u0119zade\u0142 tkanki \u0142\u0105cznej wok\u00f3\u0142 kr\u0119gos\u0142upa lub kr\u0105\u017ck\u00f3w mi\u0119dzykr\u0119gowych. Im ci\u0119\u017csze przedmioty s\u0105 podnoszone, tym wi\u0119ksze ryzyko ich uszkodzenia. Ale podnoszenie lekkich przedmiot\u00f3w mo\u017ce r\u00f3wnie\u017c prowadzi\u0107 do uszkodze\u0144, na przyk\u0142ad poprzez wykonywanie tej czynno\u015bci w niekorzystnej pozycji (zgi\u0119tej, skr\u0119conej lub z uniesionymi ramionami) lub poprzez podnoszenie zbyt wiele razy z rz\u0119du i niewystarczaj\u0105cy czas na regeneracj\u0119. <a href=\"https:\/\/www.arboportaal.nl\/onderwerpen\/tillen-en-dragen\/wat-zijn-de-risico%E2%80%99s-van-tillen-en-dragen\" target=\"_blank\" rel=\"noopener\">Wi\u0119cej informacji. <\/a>     <\/p>\n<p>Giver Knight zapewnia wydajn\u0105 i bezpieczn\u0105 prac\u0119 w pionie.<\/p>\n","protected":false},"excerpt":{"rendered":"<h2><span style=\"vertical-align: inherit;\">Gable knight special: Wersja z szybem windy  <\/span><\/h2>\n<p><span style=\"vertical-align: inherit;\">Gevelridder special: Wersja do szyb\u00f3w wind <\/span>owych jest wyposa\u017cona w specjalne haki bezpiecze\u0144stwa, kt\u00f3re mo\u017cna obraca\u0107 nad kraw\u0119dzi\u0105 szybu. W po\u0142\u0105czeniu z now\u0105 lekk\u0105 wci\u0105gark\u0105, kt\u00f3r\u0105 mo\u017cna obs\u0142ugiwa\u0107 za pomoc\u0105 korby, ale tak\u017ce za pomoc\u0105 akumulatorowych wiertarek, jest to idealne urz\u0105dzenie wyci\u0105gowe do stosowania w szybie windowym. Wci\u0105garka jest zamontowana na zewn\u0105trz urz\u0105dzenia Gevelridder, co zapewnia wi\u0119ksz\u0105 przestrze\u0144 robocz\u0105 pod urz\u0105dzeniem Gevelridder. Urz\u0105dzenie Gevelridder jest wykonywane na zam\u00f3wienie, <strong>czas dostawy wynosi oko\u0142o 2 tygodni.<\/strong>   <\/p>\n<p>Kompaktowy rozmiar po z\u0142o\u017ceniu u\u0142atwia przewo\u017cenie w samochodzie lub ma\u0142ej furgonetce. . D\u0142ugo\u015b\u0107 transportowa 2400 mm, szeroko\u015b\u0107 stopy 850 mm. Mo\u017cliwo\u015b\u0107 przed\u0142u\u017cenia do 4 metr\u00f3w w 2 cz\u0119\u015bciach (WLL 200 kg). Przy u\u017cyciu trzeciej cz\u0119\u015bci mo\u017cliwo\u015b\u0107 przed\u0142u\u017cenia do 5850 mm (WLL 200 kg).  <\/p>\n<p><strong>Uwaga: Podczas pracy z urz\u0105dzeniem Gevelridder nigdy nie wolno wchodzi\u0107 pod \u0142adunek. Opr\u00f3cz zamocowania hak\u00f3w, urz\u0105dzenie Gevelridder powinno by\u0107 przymocowane do pod\u0142ogi w szybie windy za pomoc\u0105 pasa bezpiecze\u0144stwa.   <\/strong><\/p>\n","protected":false},"featured_media":132183,"template":"","meta":{"_acf_changed":false,"_seopress_robots_primary_cat":"none","_seopress_titles_title":"","_seopress_titles_desc":"","_seopress_robots_index":""},"product_brand":[],"product_cat":[2057,2257,2300],"product_tag":[2016,2303,2012,2258,2304,2017,2305,1967,2018,2019,1993,2013,2301,2302,2014,2021,1998,1996,2020,1992,2015,1997,2022,1995,1994],"class_list":{"0":"post-140619","1":"product","2":"type-product","3":"status-publish","4":"has-post-thumbnail","6":"product_cat-gable-knights","7":"product_cat-gable-knights-2","8":"product_cat-promocje","9":"product_tag-chwytak-podcisnieniowy","10":"product_tag-falownik-monetren","11":"product_tag-gevelridder-m","12":"product_tag-hybrydowy-elektryczny-gable-knight","13":"product_tag-instalacja-klimatyzacji","14":"product_tag-miroiterie","15":"product_tag-montaz-markizy-2","16":"product_tag-montaz-szkla","17":"product_tag-montaz-szkla-2","18":"product_tag-monter-sklepow","19":"product_tag-podnosnik-do-szkla","20":"product_tag-podnosnik-do-szyb","21":"product_tag-podnoszenie-klimatyzatora","22":"product_tag-podnoszenie-paneli-slonecznych-z-falownikiem","23":"product_tag-podnoszenie-szkla","24":"product_tag-przyssawka","25":"product_tag-rama-okienna","26":"product_tag-sir-liftalot","27":"product_tag-suncreenlift","28":"product_tag-szklarz","29":"product_tag-szklarz-2","30":"product_tag-uplifter","31":"product_tag-viavac","32":"product_tag-winda-drabinowa","33":"product_tag-wynajem-podnosnika-do-szkla","34":"product_shipping_class-gevelridder-m","36":"first","37":"onbackorder","38":"taxable","39":"shipping-taxable","40":"purchasable","41":"product-type-simple"},"acf":[],"_links":{"self":[{"href":"https:\/\/gevelridder.nl\/pl\/wp-json\/wp\/v2\/product\/140619","targetHints":{"allow":["GET"]}}],"collection":[{"href":"https:\/\/gevelridder.nl\/pl\/wp-json\/wp\/v2\/product"}],"about":[{"href":"https:\/\/gevelridder.nl\/pl\/wp-json\/wp\/v2\/types\/product"}],"wp:featuredmedia":[{"embeddable":true,"href":"https:\/\/gevelridder.nl\/pl\/wp-json\/wp\/v2\/media\/132183"}],"wp:attachment":[{"href":"https:\/\/gevelridder.nl\/pl\/wp-json\/wp\/v2\/media?parent=140619"}],"wp:term":[{"taxonomy":"product_brand","embeddable":true,"href":"https:\/\/gevelridder.nl\/pl\/wp-json\/wp\/v2\/product_brand?post=140619"},{"taxonomy":"product_cat","embeddable":true,"href":"https:\/\/gevelridder.nl\/pl\/wp-json\/wp\/v2\/product_cat?post=140619"},{"taxonomy":"product_tag","embeddable":true,"href":"https:\/\/gevelridder.nl\/pl\/wp-json\/wp\/v2\/product_tag?post=140619"}],"curies":[{"name":"wp","href":"https:\/\/api.w.org\/{rel}","templated":true}]}}