
{"id":140611,"date":"2026-03-24T08:17:10","date_gmt":"2026-03-24T08:17:10","guid":{"rendered":"https:\/\/gevelridder.nl\/product\/wysiegnik-hybrydowy-gevelridder\/"},"modified":"2026-03-24T08:17:10","modified_gmt":"2026-03-24T08:17:10","slug":"wysiegnik-hybrydowy-gevelridder","status":"publish","type":"product","link":"https:\/\/gevelridder.nl\/pl\/produkt\/wysiegnik-hybrydowy-gevelridder\/","title":{"rendered":"Wysi\u0119gnik hybrydowy GEVELRIDDER"},"content":{"rendered":"<div id=\"attachment_109350\" style=\"width: 310px\" class=\"wp-caption alignright\"><img decoding=\"async\" aria-describedby=\"caption-attachment-109350\" class=\"wp-image-109350 size-medium\" src=\"https:\/\/gevelridder.nl\/wp-content\/uploads\/2023\/03\/Gevelridder-Hybride-optie-giek-300x300.png\" alt=\"Gable Knight M Hybrid\" width=\"300\" height=\"300\"><p id=\"caption-attachment-109350\" class=\"wp-caption-text\"><span style=\"vertical-align: inherit;\"><span style=\"vertical-align: inherit;\">Gable Knight M Hybrid<\/span><\/span><\/p><\/div>\n<h2>Gable Knight Hybrid Boom<\/h2>\n<h2>Wysi\u0119gnik hybrydowy Gevelridder to zesp\u00f3\u0142 wysi\u0119gnika, kt\u00f3ry mo\u017cna zamontowa\u0107 na hybrydowych urz\u0105dzeniach Gevelridder M i L.<\/h2>\n<p>Jest to idealny produkt do podnoszenia nad rusztowaniami.<\/p>\n<p>Wysi\u0119gnik jest lekki i \u0142atwy do przewo\u017cenia w autobusie.<\/p>\n<p>Facade Knight jest zalecany w katalogu BHP dla szklenia. U\u017cycie tego produktu pozostawia wolne r\u0119ce podczas monta\u017cu i eliminuje niebezpiecze\u0144stwo zwi\u0105zane ze schodami i drabinami. D\u0142ugo\u015b\u0107 transportowa 2400 mm, szeroko\u015b\u0107 stopy 850 mm. Mo\u017cliwo\u015b\u0107 roz\u0142o\u017cenia do 4 metr\u00f3w w 2 cz\u0119\u015bciach (WLL 200 kg). Przy u\u017cyciu trzeciej cz\u0119\u015bci mo\u017cliwo\u015b\u0107 roz\u0142o\u017cenia do 5850 mm (WLL 200 kg).    <\/p>\n<h2>Praca bez Fa\u00e7ade Knight M Hybrid?<\/h2>\n<p><span style=\"vertical-align: inherit;\"><span style=\"vertical-align: inherit;\">D\u017awiganie jest bardzo obci\u0105\u017caj\u0105ce dla organizmu, zw\u0142aszcza je\u015bli jest wykonywane cz\u0119sto. Podnoszenie ci\u0119\u017ckich przedmiot\u00f3w grozi uszkodzeniem mi\u0119\u015bni plec\u00f3w, tkanki \u0142\u0105cznej wok\u00f3\u0142 kr\u0119gos\u0142upa lub kr\u0105\u017ck\u00f3w mi\u0119dzykr\u0119gowych. Im ci\u0119\u017csze przedmioty podnosisz, tym wi\u0119ksze jest ryzyko ich uszkodzenia. Ale nawet podnoszenie lekkich przedmiot\u00f3w mo\u017ce prowadzi\u0107 do uszkodze\u0144, na przyk\u0142ad dlatego, \u017ce musi by\u0107 wykonywane w niekorzystnej pozycji (w kucki, obr\u00f3cone lub z podniesionymi r\u0119kami) lub przez podnoszenie zbyt wiele razy z rz\u0119du ze zbyt kr\u00f3tkim czasem na regeneracj\u0119. <a href=\"https:\/\/www.arboportaal.nl\/onderwerpen\/tillen-en-dragen\/wat-zijn-de-risico%E2%80%99s-van-tillen-en-dragen\">Wi\u0119cej informacji<\/a>.    <\/span><\/span><\/p>\n<p>De Gevelridder zapewnia wydajn\u0105 i bezpieczn\u0105 prac\u0119 w pionie. Do transportu poziomego polecamy nasz\u0105 <a href=\"https:\/\/gevelridder.nl\/pl\/produkt\/aluminiowy-zacisk-napinajacy-do-glaskar\/\">ci\u0119\u017car\u00f3wk\u0119 do przewozu szk\u0142a<\/a>. <\/p>\n","protected":false},"excerpt":{"rendered":"<p>Teraz mo\u017cna \u0142atwo wymieni\u0107 lu\u017an\u0105 g\u0142owic\u0119 Gevelridder M Hybrid na g\u0142owic\u0119 wysi\u0119gnika, dzi\u0119ki czemu mo\u017cna \u0142atwo umie\u015bci\u0107 rusztowanie mi\u0119dzy Gevelridder i Gevel. Opr\u00f3cz tego, \u017ce z tym urz\u0105dzeniem Gevelridder pracuje si\u0119 bezpiecznie i zdrowo, hybryda jest produktem zgodnym z przepisami dotycz\u0105cymi azotu, bez dodatkowych ruch\u00f3w drogowych, poniewa\u017c zabiera si\u0119 j\u0105 ze sob\u0105 w autobusie i bez emisji spalin z silnik\u00f3w, co jest dodatkowym atutem w dzisiejszych czasach. <\/p>\n","protected":false},"featured_media":131876,"template":"","meta":{"_acf_changed":false,"_seopress_robots_primary_cat":"none","_seopress_titles_title":"","_seopress_titles_desc":"","_seopress_robots_index":""},"product_brand":[],"product_cat":[1956,2057],"product_tag":[2016,2012,2258,2017,2018,1967,2019,1993,2013,2014,2021,1998,1996,2020,2015,1992,1997,2022,1995,1994,2259],"class_list":{"0":"post-140611","1":"product","2":"type-product","3":"status-publish","4":"has-post-thumbnail","6":"product_cat-czesci-zamienne-2","7":"product_cat-gable-knights","8":"product_tag-chwytak-podcisnieniowy","9":"product_tag-gevelridder-m","10":"product_tag-hybrydowy-elektryczny-gable-knight","11":"product_tag-miroiterie","12":"product_tag-montaz-szkla-2","13":"product_tag-montaz-szkla","14":"product_tag-monter-sklepow","15":"product_tag-podnosnik-do-szkla","16":"product_tag-podnosnik-do-szyb","17":"product_tag-podnoszenie-szkla","18":"product_tag-przyssawka","19":"product_tag-rama-okienna","20":"product_tag-sir-liftalot","21":"product_tag-suncreenlift","22":"product_tag-szklarz-2","23":"product_tag-szklarz","24":"product_tag-uplifter","25":"product_tag-viavac","26":"product_tag-winda-drabinowa","27":"product_tag-wynajem-podnosnika-do-szkla","28":"product_tag-wysiegnik","29":"product_shipping_class-75-euro","31":"first","32":"instock","33":"taxable","34":"shipping-taxable","35":"purchasable","36":"product-type-simple"},"acf":[],"_links":{"self":[{"href":"https:\/\/gevelridder.nl\/pl\/wp-json\/wp\/v2\/product\/140611","targetHints":{"allow":["GET"]}}],"collection":[{"href":"https:\/\/gevelridder.nl\/pl\/wp-json\/wp\/v2\/product"}],"about":[{"href":"https:\/\/gevelridder.nl\/pl\/wp-json\/wp\/v2\/types\/product"}],"wp:featuredmedia":[{"embeddable":true,"href":"https:\/\/gevelridder.nl\/pl\/wp-json\/wp\/v2\/media\/131876"}],"wp:attachment":[{"href":"https:\/\/gevelridder.nl\/pl\/wp-json\/wp\/v2\/media?parent=140611"}],"wp:term":[{"taxonomy":"product_brand","embeddable":true,"href":"https:\/\/gevelridder.nl\/pl\/wp-json\/wp\/v2\/product_brand?post=140611"},{"taxonomy":"product_cat","embeddable":true,"href":"https:\/\/gevelridder.nl\/pl\/wp-json\/wp\/v2\/product_cat?post=140611"},{"taxonomy":"product_tag","embeddable":true,"href":"https:\/\/gevelridder.nl\/pl\/wp-json\/wp\/v2\/product_tag?post=140611"}],"curies":[{"name":"wp","href":"https:\/\/api.w.org\/{rel}","templated":true}]}}