
{"id":140602,"date":"2026-03-24T11:33:32","date_gmt":"2026-03-24T11:33:32","guid":{"rendered":"https:\/\/gevelridder.nl\/product\/gable-knight-s-nautic\/"},"modified":"2026-03-24T11:33:32","modified_gmt":"2026-03-24T11:33:32","slug":"gable-knight-s-nautic","status":"publish","type":"product","link":"https:\/\/gevelridder.nl\/pl\/produkt\/gable-knight-s-nautic\/","title":{"rendered":"Gable Knight S Nautic"},"content":{"rendered":"<h2>Gable Knight S Nautic<\/h2>\n<p>Gable Knight S Nautic to kompaktowe i proste urz\u0105dzenie z instalacj\u0105 pull-up, zaprojektowane specjalnie do wymiany okien i ci\u0119\u017ckich iluminator\u00f3w na morzu.<\/p>\n<p>Na Gangplank, ale tak\u017ce na pok\u0142adzie, musimy radzi\u0107 sobie z ma\u0142\u0105 przestrzeni\u0105. Dzi\u0119ki SirLiftAlot Nautic jest wi\u0119cej miejsca na przyk\u0142ad na umieszczenie naszego<a href=\"https:\/\/gevelridder.nl\/pl\/produkt\/wozek-na-szklo-i-plyty-150-kg-2-0\/\"> w\u00f3zka na szk\u0142o<\/a>. Po\u0142\u0105czenie i przeciwwaga Gable Knight Nautic s\u0105 zabezpieczone gum\u0105, dzi\u0119ki czemu s\u0105 bardziej odporne na wod\u0119 morsk\u0105.  <\/p>\n<h2>Kt\u00f3rego Gable Knight S Nautic u\u017cywasz w jakiej sytuacji?<\/h2>\n<ol>\n<li>Gevelridder <a href=\"https:\/\/gevelridder.nl\/pl\/gable-knight-news\/seria-gable-knight-hybrid\/\">M Hybrid<\/a> Gevelridder M to najcz\u0119\u015bciej sprzedawany Gevelridder, o d\u0142ugo\u015bci transportowej 2,4 metra, kt\u00f3ry mo\u017ce by\u0107 u\u017cywany zar\u00f3wno wewn\u0105trz, jak i na zewn\u0105trz. Dzi\u0119ki do\u0142\u0105czonemu elementowi przed\u0142u\u017caj\u0105cemu mo\u017cna umie\u015bci\u0107 okno na pierwszym pi\u0119trze. Maksymalna d\u0142ugo\u015b\u0107 przed\u0142u\u017cenia wynosi 5,9 metra.  <\/li>\n<li>Gevelridder <a href=\"https:\/\/gevelridder.nl\/pl\/produkt\/kwadrat-l-bez-glowicy\/\">L<\/a> Gevelridder L ma d\u0142ugo\u015b\u0107 wsuwan\u0105 5,25 metra i d\u0142ugo\u015b\u0107 wysuwan\u0105 9,5 metra. Tego lekkiego urz\u0105dzenia Gevelridder mo\u017cna u\u017cywa\u0107 do uk\u0142adania szk\u0142a do wysoko\u015bci drugiego pi\u0119tra. G\u0142owica urz\u0105dzenia Gevelridder M pasuje do tego urz\u0105dzenia Gevelridder. Mo\u017cna r\u00f3wnie\u017c umie\u015bci\u0107 <a href=\"https:\/\/gevelridder.nl\/pl\/produkt\/wysiegnik-hybrydowy-gevelridder\/\">g\u0142owic\u0119 wysi\u0119gnika<\/a> na tym urz\u0105dzeniu Gevelridder, aby utworzy\u0107 urz\u0105dzenie Gevelridder XL.  <\/li>\n<li><a href=\"https:\/\/gevelridder.nl\/pl\/produkt\/gable-knight-s-nautic\/\">Gevelridder Nautic<\/a> jest idealny do u\u017cytku w ma\u0142ych przestrzeniach. Poniewa\u017c wci\u0105garka jest przymocowana na zewn\u0105trz, masz wi\u0119cej miejsca do pracy mi\u0119dzy Gevelridder a \u015bcian\u0105. D\u0142ugo\u015b\u0107 po wsuni\u0119ciu wynosi 1,66 metra, a wysoko\u015b\u0107 po wysuni\u0119ciu do 2,47 metra.  <\/li>\n<\/ol>\n<h2>W katalogu dotycz\u0105cym zdrowia i bezpiecze\u0144stwa<\/h2>\n<p>\u0141adunek (przedmiot) mocuje si\u0119 do haka i wprawia w ruch, obracaj\u0105c wci\u0105gark\u0119. Pozwala to na bezproblemowe przeniesienie przedmiotu do miejsca pracy. Dzi\u0119ki kompaktowemu formatowi po z\u0142o\u017ceniu, ten typ mo\u017ce by\u0107 \u0142atwo przewo\u017cony w samochodzie lub ma\u0142ej furgonetce. Podno\u015bnik Gevelridder S Nautic jest zalecany w<a href=\"https:\/\/arbocatalogus-vlakglas.nl\/\"> katalogu BHP do napraw szk\u0142a<\/a>.   <\/p>\n<h2>D\u0142ugiej rado\u015bci z Gable Knight<\/h2>\n<p>Kabel Gable Knight zwykle wymaga wymiany w pierwszej kolejno\u015bci. Dzieje si\u0119 tak cz\u0119sto, poniewa\u017c kabel jest roz\u0142adowany i nie jest starannie zwini\u0119ty. Mo\u017ce to powodowa\u0107 powstawanie p\u0119tli w b\u0119bnie. Ponowne napr\u0119\u017cenie kabla mo\u017ce spowodowa\u0107 jego uszkodzenie. Dlatego radzimy, aby zwija\u0107 kabel ciasno i ostro\u017cnie.    <\/p>\n<p>Szukasz konkretnego typu Gable Knight lub konkretnego zastosowania? Sprawd\u017a t\u0119 stron\u0119 lub skontaktuj si\u0119 z nami. <\/p>\n","protected":false},"excerpt":{"rendered":"<p class=\"ai-optimize-29\">Dzi\u0119ki <strong>maksymalnej wysoko\u015bci roboczej wynosz\u0105cej 2,4 metra<\/strong> i <strong>d\u0142ugo\u015bci transportowej wynosz\u0105cej zaledwie 1,6 metra<\/strong>, Nautica bez trudu manewruje przez w\u0105skie przej\u015bcia, maszynownie lub mi\u0119dzy pomostami. Pomimo swoich rozmiar\u00f3w zapewnia najwy\u017csz\u0105 wydajno\u015b\u0107, dok\u0142adnie tak\u0105, jakiej mo\u017cna oczekiwa\u0107 od Facade Knight. <\/p>\n<p class=\"ai-optimize-34\"><span style=\"color: #5bbc3a;\"><b>\u2714<\/b><\/span>   <strong>Do podnoszenia okien okr\u0119towych, instalacji itp.<\/strong><\/p>\n<p class=\"ai-optimize-35\"><span style=\"color: #5bbc3a;\"><b>\u2714<\/b><\/span>   <strong>Do ciasnych przestrzeni.<\/strong><\/p>\n<p class=\"ai-optimize-37\"><strong>Regulowana wysoko\u015b\u0107<\/strong><strong>.<\/strong><\/p>\n<p class=\"ai-optimize-38\"><strong>Niewielka waga (15 kg)<span style=\"color: #5bbc3a;\">.<\/span> <\/strong><\/p>\n<p class=\"ai-optimize-39\"><strong><span style=\"color: #5bbc3a;\">\u2714 <\/span>  <\/strong><strong>D\u0142ugo\u015b\u0107 transportowa 166 cm.<\/strong><\/p>\n<p class=\"ai-optimize-40\"><strong>Wysoko\u015b\u0107 haka maks. <\/strong><strong> 216 cm.<\/strong><\/p>\n<p class=\"ai-optimize-41\"><span style=\"color: #5bbc3a;\"><strong>\u2714<\/strong><\/span><strong>   <\/strong><strong>WLL 250 kg.<\/strong><\/p>\n<p class=\"ai-optimize-42\"><span style=\"color: #5bbc3a;\"><strong>\u2714<\/strong><\/span><strong>   <\/strong><strong>Wyci\u0105garka z korb\u0105 r\u0119czn\u0105.<\/strong><\/p>\n<p class=\"ai-optimize-43\"><span style=\"color: #5bbc3a;\"><strong>\u2714<\/strong><\/span><strong> Z elementem dystansowym (PI).<\/strong><\/p>\n<p class=\"ai-optimize-44\"><span style=\"color: #5bbc3a;\"><strong>\u2714<\/strong><\/span><strong><span style=\"color: #5bbc3a;\"> <\/span> Bezemisyjno\u015b\u0107.<\/strong><\/p>\n<p class=\"ai-optimize-30\">Niezale\u017cnie od tego, czy pracujesz na statku, czy w w\u0105skiej klatce schodowej, <strong>Nautica<\/strong> jest niezawodnym partnerem do podnoszenia w trudno dost\u0119pnych miejscach.<\/p>\n","protected":false},"featured_media":131853,"template":"","meta":{"_acf_changed":false,"_seopress_robots_primary_cat":"none","_seopress_titles_title":"","_seopress_titles_desc":"","_seopress_robots_index":""},"product_brand":[],"product_cat":[2057,2257],"product_tag":[1999,2002,1957,2209,2296,2017,2298,1993,2013,2295,2265,2292,2014,2297,2021,1996,2299,1992,2015,1997,1995,2294,1994,2293],"class_list":{"0":"post-140602","1":"product","2":"type-product","3":"status-publish","4":"has-post-thumbnail","6":"product_cat-gable-knights","7":"product_cat-gable-knights-2","8":"product_tag-aluminiowy-podnosnik","9":"product_tag-chwytak-do-szkla","10":"product_tag-gevelridder","11":"product_tag-glazurnicy","12":"product_tag-minizurawie","13":"product_tag-miroiterie","14":"product_tag-nautyczny","15":"product_tag-podnosnik-do-szkla","16":"product_tag-podnosnik-do-szyb","17":"product_tag-podnosnik-drabinkowy","18":"product_tag-podnosnik-drabinowy","19":"product_tag-podnoszenie-3","20":"product_tag-podnoszenie-szkla","21":"product_tag-przeprowadzki","22":"product_tag-przyssawka","23":"product_tag-sir-liftalot","24":"product_tag-statki","25":"product_tag-szklarz","26":"product_tag-szklarz-2","27":"product_tag-uplifter","28":"product_tag-winda-drabinowa","29":"product_tag-winda-podlodziowa","30":"product_tag-wynajem-podnosnika-do-szkla","31":"product_tag-zdrowie-i-bezpieczenstwo","32":"product_shipping_class-gevelridder-m","34":"first","35":"instock","36":"taxable","37":"shipping-taxable","38":"purchasable","39":"product-type-simple"},"acf":[],"_links":{"self":[{"href":"https:\/\/gevelridder.nl\/pl\/wp-json\/wp\/v2\/product\/140602","targetHints":{"allow":["GET"]}}],"collection":[{"href":"https:\/\/gevelridder.nl\/pl\/wp-json\/wp\/v2\/product"}],"about":[{"href":"https:\/\/gevelridder.nl\/pl\/wp-json\/wp\/v2\/types\/product"}],"wp:featuredmedia":[{"embeddable":true,"href":"https:\/\/gevelridder.nl\/pl\/wp-json\/wp\/v2\/media\/131853"}],"wp:attachment":[{"href":"https:\/\/gevelridder.nl\/pl\/wp-json\/wp\/v2\/media?parent=140602"}],"wp:term":[{"taxonomy":"product_brand","embeddable":true,"href":"https:\/\/gevelridder.nl\/pl\/wp-json\/wp\/v2\/product_brand?post=140602"},{"taxonomy":"product_cat","embeddable":true,"href":"https:\/\/gevelridder.nl\/pl\/wp-json\/wp\/v2\/product_cat?post=140602"},{"taxonomy":"product_tag","embeddable":true,"href":"https:\/\/gevelridder.nl\/pl\/wp-json\/wp\/v2\/product_tag?post=140602"}],"curies":[{"name":"wp","href":"https:\/\/api.w.org\/{rel}","templated":true}]}}