
{"id":140581,"date":"2026-03-24T08:17:08","date_gmt":"2026-03-24T08:17:08","guid":{"rendered":"https:\/\/gevelridder.nl\/product\/zestaw-gable-knight-basic-150kg\/"},"modified":"2026-03-24T08:17:08","modified_gmt":"2026-03-24T08:17:08","slug":"zestaw-gable-knight-basic-150kg","status":"publish","type":"product","link":"https:\/\/gevelridder.nl\/pl\/produkt\/zestaw-gable-knight-basic-150kg\/","title":{"rendered":"Zestaw Gable Knight BASIC 150kg"},"content":{"rendered":"<h2>Zestaw Gable Knight 150 kg<\/h2>\n<p>Dzi\u0119ki zestawowi Facade Rider Set 150 kg masz wszystko, czego potrzebujesz do umieszczania i transportu szk\u0142a, ram okiennych, markiz itp. o wysoko\u015bci do 5,8 metra i maksymalnej wadze 150 kg. Ponadto zestaw ten jest bardzo przyjazny dla zdrowia i bezpiecze\u0144stwa, ma niewielkie rozmiary, jest lekki, a zatem \u0142atwy do zabrania na plac budowy. <\/p>\n<p>Zestaw sk\u0142ada si\u0119 z:<\/p>\n<p><a href=\"https:\/\/gevelridder.nl\/nieuws\/gevelridder-m-hybride-milieu\/\">Hybryda Gevelridder M:<\/a> jest \u0142atwa w transporcie. Wsuwany na wysoko\u015b\u0107 2,4 m, wysuwany na prawie 4 m, a dzi\u0119ki dodatkowej rurze przed\u0142u\u017caj\u0105cej mo\u017cna go wysun\u0105\u0107 na wysoko\u015b\u0107 do 5,8 m. Dzi\u0119ki dodatkowemu <strong>wspornikowi<\/strong> przed\u0142u\u017caj\u0105cemu mo\u017ce by\u0107 r\u00f3wnie\u017c u\u017cywany do podnoszenia paneli z rusztowa\u0144 lub z samochodu.  <\/p>\n<p><a href=\"https:\/\/gevelridder.nl\/product\/sirliftalot2-glaszuiger-glasdrager\/\">SirLiftAlot 2<\/a><strong>:<\/strong> lekka aluminiowa rama ss\u0105ca i podnosz\u0105ca, kt\u00f3r\u0105 mo\u017cna podnosi\u0107 w 3 pozycjach. Wsp\u00f3\u0142pracuje z dwoma t\u0142okami pompy wykonanymi z lexanu. Rama posiada wsporniki do mocowania drugiego podw\u00f3jnego zabezpieczenia przed upadkiem.  <\/p>\n<p><a href=\"https:\/\/gevelridder.nl\/pl\/produkt\/wozek-na-szklo-i-plyty-150-kg-2-0\/\">Aluminiowy w\u00f3zek szczytowy jednoosiowy 150 kg<\/a>. Ma on r\u00f3wnie\u017c mas\u0119 w\u0142asn\u0105 10 kg, rama ma wymiary 1000&#215;1000 mm, mocowanie 200 mm, maksymalnie 150 kg. <\/p>\n<p>Oraz dwa <a href=\"https:\/\/gevelridder.nl\/pl\/produkt\/aluminiowy-zacisk-napinajacy-do-glaskar\/\">zaciski napinaj\u0105ce<\/a> wykonane z aluminium i \u017cabki ze stali nierdzewnej.<\/p>\n<h2>Zapobiegaj b\u00f3lom plec\u00f3w dzi\u0119ki zestawowi Geveridder Set 150 kg<\/h2>\n<p>Zapobiegaj b\u00f3lom plec\u00f3w z Gable Knight, mo\u017cesz \u0142atwo montowa\u0107 szyby, okna i drzwi wydajnie i z prostymi plecami. Mo\u017cna r\u00f3wnie\u017c \u0142atwo zamontowa\u0107 markizy. Gevelridder jest \u0142atwy do przenoszenia i lekki. Profesjonali\u015bci korzystaj\u0105cy z produkt\u00f3w s\u0105 zadowoleni. &#8222;Koniec z le\u017ceniem p\u0142asko na kanapie wieczorem z b\u00f3lem plec\u00f3w, ale cieszenie si\u0119 \u017cyciem&#8221;.    <\/p>\n<h2>Niezdrowa postawa i b\u00f3l plec\u00f3w<\/h2>\n<h3>Zapobieganie b\u00f3lowi plec\u00f3w z zestawem Facade Knight Set 150 kg<\/h3>\n<p>W Gevelridder nie chodzi nam o sprzeda\u017c naszego pi\u0119kna, NIE, chodzi nam o zdrowie naszych klient\u00f3w, pacjent\u00f3w, kt\u00f3rych \u017cartobliwie nazywamy. Cz\u0119sto to ma\u0142e rzeczy w \u017cyciu robi\u0105 r\u00f3\u017cnic\u0119. Oszcz\u0119dno\u015b\u0107 niewielkiej inwestycji mo\u017ce cz\u0119sto drastycznie wp\u0142yn\u0105\u0107 na \u017cycie mechanika. Pracownicy, kt\u00f3rzy cz\u0119sto lub przez d\u0142ugi czas pracuj\u0105 w niezdrowej pozycji, s\u0105 bardziej nara\u017ceni na (trwa\u0142e) dolegliwo\u015bci lub choroby zawodowe mi\u0119\u015bni, \u015bci\u0119gien, wi\u0119zade\u0142 lub staw\u00f3w. Niezdrowa pozycja podczas pracy obejmuje prac\u0119 w pochyleniu, z uniesionymi ramionami lub w pozycji kl\u0119cz\u0105cej. Wi\u0105\u017ce si\u0119 to z d\u0142ugim lub silnym rozci\u0105ganiem mi\u0119\u015bni i \u015bci\u0119gien. Pozycje obejmuj\u0105ce skrajne ustawienie staw\u00f3w mog\u0105 r\u00f3wnie\u017c powodowa\u0107 napi\u0119cie \u015bci\u0119gien, wi\u0119zade\u0142 i mi\u0119\u015bni.      <\/p>\n<h3>Portal po\u015bwi\u0119cony zdrowiu i bezpiecze\u0144stwu oraz Fa\u00e7ade Knight<\/h3>\n<p>Na przyk\u0142ad praca w niezdrowych pozycjach mo\u017ce prowadzi\u0107 do zm\u0119czenia, a nawet uszkodze\u0144. Dlatego wa\u017cne jest, aby w jak najwi\u0119kszym stopniu ograniczy\u0107 t\u0119 form\u0119 wysi\u0142ku fizycznego. Pracodawcy s\u0105 zobowi\u0105zani do podj\u0119cia \u015brodk\u00f3w, aby pracownicy mogli pracowa\u0107 w dobrej pozycji tak cz\u0119sto, jak to mo\u017cliwe. zobacz tak\u017ce: <a href=\"https:\/\/www.arboportaal.nl\/onderwerpen\/werkhoudingen\">https:\/\/www.arboportaal.nl\/onderwerpen\/werkhoudingen<\/a>   <\/p>\n<p>Dzi\u0119ki narz\u0119dziom Gevelridder klienci staj\u0105 si\u0119 bardziej \u015bwiadomi wykonywanej pracy. Czy nadal b\u0119d\u0119 w stanie wykonywa\u0107 t\u0119 prac\u0119 za 10 lat, kiedy moje plecy b\u0119d\u0105 nieustannie bole\u0107? Dlatego Gevelridder! Id\u0119 do pracy z przyjemno\u015bci\u0105.   <\/p>\n<h2>Brak personelu z powodu b\u00f3lu plec\u00f3w, u\u017cyj zestawu Facade Knight Set 150 kg<\/h2>\n<p>Pracodawcy od lat alarmuj\u0105 o niedoborach kadrowych. Jednym z rozwi\u0105za\u0144 jest skupienie si\u0119 jako przedsi\u0119biorca nie na ilo\u015bci, ale na jako\u015bci pracy personelu. To w\u0142a\u015bnie tutaj Gevelridder odgrywa wa\u017cn\u0105 rol\u0119. Dzi\u0119ki bezpiecznej, wydajnej, ale tak\u017ce ergonomicznej pracy na hali produkcyjnej, rzemie\u015blnik nie tylko b\u0119dzie czerpa\u0142 wi\u0119cej przyjemno\u015bci z pracy, ale tak\u017ce zmniejszy si\u0119 liczba uraz\u00f3w plec\u00f3w, a tym samym zwolnie\u0144 lekarskich.   <\/p>\n","protected":false},"excerpt":{"rendered":"<p><span style=\"color: #5bbc3a;\"><b>\u2714<\/b><\/span>   <strong>\u0141adny kompletny zestaw:<\/strong><\/p>\n<ol>\n<li style=\"list-style-type: none;\">\n<ol>\n<li>Gable Knight Hybrid M<\/li>\n<li>Rura przed\u0142u\u017caj\u0105ca<\/li>\n<li>Podk\u0142adka dystansowa<\/li>\n<li>W\u00f3zek na szk\u0142o 150 kg (pojedyncza o\u015b)<\/li>\n<li>Dwa aluminiowe zaciski napinaj\u0105ce<\/li>\n<li>SirLiftAlot 2 WLL 150 kg<\/li>\n<\/ol>\n<\/li>\n<\/ol>\n<p><strong>Lekki, mo\u017ce by\u0107 przewo\u017cony w autobusie<span style=\"color: #5bbc3a;\">.<\/span> <\/strong><\/p>\n<p><strong><span style=\"color: #5bbc3a;\">\u2714<\/span>   <\/strong><strong>D\u0142ugo\u015b\u0107 transportowa 2400 mm.<\/strong><\/p>\n<p><strong><span style=\"color: #5bbc3a;\">\u2714<\/span>   <\/strong><strong>Maksymalne wyd\u0142u\u017cenie do 5850 mm.<\/strong><\/p>\n","protected":false},"featured_media":131489,"template":"","meta":{"_acf_changed":false,"_seopress_robots_primary_cat":"none","_seopress_titles_title":"","_seopress_titles_desc":"","_seopress_robots_index":""},"product_brand":[],"product_cat":[2260],"product_tag":[1957,2018,1968,2290,2254,2268],"class_list":{"0":"post-140581","1":"product","2":"type-product","3":"status-publish","4":"has-post-thumbnail","6":"product_cat-zestawy-korzysci","7":"product_tag-gevelridder","8":"product_tag-montaz-szkla-2","9":"product_tag-podnoszenie","10":"product_tag-ramy-okienne","11":"product_tag-winda-2","12":"product_tag-zestaw","13":"product_shipping_class-gevelridder-m","15":"first","16":"instock","17":"sale","18":"taxable","19":"shipping-taxable","20":"purchasable","21":"product-type-simple"},"acf":[],"_links":{"self":[{"href":"https:\/\/gevelridder.nl\/pl\/wp-json\/wp\/v2\/product\/140581","targetHints":{"allow":["GET"]}}],"collection":[{"href":"https:\/\/gevelridder.nl\/pl\/wp-json\/wp\/v2\/product"}],"about":[{"href":"https:\/\/gevelridder.nl\/pl\/wp-json\/wp\/v2\/types\/product"}],"wp:featuredmedia":[{"embeddable":true,"href":"https:\/\/gevelridder.nl\/pl\/wp-json\/wp\/v2\/media\/131489"}],"wp:attachment":[{"href":"https:\/\/gevelridder.nl\/pl\/wp-json\/wp\/v2\/media?parent=140581"}],"wp:term":[{"taxonomy":"product_brand","embeddable":true,"href":"https:\/\/gevelridder.nl\/pl\/wp-json\/wp\/v2\/product_brand?post=140581"},{"taxonomy":"product_cat","embeddable":true,"href":"https:\/\/gevelridder.nl\/pl\/wp-json\/wp\/v2\/product_cat?post=140581"},{"taxonomy":"product_tag","embeddable":true,"href":"https:\/\/gevelridder.nl\/pl\/wp-json\/wp\/v2\/product_tag?post=140581"}],"curies":[{"name":"wp","href":"https:\/\/api.w.org\/{rel}","templated":true}]}}