
{"id":140578,"date":"2026-03-24T11:44:24","date_gmt":"2026-03-24T11:44:24","guid":{"rendered":"https:\/\/gevelridder.nl\/product\/zestaw-armat-basic-250-kg\/"},"modified":"2026-03-24T11:44:24","modified_gmt":"2026-03-24T11:44:24","slug":"zestaw-armat-basic-250-kg","status":"publish","type":"product","link":"https:\/\/gevelridder.nl\/pl\/produkt\/zestaw-armat-basic-250-kg\/","title":{"rendered":"Zestaw armat Basic 250 kg"},"content":{"rendered":"<h2 data-start=\"0\" data-end=\"86\"><strong data-start=\"0\" data-end=\"86\">TheCannon Set Basic 250 kg &#8211; kompletne rozwi\u0105zanie dla b\u00f3lu plec\u00f3w podczas uk\u0142adania szk\u0142a<\/strong><\/h2>\n<p data-start=\"88\" data-end=\"495\">TheCannon Set Basic 250 kg to kompletny profesjonalny zestaw dla szklarzy, monter\u00f3w okien i wykonawc\u00f3w, kt\u00f3rzy chc\u0105 pracowa\u0107 bezpiecznie i zgodnie z zasadami BHP. Dzi\u0119ki temu okazyjnemu zestawowi masz wszystko, czego potrzebujesz do transportu i podnoszenia szk\u0142a, ram, drzwi i \u017caluzji na wysoko\u015b\u0107 oko\u0142o 5,8 metra, przy maksymalnej masie roboczej 200-250 kg. Mniej d\u017awigania, mniej b\u00f3lu plec\u00f3w i wi\u0119cej kontroli na placu budowy.  <\/p>\n<h2 data-start=\"497\" data-end=\"545\">Co wchodzi w sk\u0142ad zestawu TheCannon Set Basic 250 kg?<\/h2>\n<ul data-start=\"547\" data-end=\"1425\">\n<li data-start=\"547\" data-end=\"730\">\n<p data-start=\"549\" data-end=\"730\"><a href=\"https:\/\/gevelridder.nl\/product\/gevelridder-lichtgewicht-minikraan-the-cannon\/\">TheCannon<\/a> &#8211; kompaktowy, lekki mini \u017curaw fasadowy Facade Knight. \u0141atwy w transporcie w furgonetce i szybki w monta\u017cu wzd\u0142u\u017c fasady, na balkonie lub rusztowaniu. <\/p>\n<\/li>\n<li data-start=\"731\" data-end=\"1019\">\n<p data-start=\"733\" data-end=\"1019\"><a href=\"https:\/\/gevelridder.nl\/product\/sir-liftalot4-vacuumzuiger-glass-vacuum-lifter-vantouse-vakuumheber\/\">Podno\u015bnik pr\u00f3\u017cniowy SirLiftAlot 4<\/a><strong data-start=\"733\" data-end=\"776\"> (WLL 250 kg)<\/strong> &#8211; lekki, ale mocny t\u0142ok do szk\u0142a, kt\u00f3ry mo\u017cna podnosi\u0107 w trzech pozycjach. T\u0142ok wsp\u00f3\u0142pracuje z t\u0142okami pomp Lexan i jest wyposa\u017cony w uchwyty monta\u017cowe zapewniaj\u0105ce podw\u00f3jn\u0105 ochron\u0119 przed upadkiem, umo\u017cliwiaj\u0105c bezpieczne i kontrolowane umieszczanie szyb. <\/p>\n<\/li>\n<li data-start=\"1020\" data-end=\"1266\">\n<p data-start=\"1022\" data-end=\"1266\"><a href=\"https:\/\/gevelridder.nl\/product\/glaskar-platenwagen-250kg-plus\/\">Aluminiowy w\u00f3zek do szk\u0142a 250 kg<\/a> &#8211; solidny, ale bardzo lekki w\u00f3zek do szk\u0142a (masa w\u0142asna ok. 13 kg) z ram\u0105 o wymiarach 100 \u00d7 100 cm i g\u00f3rn\u0105 cz\u0119\u015bci\u0105 o grubo\u015bci 200 mm. Idealny do transportu okien, p\u0142yt i ram na placu budowy lub w pomieszczeniach. <\/p>\n<\/li>\n<li data-start=\"1267\" data-end=\"1425\">\n<p data-start=\"1269\" data-end=\"1425\"><a href=\"https:\/\/gevelridder.nl\/pl\/produkt\/aluminiowy-zacisk-napinajacy-do-glaskar\/\">Dwa zaciski napinaj\u0105ce<\/a> &#8211; do mocowania szk\u0142a lub arkuszy materia\u0142u do w\u00f3zka do szk\u0142a, zapewniaj\u0105c stabilno\u015b\u0107 i bezpiecze\u0144stwo podczas transportu i podnoszenia.<\/p>\n<\/li>\n<\/ul>\n<h2 data-start=\"1427\" data-end=\"1484\">Zapobieganie b\u00f3lom plec\u00f3w dzi\u0119ki profesjonalnemu podno\u015bnikowi<\/h2>\n<p data-start=\"1486\" data-end=\"1897\">W bran\u017cy budowlanej, wyko\u0144czeniowej i szklarskiej urazy kr\u0119gos\u0142upa i przeci\u0105\u017cenia stanowi\u0105 powa\u017cne ryzyko. Dzi\u0119ki zestawowi TheCannon Set Basic 250 kg mo\u017cna zmechanizowa\u0107 ci\u0119\u017ck\u0105 prac\u0119: zamiast podnoszenia na ramieniu, mo\u017cna u\u017cy\u0107 mini \u017curawia do szk\u0142a, w\u00f3zka do szk\u0142a i podno\u015bnika pr\u00f3\u017cniowego. Monterzy pracuj\u0105 bardziej g\u0142ow\u0105 ni\u017c plecami, zachowuj\u0105c wyprostowan\u0105 postaw\u0119 robocz\u0105 i mniejsze obci\u0105\u017cenie szczytowe podczas monta\u017cu ci\u0119\u017ckich okien i drzwi przesuwnych.  <\/p>\n<p data-start=\"1899\" data-end=\"2237\">Profesjonali\u015bci pracuj\u0105cy z narz\u0119dziami Gevelridder cz\u0119sto zg\u0142aszaj\u0105, \u017ce nie &#8222;le\u017c\u0105 ju\u017c na kanapie z b\u00f3lem plec\u00f3w&#8221; wieczorem, ale po prostu maj\u0105 wi\u0119cej energii, aby cieszy\u0107 si\u0119 wolnym czasem. W\u0142a\u015bnie po to opracowano TheCannon Set Basic: inteligentne narz\u0119dzia, kt\u00f3re zmniejszaj\u0105 obci\u0105\u017cenie fizyczne i zwi\u0119kszaj\u0105 satysfakcj\u0119 z pracy. <\/p>\n<p>Praca przyjazna dla zdrowia i bezpiecze\u0144stwa oraz gotowa do kontroli<\/p>\n<p data-start=\"2292\" data-end=\"2784\">Ustawa o bezpiecze\u0144stwie i higienie pracy nak\u0142ada na pracodawc\u00f3w obowi\u0105zek zapobiegania niezdrowej pozycji podczas pracy i podnoszenia ci\u0119\u017ckich przedmiot\u00f3w. Dzi\u0119ki zestawowi TheCannon Set Basic 250 kg mo\u017cna natychmiast zademonstrowa\u0107 podczas inspekcji, \u017ce ci\u0119\u017ckie szk\u0142o jest zmechanizowane za pomoc\u0105 uznanych urz\u0105dze\u0144 podnosz\u0105cych: mini \u017curawia do szk\u0142a, w\u00f3zka do szk\u0142a i podno\u015bnika pr\u00f3\u017cniowego. Nie tylko zmniejsza to ryzyko uraz\u00f3w kr\u0119gos\u0142upa i zwolnie\u0144 lekarskich, ale tak\u017ce wzmacnia wizerunek profesjonalnego i nowoczesnego wykonawcy lub szklarza, kt\u00f3ry dba o swoich pracownik\u00f3w.  <\/p>\n","protected":false},"excerpt":{"rendered":"<p><strong>Niewielka waga, mo\u017cliwo\u015b\u0107 podnoszenia przez jedn\u0105 osob\u0119<span style=\"color: #39db57;\">.<\/span> <\/strong><\/p>\n<p><span style=\"color: #39db57;\"><b>\u2714<\/b><\/span>   <strong>\u0141adny kompletny zestaw:<\/strong><\/p>\n<ol>\n<li style=\"list-style-type: none;\">\n<ol>\n<li>TheCannon 75-250 kg<\/li>\n<li>10 blok\u00f3w balastowych<\/li>\n<li>W\u00f3zek na szk\u0142o 250 kg<\/li>\n<li>Ko\u0142o zapasowe<\/li>\n<li>Dwa aluminiowe zaciski napinaj\u0105ce<\/li>\n<li>Podno\u015bnik pr\u00f3\u017cniowy: SirLiftAlot4<\/li>\n<\/ol>\n<\/li>\n<\/ol>\n","protected":false},"featured_media":132500,"template":"","meta":{"_acf_changed":false,"_seopress_robots_primary_cat":"none","_seopress_titles_title":"","_seopress_titles_desc":"","_seopress_robots_index":""},"product_brand":[],"product_cat":[2057,2260],"product_tag":[2263,1957,2272,2266,2267,1993,2286,2289,1968,2264,2287,2273,2274,2285,2262,2288,2271,2094,1995,2269,2151,2270,2261],"class_list":{"0":"post-140578","1":"product","2":"type-product","3":"status-publish","4":"has-post-thumbnail","6":"product_cat-gable-knights","7":"product_cat-zestawy-korzysci","8":"product_tag-drabina-podnoszaca","9":"product_tag-gevelridder","10":"product_tag-mini-zuraw-do-szkla","11":"product_tag-minilift","12":"product_tag-mocowanie","13":"product_tag-podnosnik-do-szkla","14":"product_tag-podnosnik-do-szkla-250-kg","15":"product_tag-podnosnik-prozniowy-do-szkla","16":"product_tag-podnoszenie","17":"product_tag-podnoszenie-ramy","18":"product_tag-poglebiarka-ssaca-do-szkla-250-kg","19":"product_tag-pomoc-w-podnoszeniu-szkla","20":"product_tag-pomoce-do-podnoszenia-przy-budowie-i-demontazu","21":"product_tag-szklana-podnoszona-fasada","22":"product_tag-szklana-winda","23":"product_tag-thecannon-gable-knight","24":"product_tag-ulga-w-bolu-plecow","25":"product_tag-umieszczanie-szkla","26":"product_tag-winda-drabinowa","27":"product_tag-wozek-na-szklo-250-kg","28":"product_tag-wynajem-dzwigow-do-szkla","29":"product_tag-zestaw-do-podnoszenia-szkla-i-ram","30":"product_tag-zestaw-rycerzy-gable","31":"product_shipping_class-gevelridder-m","33":"first","34":"instock","35":"sale","36":"taxable","37":"shipping-taxable","38":"purchasable","39":"product-type-simple"},"acf":[],"_links":{"self":[{"href":"https:\/\/gevelridder.nl\/pl\/wp-json\/wp\/v2\/product\/140578","targetHints":{"allow":["GET"]}}],"collection":[{"href":"https:\/\/gevelridder.nl\/pl\/wp-json\/wp\/v2\/product"}],"about":[{"href":"https:\/\/gevelridder.nl\/pl\/wp-json\/wp\/v2\/types\/product"}],"wp:featuredmedia":[{"embeddable":true,"href":"https:\/\/gevelridder.nl\/pl\/wp-json\/wp\/v2\/media\/132500"}],"wp:attachment":[{"href":"https:\/\/gevelridder.nl\/pl\/wp-json\/wp\/v2\/media?parent=140578"}],"wp:term":[{"taxonomy":"product_brand","embeddable":true,"href":"https:\/\/gevelridder.nl\/pl\/wp-json\/wp\/v2\/product_brand?post=140578"},{"taxonomy":"product_cat","embeddable":true,"href":"https:\/\/gevelridder.nl\/pl\/wp-json\/wp\/v2\/product_cat?post=140578"},{"taxonomy":"product_tag","embeddable":true,"href":"https:\/\/gevelridder.nl\/pl\/wp-json\/wp\/v2\/product_tag?post=140578"}],"curies":[{"name":"wp","href":"https:\/\/api.w.org\/{rel}","templated":true}]}}