
{"id":140576,"date":"2026-03-24T11:44:24","date_gmt":"2026-03-24T11:44:24","guid":{"rendered":"https:\/\/gevelridder.nl\/product\/gable-knight-set-pro-250kg\/"},"modified":"2026-03-24T11:44:24","modified_gmt":"2026-03-24T11:44:24","slug":"gable-knight-set-pro-250kg","status":"publish","type":"product","link":"https:\/\/gevelridder.nl\/pl\/produkt\/gable-knight-set-pro-250kg\/","title":{"rendered":"Gable Knight Set PRO 250kg"},"content":{"rendered":"<h2>Zestaw Gable Knight 250 kg<\/h2>\n<p>Zapobiegaj urazom plec\u00f3w dzi\u0119ki temu zestawowi podno\u015bnik\u00f3w elewacyjnych, kt\u00f3ry zawiera wszystko, czego potrzebujesz do umieszczania i transportu szk\u0142a, ram okiennych, \u017caluzji itp. o wysoko\u015bci do 5,8 metra i maksymalnej wadze 200-250 kg. Ponadto zestaw ten jest bardzo przyjazny dla zdrowia i bezpiecze\u0144stwa, ma niewielkie rozmiary, jest lekki, a zatem \u0142atwy do zabrania na plac budowy. <\/p>\n<h2>Gable Knight Set, narz\u0119dzie do walki z b\u00f3lem plec\u00f3w<\/h2>\n<p><a href=\"https:\/\/gevelridder.nl\/nieuws\/gevelridder-m-hybride-milieu\/\" target=\"_blank\" rel=\"noopener\">Gable Knight M Hybrid <\/a>. Jest \u0142atwy w transporcie. Wsuwany na wysoko\u015b\u0107 2,4 m, wysuwany na prawie 4 m, a z dodatkow\u0105 rur\u0105 przed\u0142u\u017caj\u0105c\u0105 mo\u017cna go wysun\u0105\u0107 na maksymaln\u0105 wysoko\u015b\u0107 5,8 m. Dzi\u0119ki dodatkowemu wspornikowi przed\u0142u\u017caj\u0105cemu mo\u017ce by\u0107 r\u00f3wnie\u017c u\u017cywany do podnoszenia paneli z rusztowania lub z samochodu. <\/p>\n<p>Lekka pompa <a href=\"https:\/\/gevelridder.nl\/product\/nieuw-kim250-plus\/\">KIM250<\/a>, kt\u00f3r\u0105 mo\u017cna podnosi\u0107 w 3 pozycjach, np. w przypadku dach\u00f3w ogrod\u00f3w zimowych. T\u0142ok wsp\u00f3\u0142pracuje z czterema t\u0142okami kim23, kt\u00f3re automatycznie pompuj\u0105 i ponownie pompuj\u0105, je\u015bli podci\u015bnienie jest zbyt niskie. W t\u0142oku znajduj\u0105 si\u0119 wyci\u0119cia umo\u017cliwiaj\u0105ce zamontowanie drugiego ogranicznika upadku.  <\/p>\n<p><a href=\"https:\/\/gevelridder.nl\/pl\/produkt\/wozek-glaskar-250kg-2\/\" target=\"_blank\" rel=\"noopener\">Aluminiowy Glaskar 250 kg.<\/a>  Jego waga w\u0142asna wynosi 13 kg, rama ma wymiary 100 x 100 cm, mocowanie 200 mm, a maksymalne obci\u0105\u017cenie 250 kg.<\/p>\n<p>Dwa <a href=\"https:\/\/gevelridder.nl\/pl\/produkt\/aluminiowy-zacisk-napinajacy-do-glaskar\/\">zaciski napinaj\u0105ce<\/a> do w\u00f3zka Gable Knight.<\/p>\n<h2>Zapobiegaj b\u00f3lom plec\u00f3w z zestawem Geveridder<\/h2>\n<p>Zapobiegaj b\u00f3lom plec\u00f3w z Gable Knight, mo\u017cesz \u0142atwo montowa\u0107 szyby, okna i drzwi wydajnie i z prostymi plecami. Mo\u017cna r\u00f3wnie\u017c \u0142atwo zamontowa\u0107 markizy. Gevelridder jest \u0142atwy do przenoszenia i lekki. Profesjonali\u015bci korzystaj\u0105cy z produkt\u00f3w s\u0105 zadowoleni. &#8222;Koniec z le\u017ceniem p\u0142asko na kanapie wieczorem z b\u00f3lem plec\u00f3w, ale cieszenie si\u0119 \u017cyciem&#8221;.    <\/p>\n<h2>Niezdrowa postawa i b\u00f3l plec\u00f3w<\/h2>\n<h3>Zapobieganie b\u00f3lowi plec\u00f3w za pomoc\u0105 zestawu Gable Knight<\/h3>\n<p>W Gevelridder nie chodzi nam o sprzeda\u017c naszego pi\u0119kna, NIE, chodzi nam o zdrowie naszych klient\u00f3w, pacjent\u00f3w, kt\u00f3rych \u017cartobliwie nazywamy. Cz\u0119sto to ma\u0142e rzeczy w \u017cyciu robi\u0105 r\u00f3\u017cnic\u0119. Oszcz\u0119dno\u015b\u0107 niewielkiej inwestycji mo\u017ce cz\u0119sto drastycznie wp\u0142yn\u0105\u0107 na \u017cycie mechanika. Pracownicy, kt\u00f3rzy cz\u0119sto lub przez d\u0142ugi czas pracuj\u0105 w niezdrowej pozycji, s\u0105 bardziej nara\u017ceni na (trwa\u0142e) dolegliwo\u015bci lub choroby zawodowe mi\u0119\u015bni, \u015bci\u0119gien, wi\u0119zade\u0142 lub staw\u00f3w. Niezdrowa pozycja podczas pracy obejmuje prac\u0119 w pochyleniu, z uniesionymi ramionami lub w pozycji kl\u0119cz\u0105cej. Wi\u0105\u017ce si\u0119 to z d\u0142ugim lub silnym rozci\u0105ganiem mi\u0119\u015bni i \u015bci\u0119gien. Pozycje obejmuj\u0105ce skrajne ustawienie staw\u00f3w mog\u0105 r\u00f3wnie\u017c powodowa\u0107 napi\u0119cie \u015bci\u0119gien, wi\u0119zade\u0142 i mi\u0119\u015bni.      <\/p>\n<h3>Portal po\u015bwi\u0119cony zdrowiu i bezpiecze\u0144stwu oraz Fa\u00e7ade Knight<\/h3>\n<p>Na przyk\u0142ad praca w niezdrowych pozycjach mo\u017ce prowadzi\u0107 do zm\u0119czenia, a nawet uszkodze\u0144. Dlatego wa\u017cne jest, aby w jak najwi\u0119kszym stopniu ograniczy\u0107 t\u0119 form\u0119 obci\u0105\u017cenia fizycznego. Pracodawcy s\u0105 zobowi\u0105zani do podj\u0119cia \u015brodk\u00f3w, aby pracownicy mogli pracowa\u0107 w dobrej pozycji tak cz\u0119sto, jak to mo\u017cliwe. zobacz tak\u017ce: <a href=\"https:\/\/www.arboportaal.nl\/onderwerpen\/werkhoudingen\" target=\"_blank\" rel=\"noopener\">postawa w pracy. <\/a>    <\/p>\n<p>Dzi\u0119ki narz\u0119dziom Gevelridder klienci staj\u0105 si\u0119 bardziej \u015bwiadomi wykonywanej pracy. Czy nadal b\u0119d\u0119 w stanie wykonywa\u0107 t\u0119 prac\u0119 za 10 lat, kiedy moje plecy b\u0119d\u0105 nieustannie bole\u0107? Dlatego Gevelridder! Id\u0119 do pracy z przyjemno\u015bci\u0105.   <\/p>\n<h2>Niedob\u00f3r pracownik\u00f3w spowodowany b\u00f3lem plec\u00f3w<\/h2>\n<p>Pracodawcy od lat alarmuj\u0105 o niedoborach kadrowych. Jednym z rozwi\u0105za\u0144 jest skupienie si\u0119 jako przedsi\u0119biorca nie na ilo\u015bci, ale na jako\u015bci pracy personelu. To w\u0142a\u015bnie tutaj Gevelridder odgrywa wa\u017cn\u0105 rol\u0119. Dzi\u0119ki bezpiecznej, wydajnej, ale tak\u017ce ergonomicznej pracy na hali produkcyjnej, rzemie\u015blnik nie tylko b\u0119dzie czerpa\u0142 wi\u0119cej przyjemno\u015bci z pracy, ale tak\u017ce zmniejszy si\u0119 liczba uraz\u00f3w plec\u00f3w, a tym samym zwolnie\u0144 lekarskich.   <\/p>\n","protected":false},"excerpt":{"rendered":"<p><span style=\"color: #5bbc3a;\"><b>\u2714<\/b><\/span>   <strong>\u0141adny kompletny zestaw:<\/strong><\/p>\n<ol>\n<li style=\"list-style-type: none;\">\n<ol>\n<li>Gable Knight Hybrid M<\/li>\n<li>Podk\u0142adka dystansowa<\/li>\n<li>Rura przed\u0142u\u017caj\u0105ca<\/li>\n<li>W\u00f3zek na szk\u0142o 250 kg<\/li>\n<li>Dwa aluminiowe zaciski napinaj\u0105ce<\/li>\n<li>Podno\u015bnik pr\u00f3\u017cniowy: Kim250 WLL 250 kg<\/li>\n<\/ol>\n<\/li>\n<\/ol>\n<p><strong>Lekki, mo\u017ce by\u0107 przewo\u017cony w autobusie<span style=\"color: #5bbc3a;\">.<\/span> <\/strong><\/p>\n<p><strong><span style=\"color: #5bbc3a;\">\u2714<\/span>   <\/strong><strong>D\u0142ugo\u015b\u0107 transportowa 2400 mm.<\/strong><\/p>\n<p><strong><span style=\"color: #5bbc3a;\">\u2714<\/span>   <\/strong><strong>Maksymalne wyd\u0142u\u017cenie do 5850 mm.<\/strong><\/p>\n","protected":false},"featured_media":132496,"template":"","meta":{"_acf_changed":false,"_seopress_robots_primary_cat":"none","_seopress_titles_title":"","_seopress_titles_desc":"","_seopress_robots_index":""},"product_brand":[],"product_cat":[2057,2260],"product_tag":[2192,2263,1957,2284,2266,2267,1993,2265,1968,2264,2262,2094,1995,2151,2261],"class_list":{"0":"post-140576","1":"product","2":"type-product","3":"status-publish","4":"has-post-thumbnail","6":"product_cat-gable-knights","7":"product_cat-zestawy-korzysci","8":"product_tag-bol-plecow","9":"product_tag-drabina-podnoszaca","10":"product_tag-gevelridder","11":"product_tag-mini-zuraw","12":"product_tag-minilift","13":"product_tag-mocowanie","14":"product_tag-podnosnik-do-szkla","15":"product_tag-podnosnik-drabinowy","16":"product_tag-podnoszenie","17":"product_tag-podnoszenie-ramy","18":"product_tag-szklana-winda","19":"product_tag-umieszczanie-szkla","20":"product_tag-winda-drabinowa","21":"product_tag-wynajem-dzwigow-do-szkla","22":"product_tag-zestaw-rycerzy-gable","23":"product_shipping_class-gevelridder-m","25":"first","26":"instock","27":"sale","28":"taxable","29":"shipping-taxable","30":"purchasable","31":"product-type-simple"},"acf":[],"_links":{"self":[{"href":"https:\/\/gevelridder.nl\/pl\/wp-json\/wp\/v2\/product\/140576","targetHints":{"allow":["GET"]}}],"collection":[{"href":"https:\/\/gevelridder.nl\/pl\/wp-json\/wp\/v2\/product"}],"about":[{"href":"https:\/\/gevelridder.nl\/pl\/wp-json\/wp\/v2\/types\/product"}],"wp:featuredmedia":[{"embeddable":true,"href":"https:\/\/gevelridder.nl\/pl\/wp-json\/wp\/v2\/media\/132496"}],"wp:attachment":[{"href":"https:\/\/gevelridder.nl\/pl\/wp-json\/wp\/v2\/media?parent=140576"}],"wp:term":[{"taxonomy":"product_brand","embeddable":true,"href":"https:\/\/gevelridder.nl\/pl\/wp-json\/wp\/v2\/product_brand?post=140576"},{"taxonomy":"product_cat","embeddable":true,"href":"https:\/\/gevelridder.nl\/pl\/wp-json\/wp\/v2\/product_cat?post=140576"},{"taxonomy":"product_tag","embeddable":true,"href":"https:\/\/gevelridder.nl\/pl\/wp-json\/wp\/v2\/product_tag?post=140576"}],"curies":[{"name":"wp","href":"https:\/\/api.w.org\/{rel}","templated":true}]}}