
{"id":140572,"date":"2026-03-24T11:33:10","date_gmt":"2026-03-24T11:33:10","guid":{"rendered":"https:\/\/gevelridder.nl\/product\/zestaw-armat-pro-250-kg\/"},"modified":"2026-03-24T11:33:10","modified_gmt":"2026-03-24T11:33:10","slug":"zestaw-armat-pro-250-kg","status":"publish","type":"product","link":"https:\/\/gevelridder.nl\/pl\/produkt\/zestaw-armat-pro-250-kg\/","title":{"rendered":"Zestaw armat PRO 250 kg"},"content":{"rendered":"<h2>TheCannon set PRO<\/h2>\n<p>Zapobiegaj urazom plec\u00f3w dzi\u0119ki temu zestawowi podno\u015bnik\u00f3w elewacyjnych, kt\u00f3ry zawiera wszystko, czego potrzebujesz do umieszczania i transportu szk\u0142a, ram okiennych, \u017caluzji itp. o wysoko\u015bci do 5,8 metra i maksymalnej wadze 200-250 kg. Ponadto zestaw ten jest bardzo przyjazny dla zdrowia i bezpiecze\u0144stwa, ma niewielkie rozmiary, jest lekki, a zatem \u0142atwy do zabrania na plac budowy. <\/p>\n<h2>Gable Knight Set, narz\u0119dzie do walki z b\u00f3lem plec\u00f3w<\/h2>\n<p><a href=\"https:\/\/gevelridder.nl\/product\/gevelridder-lichtgewicht-minikraan-the-cannon\/\">TheCannon.<\/a>  Jest \u0142atwy w transporcie.<\/p>\n<p>Lekki <a href=\"https:\/\/gevelridder.nl\/product\/sir-liftalot4-vacuumzuiger-glass-vacuum-lifter-vantouse-vakuumheber\/\">SirLiftAlot 4 <\/a>, kt\u00f3ry mo\u017cna podnosi\u0107 w 3 pozycjach, na przyk\u0142ad r\u00f3wnie\u017c do dach\u00f3w ogrod\u00f3w zimowych. T\u0142ok wsp\u00f3\u0142pracuje z t\u0142okami pomp Lexan, gdy tylko chcesz podnie\u015b\u0107 wy\u017cej ni\u017c 1,8 m (poziom gruntu), musisz u\u017cy\u0107 zabezpieczenia przed upadkiem, ale dost\u0119pne s\u0105 r\u00f3wnie\u017c wsporniki monta\u017cowe. <\/p>\n<p>Podno\u015bnik pr\u00f3\u017cniowy <a href=\"https:\/\/gevelridder.nl\/product\/nieuw-kim250-plus\/\">Kim250<\/a> Ma r\u00f3wnie\u017c wag\u0119 w\u0142asn\u0105 13 kg, ram\u0119 100&#215;100 cm, mocowanie 200 mm, maksymalnie 250 kg.<\/p>\n<p>Dwa <a href=\"https:\/\/gevelridder.nl\/pl\/produkt\/aluminiowy-zacisk-napinajacy-do-glaskar\/\">zaciski napinaj\u0105ce<\/a> do w\u00f3zka Gable Knight.<\/p>\n<h2>Zapobiegaj b\u00f3lom plec\u00f3w z zestawem Geveridder<\/h2>\n<p>Zapobiegaj b\u00f3lom plec\u00f3w z Gable Knight, mo\u017cesz \u0142atwo montowa\u0107 szyby, okna i drzwi wydajnie i z prostymi plecami. Mo\u017cna r\u00f3wnie\u017c \u0142atwo zamontowa\u0107 markizy. Gevelridder jest \u0142atwy do przenoszenia i lekki. Profesjonali\u015bci korzystaj\u0105cy z produkt\u00f3w s\u0105 zadowoleni. &#8222;Koniec z le\u017ceniem p\u0142asko na kanapie wieczorem z b\u00f3lem plec\u00f3w, ale cieszenie si\u0119 \u017cyciem&#8221;.    <\/p>\n<h2>Niezdrowa postawa i b\u00f3l plec\u00f3w<\/h2>\n<h3>Zapobieganie b\u00f3lowi plec\u00f3w za pomoc\u0105 zestawu Gable Knight<\/h3>\n<p>W Gevelridder nie chodzi nam o sprzeda\u017c naszego pi\u0119kna, NIE, chodzi nam o zdrowie naszych klient\u00f3w, pacjent\u00f3w, kt\u00f3rych \u017cartobliwie nazywamy. Cz\u0119sto to ma\u0142e rzeczy w \u017cyciu robi\u0105 r\u00f3\u017cnic\u0119. Oszcz\u0119dno\u015b\u0107 niewielkiej inwestycji mo\u017ce cz\u0119sto drastycznie wp\u0142yn\u0105\u0107 na \u017cycie mechanika. Pracownicy, kt\u00f3rzy cz\u0119sto lub przez d\u0142ugi czas pracuj\u0105 w niezdrowej pozycji, s\u0105 bardziej nara\u017ceni na (trwa\u0142e) dolegliwo\u015bci lub choroby zawodowe mi\u0119\u015bni, \u015bci\u0119gien, wi\u0119zade\u0142 lub staw\u00f3w. Niezdrowa pozycja podczas pracy obejmuje prac\u0119 w pochyleniu, z uniesionymi ramionami lub w pozycji kl\u0119cz\u0105cej. Wi\u0105\u017ce si\u0119 to z d\u0142ugim lub silnym rozci\u0105ganiem mi\u0119\u015bni i \u015bci\u0119gien. Pozycje obejmuj\u0105ce skrajne ustawienie staw\u00f3w mog\u0105 r\u00f3wnie\u017c powodowa\u0107 napi\u0119cie \u015bci\u0119gien, wi\u0119zade\u0142 i mi\u0119\u015bni.      <\/p>\n<h3>Portal po\u015bwi\u0119cony zdrowiu i bezpiecze\u0144stwu oraz Fa\u00e7ade Knight<\/h3>\n<p>Na przyk\u0142ad praca w niezdrowych pozycjach mo\u017ce prowadzi\u0107 do zm\u0119czenia, a nawet uszkodze\u0144. Dlatego wa\u017cne jest, aby w jak najwi\u0119kszym stopniu ograniczy\u0107 t\u0119 form\u0119 obci\u0105\u017cenia fizycznego. Pracodawcy s\u0105 zobowi\u0105zani do podj\u0119cia \u015brodk\u00f3w, aby pracownicy mogli pracowa\u0107 w dobrej pozycji tak cz\u0119sto, jak to mo\u017cliwe. zobacz tak\u017ce: <a href=\"https:\/\/www.arboportaal.nl\/onderwerpen\/werkhoudingen\" target=\"_blank\" rel=\"noopener\">postawa w pracy. <\/a>    <\/p>\n<p>Dzi\u0119ki narz\u0119dziom Gevelridder klienci staj\u0105 si\u0119 bardziej \u015bwiadomi wykonywanej pracy. Czy nadal b\u0119d\u0119 w stanie wykonywa\u0107 t\u0119 prac\u0119 za 10 lat, kiedy moje plecy b\u0119d\u0105 nieustannie bole\u0107? Dlatego Gevelridder! Id\u0119 do pracy z przyjemno\u015bci\u0105.   <\/p>\n<h2>Niedob\u00f3r pracownik\u00f3w spowodowany b\u00f3lem plec\u00f3w<\/h2>\n<p>Pracodawcy od lat alarmuj\u0105 o niedoborach kadrowych. Jednym z rozwi\u0105za\u0144 jest skupienie si\u0119 jako przedsi\u0119biorca nie na ilo\u015bci, ale na jako\u015bci pracy personelu. To w\u0142a\u015bnie tutaj Gevelridder odgrywa wa\u017cn\u0105 rol\u0119. Dzi\u0119ki bezpiecznej, wydajnej, ale tak\u017ce ergonomicznej pracy na hali produkcyjnej, rzemie\u015blnik nie tylko b\u0119dzie czerpa\u0142 wi\u0119cej przyjemno\u015bci z pracy, ale tak\u017ce zmniejszy si\u0119 liczba uraz\u00f3w plec\u00f3w, a tym samym zwolnie\u0144 lekarskich.   <\/p>\n","protected":false},"excerpt":{"rendered":"<p><strong>Niewielka waga, mo\u017cliwo\u015b\u0107 podnoszenia przez jedn\u0105 osob\u0119<span style=\"color: #5bbc3a;\">.<\/span> <\/strong><\/p>\n<p><span style=\"color: #5bbc3a;\"><b>\u2714<\/b><\/span>   <strong>\u0141adny kompletny zestaw:<\/strong><\/p>\n<ol>\n<li style=\"list-style-type: none;\">\n<ol>\n<li>Armata 75-250 kg<\/li>\n<li>10 kostek balastowych<\/li>\n<li>W\u00f3zek na szk\u0142o 250 kg<\/li>\n<li>Dwa aluminiowe zaciski napinaj\u0105ce<\/li>\n<li>Podno\u015bnik pr\u00f3\u017cniowy: KIM250 elektryczny<\/li>\n<\/ol>\n<\/li>\n<\/ol>\n","protected":false},"featured_media":132502,"template":"","meta":{"_acf_changed":false,"_seopress_robots_primary_cat":"none","_seopress_titles_title":"","_seopress_titles_desc":"","_seopress_robots_index":""},"product_brand":[],"product_cat":[2057,2260],"product_tag":[2280,2192,2263,2275,1957,2278,2281,2272,2266,2267,1993,1968,2264,2276,2273,2274,2279,2262,2282,2283,2271,2094,1995,2277,2269,2151,2268,2270,2261],"class_list":{"0":"post-140572","1":"product","2":"type-product","3":"status-publish","4":"has-post-thumbnail","6":"product_cat-gable-knights","7":"product_cat-zestawy-korzysci","8":"product_tag-armata","9":"product_tag-bol-plecow","10":"product_tag-drabina-podnoszaca","11":"product_tag-ergonomiczne-oszklenie","12":"product_tag-gevelridder","13":"product_tag-kompletny-zestaw-do-montazu-szkla","14":"product_tag-lekki-mini-zuraw","15":"product_tag-mini-zuraw-do-szkla","16":"product_tag-minilift","17":"product_tag-mocowanie","18":"product_tag-podnosnik-do-szkla","19":"product_tag-podnoszenie","20":"product_tag-podnoszenie-ramy","21":"product_tag-podnoszenie-szkla-bez-dzwigu","22":"product_tag-pomoc-w-podnoszeniu-szkla","23":"product_tag-pomoce-do-podnoszenia-przy-budowie-i-demontazu","24":"product_tag-profesjonalne-narzedzia-glazurnicze","25":"product_tag-szklana-winda","26":"product_tag-thecannon","27":"product_tag-thecannon-set-pro","28":"product_tag-ulga-w-bolu-plecow","29":"product_tag-umieszczanie-szkla","30":"product_tag-winda-drabinowa","31":"product_tag-wozek-do-transportu-szkla","32":"product_tag-wozek-na-szklo-250-kg","33":"product_tag-wynajem-dzwigow-do-szkla","34":"product_tag-zestaw","35":"product_tag-zestaw-do-podnoszenia-szkla-i-ram","36":"product_tag-zestaw-rycerzy-gable","37":"product_shipping_class-gevelridder-m","39":"first","40":"instock","41":"sale","42":"taxable","43":"shipping-taxable","44":"purchasable","45":"product-type-simple"},"acf":[],"_links":{"self":[{"href":"https:\/\/gevelridder.nl\/pl\/wp-json\/wp\/v2\/product\/140572","targetHints":{"allow":["GET"]}}],"collection":[{"href":"https:\/\/gevelridder.nl\/pl\/wp-json\/wp\/v2\/product"}],"about":[{"href":"https:\/\/gevelridder.nl\/pl\/wp-json\/wp\/v2\/types\/product"}],"wp:featuredmedia":[{"embeddable":true,"href":"https:\/\/gevelridder.nl\/pl\/wp-json\/wp\/v2\/media\/132502"}],"wp:attachment":[{"href":"https:\/\/gevelridder.nl\/pl\/wp-json\/wp\/v2\/media?parent=140572"}],"wp:term":[{"taxonomy":"product_brand","embeddable":true,"href":"https:\/\/gevelridder.nl\/pl\/wp-json\/wp\/v2\/product_brand?post=140572"},{"taxonomy":"product_cat","embeddable":true,"href":"https:\/\/gevelridder.nl\/pl\/wp-json\/wp\/v2\/product_cat?post=140572"},{"taxonomy":"product_tag","embeddable":true,"href":"https:\/\/gevelridder.nl\/pl\/wp-json\/wp\/v2\/product_tag?post=140572"}],"curies":[{"name":"wp","href":"https:\/\/api.w.org\/{rel}","templated":true}]}}