
{"id":140558,"date":"2026-03-24T11:35:38","date_gmt":"2026-03-24T11:35:38","guid":{"rendered":"https:\/\/gevelridder.nl\/product\/przedluzenie-gable-ridder\/"},"modified":"2026-03-24T11:35:38","modified_gmt":"2026-03-24T11:35:38","slug":"przedluzenie-gable-ridder","status":"publish","type":"product","link":"https:\/\/gevelridder.nl\/pl\/produkt\/przedluzenie-gable-ridder\/","title":{"rendered":"Przed\u0142u\u017cenie GABLE RIDDER"},"content":{"rendered":"<div id=\"attachment_109350\" style=\"width: 310px\" class=\"wp-caption alignright\"><img decoding=\"async\" aria-describedby=\"caption-attachment-109350\" class=\"wp-image-109350 size-medium\" src=\"https:\/\/gevelridder.nl\/wp-content\/uploads\/2023\/03\/Gevelridder-Hybride-optie-giek-300x300.png\" alt=\"Gable Knight M Hybrid\" width=\"300\" height=\"300\"><p id=\"caption-attachment-109350\" class=\"wp-caption-text\">Gable Knight M Hybrid<\/p><\/div>\n<h2>Przed\u0142u\u017cenie Gable Knight<\/h2>\n<p>Rozszerzenie Gable Knight mo\u017ce by\u0107 u\u017cywane z Gable Knight M.<\/p>\n<p>Jest to idealny produkt do podnoszenia na drugie pi\u0119tro.<\/p>\n<p>Dzi\u0119ki kompaktowym rozmiarom po z\u0142o\u017ceniu mo\u017cna go \u0142atwo przewozi\u0107 w samochodzie lub ma\u0142ej furgonetce. Gevelridder jest zalecany w katalogu BHP dla monter\u00f3w szk\u0142a. U\u017cywaj\u0105c tego produktu, masz wolne r\u0119ce podczas monta\u017cu i nie nara\u017casz si\u0119 na niebezpiecze\u0144stwo na schodach i drabinach. D\u0142ugo\u015b\u0107 transportowa 2400 mm, szeroko\u015b\u0107 stopy 850 mm. Mo\u017cliwo\u015b\u0107 roz\u0142o\u017cenia do 4 metr\u00f3w w 2 cz\u0119\u015bciach (WLL 200 kg). Przy u\u017cyciu trzeciej sekcji mo\u017cliwo\u015b\u0107 przed\u0142u\u017cenia do 5850 mm (WLL 200 kg).     <\/p>\n<h2>Praca bez przed\u0142u\u017cenia Gable Knight?<\/h2>\n<p>Podnoszenie ci\u0119\u017car\u00f3w jest bardzo obci\u0105\u017caj\u0105ce dla organizmu, zw\u0142aszcza je\u015bli jest wykonywane cz\u0119sto. Podczas podnoszenia ci\u0119\u017ckich przedmiot\u00f3w istnieje ryzyko uszkodzenia mi\u0119\u015bni plec\u00f3w, wi\u0119zade\u0142 tkanki \u0142\u0105cznej wok\u00f3\u0142 kr\u0119gos\u0142upa lub kr\u0105\u017ck\u00f3w mi\u0119dzykr\u0119gowych. Im ci\u0119\u017csze przedmioty s\u0105 podnoszone, tym wi\u0119ksze ryzyko ich uszkodzenia. Ale podnoszenie lekkich przedmiot\u00f3w mo\u017ce r\u00f3wnie\u017c prowadzi\u0107 do uszkodze\u0144, na przyk\u0142ad poprzez wykonywanie tej czynno\u015bci w niekorzystnej pozycji (zgi\u0119tej, skr\u0119conej lub z uniesionymi ramionami) lub poprzez podnoszenie zbyt wiele razy z rz\u0119du i niewystarczaj\u0105cy czas na regeneracj\u0119. <a href=\"https:\/\/www.arboportaal.nl\/onderwerpen\/tillen-en-dragen\/wat-zijn-de-risico%E2%80%99s-van-tillen-en-dragen\" target=\"_blank\" rel=\"noopener\">Wi\u0119cej informacji. <\/a>     <\/p>\n<p>Geverridder zapewnia wydajn\u0105 i bezpieczn\u0105 prac\u0119 w pionie. Do transportu poziomego zalecamy nasz <a href=\"https:\/\/gevelridder.nl\/pl\/produkt\/wozek-glaskar-250kg-2\/\" target=\"_blank\" rel=\"noopener\">w\u00f3zek do szk\u0142a.<\/a> Jako t\u0142ok najlepiej kupi\u0107 <a href=\"https:\/\/gevelridder.nl\/product\/sirliftalot2-glaszuiger-glasdrager\/\">SirLiftAlot 2<\/a> lub <a href=\"https:\/\/gevelridder.nl\/product\/sir-liftalot4-vacuumzuiger-glass-vacuum-lifter-vantouse-vakuumheber\/\">SirliftAlot 4<\/a>. <\/p>\n<p>&nbsp;<\/p>\n<p><strong>DE:<\/strong> Facade Ritter, versenkbaren Hebevorrichtung alumium, bis 5.85 mtr 200 kg.<\/p>\n<p>Die Preise beinhalten keine Versandkosten f\u00fcr Kunden au\u00dferhalb der Niederlande und Belgien.<\/p>\n<p><strong>FR:<\/strong> Fa\u00e7ade Chevalier L&#8217;\u00e9l\u00e9vateur de aluminium, sur 5.85 mtr, 200 kg.<\/p>\n<p>Les prix ne comprennent pas les frais de livraison pour les clients en dehors des Pays-Bas et en Belgique.<\/p>\n<p><strong>UK:<\/strong> Sir LiftAlot, Facade Knight, podno\u015bnik aluminiowy do 5,85 mtr, 200 kg.<\/p>\n<p>Prices do not include shipping costs for customers outside the Netherlands and Belgium.<\/p>\n<p>&nbsp;<\/p>\n<p>&nbsp;<\/p>\n","protected":false},"excerpt":{"rendered":"<p>Rozszerzenie dla Gable Knight M<\/p>\n","protected":false},"featured_media":131885,"template":"","meta":{"_acf_changed":false,"_seopress_robots_primary_cat":"none","_seopress_titles_title":"","_seopress_titles_desc":"","_seopress_robots_index":""},"product_brand":[],"product_cat":[1956],"product_tag":[2016,2012,2258,2017,1967,2018,2019,1993,2013,2014,2021,1998,1996,2020,1992,2015,1997,2022,1995,1994,2259],"class_list":{"0":"post-140558","1":"product","2":"type-product","3":"status-publish","4":"has-post-thumbnail","6":"product_cat-czesci-zamienne-2","7":"product_tag-chwytak-podcisnieniowy","8":"product_tag-gevelridder-m","9":"product_tag-hybrydowy-elektryczny-gable-knight","10":"product_tag-miroiterie","11":"product_tag-montaz-szkla","12":"product_tag-montaz-szkla-2","13":"product_tag-monter-sklepow","14":"product_tag-podnosnik-do-szkla","15":"product_tag-podnosnik-do-szyb","16":"product_tag-podnoszenie-szkla","17":"product_tag-przyssawka","18":"product_tag-rama-okienna","19":"product_tag-sir-liftalot","20":"product_tag-suncreenlift","21":"product_tag-szklarz","22":"product_tag-szklarz-2","23":"product_tag-uplifter","24":"product_tag-viavac","25":"product_tag-winda-drabinowa","26":"product_tag-wynajem-podnosnika-do-szkla","27":"product_tag-wysiegnik","28":"product_shipping_class-75-euro","30":"first","31":"instock","32":"taxable","33":"shipping-taxable","34":"purchasable","35":"product-type-simple"},"acf":[],"_links":{"self":[{"href":"https:\/\/gevelridder.nl\/pl\/wp-json\/wp\/v2\/product\/140558","targetHints":{"allow":["GET"]}}],"collection":[{"href":"https:\/\/gevelridder.nl\/pl\/wp-json\/wp\/v2\/product"}],"about":[{"href":"https:\/\/gevelridder.nl\/pl\/wp-json\/wp\/v2\/types\/product"}],"wp:featuredmedia":[{"embeddable":true,"href":"https:\/\/gevelridder.nl\/pl\/wp-json\/wp\/v2\/media\/131885"}],"wp:attachment":[{"href":"https:\/\/gevelridder.nl\/pl\/wp-json\/wp\/v2\/media?parent=140558"}],"wp:term":[{"taxonomy":"product_brand","embeddable":true,"href":"https:\/\/gevelridder.nl\/pl\/wp-json\/wp\/v2\/product_brand?post=140558"},{"taxonomy":"product_cat","embeddable":true,"href":"https:\/\/gevelridder.nl\/pl\/wp-json\/wp\/v2\/product_cat?post=140558"},{"taxonomy":"product_tag","embeddable":true,"href":"https:\/\/gevelridder.nl\/pl\/wp-json\/wp\/v2\/product_tag?post=140558"}],"curies":[{"name":"wp","href":"https:\/\/api.w.org\/{rel}","templated":true}]}}