
{"id":140556,"date":"2026-03-24T08:17:10","date_gmt":"2026-03-24T08:17:10","guid":{"rendered":"https:\/\/gevelridder.nl\/product\/noga-balustrady-gable-knight\/"},"modified":"2026-03-24T08:17:10","modified_gmt":"2026-03-24T08:17:10","slug":"noga-balustrady-gable-knight","status":"publish","type":"product","link":"https:\/\/gevelridder.nl\/pl\/produkt\/noga-balustrady-gable-knight\/","title":{"rendered":"Noga balustrady Gable Knight"},"content":{"rendered":"<h2>Noga balustrady Gable Knight<\/h2>\n<h3>Rozdzia\u0142 1: Wprowadzenie do nogi balustrady Gable Knight<\/h3>\n<p>Noga balustrady Gevelridder to lu\u017any wspornik, kt\u00f3ry mo\u017cna zamontowa\u0107 do Gevelridder M Hybrid, tworz\u0105c podno\u015bnik balustrady. Ta innowacja zapewnia praktyczne rozwi\u0105zanie do bezpiecznej i wydajnej pracy na wysoko\u015bci. Przy d\u0142ugo\u015bci 230 cm podpora osi\u0105ga wysoko\u015b\u0107 robocz\u0105 oko\u0142o 2,2 metra, co czyni j\u0105 idealnym rozmiarem do r\u00f3\u017cnych prac.  <\/p>\n<h3>Rozdzia\u0142 2: Specyfikacja techniczna<\/h3>\n<p>Maksymalne obci\u0105\u017cenie nogi balustrady Gable Knight wynosi 200 kg. Ud\u017awig ten nie tylko umo\u017cliwia monta\u017c szk\u0142a balustradowego, ale tak\u017ce pozwala profesjonalistom na bezpieczny transport arkuszy szk\u0142a, drzwi lub innych materia\u0142\u00f3w na pi\u0119tro. W\u00f3zek do szk\u0142a mo\u017cna z \u0142atwo\u015bci\u0105 wjecha\u0107 pod podno\u015bnik, umo\u017cliwiaj\u0105c umieszczenie na nim arkuszy materia\u0142u i ich dalszy transport.  <\/p>\n<h3>Rozdzia\u0142 3: Ryzyko zwi\u0105zane z prac\u0105 bez narz\u0119dzi<\/h3>\n<p>Regularne podnoszenie ci\u0119\u017car\u00f3w jest szkodliwe dla zdrowia. Podczas podnoszenia ci\u0119\u017ckich przedmiot\u00f3w istnieje ryzyko uszkodzenia mi\u0119\u015bni plec\u00f3w, wi\u0119zade\u0142 tkanki \u0142\u0105cznej wok\u00f3\u0142 kr\u0119gos\u0142upa lub kr\u0105\u017ck\u00f3w mi\u0119dzykr\u0119gowych. Im ci\u0119\u017csze podnoszenie, tym wi\u0119ksze ryzyko uszkodzenia. Jednak nawet podnoszenie lekkich przedmiot\u00f3w mo\u017ce prowadzi\u0107 do uszkodze\u0144, np. dlatego, \u017ce musi by\u0107 wykonywane w niekorzystnej pozycji (zgi\u0119tej, skr\u0119conej lub z uniesionymi ramionami) lub przez podnoszenie zbyt wiele razy z rz\u0119du ze zbyt kr\u00f3tkim czasem na regeneracj\u0119. Wi\u0119cej informacji mo\u017cna znale\u017a\u0107 na Portalu Bezpiecze\u0144stwa i Higieny Pracy.    <\/p>\n<h3>Rozdzia\u0142 4: Kompatybilno\u015b\u0107 i opcje zamawiania<\/h3>\n<p>Nale\u017cy pami\u0119ta\u0107, \u017ce noga balustrady nie mo\u017ce by\u0107 u\u017cywana w po\u0142\u0105czeniu z Gable Knight L i XL. Dla tych, kt\u00f3rzy nie posiadaj\u0105 jeszcze Gable Knight, istnieje mo\u017cliwo\u015b\u0107 zam\u00f3wienia u nas kompletnego zestawu. Gwarantuje to, \u017ce wszystkie wymagane cz\u0119\u015bci mo\u017cna uzyska\u0107 za jednym razem, co mo\u017ce dodatkowo zoptymalizowa\u0107 proces pracy.  <\/p>\n<h3>Rozdzia\u0142 5: Wnioski<\/h3>\n<p>Noga balustradowa Gable Knight jest niezb\u0119dnym narz\u0119dziem do wykonywania prac na wysoko\u015bci. Zapewnia solidne wsparcie i zmniejsza ryzyko zwi\u0105zane z podnoszeniem ci\u0119\u017ckich \u0142adunk\u00f3w. Noga jest cz\u0119\u015bci\u0105 systemu, kt\u00f3ry zwi\u0119ksza wydajno\u015b\u0107 i zmniejsza obci\u0105\u017cenie fizyczne pracownik\u00f3w, przyczyniaj\u0105c si\u0119 do bezpieczniejszego i zdrowszego \u015brodowiska pracy.  <\/p>\n<p>To innowacyjne rozwi\u0105zanie usprawnia procesy robocze i pomaga firmom spe\u0142nia\u0107 wymogi bezpiecze\u0144stwa i higieny pracy. Rozwa\u017caj\u0105c inwestycj\u0119 w Fa\u00e7ade Knight Balustrade Poot, inwestuje si\u0119 w zdrowie i bezpiecze\u0144stwo pracownik\u00f3w oraz w jako\u015b\u0107 efektu ko\u0144cowego. <\/p>\n","protected":false},"excerpt":{"rendered":"<p class=\"ai-optimize-28\">Dzi\u0119ki nodze balustradowej Gable Knight mo\u017cna zamontowa\u0107 szk\u0142o balustradowe, ale tak\u017ce pomy\u015ble\u0107 o transporcie paneli szklanych, drzwi lub innych materia\u0142\u00f3w na pod\u0142og\u0119. Mo\u017cna r\u00f3wnie\u017c \u0142atwo podjecha\u0107 w\u00f3zkiem Gable Cart pod ten podno\u015bnik, aby umie\u015bci\u0107 materia\u0142 arkusza na w\u00f3zku, a nast\u0119pnie przetransportowa\u0107 go dalej na pod\u0142og\u0119. Nog\u0119 mo\u017cna poprowadzi\u0107 od pod\u0142o\u017ca do \u015brodka rury o wysoko\u015bci 225 cm.  <\/p>\n","protected":false},"featured_media":131500,"template":"","meta":{"_acf_changed":false,"_seopress_robots_primary_cat":"none","_seopress_titles_title":"","_seopress_titles_desc":"","_seopress_robots_index":""},"product_brand":[],"product_cat":[1956,2057,2257],"product_tag":[2253,1957,2251,2252],"class_list":{"0":"post-140556","1":"product","2":"type-product","3":"status-publish","4":"has-post-thumbnail","6":"product_cat-czesci-zamienne-2","7":"product_cat-gable-knights","8":"product_cat-gable-knights-2","9":"product_tag-dobrze","10":"product_tag-gevelridder","11":"product_tag-noga-balustrady","12":"product_tag-podnoszenie-na-dachu","13":"product_shipping_class-75-euro","15":"first","16":"instock","17":"taxable","18":"shipping-taxable","19":"purchasable","20":"product-type-simple"},"acf":[],"_links":{"self":[{"href":"https:\/\/gevelridder.nl\/pl\/wp-json\/wp\/v2\/product\/140556","targetHints":{"allow":["GET"]}}],"collection":[{"href":"https:\/\/gevelridder.nl\/pl\/wp-json\/wp\/v2\/product"}],"about":[{"href":"https:\/\/gevelridder.nl\/pl\/wp-json\/wp\/v2\/types\/product"}],"wp:featuredmedia":[{"embeddable":true,"href":"https:\/\/gevelridder.nl\/pl\/wp-json\/wp\/v2\/media\/131500"}],"wp:attachment":[{"href":"https:\/\/gevelridder.nl\/pl\/wp-json\/wp\/v2\/media?parent=140556"}],"wp:term":[{"taxonomy":"product_brand","embeddable":true,"href":"https:\/\/gevelridder.nl\/pl\/wp-json\/wp\/v2\/product_brand?post=140556"},{"taxonomy":"product_cat","embeddable":true,"href":"https:\/\/gevelridder.nl\/pl\/wp-json\/wp\/v2\/product_cat?post=140556"},{"taxonomy":"product_tag","embeddable":true,"href":"https:\/\/gevelridder.nl\/pl\/wp-json\/wp\/v2\/product_tag?post=140556"}],"curies":[{"name":"wp","href":"https:\/\/api.w.org\/{rel}","templated":true}]}}