
{"id":140554,"date":"2026-03-24T11:36:30","date_gmt":"2026-03-24T11:36:30","guid":{"rendered":"https:\/\/gevelridder.nl\/product\/portal-knight\/"},"modified":"2026-03-24T11:36:30","modified_gmt":"2026-03-24T11:36:30","slug":"portal-knight","status":"publish","type":"product","link":"https:\/\/gevelridder.nl\/pl\/produkt\/portal-knight\/","title":{"rendered":"Portal Knight"},"content":{"rendered":"<h2>Portal Knight<\/h2>\n<p>Facade Knight Portal Knight sk\u0142ada si\u0119 z wyr\u00f3wnywacza z ko\u0142em pasowym po\u015brodku, kt\u00f3re \u0142\u0105czy dwa <a href=\"https:\/\/gevelridder.nl\/product\/gevelridder-m-hybride\/\">Facade Knights Hybrid<\/a>. Umo\u017cliwia to podnoszenie wolnostoj\u0105ce, tworz\u0105c na przyk\u0142ad wind\u0119 do podnoszenia szk\u0142a ze szklanego koz\u0142a. <\/p>\n<p>D\u0142ugo\u015b\u0107 r\u00f3wnika wynosi 200 cm. Szeroko\u015b\u0107 r\u00f3wnika wynosi 30 cm. Nale\u017cy pami\u0119ta\u0107, \u017ce jest to tylko \u0142\u0105cznik, balanser pomi\u0119dzy rycerzami. Rycerze szczytowi musz\u0105 by\u0107 zamawiani oddzielnie.   <\/p>\n<h2>Maksymalne obci\u0105\u017cenie Portal Knight<\/h2>\n<p>Maksymalne obci\u0105\u017cenie wynosi 150\/250 kg, w zale\u017cno\u015bci od odleg\u0142o\u015bci. Wa\u017cne jest, aby \u0142adunek zawsze wisia\u0142 po\u015brodku dw\u00f3ch Facade Knight) s. <\/p>\n<h2>Ryzyko zwi\u0105zane z prac\u0105 bez podno\u015bnika<\/h2>\n<p>Regularne podnoszenie ci\u0119\u017car\u00f3w jest szkodliwe. Podczas podnoszenia ci\u0119\u017ckich przedmiot\u00f3w istnieje ryzyko uszkodzenia mi\u0119\u015bni plec\u00f3w. Tkanki \u0142\u0105cznej wok\u00f3\u0142 kr\u0119gos\u0142upa lub kr\u0105\u017ck\u00f3w mi\u0119dzykr\u0119gowych. Im wi\u0119kszy ci\u0119\u017car, tym wi\u0119ksze ryzyko uszkodzenia. Ale nawet podnoszenie lekkich przedmiot\u00f3w mo\u017ce prowadzi\u0107 do uszkodze\u0144, na przyk\u0142ad dlatego, \u017ce musi by\u0107 wykonywane w niekorzystnej pozycji (zginanie, skr\u0119canie lub z podniesionymi ramionami) lub przez podnoszenie zbyt wiele razy z rz\u0119du i niewystarczaj\u0105cy czas na regeneracj\u0119. Wi\u0119cej informacji na ten temat mo\u017cna znale\u017a\u0107 w <a href=\"https:\/\/www.arboportaal.nl\/onderwerpen\/tillen-en-dragen\/wat-zijn-de-risico%E2%80%99s-van-tillen-en-dragen\">portalu BHP<\/a>.     <\/p>\n","protected":false},"excerpt":{"rendered":"<p>Facade Knight PortalRidder sk\u0142ada si\u0119 z wyr\u00f3wnywacza z ko\u0142em pasowym po\u015brodku, kt\u00f3re \u0142\u0105czy dwa <a href=\"https:\/\/gevelridder.nl\/product\/gevelridder-m-hybride\/\">Facade Knights Hybrid<\/a>. Umo\u017cliwia to podnoszenie wolnostoj\u0105ce, tworz\u0105c na przyk\u0142ad wind\u0119 do podnoszenia szk\u0142a ze szklanego koz\u0142a. <\/p>\n<p>D\u0142ugo\u015b\u0107 r\u00f3wnika wynosi 200 cm. Szeroko\u015b\u0107 r\u00f3wnika wynosi 30 cm. Nale\u017cy pami\u0119ta\u0107, \u017ce jest to tylko \u0142\u0105cznik, balanser pomi\u0119dzy rycerzami. Rycerze szczytowi musz\u0105 by\u0107 zamawiani oddzielnie.   <\/p>\n","protected":false},"featured_media":131918,"template":"","meta":{"_acf_changed":false,"_seopress_robots_primary_cat":"none","_seopress_titles_title":"","_seopress_titles_desc":"","_seopress_robots_index":""},"product_brand":[],"product_cat":[1956,2057],"product_tag":[1957,1968,2255,2256,2254],"class_list":{"0":"post-140554","1":"product","2":"type-product","3":"status-publish","4":"has-post-thumbnail","6":"product_cat-czesci-zamienne-2","7":"product_cat-gable-knights","8":"product_tag-gevelridder","9":"product_tag-podnoszenie","10":"product_tag-portal","11":"product_tag-rycerz-portalu","12":"product_tag-winda-2","13":"product_shipping_class-75-euro","15":"first","16":"instock","17":"taxable","18":"shipping-taxable","19":"purchasable","20":"product-type-simple"},"acf":[],"_links":{"self":[{"href":"https:\/\/gevelridder.nl\/pl\/wp-json\/wp\/v2\/product\/140554","targetHints":{"allow":["GET"]}}],"collection":[{"href":"https:\/\/gevelridder.nl\/pl\/wp-json\/wp\/v2\/product"}],"about":[{"href":"https:\/\/gevelridder.nl\/pl\/wp-json\/wp\/v2\/types\/product"}],"wp:featuredmedia":[{"embeddable":true,"href":"https:\/\/gevelridder.nl\/pl\/wp-json\/wp\/v2\/media\/131918"}],"wp:attachment":[{"href":"https:\/\/gevelridder.nl\/pl\/wp-json\/wp\/v2\/media?parent=140554"}],"wp:term":[{"taxonomy":"product_brand","embeddable":true,"href":"https:\/\/gevelridder.nl\/pl\/wp-json\/wp\/v2\/product_brand?post=140554"},{"taxonomy":"product_cat","embeddable":true,"href":"https:\/\/gevelridder.nl\/pl\/wp-json\/wp\/v2\/product_cat?post=140554"},{"taxonomy":"product_tag","embeddable":true,"href":"https:\/\/gevelridder.nl\/pl\/wp-json\/wp\/v2\/product_tag?post=140554"}],"curies":[{"name":"wp","href":"https:\/\/api.w.org\/{rel}","templated":true}]}}