
{"id":140539,"date":"2026-03-24T11:36:30","date_gmt":"2026-03-24T11:36:30","guid":{"rendered":"https:\/\/gevelridder.nl\/product\/grabo-brace-seal\/"},"modified":"2026-03-24T11:36:30","modified_gmt":"2026-03-24T11:36:30","slug":"grabo-brace-seal","status":"publish","type":"product","link":"https:\/\/gevelridder.nl\/pl\/produkt\/grabo-brace-seal\/","title":{"rendered":"Grabo Brace Seal"},"content":{"rendered":"<h2><strong>Facade Knight przedstawia: Brace Seal &#8211; Tarcza rycerza budowlanego!<\/strong>  ??\ufe0f<\/h2>\n<p>Rycerze budowlanej krainy, kr\u00f3lestwo FacadeRidder wyku\u0142o now\u0105 bro\u0144 na wasz\u0105 budowlan\u0105 aren\u0119! Przedstawiamy bezkonkurencyjn\u0105 uszczelk\u0119 do GRABO, niezast\u0105pionego sprzymierze\u0144ca w walce z p\u0119kaniem, zginaniem i \u0142amaniem. <\/p>\n<p>Ka\u017cdy rycerz zas\u0142uguje na niezawodn\u0105 tarcz\u0119, a Brace Seal s\u0142u\u017cy jako nieprzenikniona zbroja. Specjalnie wykuta dla delikatnych i cienkich materia\u0142\u00f3w, ta piecz\u0119\u0107 czeka jak niez\u0142omny stra\u017cnik nad cennym \u0142adunkiem. Te kruche szklane panele lub cienkie p\u0142ytki? S\u0105 teraz pod opiek\u0105 Brace Seal &#8211; tarczy, kt\u00f3ra strze\u017ce ich nieskazitelnego stanu.   <\/p>\n<p>A dla naszych rycerzy rzucaj\u0105cych wyzwanie elastycznym materia\u0142om &#8211; Brace Seal ujawnia swoj\u0105 prawdziw\u0105 moc! Pomy\u015bl o niej jak o swoim w\u0142asnym magicznym czarodzieju, kt\u00f3ry chroni worki z mieszank\u0105 betonow\u0105 lub pasz\u0105 rolnicz\u0105 przed podci\u015bnieniem GRABO. Twoje imperium budowlane jest teraz gotowe na ka\u017cde wyzwanie, z niezawodn\u0105 tarcz\u0105 u boku.  <\/p>\n<p>Tak wi\u0119c, dzielny rycerzu konstrukcyjny, wyrusz na wojn\u0119 z Brace Seal. Niech ta tarcza towarzyszy ci w ka\u017cdej bitwie, chroni\u0105c i zawsze niezawodnie. Poniewa\u017c w Kingdom Fa\u00e7ade Knight nasz\u0105 solenn\u0105 obietnic\u0105 jest dostarczanie narz\u0119dzi, kt\u00f3re nie tylko dzia\u0142aj\u0105, ale tak\u017ce inspiruj\u0105!  <\/p>\n<p>Gable Knight: dumny i oficjalny dealer <a href=\"https:\/\/grabo.com\/?gclid=Cj0KCQjwmICoBhDxARIsABXkXlJpwEAvU03tf809uGSQoc4ump2JbG1WFbHaA-GquW2EhSqTj_ezTMgaAme-EALw_wcB\">GRABO U.S.A.<\/a>, gdzie kunszt i jako\u015b\u0107 id\u0105 w parze.<\/p>\n","protected":false},"excerpt":{"rendered":"<p>FacadeRidder przedstawia uszczelk\u0119 usztywniaj\u0105c\u0105 do GRABO &#8211; rycersk\u0105 tarcz\u0119 przed p\u0119kaniem, zginaniem i \u0142amaniem. Specjalnie zaprojektowana dla delikatnych materia\u0142\u00f3w, chroni i wzmacnia. Ka\u017cdy rycerz budowlany zas\u0142uguje na t\u0119 nieprzeniknion\u0105 zbroj\u0119 na swojej arenie budowlanej! ?\ufe0f??\ufe0f   <\/p>\n","protected":false},"featured_media":131924,"template":"","meta":{"_acf_changed":false,"_seopress_robots_primary_cat":"none","_seopress_titles_title":"","_seopress_titles_desc":"","_seopress_robots_index":""},"product_brand":[],"product_cat":[2213,1952],"product_tag":[2214,2229,2228,2215,2216],"class_list":{"0":"post-140539","1":"product","2":"type-product","3":"status-publish","4":"has-post-thumbnail","6":"product_cat-grabo","7":"product_cat-nosidla-do-szyb","8":"product_tag-grabo","9":"product_tag-kamien-naturalny","10":"product_tag-kim75","11":"product_tag-tlok-pompy-recznej","12":"product_tag-tlok-prozniowy","13":"product_shipping_class-paczka-45-35-25","15":"first","16":"outofstock","17":"sold-individually","18":"taxable","19":"shipping-taxable","20":"purchasable","21":"product-type-simple"},"acf":[],"_links":{"self":[{"href":"https:\/\/gevelridder.nl\/pl\/wp-json\/wp\/v2\/product\/140539","targetHints":{"allow":["GET"]}}],"collection":[{"href":"https:\/\/gevelridder.nl\/pl\/wp-json\/wp\/v2\/product"}],"about":[{"href":"https:\/\/gevelridder.nl\/pl\/wp-json\/wp\/v2\/types\/product"}],"wp:featuredmedia":[{"embeddable":true,"href":"https:\/\/gevelridder.nl\/pl\/wp-json\/wp\/v2\/media\/131924"}],"wp:attachment":[{"href":"https:\/\/gevelridder.nl\/pl\/wp-json\/wp\/v2\/media?parent=140539"}],"wp:term":[{"taxonomy":"product_brand","embeddable":true,"href":"https:\/\/gevelridder.nl\/pl\/wp-json\/wp\/v2\/product_brand?post=140539"},{"taxonomy":"product_cat","embeddable":true,"href":"https:\/\/gevelridder.nl\/pl\/wp-json\/wp\/v2\/product_cat?post=140539"},{"taxonomy":"product_tag","embeddable":true,"href":"https:\/\/gevelridder.nl\/pl\/wp-json\/wp\/v2\/product_tag?post=140539"}],"curies":[{"name":"wp","href":"https:\/\/api.w.org\/{rel}","templated":true}]}}