
{"id":140538,"date":"2026-03-24T11:36:02","date_gmt":"2026-03-24T11:36:02","guid":{"rendered":"https:\/\/gevelridder.nl\/product\/bateria-grabo\/"},"modified":"2026-03-24T11:36:02","modified_gmt":"2026-03-24T11:36:02","slug":"bateria-grabo","status":"publish","type":"product","link":"https:\/\/gevelridder.nl\/pl\/produkt\/bateria-grabo\/","title":{"rendered":"Bateria Grabo"},"content":{"rendered":"<h2><strong>Pot\u0119\u017cna bateria Nemo Grabo: dzia\u0142a d\u0142u\u017cej i mie\u015bci to, co chcesz!<\/strong><\/h2>\n<p>Szukasz niezawodnego akumulatora do swojego t\u0142oka pr\u00f3\u017cniowego Nemo Grabo? W takim razie nie szukaj dalej! Akumulator Nemo Grabo to Tw\u00f3j rycerz w l\u015bni\u0105cej zbroi, gdy potrzebujesz mocy i trwa\u0142o\u015bci. \u2694\ufe0f   <\/p>\n<h2><strong>Dlaczego warto wybra\u0107 akumulator Nemo Grabo?<\/strong><\/h2>\n<ol>\n<li><strong>Idealne dopasowanie:<\/strong> Ten akumulator jest przeznaczony do WSZYSTKICH t\u0142ok\u00f3w pr\u00f3\u017cniowych Nemo Grabo. Oznacza to, \u017ce nie ma k\u0142opot\u00f3w z dopasowaniem lub pomiarem, zawsze dzia\u0142a! <\/li>\n<li><strong>D\u0142uga \u017cywotno\u015b\u0107:<\/strong> Po pe\u0142nym na\u0142adowaniu bateria zapewnia a\u017c 1,5 godziny mocy ssania. To du\u017co czasu na wykonanie wszystkich prac domowych. <\/li>\n<li><strong>Przyjazny dla u\u017cytkownika:<\/strong> Nie musisz by\u0107 ekspertem technicznym, aby korzysta\u0107 z tego akumulatora. Jest prosty w u\u017cyciu i zapewnia odkurzaczowi moc, na jak\u0105 zas\u0142uguje. <\/li>\n<\/ol>\n<p><strong>Zwr\u00f3\u0107 szczeg\u00f3ln\u0105 uwag\u0119!<\/strong>  Jako dumni w\u0142a\u015bciciele baterii Nemo Grabo, chcemy da\u0107 ci jedn\u0105 wa\u017cn\u0105 wskaz\u00f3wk\u0119: Nie dopu\u015b\u0107 do ca\u0142kowitego roz\u0142adowania baterii. Je\u015bli tak si\u0119 stanie, przejdzie ona w tryb bezpiecze\u0144stwa i nie b\u0119dzie mo\u017cna jej ponownie na\u0142adowa\u0107. Oczywi\u015bcie chcemy, aby\u015b cieszy\u0142 si\u0119 swoj\u0105 bateri\u0105 przez d\u0142ugi czas, wi\u0119c pami\u0119taj o tym.  <\/p>\n<p><strong>Wniosek:<\/strong> Nie czekaj d\u0142u\u017cej i zapewnij swojemu odkurzaczowi Nemo Grabo moc, na jak\u0105 zas\u0142uguje. Dzi\u0119ki akumulatorowi Nemo Grabo otrzymujesz niezawodny, wydajny i \u0142atwy w u\u017cyciu produkt. Niczym dzielny rycerz, ten akumulator jest zawsze przy Tobie, pomagaj\u0105c Ci w Twoich obowi\u0105zkach. Zam\u00f3w teraz i przekonaj si\u0119 sam!   <\/p>\n<p>Gable Knight: dumny i oficjalny dealer <a href=\"https:\/\/grabo.com\/?gclid=Cj0KCQjwmICoBhDxARIsABXkXlJpwEAvU03tf809uGSQoc4ump2JbG1WFbHaA-GquW2EhSqTj_ezTMgaAme-EALw_wcB\">GRABO U.S.A.<\/a>, gdzie kunszt i jako\u015b\u0107 id\u0105 w parze.<\/p>\n<h2><\/h2>\n","protected":false},"excerpt":{"rendered":"<p><strong>Bateria Nemo Grabo: niezawodne \u017ar\u00f3d\u0142o zasilania!<\/strong><\/p>\n<p>Akumulator Nemo Grabo idealnie pasuje do ka\u017cdego odkurzacza Nemo Grabo i zapewnia do 1,5 godziny silnego ssania. Nale\u017cy uwa\u017ca\u0107, aby nie dopu\u015bci\u0107 do ca\u0142kowitego roz\u0142adowania baterii, w przeciwnym razie przejdzie ona w tryb bezpiecze\u0144stwa i nie b\u0119dzie mo\u017cna jej ponownie na\u0142adowa\u0107. Zam\u00f3w teraz, aby cieszy\u0107 si\u0119 wydajnym i przyjaznym dla u\u017cytkownika odkurzaczem! \u2694\ufe0f   <\/p>\n","protected":false},"featured_media":131912,"template":"","meta":{"_acf_changed":false,"_seopress_robots_primary_cat":"none","_seopress_titles_title":"","_seopress_titles_desc":"","_seopress_robots_index":""},"product_brand":[],"product_cat":[2213,1952,1953],"product_tag":[2247,2216],"class_list":{"0":"post-140538","1":"product","2":"type-product","3":"status-publish","4":"has-post-thumbnail","6":"product_cat-grabo","7":"product_cat-nosidla-do-szyb","8":"product_cat-przyssawki-z-pompka","9":"product_tag-bateria-grabo","10":"product_tag-tlok-prozniowy","11":"product_shipping_class-25-euro","13":"first","14":"onbackorder","15":"sold-individually","16":"taxable","17":"shipping-taxable","18":"purchasable","19":"product-type-simple"},"acf":[],"_links":{"self":[{"href":"https:\/\/gevelridder.nl\/pl\/wp-json\/wp\/v2\/product\/140538","targetHints":{"allow":["GET"]}}],"collection":[{"href":"https:\/\/gevelridder.nl\/pl\/wp-json\/wp\/v2\/product"}],"about":[{"href":"https:\/\/gevelridder.nl\/pl\/wp-json\/wp\/v2\/types\/product"}],"wp:featuredmedia":[{"embeddable":true,"href":"https:\/\/gevelridder.nl\/pl\/wp-json\/wp\/v2\/media\/131912"}],"wp:attachment":[{"href":"https:\/\/gevelridder.nl\/pl\/wp-json\/wp\/v2\/media?parent=140538"}],"wp:term":[{"taxonomy":"product_brand","embeddable":true,"href":"https:\/\/gevelridder.nl\/pl\/wp-json\/wp\/v2\/product_brand?post=140538"},{"taxonomy":"product_cat","embeddable":true,"href":"https:\/\/gevelridder.nl\/pl\/wp-json\/wp\/v2\/product_cat?post=140538"},{"taxonomy":"product_tag","embeddable":true,"href":"https:\/\/gevelridder.nl\/pl\/wp-json\/wp\/v2\/product_tag?post=140538"}],"curies":[{"name":"wp","href":"https:\/\/api.w.org\/{rel}","templated":true}]}}