
{"id":140537,"date":"2026-03-24T11:41:40","date_gmt":"2026-03-24T11:41:40","guid":{"rendered":"https:\/\/gevelridder.nl\/product\/akumulator-dewalt-grabo-5-0-ah\/"},"modified":"2026-03-24T11:41:40","modified_gmt":"2026-03-24T11:41:40","slug":"akumulator-dewalt-grabo-5-0-ah","status":"publish","type":"product","link":"https:\/\/gevelridder.nl\/pl\/produkt\/akumulator-dewalt-grabo-5-0-ah\/","title":{"rendered":"Akumulator DeWalt Grabo | 5.0 AH"},"content":{"rendered":"<p><strong>Opis produktu: Akumulator DeWalt DCB184 &#8211; 18V 5.0 Ah<\/strong><\/p>\n<p>Akumulator <strong>DeWalt DCB184<\/strong> do podno\u015bnika pr\u00f3\u017cniowego Grabo DeWalt to idealny wyb\u00f3r dla profesjonalist\u00f3w poszukuj\u0105cych niezawodnego, lekkiego i wydajnego akumulatora. Dzi\u0119ki kompaktowej konstrukcji akumulator ten zapewnia du\u017c\u0105 \u0142atwo\u015b\u0107 u\u017cytkowania nawet podczas d\u0142ugotrwa\u0142ej pracy. <strong>Technologia XR Li-Ion<\/strong> firmy DeWalt zapewnia d\u0142u\u017cszy czas pracy i stabilne zasilanie, umo\u017cliwiaj\u0105c prac\u0119 z du\u017c\u0105 pr\u0119dko\u015bci\u0105 i rzadsze \u0142adowanie.  <\/p>\n<p><strong>Korzy\u015bci dla u\u017cytkownika:<\/strong><\/p>\n<ul>\n<li><strong>Technologia XR Li-Ion<\/strong> nie tylko zapewnia d\u0142u\u017cszy czas pracy, ale tak\u017ce zapewnia optymalne dostarczanie energii, umo\u017cliwiaj\u0105c p\u0142ynn\u0105 i szybk\u0105 prac\u0119 bez przerw.<\/li>\n<li><strong>Lekka i kompaktowa<\/strong> konstrukcja sprawia, \u017ce akumulator jest wygodny w u\u017cyciu, idealny do prac, w kt\u00f3rych trzeba du\u017co si\u0119 porusza\u0107 lub trzyma\u0107 akumulator przez d\u0142ugi czas.<\/li>\n<li>Akumulator <strong>nie ma efektu pami\u0119ci<\/strong> i charakteryzuje si\u0119 bardzo niskim poziomem samoroz\u0142adowania, co oznacza, \u017ce jest zawsze gotowy do u\u017cycia bez konieczno\u015bci ci\u0105g\u0142ego \u0142adowania.<\/li>\n<li>Akumulator ten mo\u017ce by\u0107 u\u017cywany ze <strong>wszystkimi urz\u0105dzeniami De<\/strong> Walt <strong>18V XR<\/strong>, co czyni go bardzo wszechstronnym.<\/li>\n<li>Doskona\u0142a wydajno\u015b\u0107 elektryczna zapewnia sta\u0142\u0105 prac\u0119 akumulatora, nawet w trudnych warunkach.<\/li>\n<\/ul>\n<p><strong>Specyfikacja techniczna:<\/strong><\/p>\n<ul>\n<li><strong>Napi\u0119cie:<\/strong> 18 V<\/li>\n<li><strong>Pojemno\u015b\u0107 akumulatora:<\/strong> 5,0 Ah<\/li>\n<li><strong>Wysoko\u015b\u0107:<\/strong> 60 mm<\/li>\n<li><strong>D\u0142ugo\u015b\u0107:<\/strong> 120 mm<\/li>\n<li><strong>Waga:<\/strong> 640 gram\u00f3w<\/li>\n<li><strong>Cechy:<\/strong> Technologia XR Li-Ion, kompatybilna ze wszystkimi maszynami DeWalt 18V XR<\/li>\n<\/ul>\n<p>Niezale\u017cnie od tego, czy wykonujesz ci\u0119\u017ck\u0105 prac\u0119, czy pracujesz z r\u00f3\u017cnymi maszynami przez d\u0142ugi czas, akumulator <strong>DeWalt DCB184<\/strong> zapewnia moc i elastyczno\u015b\u0107 potrzebn\u0105 do szybkiego i wydajnego wykonania pracy.<\/p>\n","protected":false},"excerpt":{"rendered":"<p>Akumulator DeWalt DCB184 18V 5.0 Ah oferuje lekko\u015b\u0107, wygod\u0119, d\u0142ugi czas pracy, szybkie dzia\u0142anie i kompatybilno\u015b\u0107 ze<strong>wszystkimi maszynami<\/strong> 18V XR.<\/p>\n<p><strong><span style=\"color: #5bbc3a;\">\u2714<\/span> Technologia XR Li-Ion, kompatybilna ze wszystkimi maszynami DeWalt 18V XR<\/strong><\/p>\n<p><strong><span style=\"color: #5bbc3a;\">\u2714 <\/span><\/strong><strong>Napi\u0119cie:<\/strong> 18 V<\/p>\n<p><strong><span style=\"color: #5bbc3a;\">\u2714<\/span> Pasuje do t\u0142oka DeWalt Grabo<\/strong><\/p>\n","protected":false},"featured_media":132395,"template":"","meta":{"_acf_changed":false,"_seopress_robots_primary_cat":"","_seopress_titles_title":"","_seopress_titles_desc":"","_seopress_robots_index":""},"product_brand":[],"product_cat":[2213,1952,1953],"product_tag":[2237,2240,2241,2242,2214,2238,2243,2239,2244,2215,2216],"class_list":{"0":"post-140537","1":"product","2":"type-product","3":"status-publish","4":"has-post-thumbnail","6":"product_cat-grabo","7":"product_cat-nosidla-do-szyb","8":"product_cat-przyssawki-z-pompka","9":"product_tag-belgia","10":"product_tag-dewalt","11":"product_tag-dewalt-grabo","12":"product_tag-dewalt-grabo-dce590n","13":"product_tag-grabo","14":"product_tag-grabo-holandia","15":"product_tag-odkurzacz-do-plytek","16":"product_tag-podnosnik-prozniowy-2","17":"product_tag-przyssawka-grabo","18":"product_tag-tlok-pompy-recznej","19":"product_tag-tlok-prozniowy","20":"product_shipping_class-paczka-45-35-25","22":"first","23":"outofstock","24":"taxable","25":"shipping-taxable","26":"purchasable","27":"product-type-simple"},"acf":[],"_links":{"self":[{"href":"https:\/\/gevelridder.nl\/pl\/wp-json\/wp\/v2\/product\/140537","targetHints":{"allow":["GET"]}}],"collection":[{"href":"https:\/\/gevelridder.nl\/pl\/wp-json\/wp\/v2\/product"}],"about":[{"href":"https:\/\/gevelridder.nl\/pl\/wp-json\/wp\/v2\/types\/product"}],"wp:featuredmedia":[{"embeddable":true,"href":"https:\/\/gevelridder.nl\/pl\/wp-json\/wp\/v2\/media\/132395"}],"wp:attachment":[{"href":"https:\/\/gevelridder.nl\/pl\/wp-json\/wp\/v2\/media?parent=140537"}],"wp:term":[{"taxonomy":"product_brand","embeddable":true,"href":"https:\/\/gevelridder.nl\/pl\/wp-json\/wp\/v2\/product_brand?post=140537"},{"taxonomy":"product_cat","embeddable":true,"href":"https:\/\/gevelridder.nl\/pl\/wp-json\/wp\/v2\/product_cat?post=140537"},{"taxonomy":"product_tag","embeddable":true,"href":"https:\/\/gevelridder.nl\/pl\/wp-json\/wp\/v2\/product_tag?post=140537"}],"curies":[{"name":"wp","href":"https:\/\/api.w.org\/{rel}","templated":true}]}}