
{"id":140530,"date":"2026-03-24T11:41:40","date_gmt":"2026-03-24T11:41:40","guid":{"rendered":"https:\/\/gevelridder.nl\/product\/ladowarka-dewalt-grabo-multi\/"},"modified":"2026-03-24T11:41:40","modified_gmt":"2026-03-24T11:41:40","slug":"ladowarka-dewalt-grabo-multi","status":"publish","type":"product","link":"https:\/\/gevelridder.nl\/pl\/produkt\/ladowarka-dewalt-grabo-multi\/","title":{"rendered":"\u0141adowarka DeWalt Grabo | multi"},"content":{"rendered":"<p><strong>Szybka \u0142adowarka DEWALT DCB118<\/strong> to idealna \u0142adowarka dla profesjonalist\u00f3w pracuj\u0105cych z narz\u0119dziami DEWALT, takimi jak <strong>akumulatorowa wiertarko-wkr\u0119tarka Grabo DeWalt<\/strong>. Ta \u0142adowarka zosta\u0142a zaprojektowana do szybkiego i wydajnego \u0142adowania <strong>akumulator\u00f3w litowo-jonowych 12V XR, 18V XR i XR FLEXVOLT<\/strong>, co oznacza, \u017ce mo\u017cesz po\u015bwi\u0119ci\u0107 wi\u0119cej czasu na prac\u0119, a mniej na czekanie na pe\u0142ne akumulatory. Jest to szczeg\u00f3lnie przydatne w przypadku narz\u0119dzi takich jak akumulatorowa wiertarko-wkr\u0119tarka Grabo, kt\u00f3ra dzia\u0142a na akumulatorze DEWALT i jest cz\u0119sto u\u017cywana podczas przenoszenia szk\u0142a, p\u0142ytek i innych ci\u0119\u017ckich materia\u0142\u00f3w.  <\/p>\n<p><strong>Diagnostyczny wska\u017anik LED<\/strong> na \u0142adowarce dok\u0142adnie wskazuje stan na\u0142adowania akumulatora. Dzi\u0119ki temu zawsze wiadomo, czy bateria jest w pe\u0142ni na\u0142adowana, czy te\u017c nale\u017cy j\u0105 pozostawi\u0107 na jaki\u015b czas. Zapobiega to niespodziewanemu brakowi zasilania podczas pracy. Dzi\u0119ki DEWALT DCB118 mo\u017cesz mie\u0107 pewno\u015b\u0107, \u017ce \u0142adowarka Grabo jest zawsze gotowa do u\u017cycia.   <\/p>\n<p>Dzi\u0119ki przemy\u015blanej konstrukcji \u0142adowarki mo\u017cna \u0142adowa\u0107 zar\u00f3wno <strong>akumulatory 12 V, 18 V, jak i FLEXVOLT<\/strong>, co oznacza, \u017ce nie potrzebujesz r\u00f3\u017cnych \u0142adowarek do swoich narz\u0119dzi. Sprawia to, \u017ce praca z produktami DEWALT jest nie tylko \u0142atwiejsza, ale tak\u017ce bardziej wydajna. \u0141adowarka jest kompaktowa i \u0142atwa do przechowywania, idealna do u\u017cytku w warsztacie lub w podr\u00f3\u017cy.  <\/p>\n<p>Kr\u00f3tko m\u00f3wi\u0105c, <strong>szybka \u0142adowarka DEWALT DCB118<\/strong> jest niezb\u0119dna dla ka\u017cdego, kto pracuje z narz\u0119dziami DEWALT, takimi jak \u0142adowarka akumulator\u00f3w Grabo, zapewniaj\u0105c zawsze wystarczaj\u0105c\u0105 moc do wykonywania pracy bez przerw.<\/p>\n","protected":false},"excerpt":{"rendered":"<p>Szybka \u0142adowarka DEWALT jest idealna do \u0142adowania akumulator\u00f3w podno\u015bnika pr\u00f3\u017cniowego DeWalt Grabo, dzi\u0119ki czemu mo\u017cna szybko wr\u00f3ci\u0107 do pracy bez przerw.<\/p>\n<p><strong><span style=\"color: #5bbc3a;\">\u2714 <\/span><\/strong><strong>Napi\u0119cie:<\/strong> 18 V<\/p>\n<p><strong><span style=\"color: #5bbc3a;\">\u2714<\/span> Odpowiednia do podno\u015bnika pr\u00f3\u017cniowego DeWalt Grabo<\/strong><\/p>\n","protected":false},"featured_media":132396,"template":"","meta":{"_acf_changed":false,"_seopress_robots_primary_cat":"","_seopress_titles_title":"","_seopress_titles_desc":"","_seopress_robots_index":""},"product_brand":[],"product_cat":[2213,1952,1953],"product_tag":[2237,2240,2241,2242,2214,2238,2243,2239,2244,2215,2216],"class_list":{"0":"post-140530","1":"product","2":"type-product","3":"status-publish","4":"has-post-thumbnail","6":"product_cat-grabo","7":"product_cat-nosidla-do-szyb","8":"product_cat-przyssawki-z-pompka","9":"product_tag-belgia","10":"product_tag-dewalt","11":"product_tag-dewalt-grabo","12":"product_tag-dewalt-grabo-dce590n","13":"product_tag-grabo","14":"product_tag-grabo-holandia","15":"product_tag-odkurzacz-do-plytek","16":"product_tag-podnosnik-prozniowy-2","17":"product_tag-przyssawka-grabo","18":"product_tag-tlok-pompy-recznej","19":"product_tag-tlok-prozniowy","20":"product_shipping_class-paczka-45-35-25","22":"first","23":"outofstock","24":"taxable","25":"shipping-taxable","26":"purchasable","27":"product-type-simple"},"acf":[],"_links":{"self":[{"href":"https:\/\/gevelridder.nl\/pl\/wp-json\/wp\/v2\/product\/140530","targetHints":{"allow":["GET"]}}],"collection":[{"href":"https:\/\/gevelridder.nl\/pl\/wp-json\/wp\/v2\/product"}],"about":[{"href":"https:\/\/gevelridder.nl\/pl\/wp-json\/wp\/v2\/types\/product"}],"wp:featuredmedia":[{"embeddable":true,"href":"https:\/\/gevelridder.nl\/pl\/wp-json\/wp\/v2\/media\/132396"}],"wp:attachment":[{"href":"https:\/\/gevelridder.nl\/pl\/wp-json\/wp\/v2\/media?parent=140530"}],"wp:term":[{"taxonomy":"product_brand","embeddable":true,"href":"https:\/\/gevelridder.nl\/pl\/wp-json\/wp\/v2\/product_brand?post=140530"},{"taxonomy":"product_cat","embeddable":true,"href":"https:\/\/gevelridder.nl\/pl\/wp-json\/wp\/v2\/product_cat?post=140530"},{"taxonomy":"product_tag","embeddable":true,"href":"https:\/\/gevelridder.nl\/pl\/wp-json\/wp\/v2\/product_tag?post=140530"}],"curies":[{"name":"wp","href":"https:\/\/api.w.org\/{rel}","templated":true}]}}