
{"id":140526,"date":"2026-03-24T11:41:40","date_gmt":"2026-03-24T11:41:40","guid":{"rendered":"https:\/\/gevelridder.nl\/product\/dewalt-grabo-dce590n-odkurzacz-akumulatorowy-z-podnosnikiem-do-szyb-i-plytek\/"},"modified":"2026-03-24T11:41:40","modified_gmt":"2026-03-24T11:41:40","slug":"dewalt-grabo-dce590n-odkurzacz-akumulatorowy-z-podnosnikiem-do-szyb-i-plytek","status":"publish","type":"product","link":"https:\/\/gevelridder.nl\/pl\/produkt\/dewalt-grabo-dce590n-odkurzacz-akumulatorowy-z-podnosnikiem-do-szyb-i-plytek\/","title":{"rendered":"DeWalt Grabo DCE590N | Odkurzacz akumulatorowy z podno\u015bnikiem do szyb i p\u0142ytek"},"content":{"rendered":"<p><strong>Opis produktu: Podno\u015bnik pr\u00f3\u017cniowy 18V XR do materia\u0142\u00f3w budowlanych<\/strong><\/p>\n<p>Podno\u015bnik podci\u015bnieniowy 18V XR to wszechstronne narz\u0119dzie zaprojektowane specjalnie do \u0142atwego podnoszenia, przenoszenia i przesuwania r\u00f3\u017cnych materia\u0142\u00f3w budowlanych. Mo\u017ce podnosi\u0107 materia\u0142y o wadze do 120 kg w poziomie i do 60 kg w pionie, dzi\u0119ki czemu idealnie nadaje si\u0119 do ci\u0119\u017ckich prac na placach budowy. <\/p>\n<p><strong>Wydajna i bezpieczna<\/strong> praca: Pompa pr\u00f3\u017cniowa jest wyposa\u017cona w automatyczn\u0105 regulacj\u0119 ci\u015bnienia. Gdy tylko nast\u0105pi utrata ci\u015bnienia, pompa natychmiast je przywraca, dzi\u0119ki czemu zawsze mo\u017cna bezpiecznie pracowa\u0107. Dost\u0119pny jest r\u00f3wnie\u017c system podw\u00f3jnego uwalniania, zapewniaj\u0105cy dodatkowe bezpiecze\u0144stwo podczas u\u017cytkowania. Du\u017cy wy\u015bwietlacz LCD wyra\u017anie pokazuje ci\u015bnienie robocze (bar lub PSI) i poziom na\u0142adowania baterii, dzi\u0119ki czemu zawsze dok\u0142adnie wiesz, jak wygl\u0105da sytuacja.   <\/p>\n<p><strong>Funkcja ostrzegania:<\/strong> gdy ci\u015bnienie podci\u015bnienia staje si\u0119 zbyt niskie lub bateria jest roz\u0142adowana, u\u017cytkownik otrzymuje natychmiastowe ostrze\u017cenie. Odbywa si\u0119 to zar\u00f3wno za pomoc\u0105 sygna\u0142u d\u017awi\u0119kowego, jak i migaj\u0105cego wy\u015bwietlacza LCD, dzi\u0119ki czemu mo\u017cna podj\u0105\u0107 szybkie dzia\u0142ania i zapobiec wszelkim problemom. <\/p>\n<p><strong>\u0141atwo\u015b\u0107 u\u017cytkowania i wygoda:<\/strong> Podno\u015bnik pr\u00f3\u017cniowy jest \u0142atwy w u\u017cyciu dzi\u0119ki oddzielnemu przyciskowi uruchamiania pompy pr\u00f3\u017cniowej i og\u00f3lnemu w\u0142\u0105cznikowi\/wy\u0142\u0105cznikowi. Ponadto dost\u0119pne s\u0105 cztery zaczepy do pod\u0142\u0105czenia paska na rami\u0119, co sprawia, \u017ce podnoszenie ci\u0119\u017ckich materia\u0142\u00f3w jest jeszcze \u0142atwiejsze, szczeg\u00f3lnie w przypadku d\u0142ugotrwa\u0142ej pracy. <\/p>\n<p><strong>\u0141atwa konserwacja:<\/strong> Konserwacja tego urz\u0105dzenia nie stanowi problemu. Pier\u015bcie\u0144 uszczelniaj\u0105cy jest \u0142atwy do wymiany i zwykle wymaga sprawdzenia tylko raz w roku, w zale\u017cno\u015bci od intensywno\u015bci u\u017cytkowania urz\u0105dzenia. <\/p>\n<p><strong>Specyfikacja techniczna:<\/strong><\/p>\n<ul>\n<li>Platforma 18 V<\/li>\n<li>Maksymalny ud\u017awig: 120 kg (poziomo), 60 kg (pionowo)<\/li>\n<li>Wy\u015bwietlacz LCD wskazuj\u0105cy ci\u015bnienie i stan baterii<\/li>\n<\/ul>\n<p><strong>W zestawie:<\/strong><\/p>\n<ul>\n<li>DCE590 Podno\u015bnik podci\u015bnieniowy Accu do p\u0142ytek\/szk\u0142a 18V XR<\/li>\n<li>Wst\u0119pnie zmontowany pier\u015bcie\u0144 uszczelniaj\u0105cy<\/li>\n<li>Zapasowy filtr<\/li>\n<li>Os\u0142ona ekranu wy\u015bwietlacza LCD<\/li>\n<\/ul>\n<p>Niezawodne i wygodne rozwi\u0105zanie dla profesjonalist\u00f3w budowlanych, model ten jest idealny do podnoszenia szk\u0142a, p\u0142ytek i innych ci\u0119\u017ckich materia\u0142\u00f3w.<\/p>\n<p>Cho\u0107 nasz rycerski ssak jest w stanie unie\u015b\u0107 do 120 kg, Kr\u00f3lestwo Warunk\u00f3w Pracy ostrzega przed jego si\u0142\u0105. Zgodnie z ustaw\u0105 o bezpiecze\u0144stwie i higienie pracy, jedna osoba mo\u017ce unie\u015b\u0107 maksymalnie 23 kg, a razem tylko 50 kg. Zawsze b\u0105d\u017a czujny!  <\/p>\n<p>Limit ten, zdefiniowany przez u\u015bwi\u0119con\u0105 metod\u0119 NIOSH, uwzgl\u0119dnia r\u00f3wnie\u017c cz\u0119stotliwo\u015b\u0107, odleg\u0142o\u015b\u0107 ruchu, wysoko\u015b\u0107 pod\u0142ogi i rotacj\u0119 cia\u0142a. Dzi\u0119ki temu zalecana waga spada nawet w szczeg\u00f3lnie trudnych warunkach. W budownictwie towary ci\u0119\u017csze ni\u017c 50 kg nie powinny by\u0107 przenoszone r\u0119cznie, nawet przez kilku rycerzy razem.  <\/p>\n<p>Postaw na niezawodno\u015b\u0107 Grabo Pro, ale zawsze zachowaj czujno\u015b\u0107 i bezpiecze\u0144stwo podczas swoich rycerskich zada\u0144. Przygoda i wydajno\u015b\u0107 czekaj\u0105 na Ciebie! <\/p>\n<p>Gable Knight: dumny i oficjalny dealer <a href=\"https:\/\/grabo.com\/?gclid=Cj0KCQjwmICoBhDxARIsABXkXlJpwEAvU03tf809uGSQoc4ump2JbG1WFbHaA-GquW2EhSqTj_ezTMgaAme-EALw_wcB\">GRABO U.S.A.<\/a>, gdzie kunszt i jako\u015b\u0107 id\u0105 w parze.<\/p>\n","protected":false},"excerpt":{"rendered":"<p>Stw\u00f3rz uchwyt na prawie ka\u017cdej powierzchni o maksymalnym ud\u017awigu 120 kg w poziomie i 60 kg w pionie dzi\u0119ki t\u0142okowi Grabo nowej generacji.<\/p>\n<p><strong>Automatyczny system <span style=\"color: #5bbc3a;\">pr\u00f3\u017cniowy<\/span> <span style=\"color: #993366;\">z SYGNA\u0141EM ALARMOWYM<\/span><\/strong><\/p>\n<p><strong>Uniwersalny system<\/strong><\/p>\n<p><strong><span style=\"color: #5bbc3a;\">Solidna<\/span> konstrukcja<\/strong><\/p>\n<p><strong>Wy\u015bwietlacz <span style=\"color: #5bbc3a;\">LED<\/span> pr\u00f3\u017cni i akumulatora<\/strong><\/p>\n<p><strong><span style=\"color: #ff0000;\">x<\/span> Z wy\u0142\u0105czeniem <a href=\"https:\/\/gevelridder.nl\/pl\/produkt\/akumulator-dewalt-grabo-5-0-ah\/\">akumulatora<\/a> i <a href=\"https:\/\/gevelridder.nl\/pl\/produkt\/ladowarka-dewalt-grabo-multi\/\">\u0142adowarki<\/a><\/strong><\/p>\n<p><strong><span style=\"color: #ff0000;\">UWAGA:<\/span> <\/strong>Ten podno\u015bnik pr\u00f3\u017cniowy mo\u017ce zasysa\u0107 tylko szk\u0142o o grubo\u015bci od 6 mm. Je\u015bli chcesz zasysa\u0107 cie\u0144sze tafle szk\u0142a, zalecamy <a href=\"https:\/\/gevelridder.nl\/nieuws\/kim75-plus\/\">Kim75<\/a> lub <a href=\"https:\/\/gevelridder.nl\/product\/nieuw-kim120-plusauto-vacuum-hand-pompzuiger\/\">Kim120<\/a> <\/p>\n<p><strong><span style=\"color: #ff0000;\">UWAGA:<\/span> <\/strong>Kraw\u0119d\u017a spieniaj\u0105ca uszkadza si\u0119 bardzo szybko, nale\u017cy zawsze u\u017cywa\u0107 os\u0142ony ochronnej przed i po podniesieniu!<\/p>\n","protected":false},"featured_media":132388,"template":"","meta":{"_acf_changed":false,"_seopress_robots_primary_cat":"","_seopress_titles_title":"","_seopress_titles_desc":"","_seopress_robots_index":""},"product_brand":[],"product_cat":[2213,1952,1953],"product_tag":[2237,2240,2241,2242,2214,2238,2243,2239,2244,2215,2216],"class_list":{"0":"post-140526","1":"product","2":"type-product","3":"status-publish","4":"has-post-thumbnail","6":"product_cat-grabo","7":"product_cat-nosidla-do-szyb","8":"product_cat-przyssawki-z-pompka","9":"product_tag-belgia","10":"product_tag-dewalt","11":"product_tag-dewalt-grabo","12":"product_tag-dewalt-grabo-dce590n","13":"product_tag-grabo","14":"product_tag-grabo-holandia","15":"product_tag-odkurzacz-do-plytek","16":"product_tag-podnosnik-prozniowy-2","17":"product_tag-przyssawka-grabo","18":"product_tag-tlok-pompy-recznej","19":"product_tag-tlok-prozniowy","20":"product_shipping_class-paczka-45-35-25","22":"first","23":"outofstock","24":"taxable","25":"shipping-taxable","26":"purchasable","27":"product-type-simple"},"acf":[],"_links":{"self":[{"href":"https:\/\/gevelridder.nl\/pl\/wp-json\/wp\/v2\/product\/140526","targetHints":{"allow":["GET"]}}],"collection":[{"href":"https:\/\/gevelridder.nl\/pl\/wp-json\/wp\/v2\/product"}],"about":[{"href":"https:\/\/gevelridder.nl\/pl\/wp-json\/wp\/v2\/types\/product"}],"wp:featuredmedia":[{"embeddable":true,"href":"https:\/\/gevelridder.nl\/pl\/wp-json\/wp\/v2\/media\/132388"}],"wp:attachment":[{"href":"https:\/\/gevelridder.nl\/pl\/wp-json\/wp\/v2\/media?parent=140526"}],"wp:term":[{"taxonomy":"product_brand","embeddable":true,"href":"https:\/\/gevelridder.nl\/pl\/wp-json\/wp\/v2\/product_brand?post=140526"},{"taxonomy":"product_cat","embeddable":true,"href":"https:\/\/gevelridder.nl\/pl\/wp-json\/wp\/v2\/product_cat?post=140526"},{"taxonomy":"product_tag","embeddable":true,"href":"https:\/\/gevelridder.nl\/pl\/wp-json\/wp\/v2\/product_tag?post=140526"}],"curies":[{"name":"wp","href":"https:\/\/api.w.org\/{rel}","templated":true}]}}