
{"id":140523,"date":"2026-03-24T11:34:38","date_gmt":"2026-03-24T11:34:38","guid":{"rendered":"https:\/\/gevelridder.nl\/product\/odkurzacz-reczny-grabo-pro\/"},"modified":"2026-03-24T11:34:38","modified_gmt":"2026-03-24T11:34:38","slug":"odkurzacz-reczny-grabo-pro","status":"publish","type":"product","link":"https:\/\/gevelridder.nl\/pl\/produkt\/odkurzacz-reczny-grabo-pro\/","title":{"rendered":"Odkurzacz r\u0119czny Grabo Pro"},"content":{"rendered":"<p><strong>Odkurzacz akumulatorowy Grabo Pro 170 kg &#8211; przeno\u015bna moc dla ka\u017cdej powierzchni<\/strong><\/p>\n<p><strong>Grabo Pro Accu Vacuum Piston<\/strong> to rewolucyjne narz\u0119dzie dla profesjonalist\u00f3w, kt\u00f3rzy na co dzie\u0144 pracuj\u0105 z ci\u0119\u017ckimi materia\u0142ami. Jest to pierwszy na \u015bwiecie przeno\u015bny, ca\u0142kowicie elektryczny odkurzacz r\u0119czny, kt\u00f3ry zosta\u0142 specjalnie zaprojektowany do zbierania praktycznie ka\u017cdej powierzchni, nawet je\u015bli nie jest ona ca\u0142kowicie p\u0142aska. Obejmuje to drewno, szachownic\u0119, kamie\u0144 naturalny i p\u0142yty warstwowe. Z imponuj\u0105cym ud\u017awigiem <strong>170 kg<\/strong> (w zale\u017cno\u015bci od powierzchni), Grabo Pro jest najlepszym narz\u0119dziem do podnoszenia, przenoszenia i monta\u017cu ci\u0119\u017ckich przedmiot\u00f3w.   <\/p>\n<p>Narz\u0119dzie to jest przydatne nie tylko w przypadku szk\u0142a i p\u0142ytek, ale tak\u017ce doskonale sprawdza si\u0119 na mniej oczywistych materia\u0142ach, takich jak <strong>szorstki beton<\/strong>, p\u0142yta gipsowo-kartonowa, a nawet surowe drewno. Sprawia to, \u017ce jest to niezb\u0119dne narz\u0119dzie dla ka\u017cdego, kto pracuje zar\u00f3wno z p\u0142askimi, jak i nier\u00f3wnymi powierzchniami. Co wi\u0119cej, Grabo Pro jest wyposa\u017cony w <strong>wy\u015bwietlacz LCD<\/strong> wskazuj\u0105cy ci\u015bnienie i funkcj\u0119 regulacji ci\u015bnienia dla dodatkowej kontroli i bezpiecze\u0144stwa, co czyni go o krok dalej ni\u017c Grabo Plus.  <\/p>\n<p><strong>Kluczowe korzy\u015bci:<\/strong><\/p>\n<ul>\n<li><strong>Maksymalny ud\u017awig 170 kg<\/strong> na p\u0142askich powierzchniach, takich jak szk\u0142o i p\u0142ytki ceramiczne.<\/li>\n<li>Nadaje si\u0119 do stosowania na nier\u00f3wnych materia\u0142ach, takich jak kamie\u0144 naturalny, drewno i szorstki beton.<\/li>\n<li><strong>Ekran LCD<\/strong> z wy\u015bwietlaczem ci\u015bnienia i regulacj\u0105 ci\u015bnienia dla optymalnej kontroli.<\/li>\n<li>Kompaktowa i przeno\u015bna, idealna do pracy w pomieszczeniach i na zewn\u0105trz.<\/li>\n<li>Idealny do bezpiecznego przenoszenia ci\u0119\u017ckich urz\u0105dze\u0144, takich jak lod\u00f3wki, pralki lub du\u017ce materia\u0142y budowlane.<\/li>\n<\/ul>\n<p><strong>Si\u0142y no\u015bne (w zale\u017cno\u015bci od materia\u0142u):<\/strong><\/p>\n<ul>\n<li>Szk\u0142o: <strong>170<\/strong> <strong>kg<\/strong> w pionie, <strong>120 kg<\/strong> w poziomie<\/li>\n<li>Metal: <strong>110 kg<\/strong> w pionie i poziomie<\/li>\n<li>Drewno: <strong>100<\/strong> <strong>kg<\/strong> w pionie, <strong>65 kg<\/strong> w poziomie<\/li>\n<li>Szorstkie p\u0142ytki i beton: <strong>80 kg<\/strong><\/li>\n<\/ul>\n<p><strong>Co jest w torbie?<\/strong><\/p>\n<ul>\n<li>Odkurzacz akumulatorowy Grabo Pro<\/li>\n<li>1 x bateria<\/li>\n<li>1 x \u0142adowarka baterii<\/li>\n<li>1 x pier\u015bcie\u0144 uszczelniaj\u0105cy z pianki gumowej<\/li>\n<li>1 x zapasowy zestaw filtr\u00f3w<\/li>\n<\/ul>\n<p><strong>Uwaga!<\/strong>  Urz\u0105dzenie Grabo Pro jest bardzo wydajne. Nie zaleca si\u0119 stosowania na szkle cie\u0144szym ni\u017c 6 mm. <\/p>\n<p>Niezale\u017cnie od tego, czy montujesz okna, przenosisz kamie\u0144 naturalny, czy podnosisz ci\u0119\u017ckie urz\u0105dzenia, <strong>Grabo<\/strong> Pro sprawi, \u017ce Twoja praca b\u0119dzie \u0142atwiejsza, szybsza i bezpieczniejsza. Wybierz najwy\u017csz\u0105 moc i precyzj\u0119 w jednym por\u0119cznym urz\u0105dzeniu! <\/p>\n","protected":false},"excerpt":{"rendered":"<p><span style=\"color: #ff0000;\">Uwaga:<\/span> Zosta\u0142o tylko kilka sztuk na sprzeda\u017c, w wyprzeda\u017cy! Doskona\u0142y t\u0142ok do pracy. Je\u015bli chcesz nad\u0105\u017cy\u0107 za duchem czasu, zalecamy zakup naszych <a href=\"https:\/\/gevelridder.nl\/product\/dewalt-grabo-dce590n-accu-vacuumlifter-glas-tegeldrager-accuzuiger\/\">t\u0142ok\u00f3w De<\/a> Walt ju\u017c teraz. Maj\u0105 one mocniejsz\u0105 kraw\u0119d\u017a i mog\u0105 by\u0107 uniwersalnie stosowane z innymi narz\u0119dziami DeWalt. B\u0119dziesz cieszy\u0107 si\u0119 nimi d\u0142u\u017cej.    <\/p>\n<p><strong><span style=\"color: #cc99ff;\">Specyfikacja Grabo Pro:<\/span><\/strong><\/p>\n<p><strong>Maksymalny <span style=\"color: #5bbc3a;\">ud\u017awig<\/span> 170 kg<\/strong><\/p>\n<p><strong><span style=\"color: #5bbc3a;\">\u2714 <\/span><\/strong>Nadaje si\u0119 do stosowania na nier\u00f3wnych materia\u0142ach <span style=\"color: #5bbc3a;\">, takich jak<\/span> kamie\u0144 naturalny, drewno i szorstki beton.<\/p>\n<p><strong>Ekran LCD<\/strong> z wy\u015bwietlaczem ci\u015bnienia i regulacj\u0105 ci\u015bnienia dla optymalnej kontroli<strong><span style=\"color: #5bbc3a;\">. <\/span><\/strong> <\/p>\n<p><strong><span style=\"color: #5bbc3a;\">\u2714 <\/span><\/strong>Kompaktowy i przeno\u015bny<\/p>\n<p><strong><span style=\"color: #5bbc3a;\">\u2714 <\/span><\/strong>Idealny do bezpiecznego przenoszenia ci\u0119\u017ckich urz\u0105dze\u0144, takich jak lod\u00f3wki, pralki lub du\u017ce materia\u0142y budowlane.<\/p>\n<p><span style=\"color: #cc99ff;\"><strong>Si\u0142y no\u015bne (w zale\u017cno\u015bci od materia\u0142u):<\/strong><\/span><\/p>\n<ul>\n<li>Szk\u0142o: <strong>170<\/strong> <strong>kg<\/strong> w pionie, <strong>120 kg<\/strong> w poziomie<\/li>\n<li>Metal: <strong>110 kg<\/strong> w pionie i poziomie<\/li>\n<li>Drewno: <strong>100<\/strong> <strong>kg<\/strong> w pionie, <strong>65 kg<\/strong> w poziomie<\/li>\n<li>Szorstkie p\u0142ytki i beton: <strong>80 kg<\/strong><\/li>\n<\/ul>\n","protected":false},"featured_media":131749,"template":"","meta":{"_acf_changed":false,"_seopress_robots_primary_cat":"","_seopress_titles_title":"","_seopress_titles_desc":"","_seopress_robots_index":""},"product_brand":[],"product_cat":[2213,1952],"product_tag":[2237,2238,2215,2216],"class_list":{"0":"post-140523","1":"product","2":"type-product","3":"status-publish","4":"has-post-thumbnail","6":"product_cat-grabo","7":"product_cat-nosidla-do-szyb","8":"product_tag-belgia","9":"product_tag-grabo-holandia","10":"product_tag-tlok-pompy-recznej","11":"product_tag-tlok-prozniowy","12":"product_shipping_class-paczka-45-35-25","14":"first","15":"outofstock","16":"taxable","17":"shipping-taxable","18":"purchasable","19":"product-type-simple"},"acf":[],"_links":{"self":[{"href":"https:\/\/gevelridder.nl\/pl\/wp-json\/wp\/v2\/product\/140523","targetHints":{"allow":["GET"]}}],"collection":[{"href":"https:\/\/gevelridder.nl\/pl\/wp-json\/wp\/v2\/product"}],"about":[{"href":"https:\/\/gevelridder.nl\/pl\/wp-json\/wp\/v2\/types\/product"}],"wp:featuredmedia":[{"embeddable":true,"href":"https:\/\/gevelridder.nl\/pl\/wp-json\/wp\/v2\/media\/131749"}],"wp:attachment":[{"href":"https:\/\/gevelridder.nl\/pl\/wp-json\/wp\/v2\/media?parent=140523"}],"wp:term":[{"taxonomy":"product_brand","embeddable":true,"href":"https:\/\/gevelridder.nl\/pl\/wp-json\/wp\/v2\/product_brand?post=140523"},{"taxonomy":"product_cat","embeddable":true,"href":"https:\/\/gevelridder.nl\/pl\/wp-json\/wp\/v2\/product_cat?post=140523"},{"taxonomy":"product_tag","embeddable":true,"href":"https:\/\/gevelridder.nl\/pl\/wp-json\/wp\/v2\/product_tag?post=140523"}],"curies":[{"name":"wp","href":"https:\/\/api.w.org\/{rel}","templated":true}]}}