
{"id":140521,"date":"2026-03-24T11:36:30","date_gmt":"2026-03-24T11:36:30","guid":{"rendered":"https:\/\/gevelridder.nl\/product\/torba-grabo\/"},"modified":"2026-03-24T11:36:30","modified_gmt":"2026-03-24T11:36:30","slug":"torba-grabo","status":"publish","type":"product","link":"https:\/\/gevelridder.nl\/pl\/produkt\/torba-grabo\/","title":{"rendered":"Torba Grabo"},"content":{"rendered":"<h2><strong>Torba p\u0142\u00f3cienna Nemo Grabo: rycerski stra\u017cnik odkurzaczy!<\/strong>  ?\ufe0f<\/h2>\n<p>S\u0142uchajcie, dzielni rycerze! W dawnych czasach rycerze nosili swoje miecze w solidnych pochwach, chroni\u0105c je przed \u017cywio\u0142ami i b\u0119d\u0105c gotowymi do ka\u017cdej bitwy. W nowoczesnym kr\u00f3lestwie budowlanym <strong>torba p\u0142\u00f3cienna Nemo Grabo<\/strong> jest tarcz\u0105 dla najcenniejszej broni &#8211;<a href=\"https:\/\/gevelridder.nl\/product\/grabo-pro-handzuiger-digitaal\/\"> odkurzacza<\/a> Nemo Grabo.  <\/p>\n<p>Ka\u017cda opowie\u015b\u0107 o rycerzu ma swojego bohatera, a w tej opowie\u015bci jeste\u015b nim ty. Ale za ka\u017cdym wielkim rycerzem stoi pot\u0119\u017cne narz\u0119dzie. Oto kilka powod\u00f3w, dla kt\u00f3rych ta p\u0142\u00f3cienna torba jest idealnym giermkiem:  <\/p>\n<ol>\n<li><strong>Ochrona przed \u017cywio\u0142ami:<\/strong> Podobnie jak he\u0142m rycerski chroni g\u0142ow\u0119, ten worek chroni odkurzacz przed irytuj\u0105cym kurzem i z\u0142owrogimi kroplami wody. Prawdziwy stra\u017cnik przed nieprzewidywaln\u0105 pogod\u0105 budowlanego kr\u00f3lestwa! <\/li>\n<li><strong>Mocna jak zamek:<\/strong> Wykonana z wytrzyma\u0142ego p\u0142\u00f3tna, ta torba jest jak forteca dla twoich narz\u0119dzi. Dzi\u0119ki solidnej konstrukcji pozostaje na swoim miejscu nawet w najtrudniejszych warunkach. <\/li>\n<li><strong>No\u015b z dum\u0105:<\/strong> Podobnie jak sztandary i chor\u0105gwie dawnych rycerzy, p\u0142\u00f3cienna torba Nemo Grabo jest stylowa i funkcjonalna. Nie tylko przenosi odkurzacz, ale tak\u017ce reputacj\u0119 jako\u015bci i profesjonalizmu. <\/li>\n<li><strong>Zawsze u boku:<\/strong> niczym lojalny giermek, ta p\u0142\u00f3cienna torba jest zawsze do Twojej dyspozycji. Dzi\u0119ki por\u0119cznemu rozmiarowi jest zawsze gotowa do dzia\u0142ania, niezale\u017cnie od tego, czy w\u0119drujesz od projektu do projektu, czy przechowujesz narz\u0119dzia po udanej bitwie. <\/li>\n<\/ol>\n<p>Na arenie budowlanej przygotowanie jest wszystkim. Uzbr\u00f3j si\u0119 w najlepszy sprz\u0119t i staw czo\u0142a ka\u017cdemu wyzwaniu jak bohater. Nigdy nie zostawiaj odkurzacza bez ochrony. Wybierz rycersk\u0105 ochron\u0119 <strong>torby p\u0142\u00f3ciennej Nemo Grabo<\/strong> i \u015bmia\u0142o stawiaj czo\u0142a budowlanym przygodom!   <\/p>\n<p>Tak wi\u0119c, rycerzu budowlany, b\u0105d\u017a silny, b\u0105d\u017a przygotowany i pozw\u00f3l torbie p\u0142\u00f3ciennej Nemo Grabo sta\u0107 na stra\u017cy twoich najcenniejszych narz\u0119dzi. Podno\u015b z dum\u0105 i buduj historie, kt\u00f3re b\u0119d\u0105 opowiadane przez pokolenia! ???\ufe0f  <\/p>\n<p>Gable Knight: dumny i oficjalny dealer <a href=\"https:\/\/grabo.com\/?gclid=Cj0KCQjwmICoBhDxARIsABXkXlJpwEAvU03tf809uGSQoc4ump2JbG1WFbHaA-GquW2EhSqTj_ezTMgaAme-EALw_wcB\">GRABO U.S.A.<\/a>, gdzie kunszt i jako\u015b\u0107 id\u0105 w parze.<\/p>\n","protected":false},"excerpt":{"rendered":"<p><strong>Torba p\u0142\u00f3cienna Nemo Grabo: ochrona rycerza dla bohater\u00f3w budowy!<\/strong><br \/>\n Construction Knight, schowaj sw\u00f3j odkurzacz Nemo Grabo w naszej wytrzyma\u0142ej p\u0142\u00f3ciennej torbie! Niczym tarcza chroni\u0105ca przed kurzem i zdradzieckimi kroplami wody, ta os\u0142ona stoi mocno u Twojego boku. Wytrzyma\u0142y, stylowy i zawsze gotowy do akcji. Dla prawdziwych legend budownictwa, kt\u00f3re szanuj\u0105 swoje narz\u0119dzia. Strze\u017c swojego odkurzacza jak kr\u00f3lewskiego skarbu! ???\ufe0f     <\/p>\n","protected":false},"featured_media":131915,"template":"","meta":{"_acf_changed":false,"_seopress_robots_primary_cat":"none","_seopress_titles_title":"","_seopress_titles_desc":"","_seopress_robots_index":""},"product_brand":[],"product_cat":[2213,1952],"product_tag":[2235,1957,2228,2215,2216,2236],"class_list":{"0":"post-140521","1":"product","2":"type-product","3":"status-publish","4":"has-post-thumbnail","6":"product_cat-grabo","7":"product_cat-nosidla-do-szyb","8":"product_tag-bezpieczny","9":"product_tag-gevelridder","10":"product_tag-kim75","11":"product_tag-tlok-pompy-recznej","12":"product_tag-tlok-prozniowy","13":"product_tag-torba-grabo","15":"first","16":"outofstock","17":"sold-individually","18":"taxable","19":"shipping-taxable","20":"purchasable","21":"product-type-simple"},"acf":[],"_links":{"self":[{"href":"https:\/\/gevelridder.nl\/pl\/wp-json\/wp\/v2\/product\/140521","targetHints":{"allow":["GET"]}}],"collection":[{"href":"https:\/\/gevelridder.nl\/pl\/wp-json\/wp\/v2\/product"}],"about":[{"href":"https:\/\/gevelridder.nl\/pl\/wp-json\/wp\/v2\/types\/product"}],"wp:featuredmedia":[{"embeddable":true,"href":"https:\/\/gevelridder.nl\/pl\/wp-json\/wp\/v2\/media\/131915"}],"wp:attachment":[{"href":"https:\/\/gevelridder.nl\/pl\/wp-json\/wp\/v2\/media?parent=140521"}],"wp:term":[{"taxonomy":"product_brand","embeddable":true,"href":"https:\/\/gevelridder.nl\/pl\/wp-json\/wp\/v2\/product_brand?post=140521"},{"taxonomy":"product_cat","embeddable":true,"href":"https:\/\/gevelridder.nl\/pl\/wp-json\/wp\/v2\/product_cat?post=140521"},{"taxonomy":"product_tag","embeddable":true,"href":"https:\/\/gevelridder.nl\/pl\/wp-json\/wp\/v2\/product_tag?post=140521"}],"curies":[{"name":"wp","href":"https:\/\/api.w.org\/{rel}","templated":true}]}}