
{"id":140519,"date":"2026-03-24T11:36:02","date_gmt":"2026-03-24T11:36:02","guid":{"rendered":"https:\/\/gevelridder.nl\/product\/grabo-slender-seal\/"},"modified":"2026-03-24T11:36:02","modified_gmt":"2026-03-24T11:36:02","slug":"grabo-slender-seal","status":"publish","type":"product","link":"https:\/\/gevelridder.nl\/pl\/produkt\/grabo-slender-seal\/","title":{"rendered":"Grabo Slender Seal"},"content":{"rendered":"<p><strong>Nemo Grabo Slender Seal: rycerska moc dla ka\u017cdego budowniczego!<\/strong>  ?\ufe0f<\/p>\n<p>Hej, twardy rycerzu budowlany! Chcesz podnosi\u0107 d\u0142ugie paski p\u0142ytek, drewna lub kamienia, jakby by\u0142y pi\u00f3rami? Poznaj niepokonan\u0105 smuk\u0142\u0105 uszczelk\u0119 Nemo Grabo! Ten pot\u0119\u017cny pier\u015bcie\u0144 uszczelniaj\u0105cy to twoja ostateczna bro\u0144 na placu budowy.   <\/p>\n<p><strong>Dlaczego Nemo Grabo Slender Seal jest twoim sprzymierze\u0144cem w bitwie budowlanej?<\/strong><\/p>\n<ol>\n<li><strong>Wszechstronno\u015b\u0107:<\/strong> Idealny do podnoszenia d\u0142ugich, w\u0105skich element\u00f3w &#8211; p\u0142ytek, drewna lub kamienia. Nie daj si\u0119 pokona\u0107 ci\u0119\u017ckim \u0142adunkom! <\/li>\n<li><strong>Odpowiedni do nieporowatych powierzchni:<\/strong> Slender Seal bez trudu przyssie si\u0119 do g\u0142adkich powierzchni. Jednak ma\u0142e ostrze\u017cenie dla naszego dzielnego rycerza budowlanego: na porowatych powierzchniach, takich jak bloki tarasowe, zabraknie mu magicznej si\u0142y ss\u0105cej. <\/li>\n<li><strong>Idealne dopasowanie:<\/strong> Niezale\u017cnie od tego, czy posiadasz jeden czy drugi model odkurzacza Nemo Grabo, ten pier\u015bcie\u0144 uszczelniaj\u0105cy jest Twoim wiernym giermkiem.<\/li>\n<\/ol>\n<p><strong>Wniosek:<\/strong> Nie czekaj d\u0142u\u017cej i wyposa\u017c si\u0119 w Nemo Grabo Slender Seal. Tak jak rycerz potrzebuje swojego miecza, tak ty potrzebujesz tego pot\u0119\u017cnego narz\u0119dzia w swoim budowlanym arsenale. Zam\u00f3w teraz i zosta\u0144 niekwestionowanym mistrzem ka\u017cdego placu budowy!  <\/p>\n<p>Gable Knight: dumny i oficjalny dealer <a href=\"https:\/\/grabo.com\/?gclid=Cj0KCQjwmICoBhDxARIsABXkXlJpwEAvU03tf809uGSQoc4ump2JbG1WFbHaA-GquW2EhSqTj_ezTMgaAme-EALw_wcB\">GRABO U.S.A.<\/a>, gdzie kunszt i jako\u015b\u0107 id\u0105 w parze.<\/p>\n","protected":false},"excerpt":{"rendered":"<p><strong>Nemo Grabo Slender Seal: Tajna bro\u0144 rycerza budowlanego!<\/strong>  ?\ufe0f<\/p>\n<p>Pracowniku budowlany, bez wysi\u0142ku podnie\u015b d\u0142ugie paski p\u0142ytek, drewna lub kamienia za pomoc\u0105 Nemo Grabo Slender Seal. Idealna do nieporowatych powierzchni i pasuje do ka\u017cdego odkurzacza Nemo Grabo. Zachowaj ostro\u017cno\u015b\u0107 w przypadku porowatych materia\u0142\u00f3w, takich jak kostka brukowa. Wyposa\u017c sw\u00f3j arsena\u0142 w ten pot\u0119\u017cny odkurzacz i rz\u0105d\u017a ka\u017cdym zadaniem! \u2694\ufe0f    <\/p>\n","protected":false},"featured_media":131914,"template":"","meta":{"_acf_changed":false,"_seopress_robots_primary_cat":"","_seopress_titles_title":"","_seopress_titles_desc":"","_seopress_robots_index":""},"product_brand":[],"product_cat":[2213,1952],"product_tag":[2214,2230,2233,2234,2231,2216,2232],"class_list":{"0":"post-140519","1":"product","2":"type-product","3":"status-publish","4":"has-post-thumbnail","6":"product_cat-grabo","7":"product_cat-nosidla-do-szyb","8":"product_tag-grabo","9":"product_tag-plyty","10":"product_tag-podnoszenie-kamienia-naturalnego","11":"product_tag-podnoszenie-skal","12":"product_tag-tlok-pompy","13":"product_tag-tlok-prozniowy","14":"product_tag-waski-tlok","15":"product_shipping_class-paczka-45-35-25","17":"first","18":"outofstock","19":"sold-individually","20":"taxable","21":"shipping-taxable","22":"purchasable","23":"product-type-simple"},"acf":[],"_links":{"self":[{"href":"https:\/\/gevelridder.nl\/pl\/wp-json\/wp\/v2\/product\/140519","targetHints":{"allow":["GET"]}}],"collection":[{"href":"https:\/\/gevelridder.nl\/pl\/wp-json\/wp\/v2\/product"}],"about":[{"href":"https:\/\/gevelridder.nl\/pl\/wp-json\/wp\/v2\/types\/product"}],"wp:featuredmedia":[{"embeddable":true,"href":"https:\/\/gevelridder.nl\/pl\/wp-json\/wp\/v2\/media\/131914"}],"wp:attachment":[{"href":"https:\/\/gevelridder.nl\/pl\/wp-json\/wp\/v2\/media?parent=140519"}],"wp:term":[{"taxonomy":"product_brand","embeddable":true,"href":"https:\/\/gevelridder.nl\/pl\/wp-json\/wp\/v2\/product_brand?post=140519"},{"taxonomy":"product_cat","embeddable":true,"href":"https:\/\/gevelridder.nl\/pl\/wp-json\/wp\/v2\/product_cat?post=140519"},{"taxonomy":"product_tag","embeddable":true,"href":"https:\/\/gevelridder.nl\/pl\/wp-json\/wp\/v2\/product_tag?post=140519"}],"curies":[{"name":"wp","href":"https:\/\/api.w.org\/{rel}","templated":true}]}}