
{"id":140517,"date":"2026-03-24T11:36:02","date_gmt":"2026-03-24T11:36:02","guid":{"rendered":"https:\/\/gevelridder.nl\/product\/grabo-rockseal\/"},"modified":"2026-03-24T11:36:02","modified_gmt":"2026-03-24T11:36:02","slug":"grabo-rockseal","status":"publish","type":"product","link":"https:\/\/gevelridder.nl\/pl\/produkt\/grabo-rockseal\/","title":{"rendered":"Grabo RockSeal"},"content":{"rendered":"<p><strong>Nemo Grabo Rock Seal: rycerz w\u015br\u00f3d podno\u015bnik\u00f3w pr\u00f3\u017cniowych dla ka\u017cdego twardego pracownika budowlanego!<\/strong>?<\/p>\n<p>S\u0142uchaj, s\u0142uchaj, dzielny rycerzu budowlany kr\u00f3lestwa! Min\u0119\u0142y ju\u017c czasy zmaga\u0144 z chropowatymi powierzchniami kamiennymi i skalnymi! Poznaj legendarn\u0105 skaln\u0105 piecz\u0119\u0107 Nemo Grabo, tajn\u0105 bro\u0144 dla ka\u017cdego budowniczego, kt\u00f3ry jest jej godzien.  <\/p>\n<p><strong>Dlaczego Nemo Grabo Rock Seal jest niezb\u0119dnym mieczem w bitwie budowlanej:<\/strong><\/p>\n<ol>\n<li><strong>Niespotykana moc:<\/strong> ta majestatyczna uszczelka Rock Seal nie jest tylko kolejnym akcesorium; to Tw\u00f3j zaufany giermek w budownictwie. Umie\u015b\u0107 j\u0105 na spodzie podno\u015bnika pr\u00f3\u017cniowego Nemo Grabo i poczuj moc podnoszenia nawet najbardziej szorstkich powierzchni kamiennych i skalnych o profilu powierzchni do 10 mm. <\/li>\n<li><strong>Kr\u00f3lewska kompatybilno\u015b\u0107:<\/strong> Nie obawiaj si\u0119, poniewa\u017c Nemo Grabo Rock Seal jest lojalnym sojusznikiem Nemo Grabo Plus. Razem tworz\u0105 duet, kt\u00f3ry jest niepokonany w \u015bwiecie konstrukcji. <\/li>\n<li><strong>Dla prawdziwych wojownik\u00f3w:<\/strong> Nie ka\u017cdy rycerz jest w stanie stawi\u0107 czo\u0142a trudnym powierzchniom. Ale ty, z Rock Seal u boku, podejmiesz ka\u017cd\u0105 misj\u0119 budowlan\u0105 z odwag\u0105 i si\u0142\u0105. Piecz\u0119\u0107 pasuje do wszystkich <a href=\"https:\/\/gevelridder.nl\/product\/sirliftalot-grabo-handzuiger-in-koffer\/\">Grabo.<\/a>  <\/li>\n<\/ol>\n<p><strong>Ostateczne wezwanie do rycerzy budowlanych:<\/strong> Ty, kt\u00f3ry budujesz wie\u017ce i fortyfikujesz zamki, zas\u0142ugujesz na najlepsze narz\u0119dzie w swoim rycerskim arsenale. Nemo Grabo Rock Seal to nie tylko narz\u0119dzie; to przed\u0142u\u017cenie twojego kunsztu, honoru i si\u0142y. Kiedy wschodzi s\u0142o\u0144ce i jeste\u015b gotowy na kolejn\u0105 budowlan\u0105 przygod\u0119, upewnij si\u0119, \u017ce jeste\u015b uzbrojony w najlepszego sprzymierze\u0144ca.  <\/p>\n<p><strong>Podsumowanie:<\/strong> Rycerzu budownictwa, Nemo Grabo Rock Seal ci\u0119 wzywa! Wzboga\u0107 swoje imperium budowlane, pokonaj ka\u017cd\u0105 nier\u00f3wn\u0105 powierzchni\u0119 i pozw\u00f3l zab\u0142ysn\u0105\u0107 swojej legendzie. Zam\u00f3w teraz i pozw\u00f3l legendzie budownictwa \u017cy\u0107 dalej!  <\/p>\n<p>Gable Knight: dumny i oficjalny dealer <a href=\"https:\/\/grabo.com\/?gclid=Cj0KCQjwmICoBhDxARIsABXkXlJpwEAvU03tf809uGSQoc4ump2JbG1WFbHaA-GquW2EhSqTj_ezTMgaAme-EALw_wcB\">GRABO U.S.A.<\/a>, gdzie kunszt i jako\u015b\u0107 id\u0105 w parze.<\/p>\n","protected":false},"excerpt":{"rendered":"<p><strong>Nemo Grabo Rock Seal Przegl\u0105d:<\/strong><\/p>\n<p>Uszczelka Nemo Grabo Rock Seal to akcesorium do podno\u015bnika pr\u00f3\u017cniowego Nemo Grabo, zaprojektowane specjalnie do podnoszenia szorstkich powierzchni kamiennych i skalnych o profilu do 10 mm. Ta uszczelka jest w pe\u0142ni kompatybilna z Nemo Grabo Plus. Idealna dla profesjonalist\u00f3w, kt\u00f3rzy potrzebuj\u0105 niezawodnego rozwi\u0105zania do przenoszenia nieregularnych materia\u0142\u00f3w.  <\/p>\n","protected":false},"featured_media":131913,"template":"","meta":{"_acf_changed":false,"_seopress_robots_primary_cat":"","_seopress_titles_title":"","_seopress_titles_desc":"","_seopress_robots_index":""},"product_brand":[],"product_cat":[2213,1952],"product_tag":[2214,2229,2228,2215,2216],"class_list":{"0":"post-140517","1":"product","2":"type-product","3":"status-publish","4":"has-post-thumbnail","6":"product_cat-grabo","7":"product_cat-nosidla-do-szyb","8":"product_tag-grabo","9":"product_tag-kamien-naturalny","10":"product_tag-kim75","11":"product_tag-tlok-pompy-recznej","12":"product_tag-tlok-prozniowy","13":"product_shipping_class-paczka-45-35-25","15":"first","16":"outofstock","17":"sale","18":"sold-individually","19":"taxable","20":"shipping-taxable","21":"purchasable","22":"product-type-simple"},"acf":[],"_links":{"self":[{"href":"https:\/\/gevelridder.nl\/pl\/wp-json\/wp\/v2\/product\/140517","targetHints":{"allow":["GET"]}}],"collection":[{"href":"https:\/\/gevelridder.nl\/pl\/wp-json\/wp\/v2\/product"}],"about":[{"href":"https:\/\/gevelridder.nl\/pl\/wp-json\/wp\/v2\/types\/product"}],"wp:featuredmedia":[{"embeddable":true,"href":"https:\/\/gevelridder.nl\/pl\/wp-json\/wp\/v2\/media\/131913"}],"wp:attachment":[{"href":"https:\/\/gevelridder.nl\/pl\/wp-json\/wp\/v2\/media?parent=140517"}],"wp:term":[{"taxonomy":"product_brand","embeddable":true,"href":"https:\/\/gevelridder.nl\/pl\/wp-json\/wp\/v2\/product_brand?post=140517"},{"taxonomy":"product_cat","embeddable":true,"href":"https:\/\/gevelridder.nl\/pl\/wp-json\/wp\/v2\/product_cat?post=140517"},{"taxonomy":"product_tag","embeddable":true,"href":"https:\/\/gevelridder.nl\/pl\/wp-json\/wp\/v2\/product_tag?post=140517"}],"curies":[{"name":"wp","href":"https:\/\/api.w.org\/{rel}","templated":true}]}}