
{"id":140515,"date":"2026-03-24T11:35:38","date_gmt":"2026-03-24T11:35:38","guid":{"rendered":"https:\/\/gevelridder.nl\/product\/nowosc-akumulator-litowo-jonowy-ottovac\/"},"modified":"2026-03-24T11:35:38","modified_gmt":"2026-03-24T11:35:38","slug":"nowosc-akumulator-litowo-jonowy-ottovac","status":"publish","type":"product","link":"https:\/\/gevelridder.nl\/pl\/produkt\/nowosc-akumulator-litowo-jonowy-ottovac\/","title":{"rendered":"NOWO\u015a\u0106: Akumulator litowo-jonowy Ottovac"},"content":{"rendered":"<h2>Nowo\u015b\u0107: bateria litowo-jonowa, akumulator do OTTOVAC,<\/h2>\n<p>Teraz dost\u0119pny osobno akumulator litowo-jonowy Ottovac. OTTOVAC jest dostarczany z modu\u0142em do wk\u0142adania lu\u017anych baterii. Mo\u017cesz kupi\u0107 baterie na dowolnej stacji benzynowej, aby kontynuowa\u0107 prac\u0119 z OTTOVAC, co jest wygodne! Du\u017c\u0105 wad\u0105 tego rozwi\u0105zania jest to, \u017ce jest ono szkodliwe dla \u015brodowiska i na d\u0142u\u017csz\u0105 met\u0119 kosztuje du\u017co pieni\u0119dzy na ci\u0105g\u0142e kupowanie nowych baterii. Na szcz\u0119\u015bcie mamy teraz rozwi\u0105zanie, Facade Knight da\u0142 Grabo impuls do wprowadzenia na rynek akumulatora do Ottovac; baterii litowo-jonowej.    <\/p>\n<p>Du\u017c\u0105 zalet\u0105 jest to, \u017ce masz znacznie wi\u0119ksz\u0105 elastyczno\u015b\u0107 ni\u017c na przyk\u0142ad w przypadku naszych odkurzaczy Kim lub innych podobnych odkurzaczy, kt\u00f3re wymagaj\u0105 natychmiastowego \u0142adowania. Dzieje si\u0119 tak dlatego, \u017ce je\u015bli bateria tych odkurzaczy jest roz\u0142adowana, nie mo\u017cna kontynuowa\u0107 pracy! Teraz jest inaczej dzi\u0119ki akumulatorowi litowo-jonowemu OTTOVAC!  <\/p>\n<p>Dzi\u0119ki OTTOVAC nie trzeba ju\u017c r\u0119cznie obs\u0142ugiwa\u0107 t\u0142oka, aby zala\u0107 przyssawk\u0119, co jest tradycyjnie wymagane. To nowe narz\u0119dzie jest wyposa\u017cone w rewolucyjny automatyczny czujnik w\u0142\u0105czania\/wy\u0142\u0105czania, kt\u00f3ry eliminuje wszelkie w\u0105tpliwo\u015bci co do rzeczywistej si\u0142y ssania pr\u00f3\u017cniowego na szybie. Co wi\u0119cej, powtarzaj\u0105ce si\u0119 r\u0119czne operowanie t\u0142okiem mo\u017ce powodowa\u0107 problemy z mi\u0119\u015bniami d\u0142oni, je\u015bli cz\u0119sto wykonujesz ten ruch.  <\/p>\n<p>Automatyczny czujnik w\u0142\u0105czania\/wy\u0142\u0105czania jest wbudowany w OTTOVAC i informuje pomp\u0119 pr\u00f3\u017cniow\u0105, aby w\u0142\u0105czy\u0142a si\u0119 w celu wytworzenia podci\u015bnienia i zatrzyma\u0142a si\u0119, gdy osi\u0105gnie wystarczaj\u0105ce podci\u015bnienie, aby unikn\u0105\u0107 wytworzenia zbyt du\u017cego podci\u015bnienia i p\u0119kni\u0119cia lub &#8222;p\u0119kni\u0119cia&#8221; szk\u0142a. Z drugiej strony, je\u015bli narz\u0119dzie zacznie traci\u0107 lub &#8222;przecieka\u0107&#8221; podci\u015bnienie, narz\u0119dzie automatycznie w\u0142\u0105czy si\u0119 ponownie i przywr\u00f3ci podci\u015bnienie, dzi\u0119ki czemu zawsze b\u0119dziesz w bezpiecznej strefie tak d\u0142ugo, jak tego potrzebujesz. Gdy podci\u015bnienie w podstawie przyssawki osi\u0105gnie -55 kPa, pompa automatycznie zatrzyma si\u0119 po trzech sekundach.  <\/p>\n<p>Gdy poziom pr\u00f3\u017cni spadnie poni\u017cej -55 kPa, pompa automatycznie uruchomi si\u0119 ponownie i osi\u0105gnie wymagane ci\u015bnienie podczas pracy.<\/p>\n<p>OTTOVAC jest przystosowany do bezpiecznego ud\u017awigu do 150 kg i jest zasilany przez zestaw akumulator\u00f3w, w tym wysokiej jako\u015bci akumulator litowo-jonowy zaprojektowany specjalnie w celu zapewnienia optymalnej mocy i niezawodno\u015bci urz\u0105dzenia. Akumulator sk\u0142ada si\u0119 z dw\u00f3ch oddzielnych ogniw litowo-jonowych 18500, zapewniaj\u0105c wydajne i d\u0142ugotrwa\u0142e \u017ar\u00f3d\u0142o zasilania. <\/p>\n<p>Dzi\u0119ki zaawansowanej technologii litowo-jonowej akumulator OTTOVAC zapewnia sta\u0142\u0105 i stabiln\u0105 moc wyj\u015bciow\u0105, umo\u017cliwiaj\u0105c wykonywanie r\u00f3\u017cnych zada\u0144 z pewno\u015bci\u0105 siebie. Niezale\u017cnie od tego, czy u\u017cywasz OTTOVAC do majsterkowania, czy do profesjonalnego u\u017cytku, ta bateria zosta\u0142a zaprojektowana tak, aby sprosta\u0107 wymaganiom Twojej pracy. <\/p>\n<p>\u0141adowanie akumulatora litowo-jonowego OTTOVAC jest \u0142atwe. Wystarczy pod\u0142\u0105czy\u0107 <a href=\"https:\/\/gevelridder.nl\/pl\/produkt\/kabel-usb-typu-c-do-akumulatora-litowo-jonowego\/\">kabel USB typu C<\/a>, aby wygodnie \u0142adowa\u0107 go z r\u00f3\u017cnych \u017ar\u00f3de\u0142 zasilania, takich jak komputer, zasilacz \u015bcienny lub powerbank. Oferujemy ten kabel w sprzeda\u017cy osobno, prawdopodobnie masz go ju\u017c w pobli\u017cu. Ta wszechstronno\u015b\u0107 umo\u017cliwia \u0142adowanie baterii w dowolnym miejscu, zapewniaj\u0105c elastyczno\u015b\u0107 i wygod\u0119.   <\/p>\n","protected":false},"excerpt":{"rendered":"<p>Ju\u017c dost\u0119pny: akumulator litowo-jonowy OTTOVAC. OTTOVAC jest standardowo wyposa\u017cony w modu\u0142 na lu\u017ane baterie. Wygodne jest to, \u017ce mo\u017cna kupi\u0107 baterie na dowolnej stacji benzynowej, aby kontynuowa\u0107 prac\u0119 z OTTOVAC! Jednak du\u017c\u0105 wad\u0105 tego rozwi\u0105zania jest to, \u017ce jest ono szkodliwe dla \u015brodowiska i na d\u0142u\u017csz\u0105 met\u0119 kosztuje du\u017co pieni\u0119dzy na ci\u0105g\u0142e kupowanie nowych baterii. Na szcz\u0119\u015bcie mamy rozwi\u0105zanie: Fa\u00e7ade Knight zach\u0119ci\u0142 Grabo do wprowadzenia na rynek akumulatora do OTTOVAC, a mianowicie akumulatora litowo-jonowego.    <\/p>\n<p>\u0141adowanie akumulatora litowo-jonowego OTTOVAC jest \u0142atwe. Wystarczy pod\u0142\u0105czy\u0107 kabel USB typu C, aby wygodnie \u0142adowa\u0107 go z r\u00f3\u017cnych \u017ar\u00f3de\u0142 zasilania, takich jak komputer, zasilacz \u015bcienny lub power bank. Oferujemy r\u00f3wnie\u017c ten kabel na sprzeda\u017c osobno, ale najprawdopodobniej masz ju\u017c jeden le\u017c\u0105cy w pobli\u017cu. Ta wszechstronno\u015b\u0107 umo\u017cliwia \u0142adowanie akumulatora w dowolnym miejscu, zapewniaj\u0105c elastyczno\u015b\u0107 i wygod\u0119. A je\u015bli bateria jest pusta, zawsze mo\u017cesz skorzysta\u0107 ze standardowej jednostki z lu\u017anymi bateriami.    <\/p>\n<p>Uwaga: przew\u00f3d \u0142aduj\u0105cy i t\u0142ok Grabo nale\u017cy zamawia\u0107 osobno.<\/p>\n","protected":false},"featured_media":132002,"template":"","meta":{"_acf_changed":false,"_seopress_robots_primary_cat":"none","_seopress_titles_title":"","_seopress_titles_desc":"","_seopress_robots_index":""},"product_brand":[],"product_cat":[2213,1952,1953],"product_tag":[2220,2214,2222,2221],"class_list":{"0":"post-140515","1":"product","2":"type-product","3":"status-publish","4":"has-post-thumbnail","6":"product_cat-grabo","7":"product_cat-nosidla-do-szyb","8":"product_cat-przyssawki-z-pompka","9":"product_tag-dealer","10":"product_tag-grabo","11":"product_tag-ottovac","12":"product_tag-tlok-gable-knight","14":"first","15":"outofstock","16":"sale","17":"taxable","18":"shipping-taxable","19":"purchasable","20":"product-type-simple"},"acf":[],"_links":{"self":[{"href":"https:\/\/gevelridder.nl\/pl\/wp-json\/wp\/v2\/product\/140515","targetHints":{"allow":["GET"]}}],"collection":[{"href":"https:\/\/gevelridder.nl\/pl\/wp-json\/wp\/v2\/product"}],"about":[{"href":"https:\/\/gevelridder.nl\/pl\/wp-json\/wp\/v2\/types\/product"}],"wp:featuredmedia":[{"embeddable":true,"href":"https:\/\/gevelridder.nl\/pl\/wp-json\/wp\/v2\/media\/132002"}],"wp:attachment":[{"href":"https:\/\/gevelridder.nl\/pl\/wp-json\/wp\/v2\/media?parent=140515"}],"wp:term":[{"taxonomy":"product_brand","embeddable":true,"href":"https:\/\/gevelridder.nl\/pl\/wp-json\/wp\/v2\/product_brand?post=140515"},{"taxonomy":"product_cat","embeddable":true,"href":"https:\/\/gevelridder.nl\/pl\/wp-json\/wp\/v2\/product_cat?post=140515"},{"taxonomy":"product_tag","embeddable":true,"href":"https:\/\/gevelridder.nl\/pl\/wp-json\/wp\/v2\/product_tag?post=140515"}],"curies":[{"name":"wp","href":"https:\/\/api.w.org\/{rel}","templated":true}]}}