
{"id":140514,"date":"2026-04-03T09:37:20","date_gmt":"2026-04-03T09:37:20","guid":{"rendered":"https:\/\/gevelridder.nl\/product\/wozek-glaskar-250kg-2\/"},"modified":"2026-05-08T08:18:00","modified_gmt":"2026-05-08T08:18:00","slug":"wozek-glaskar-250kg-2","status":"publish","type":"product","link":"https:\/\/gevelridder.nl\/pl\/produkt\/wozek-glaskar-250kg-2\/","title":{"rendered":"W\u00f3zek Glaskar 250kg"},"content":{"rendered":"<p>Je\u015bli potrzebujesz praktycznego, lekkiego w\u00f3zka Glaskar lub w\u00f3zka do arkuszy, z du\u017c\u0105 dodatkow\u0105 p\u00f3\u0142k\u0105, np. na szersze ramy okienne, to w\u00f3zek Gable jest odpowiednim produktem dla Ciebie.<\/p>\n<h2>W\u00f3zek na p\u0142yty Glaskar<\/h2>\n<p>Gevelkar 100&#215;100 cm z p\u00f3\u0142k\u0105 \u0142adunkow\u0105 18 cm, odpowiedni do 250 kg, ma 2 tuleje zamontowane na dole, co pozwala na u\u017cycie zacisk\u00f3w napinaj\u0105cych, tuleje s\u0105 przed\u0142u\u017cone z ty\u0142u, dzi\u0119ki czemu mo\u017cna wygodnie umie\u015bci\u0107 zaciski napinaj\u0105ce w pozycji parkingowej.<\/p>\n<p>W\u00f3zek jest wykonany w ca\u0142o\u015bci z aluminium, dzi\u0119ki czemu wa\u017cy zaledwie 12 kg. Zaciski napinaj\u0105ce lub lance napinaj\u0105ce mo\u017cna zam\u00f3wi\u0107 oddzielnie. <\/p>\n<p>Ten por\u0119czny w\u00f3zek zosta\u0142 starannie zaprojektowany i wykonany w Holandii, z czego jeste\u015bmy dumni. #MadeinHolland. W\u00f3zki s\u0105 wykonywane r\u0119cznie, a tak\u017ce r\u0119cznie tapicerowane. To sprawia, \u017ce jest to &#8222;Aston Martin&#8221; w\u015br\u00f3d w\u00f3zk\u00f3w. <\/p>\n<h3>Zacisk napinaj\u0105cy dla Glaskar<\/h3>\n<p>Cena nie obejmuje <a href=\"https:\/\/gevelridder.nl\/pl\/produkt\/aluminiowy-zacisk-napinajacy-do-glaskar\/\" target=\"_blank\" rel=\"noopener\">zacisku<\/a>, kt\u00f3ry nale\u017cy zam\u00f3wi\u0107 osobno.<\/p>\n<h3>Wymiary Glaskar<\/h3>\n<p>Szeroko\u015b\u0107 p\u00f3\u0142ki \u0142adunkowej wynosi 18 cm. Ca\u0142kowita szeroko\u015b\u0107 w\u00f3zka wraz z ko\u0142ami wynosi tylko 50 cm.  <\/p>\n<p>W\u00f3zek jest r\u00f3wnie\u017c dost\u0119pny w wersji z<a href=\"https:\/\/gevelridder.nl\/pl\/produkt\/wozek-na-szklo-i-plyty-150-kg-2-0\/\"> 1 osi\u0105 dla 150 kg<\/a>. Uchwyty s\u0105 regulowane za pomoc\u0105 szybkiego klipsa. W\u00f3zek jest wyposa\u017cony w filc w kolorze czarnym\/antracytowym. <\/p>\n<h4>TNO &#8211; Arkusz informacyjny dotycz\u0105cy fizycznego obci\u0105\u017cenia prac\u0105 w 2018 r.<\/h4>\n<p>Obci\u0105\u017cenie fizyczne jest nadal g\u0142\u00f3wn\u0105 przyczyn\u0105 chor\u00f3b zawodowych i nieobecno\u015bci w pracy, obok psychospo\u0142ecznego obci\u0105\u017cenia prac\u0105. Jest to arkusz informacyjny <a href=\"https:\/\/www.arboportaal.nl\/onderwerpen\/tillen-en-dragen\/documenten\/publicatie\/2018\/07\/01\/factsheet-fysieke-arbeidsbelasting-2018\">TNO<\/a> z danymi z czerwca 2018 r., dlatego nale\u017cy korzysta\u0107 z pomocy do podnoszenia Gevelridder! <\/p>\n<h4>Podnoszenie i przenoszenie<\/h4>\n<div class=\"row\">\n<div class=\"col-12 col-md-10 offset-md-1\">\n<p class=\"content__intro\">Podnoszenie to podnoszenie i odk\u0142adanie \u0142adunku r\u0119kami bez poruszania si\u0119. Je\u015bli przenosisz co\u015b podczas chodzenia w trakcie podnoszenia, nazywamy to d\u017awiganiem. Te wskaz\u00f3wki pomog\u0105 ci unikn\u0105\u0107 problem\u00f3w zdrowotnych.  <\/p>\n<\/div>\n<\/div>\n<div class=\"row\">\n<p class=\"col-12 col-md-10 offset-md-1\">Jakie dolegliwo\u015bci mog\u0105 wyst\u0105pi\u0107? Podnoszenie i przenoszenie podczas pracy jest g\u0142\u00f3wn\u0105 przyczyn\u0105 <g id=\"gid_0\">dolegliwo\u015bci fizycznych<\/g>, takich jak b\u00f3l (dolnej) cz\u0119\u015bci plec\u00f3w, ramion, szyi, kolan i bioder. Dolegliwo\u015bci plec\u00f3w mog\u0105 r\u00f3wnie\u017c wynika\u0107 z podnoszenia przedmiot\u00f3w w pozycji zgi\u0119tej lub ze skr\u0119conymi plecami.  <\/p>\n<p class=\"col-12 col-md-10 offset-md-1\"><a href=\"https:\/\/www.fnv.nl\/werk-inkomen\/veilig-gezond-werken\/lichamelijke-belasting\/tillen-en-dragen\">zob. tak\u017ce <\/a><\/p>\n<\/div>\n<p>W kr\u00f3lestwie Gable Knight, gdzie rzemios\u0142o i honor s\u0105 wysoko cenione, z dum\u0105 prezentujemy nasze majestatyczne szklane w\u00f3zki &#8211; produkt naszego w\u0142asnego projektu i produkcji. Czujni jak rycerz strzeg\u0105cy swojego zamku, radzimy zawsze ustawia\u0107 w\u00f3zki na r\u00f3wnym pod\u0142o\u017cu, aby szlachetne szk\u0142o si\u0119 nie przewr\u00f3ci\u0142o. I tak jak giermek dba o swoj\u0105 zbroj\u0119, nie zostawiaj za\u0142adowanych w\u00f3zk\u00f3w w kaprysach wiatru i pogody. Zachowaj ich blask i chro\u0144 to, co cenne. Niech twoje d\u0105\u017cenie do doskona\u0142o\u015bci spe\u0142ni si\u0119 w Gable Knight!    <\/p>\n\n<p><\/p>\n","protected":false},"excerpt":{"rendered":"<p class=\"ai-optimize-26\">Nasz najlepiej sprzedaj\u0105cy si\u0119 w\u00f3zek na szk\u0142o jest idealnym wyborem dla os\u00f3b poszukuj\u0105cych praktycznego i lekkiego w\u00f3zka na szk\u0142o z przestronn\u0105 tac\u0105 do przenoszenia, wy\u0142o\u017con\u0105 filcem dla optymalnej ochrony.<\/p>\n<p class=\"ai-optimize-29\"><strong>Cena nie obejmuje zacisk\u00f3w napinaj\u0105cych, kt\u00f3rych oferujemy trzy r\u00f3\u017cne rodzaje:<\/strong><\/p>\n<ul>\n<li class=\"ai-optimize-31\"><a href=\"https:\/\/gevelridder.nl\/pl\/produkt\/aluminiowy-zacisk-napinajacy-do-glaskar\/\">Napinacz Alu<\/a> (najcz\u0119\u015bciej sprzedawany)<\/li>\n<li class=\"ai-optimize-32\"><a href=\"https:\/\/gevelridder.nl\/pl\/produkt\/zacisk-do-stali-glaskar-1-0\/\">zacisk stalowy<\/a> (dro\u017cszy i ci\u0119\u017cszy)<\/li>\n<li class=\"ai-optimize-33\"><a href=\"https:\/\/gevelridder.nl\/pl\/produkt\/lanca-spanlance-do-wozka-na-plyty\/\">lanca napinaj\u0105ca<\/a> (do mniejszych szyb).<\/li>\n<\/ul>\n","protected":false},"featured_media":137908,"template":"","meta":{"_acf_changed":false,"_seopress_robots_primary_cat":"none","_seopress_titles_title":"","_seopress_titles_desc":"","_seopress_robots_index":""},"product_brand":[],"product_cat":[2080,2079,2078,2106,2025],"product_tag":[2069,1993,1998,2138,1992,2015,2086,2095,2094,2071,2070,2037,2027,2139,2137,2072],"class_list":{"0":"post-140514","1":"product","2":"type-product","3":"status-publish","4":"has-post-thumbnail","6":"product_cat-najczesciej-sprzedawane","7":"product_cat-wozek-na-talerze-glaskar","8":"product_cat-wozki-2","9":"product_cat-wozki-do-drzwi","10":"product_cat-wozki-elewacyjne","11":"product_tag-allterraindolly","12":"product_tag-podnosnik-do-szkla","13":"product_tag-rama-okienna","14":"product_tag-shopfitterzy","15":"product_tag-szklarz","16":"product_tag-szklarz-2","17":"product_tag-transport-szkla","18":"product_tag-transport-szkla-2","19":"product_tag-umieszczanie-szkla","20":"product_tag-windowframecarrier","21":"product_tag-wozek-3","22":"product_tag-wozek-do-plyt-2","23":"product_tag-wozek-do-szyb","24":"product_tag-wozek-na-plyty-glaskar","25":"product_tag-wozek-na-szklo","26":"product_tag-wozek-ramowy","27":"product_shipping_class-65-euro","29":"first","30":"instock","31":"taxable","32":"shipping-taxable","33":"purchasable","34":"product-type-simple"},"acf":[],"_links":{"self":[{"href":"https:\/\/gevelridder.nl\/pl\/wp-json\/wp\/v2\/product\/140514","targetHints":{"allow":["GET"]}}],"collection":[{"href":"https:\/\/gevelridder.nl\/pl\/wp-json\/wp\/v2\/product"}],"about":[{"href":"https:\/\/gevelridder.nl\/pl\/wp-json\/wp\/v2\/types\/product"}],"wp:featuredmedia":[{"embeddable":true,"href":"https:\/\/gevelridder.nl\/pl\/wp-json\/wp\/v2\/media\/137908"}],"wp:attachment":[{"href":"https:\/\/gevelridder.nl\/pl\/wp-json\/wp\/v2\/media?parent=140514"}],"wp:term":[{"taxonomy":"product_brand","embeddable":true,"href":"https:\/\/gevelridder.nl\/pl\/wp-json\/wp\/v2\/product_brand?post=140514"},{"taxonomy":"product_cat","embeddable":true,"href":"https:\/\/gevelridder.nl\/pl\/wp-json\/wp\/v2\/product_cat?post=140514"},{"taxonomy":"product_tag","embeddable":true,"href":"https:\/\/gevelridder.nl\/pl\/wp-json\/wp\/v2\/product_tag?post=140514"}],"curies":[{"name":"wp","href":"https:\/\/api.w.org\/{rel}","templated":true}]}}