
{"id":140486,"date":"2026-03-24T11:44:49","date_gmt":"2026-03-24T11:44:49","guid":{"rendered":"https:\/\/gevelridder.nl\/product\/wozek-do-plytek-250-kg\/"},"modified":"2026-03-24T11:44:49","modified_gmt":"2026-03-24T11:44:49","slug":"wozek-do-plytek-250-kg","status":"publish","type":"product","link":"https:\/\/gevelridder.nl\/pl\/produkt\/wozek-do-plytek-250-kg\/","title":{"rendered":"W\u00f3zek do p\u0142ytek 250 kg"},"content":{"rendered":"<h3 data-start=\"42\" data-end=\"139\">Praktyczny <strong data-start=\"57\" data-end=\"82\">w\u00f3zek do p\u0142ytek<\/strong> &#8211; lekki, stabilny i stworzony dla glazurnik\u00f3w<\/h3>\n<p data-start=\"141\" data-end=\"397\">Szukasz <strong data-start=\"165\" data-end=\"204\">praktycznego, lekkiego w\u00f3z<\/strong> ka do <strong data-start=\"165\" data-end=\"204\">p\u0142ytek<\/strong>, kt\u00f3ry umo\u017cliwia bezpieczny i ergonomiczny transport <strong data-start=\"237\" data-end=\"289\">p\u0142ytek, p\u0142ytek wielkoformatowych i p\u0142yt ceramicznych<\/strong>? W takim razie w\u00f3zek <strong data-start=\"316\" data-end=\"370\">do p\u0142ytek <span class=\"hover:entity-accent entity-underline inline cursor-pointer align-baseline\"><span class=\"whitespace-normal\">Gevelridder<\/span><\/span><\/strong> jest w\u0142a\u015bnie tym, czego potrzebujesz. <\/p>\n<p data-start=\"399\" data-end=\"557\">Ten w\u00f3zek do p\u0142ytek zosta\u0142 opracowany specjalnie dla <strong data-start=\"446\" data-end=\"462\">bran\u017cy glazurniczej<\/strong> i doskonale pasuje do codziennej pracy glazurnik\u00f3w, wykonawc\u00f3w i profesjonalist\u00f3w budowlanych.<\/p>\n<hr data-start=\"559\" data-end=\"562\">\n<h2 data-start=\"564\" data-end=\"600\">Dlaczego warto wybra\u0107 ten w\u00f3zek do p\u0142ytek?<\/h2>\n<ul data-start=\"602\" data-end=\"1051\">\n<li data-start=\"602\" data-end=\"639\">\n<p data-start=\"604\" data-end=\"639\"><strong data-start=\"604\" data-end=\"626\">Wymiary powierzchni \u0142adunkowej:<\/strong> 80 \u00d7 80 cm<\/p>\n<\/li>\n<li data-start=\"640\" data-end=\"676\">\n<p data-start=\"642\" data-end=\"676\"><strong data-start=\"642\" data-end=\"660\">Waga netto:<\/strong> tylko 14 kg<\/p>\n<\/li>\n<li data-start=\"677\" data-end=\"744\">\n<p data-start=\"679\" data-end=\"744\"><strong data-start=\"679\" data-end=\"698\">Szeroko\u015b\u0107 ca\u0142kowita:<\/strong> 55 cm &#8211; wyj\u0105tkowo stabilna, nawet na placu budowy<\/p>\n<\/li>\n<li data-start=\"745\" data-end=\"803\">\n<p data-start=\"747\" data-end=\"803\"><strong data-start=\"747\" data-end=\"761\">Materia\u0142:<\/strong> aluminium (nierdzewne i lekkie)<\/p>\n<\/li>\n<li data-start=\"804\" data-end=\"914\">\n<p data-start=\"806\" data-end=\"914\"><strong data-start=\"806\" data-end=\"814\">Ty\u0142:<\/strong> nieco mniej stromy ni\u017c w przypadku w\u00f3zka do szk\u0142a, co pozwala na <strong data-start=\"860\" data-end=\"898\">stabilne i bezpieczne uk\u0142adanie p\u0142ytek<\/strong>.<\/p>\n<\/li>\n<li data-start=\"915\" data-end=\"984\">\n<p data-start=\"917\" data-end=\"984\"><strong data-start=\"917\" data-end=\"931\">Uchwyt do pchania:<\/strong> zakrzywiony dla wygodnej i kontrolowanej jazdy<\/p>\n<\/li>\n<li data-start=\"985\" data-end=\"1051\">\n<p data-start=\"987\" data-end=\"1051\"><strong data-start=\"987\" data-end=\"1001\">Tapicerka:<\/strong> czarny\/antracytowy filc chroni\u0105cy p\u0142ytki<\/p>\n<\/li>\n<\/ul>\n<p data-start=\"1053\" data-end=\"1171\">Dzi\u0119ki niskiej masie w\u0142asnej w\u00f3zek jest <strong data-start=\"1094\" data-end=\"1123\">\u0142atwy w manewrowaniu<\/strong>, nawet w w\u0105skich korytarzach lub podczas prac remontowych.<\/p>\n<hr data-start=\"1173\" data-end=\"1176\">\n<h2 data-start=\"1178\" data-end=\"1223\">Opcjonalnie: wspornik do <strong data-start=\"1204\" data-end=\"1223\">podnoszenia mas\u0142a<\/strong><\/h2>\n<p data-start=\"1225\" data-end=\"1327\">Na tym w\u00f3zku do p\u0142ytek mo\u017cna zamontowa\u0107 opcjonalny <strong data-start=\"1260\" data-end=\"1270\">wspornik<\/strong> do <strong data-start=\"1298\" data-end=\"1326\">p\u0142ytek typu butterfloating<\/strong>.<\/p>\n<h3 data-start=\"1329\" data-end=\"1356\">Co to jest mas\u0142o p\u0142ywaj\u0105ce?<\/h3>\n<p data-start=\"1357\" data-end=\"1466\">Butter-floating (zwany r\u00f3wnie\u017c <strong data-start=\"1382\" data-end=\"1406\">buttering &#038; floating<\/strong>) to szeroko stosowana technika uk\u0142adania p\u0142ytek:<\/p>\n<ul data-start=\"1467\" data-end=\"1559\">\n<li data-start=\"1467\" data-end=\"1559\">\n<p data-start=\"1469\" data-end=\"1559\"><strong data-start=\"1469\" data-end=\"1557\">Klej do p\u0142ytek jest nak\u0142adany zar\u00f3wno na pod\u0142o\u017ce, jak i na tyln\u0105 cz\u0119\u015b\u0107 p\u0142ytki.<\/strong><\/p>\n<\/li>\n<\/ul>\n<h3 data-start=\"1561\" data-end=\"1586\">Dlaczego butterfloating?<\/h3>\n<ul data-start=\"1587\" data-end=\"1770\">\n<li data-start=\"1587\" data-end=\"1608\">\n<p data-start=\"1589\" data-end=\"1608\">Lepsza <strong data-start=\"1596\" data-end=\"1608\">przyczepno\u015b\u0107<\/strong><\/p>\n<\/li>\n<li data-start=\"1609\" data-end=\"1643\">\n<p data-start=\"1611\" data-end=\"1643\">Mniejsze prawdopodobie\u0144stwo wyst\u0105pienia <strong data-start=\"1626\" data-end=\"1643\">pustych przestrzeni<\/strong><\/p>\n<\/li>\n<li data-start=\"1644\" data-end=\"1688\">\n<p data-start=\"1646\" data-end=\"1688\">Zapobiega <strong data-start=\"1655\" data-end=\"1688\">poluzowaniu lub p\u0119kni\u0119ciu p\u0142ytek<\/strong><\/p>\n<\/li>\n<li data-start=\"1689\" data-end=\"1770\">\n<p data-start=\"1691\" data-end=\"1770\">Niezast\u0105piony do <strong data-start=\"1705\" data-end=\"1728\">p\u0142ytek wielkoformatowych<\/strong>, <strong data-start=\"1730\" data-end=\"1745\">p\u0142ytek pod\u0142ogowych<\/strong> i <strong data-start=\"1749\" data-end=\"1770\">p\u0142yt ceramicznych<\/strong><\/p>\n<\/li>\n<\/ul>\n<p data-start=\"1772\" data-end=\"1936\">Dzi\u0119ki uchwytowi na w\u00f3zku do p\u0142ytek mo\u017cna uk\u0142ada\u0107 p\u0142ytki w <strong data-start=\"1820\" data-end=\"1848\">pozycji pionowej i na wysoko\u015bci roboczej<\/strong>. Dzi\u0119ki temu praca jest szybsza, przyjemniejsza, a przede wszystkim <strong data-start=\"1903\" data-end=\"1935\">mniej obci\u0105\u017caj\u0105ca fizycznie<\/strong>. <\/p>\n<hr data-start=\"1938\" data-end=\"1941\">\n<h2 data-start=\"1943\" data-end=\"1982\">Ergonomiczna praca = mniej skarg<\/h2>\n<p data-start=\"1984\" data-end=\"2135\">Wed\u0142ug TNO <strong data-start=\"1999\" data-end=\"2020\">obci\u0105\u017cenie fizyczne<\/strong> jest jedn\u0105 z najwi\u0119kszych przyczyn skarg i absencji w bran\u017cy budowlanej.<br data-start=\"2085\" data-end=\"2088\"\/>Powszechne skargi w\u015br\u00f3d glazurnik\u00f3w to:<\/p>\n<ul data-start=\"2136\" data-end=\"2208\">\n<li data-start=\"2136\" data-end=\"2156\">\n<p data-start=\"2138\" data-end=\"2156\">B\u00f3l w dolnej cz\u0119\u015bci plec\u00f3w<\/p>\n<\/li>\n<li data-start=\"2157\" data-end=\"2181\">\n<p data-start=\"2159\" data-end=\"2181\">B\u00f3l ramion i szyi<\/p>\n<\/li>\n<li data-start=\"2182\" data-end=\"2208\">\n<p data-start=\"2184\" data-end=\"2208\">Problemy z kolanami i biodrami<\/p>\n<\/li>\n<\/ul>\n<p data-start=\"2210\" data-end=\"2228\">Z tym w\u00f3zkiem do p\u0142ytek:<\/p>\n<ul data-start=\"2229\" data-end=\"2352\">\n<li data-start=\"2229\" data-end=\"2259\">\n<p data-start=\"2231\" data-end=\"2259\">Trzeba <strong data-start=\"2239\" data-end=\"2259\">mniej d\u017awiga\u0107<\/strong><\/p>\n<\/li>\n<li data-start=\"2260\" data-end=\"2309\">\n<p data-start=\"2262\" data-end=\"2309\"><strong data-start=\"2282\" data-end=\"2309\">Bezpieczne i kontrolowane<\/strong> przesuwanie p\u0142ytek<\/p>\n<\/li>\n<li data-start=\"2310\" data-end=\"2352\">\n<p data-start=\"2312\" data-end=\"2352\"><strong data-start=\"2320\" data-end=\"2352\">Bardziej ergonomiczna i wydajna<\/strong> praca<\/p>\n<\/li>\n<\/ul>\n<hr data-start=\"2354\" data-end=\"2357\">\n<h2 data-start=\"2359\" data-end=\"2401\">Holenderskie rzemios\u0142o &#8211; #MadeInHolland<\/h2>\n<p data-start=\"2403\" data-end=\"2422\">Ta ci\u0119\u017car\u00f3wka do przewozu p\u0142ytek jest:<\/p>\n<ul data-start=\"2423\" data-end=\"2567\">\n<li data-start=\"2423\" data-end=\"2467\">\n<p data-start=\"2425\" data-end=\"2467\"><strong data-start=\"2425\" data-end=\"2467\">Zaprojektowany i wyprodukowany w Holandii<\/strong><\/p>\n<\/li>\n<li data-start=\"2468\" data-end=\"2504\">\n<p data-start=\"2470\" data-end=\"2504\"><strong data-start=\"2470\" data-end=\"2504\">R\u0119cznie wykonane i tapicerowane<\/strong><\/p>\n<\/li>\n<li data-start=\"2505\" data-end=\"2567\">\n<p data-start=\"2507\" data-end=\"2567\">Zbudowany z dba\u0142o\u015bci\u0105 o szczeg\u00f3\u0142y, trwa\u0142o\u015b\u0107 i \u0142atwo\u015b\u0107 u\u017cytkowania<\/p>\n<\/li>\n<\/ul>\n<p data-start=\"2569\" data-end=\"2677\">Nie na darmo nazywamy go <strong data-start=\"2600\" data-end=\"2637\">&#8222;Astonem Martinem w\u015br\u00f3d w\u00f3zk\u00f3w&#8221;:<\/strong> funkcjonalny, solidny, a jednocze\u015bnie wyrafinowany.<\/p>\n<hr data-start=\"2679\" data-end=\"2682\">\n<h2 data-start=\"2684\" data-end=\"2715\">Praktyczne wskaz\u00f3wki dotycz\u0105ce u\u017cytkowania<\/h2>\n<ul data-start=\"2716\" data-end=\"2899\">\n<li data-start=\"2716\" data-end=\"2774\">\n<p data-start=\"2718\" data-end=\"2774\">W\u00f3zek do p\u0142ytek nale\u017cy zawsze umieszcza\u0107 na <strong data-start=\"2753\" data-end=\"2774\">r\u00f3wnej<\/strong> powierzchni.<\/p>\n<\/li>\n<li data-start=\"2775\" data-end=\"2828\">\n<p data-start=\"2777\" data-end=\"2828\">Nie nale\u017cy pozostawia\u0107 <strong data-start=\"2804\" data-end=\"2822\">za\u0142adowanego<\/strong> w\u00f3zka przez d\u0142u\u017cszy czas <strong data-start=\"2804\" data-end=\"2822\">na zewn\u0105trz<\/strong>.<\/p>\n<\/li>\n<li data-start=\"2829\" data-end=\"2899\">\n<p data-start=\"2831\" data-end=\"2899\">Chro\u0144 p\u0142ytki i swoj\u0105 inwestycj\u0119, przechowuj\u0105c w\u00f3zek w suchym miejscu.<\/p>\n<\/li>\n<\/ul>\n<div class=\"row\">\n<div class=\"col-12 col-md-10 offset-md-1\"><\/div>\n<\/div>\n","protected":false},"excerpt":{"rendered":"<p>Ten <strong data-start=\"551\" data-end=\"578\">lekki w\u00f3zek<\/strong> do <strong data-start=\"551\" data-end=\"578\">p\u0142ytek<\/strong> zosta\u0142 specjalnie zaprojektowany do bezpiecznego i ergonomicznego transportu <strong data-start=\"646\" data-end=\"698\">p\u0142ytek, p\u0142ytek wielkoformatowych i p\u0142yt ceramicznych<\/strong>. Aluminiowy w\u00f3zek do p\u0142ytek wa\u017cy zaledwie <strong data-start=\"736\" data-end=\"745\">14 kg<\/strong>, ma <strong data-start=\"750\" data-end=\"765\">55 cm szeroko\u015bci<\/strong> dla dodatkowej stabilno\u015bci i powierzchni\u0119 \u0142adunkow\u0105 <strong data-start=\"815\" data-end=\"829\">80 x 80 cm<\/strong>. Mniej stromy ty\u0142 zapewnia stabilno\u015b\u0107 p\u0142ytek podczas transportu. Opcjonalnie dost\u0119pny jest wspornik umo\u017cliwiaj\u0105cy \u0142atwe <strong data-start=\"958\" data-end=\"977\">przesuwanie<\/strong> p\u0142ytek na wysoko\u015bci roboczej. Trwa\u0142e, praktyczne i holenderskie rozwi\u0105zanie dla ka\u017cdego glazurnika.    <\/p>\n<p><strong><span style=\"color: #5bbc3a;\">\u2714<\/span> Lekki, \u0142atwy do przenoszenia.<\/strong><\/p>\n<p><strong><span style=\"color: #5bbc3a;\">L=80<\/span> cm, H=80 cm, W=56 cm<\/strong><\/p>\n<p><strong><span style=\"color: #5bbc3a;\">\u2714<\/span> Szeroko\u015b\u0107 p\u00f3\u0142ki 18 cm (miejsce na k\u00f3\u0142ko 19,5 cm).<\/strong><\/p>\n<p><span style=\"color: #5bbc3a;\"><strong>\u2714<\/strong><\/span><strong>   <\/strong><strong>WLL250 kg. <\/strong><\/p>\n<p><strong>Waga <span style=\"color: #5bbc3a;\">w\u0142asna <\/span>14 kg<\/strong><\/p>\n<p><span style=\"color: #5bbc3a;\"><strong>\u2714 <\/strong><\/span><strong>Opony pneumatyczne (dobra amortyzacja).<\/strong><\/p>\n<p><span style=\"color: #5bbc3a;\"><strong>\u2714<\/strong><\/span> <strong>Nie grz\u0119\u017anie w piasku i \u017cwirze<strong>.<\/strong><\/strong><\/p>\n<p><span style=\"color: #5bbc3a;\"><strong>\u2714<\/strong><\/span><strong> Zderzak zabezpieczaj\u0105cy przed przewr\u00f3ceniem si\u0119 w\u00f3zka.<\/strong><\/p>\n<p><strong><span style=\"color: #ff0000;\">x<\/span> Ekskluzywny wspornik butterfloating<\/strong><\/p>\n<p><strong>Zacisk napinaj\u0105cy nale\u017cy zam\u00f3wi\u0107 osobno:<\/strong><\/p>\n<ul>\n<li style=\"list-style-type: none;\">\n<ul>\n<li style=\"list-style-type: none;\">\n<ul>\n<li><a href=\"https:\/\/gevelridder.nl\/pl\/produkt\/aluminiowy-zacisk-napinajacy-do-glaskar\/\">Aluminiowy zacisk napinaj\u0105cy (ko\u0144c\u00f3wka)<\/a><\/li>\n<li><a href=\"https:\/\/gevelridder.nl\/pl\/produkt\/zacisk-do-stali-glaskar-1-0\/\">Stalowy zacisk napinaj\u0105cy<\/a><\/li>\n<li><a href=\"https:\/\/gevelridder.nl\/pl\/produkt\/lanca-spanlance-do-wozka-na-plyty\/\">Lanca dystansowa<\/a><\/li>\n<\/ul>\n<\/li>\n<\/ul>\n<\/li>\n<\/ul>\n","protected":false},"featured_media":132513,"template":"","meta":{"_acf_changed":false,"_seopress_robots_primary_cat":"none","_seopress_titles_title":"","_seopress_titles_desc":"","_seopress_robots_index":""},"product_brand":[],"product_cat":[2079,2161,2025],"product_tag":[2069,1993,1998,2138,1992,2015,2095,2086,2094,2071,2070,2037,2027,2139,2137,2072],"class_list":{"0":"post-140486","1":"product","2":"type-product","3":"status-publish","4":"has-post-thumbnail","6":"product_cat-wozek-na-talerze-glaskar","7":"product_cat-wozki-do-plytek","8":"product_cat-wozki-elewacyjne","9":"product_tag-allterraindolly","10":"product_tag-podnosnik-do-szkla","11":"product_tag-rama-okienna","12":"product_tag-shopfitterzy","13":"product_tag-szklarz","14":"product_tag-szklarz-2","15":"product_tag-transport-szkla-2","16":"product_tag-transport-szkla","17":"product_tag-umieszczanie-szkla","18":"product_tag-windowframecarrier","19":"product_tag-wozek-3","20":"product_tag-wozek-do-plyt-2","21":"product_tag-wozek-do-szyb","22":"product_tag-wozek-na-plyty-glaskar","23":"product_tag-wozek-na-szklo","24":"product_tag-wozek-ramowy","25":"product_shipping_class-wozek-maly","27":"first","28":"instock","29":"taxable","30":"shipping-taxable","31":"purchasable","32":"product-type-simple"},"acf":[],"_links":{"self":[{"href":"https:\/\/gevelridder.nl\/pl\/wp-json\/wp\/v2\/product\/140486","targetHints":{"allow":["GET"]}}],"collection":[{"href":"https:\/\/gevelridder.nl\/pl\/wp-json\/wp\/v2\/product"}],"about":[{"href":"https:\/\/gevelridder.nl\/pl\/wp-json\/wp\/v2\/types\/product"}],"wp:featuredmedia":[{"embeddable":true,"href":"https:\/\/gevelridder.nl\/pl\/wp-json\/wp\/v2\/media\/132513"}],"wp:attachment":[{"href":"https:\/\/gevelridder.nl\/pl\/wp-json\/wp\/v2\/media?parent=140486"}],"wp:term":[{"taxonomy":"product_brand","embeddable":true,"href":"https:\/\/gevelridder.nl\/pl\/wp-json\/wp\/v2\/product_brand?post=140486"},{"taxonomy":"product_cat","embeddable":true,"href":"https:\/\/gevelridder.nl\/pl\/wp-json\/wp\/v2\/product_cat?post=140486"},{"taxonomy":"product_tag","embeddable":true,"href":"https:\/\/gevelridder.nl\/pl\/wp-json\/wp\/v2\/product_tag?post=140486"}],"curies":[{"name":"wp","href":"https:\/\/api.w.org\/{rel}","templated":true}]}}