
{"id":140479,"date":"2026-03-24T11:44:49","date_gmt":"2026-03-24T11:44:49","guid":{"rendered":"https:\/\/gevelridder.nl\/product\/tooltray-aluminium-lekka-taca-narzedziowa-do-wozkow-gable-knight\/"},"modified":"2026-03-24T11:44:49","modified_gmt":"2026-03-24T11:44:49","slug":"tooltray-aluminium-lekka-taca-narzedziowa-do-wozkow-gable-knight","status":"publish","type":"product","link":"https:\/\/gevelridder.nl\/pl\/produkt\/tooltray-aluminium-lekka-taca-narzedziowa-do-wozkow-gable-knight\/","title":{"rendered":"ToolTray Aluminium | Lekka taca narz\u0119dziowa do w\u00f3zk\u00f3w Gable Knight"},"content":{"rendered":"<p data-start=\"1194\" data-end=\"1470\"><strong data-start=\"1197\" data-end=\"1225\">ToolTray<\/strong> firmy <strong data-start=\"1197\" data-end=\"1225\">Gevelridder<\/strong> zosta\u0142 opracowany, aby praca z w\u00f3zkami aluminiowymi by\u0142a jeszcze bardziej wydajna i ergonomiczna. Na placu budowy szukanie narz\u0119dzi kosztuje niepotrzebnie czas i energi\u0119. Dzi\u0119ki ToolTray wszystko, czego potrzebujesz, jest <strong data-start=\"1441\" data-end=\"1469\">w<\/strong> zasi\u0119gu r\u0119ki.  <\/p>\n<p data-start=\"1472\" data-end=\"1786\">ToolTray to <strong data-start=\"1491\" data-end=\"1523\">lekka aluminiowa taca<\/strong> zaprojektowana specjalnie do monta\u017cu na aluminiowych w\u00f3zkach Gevelridder. Dzi\u0119ki <strong data-start=\"1607\" data-end=\"1633\">dostarczonym nitom<\/strong> monta\u017c jest prosty, szybki i solidny. Nie s\u0105 wymagane \u017cadne skomplikowane prace monta\u017cowe; ToolTray jest zamocowany na sta\u0142e i pozostaje niezawodny podczas codziennego u\u017cytkowania.  <\/p>\n<p data-start=\"1788\" data-end=\"2122\">Przy d\u0142ugo\u015bci <strong data-start=\"1807\" data-end=\"1817\">100 cm<\/strong>, szeroko\u015bci <strong data-start=\"1835\" data-end=\"1844\">10 cm<\/strong> i wysoko\u015bci <strong data-start=\"1863\" data-end=\"1871\">8 cm<\/strong>, ToolTray oferuje wystarczaj\u0105c\u0105 ilo\u015b\u0107 miejsca na narz\u0119dzia r\u0119czne, szpatu\u0142ki do kleju, przek\u0142adki, przyssawki i ma\u0142e materia\u0142y monta\u017cowe. Te przemy\u015blane wymiary sprawiaj\u0105, \u017ce w\u00f3zek jest kompaktowy i por\u0119czny, nie ograniczaj\u0105c jego zwrotno\u015bci. <\/p>\n<p data-start=\"2124\" data-end=\"2416\">ToolTray jest w pe\u0142ni kompatybilny z w\u00f3zkami <strong data-start=\"2166\" data-end=\"2180\">150 kg<\/strong>, <strong data-start=\"2182\" data-end=\"2196\">250 kg<\/strong> i <strong data-start=\"2203\" data-end=\"2222\">Urban 1\u00d71 metr<\/strong>. Przenoszenie narz\u0119dzi na wysoko\u015bci roboczej pozwala unikn\u0105\u0107 niepotrzebnego chodzenia, schylania si\u0119 i podnoszenia. Przyczynia si\u0119 to do <strong data-start=\"2336\" data-end=\"2360\">bardziej ergonomicznej pracy<\/strong>, mniejszego obci\u0105\u017cenia fizycznego i wy\u017cszej wydajno\u015bci.  <\/p>\n<p data-start=\"2418\" data-end=\"2637\">Podobnie jak wszystkie produkty Gevelridder, ToolTray zosta\u0142 opracowany z my\u015bl\u0105 o praktyczno\u015bci. Proste, ale dobrze przemy\u015blane rozwi\u0105zanie, kt\u00f3re idealnie pasuje do bezpiecznej, wydajnej i profesjonalnej metody pracy na placu budowy. <\/p>\n","protected":false},"excerpt":{"rendered":"<p>ToolTray to <strong data-start=\"842\" data-end=\"884\">lekka aluminiowa p\u00f3\u0142ka na narz\u0119dzia<\/strong>, kt\u00f3r\u0105 mo\u017cna \u0142atwo zamontowa\u0107 na aluminiowych w\u00f3zkach Gevelridder za pomoc\u0105 <strong data-start=\"906\" data-end=\"932\">dostarczonych nit\u00f3w<\/strong>. Dzi\u0119ki d\u0142ugo\u015bci <strong data-start=\"1000\" data-end=\"1010\">100 cm<\/strong> idealnie nadaje si\u0119 do w\u00f3zk\u00f3w <strong data-start=\"1043\" data-end=\"1088\">150 kg, 250 kg i Urban 1\u00d71 metr<\/strong>. Idealna do przenoszenia narz\u0119dzi i akcesori\u00f3w w spos\u00f3b uporz\u0105dkowany i bezpieczny.  <\/p>\n<p><strong><span style=\"color: #5bbc3a;\">\u2714<\/span> Lekki, \u0142atwy do przenoszenia.<\/strong><\/p>\n<p><strong>L= 100 cm, H=8 cm, <span style=\"color: #5bbc3a;\">W=10<\/span> cm<\/strong><\/p>\n<ul>\n<li>Z wy\u0142\u0105czeniem koszyka<\/li>\n<\/ul>\n","protected":false},"featured_media":132520,"template":"","meta":{"_acf_changed":false,"_seopress_robots_primary_cat":"none","_seopress_titles_title":"","_seopress_titles_desc":"","_seopress_robots_index":""},"product_brand":[],"product_cat":[2079,2025],"product_tag":[2069,1993,2212,1998,2138,2211,1992,2015,2095,2086,2094,2071,2070,2037,2027,2139,2137,2072],"class_list":{"0":"post-140479","1":"product","2":"type-product","3":"status-publish","4":"has-post-thumbnail","6":"product_cat-wozek-na-talerze-glaskar","7":"product_cat-wozki-elewacyjne","8":"product_tag-allterraindolly","9":"product_tag-podnosnik-do-szkla","10":"product_tag-polka-na-narzedzia","11":"product_tag-rama-okienna","12":"product_tag-shopfitterzy","13":"product_tag-skrzynka-narzedziowa","14":"product_tag-szklarz","15":"product_tag-szklarz-2","16":"product_tag-transport-szkla-2","17":"product_tag-transport-szkla","18":"product_tag-umieszczanie-szkla","19":"product_tag-windowframecarrier","20":"product_tag-wozek-3","21":"product_tag-wozek-do-plyt-2","22":"product_tag-wozek-do-szyb","23":"product_tag-wozek-na-plyty-glaskar","24":"product_tag-wozek-na-szklo","25":"product_tag-wozek-ramowy","26":"product_shipping_class-wozek-maly","28":"first","29":"instock","30":"taxable","31":"shipping-taxable","32":"purchasable","33":"product-type-simple"},"acf":[],"_links":{"self":[{"href":"https:\/\/gevelridder.nl\/pl\/wp-json\/wp\/v2\/product\/140479","targetHints":{"allow":["GET"]}}],"collection":[{"href":"https:\/\/gevelridder.nl\/pl\/wp-json\/wp\/v2\/product"}],"about":[{"href":"https:\/\/gevelridder.nl\/pl\/wp-json\/wp\/v2\/types\/product"}],"wp:featuredmedia":[{"embeddable":true,"href":"https:\/\/gevelridder.nl\/pl\/wp-json\/wp\/v2\/media\/132520"}],"wp:attachment":[{"href":"https:\/\/gevelridder.nl\/pl\/wp-json\/wp\/v2\/media?parent=140479"}],"wp:term":[{"taxonomy":"product_brand","embeddable":true,"href":"https:\/\/gevelridder.nl\/pl\/wp-json\/wp\/v2\/product_brand?post=140479"},{"taxonomy":"product_cat","embeddable":true,"href":"https:\/\/gevelridder.nl\/pl\/wp-json\/wp\/v2\/product_cat?post=140479"},{"taxonomy":"product_tag","embeddable":true,"href":"https:\/\/gevelridder.nl\/pl\/wp-json\/wp\/v2\/product_tag?post=140479"}],"curies":[{"name":"wp","href":"https:\/\/api.w.org\/{rel}","templated":true}]}}