
{"id":140472,"date":"2026-03-24T11:43:39","date_gmt":"2026-03-24T11:43:39","guid":{"rendered":"https:\/\/gevelridder.nl\/product\/nosnik-i-rolka-ze-stali-nierdzewnej\/"},"modified":"2026-03-24T11:43:39","modified_gmt":"2026-03-24T11:43:39","slug":"nosnik-i-rolka-ze-stali-nierdzewnej","status":"publish","type":"product","link":"https:\/\/gevelridder.nl\/pl\/produkt\/nosnik-i-rolka-ze-stali-nierdzewnej\/","title":{"rendered":"No\u015bnik i rolka ze stali nierdzewnej"},"content":{"rendered":"<h3 data-start=\"141\" data-end=\"208\"><strong data-start=\"145\" data-end=\"208\">Carry &#038; Roll &#8211; inteligentny podno\u015bnik do szk\u0142a i arkuszy<\/strong><\/h3>\n<p data-start=\"210\" data-end=\"491\">Szukasz w\u00f3zka do przewozu <strong data-start=\"222\" data-end=\"233\">szk\u0142a<\/strong> lub <strong data-start=\"237\" data-end=\"252\">p\u0142yt<\/strong>, kt\u00f3ry mo\u017cna bez wysi\u0142ku u\u017cytkowa\u0107 w trudno dost\u0119pnych miejscach? W\u00f3zek <strong data-start=\"310\" data-end=\"326\">Carry &#038; Roll<\/strong> to innowacyjne rozwi\u0105zanie do bezpiecznego transportu i podnoszenia szk\u0142a i p\u0142yt &#8211; nawet w trudno dost\u0119pnych miejscach, takich jak schody lub w\u0105skie przej\u015bcia. <\/p>\n<p data-start=\"493\" data-end=\"864\">Ten <strong data-start=\"498\" data-end=\"526\">r\u0119cznie wykonany podno\u015bnik<\/strong> ze <strong data-start=\"498\" data-end=\"526\">stali nierdzewnej<\/strong> zosta\u0142 specjalnie zaprojektowany dla profesjonalist\u00f3w z bran\u017cy szklarskiej i budowlanej. Dzi\u0119ki po\u0142\u0105czeniu <strong data-start=\"617\" data-end=\"644\">wytrzyma\u0142ej stali nierdzewnej<\/strong> i <strong data-start=\"648\" data-end=\"674\">wysokiej jako\u015bci wyk\u0142adziny szkl<\/strong> anej, Carry &#038; Roll zapewnia optymaln\u0105 ochron\u0119 i stabilno\u015b\u0107. Dwa <strong data-start=\"754\" data-end=\"781\">gumowe wsporniki dystansowe<\/strong> na g\u00f3rze zapewniaj\u0105, \u017ce szk\u0142o nie zostanie uszkodzone podczas transportu lub kr\u00f3tkiego postoju.  <\/p>\n<p data-start=\"866\" data-end=\"1122\">To, co sprawia, \u017ce Carry &#038; Roll jest wyj\u0105tkowy, to sprytne <strong data-start=\"912\" data-end=\"947\">sanki carve ze spr\u0119\u017cyn\u0105 blokuj\u0105c\u0105<\/strong>. Pozwala to na \u0142atwe dostosowanie sanek do r\u00f3\u017cnych pozycji, dzi\u0119ki czemu mo\u017cna bez wysi\u0142ku zrobi\u0107 kilka krok\u00f3w, a nast\u0119pnie kontynuowa\u0107 <strong data-start=\"1071\" data-end=\"1082\">toczenie<\/strong> &#8211; bez podnoszenia lub przenoszenia. <\/p>\n<hr class=\"\" data-start=\"1124\" data-end=\"1127\">\n<h3 data-start=\"1129\" data-end=\"1160\"><strong data-start=\"1135\" data-end=\"1160\">Korzy\u015bci w skr\u00f3cie<\/strong>:<\/h3>\n<ul data-start=\"1161\" data-end=\"1601\">\n<li data-start=\"1161\" data-end=\"1245\">\n<p data-start=\"1163\" data-end=\"1245\">Idealny jako <strong data-start=\"1174\" data-end=\"1201\">podno\u015bnik do szk\u0142a<\/strong> i <strong data-start=\"1205\" data-end=\"1245\">arkuszy wykonanych z drewna, trespy lub tworzywa sztucznego<\/strong>.<\/p>\n<\/li>\n<li data-start=\"1246\" data-end=\"1316\">\n<p data-start=\"1248\" data-end=\"1316\"><strong data-start=\"1248\" data-end=\"1277\">Mobilny i przyjazny dla schod\u00f3w<\/strong> &#8211; podnie\u015b kilka stopni i tocz si\u0119 dalej<\/p>\n<\/li>\n<li data-start=\"1317\" data-end=\"1390\">\n<p data-start=\"1319\" data-end=\"1390\"><strong data-start=\"1319\" data-end=\"1341\">Kompaktowa i wytrzyma\u0142a<\/strong> konstrukcja ze stali nierdzewnej &#8211; odpowiednia do intensywnego u\u017cytkowania<\/p>\n<\/li>\n<li data-start=\"1391\" data-end=\"1469\">\n<p data-start=\"1393\" data-end=\"1469\">Pokryty <strong data-start=\"1405\" data-end=\"1428\">specjaln\u0105 szklan\u0105 wyk\u0142adzin\u0105<\/strong> chroni\u0105c\u0105 delikatne materia\u0142y<\/p>\n<\/li>\n<li data-start=\"1470\" data-end=\"1528\">\n<p data-start=\"1472\" data-end=\"1528\">Wyposa\u017cony w <strong data-start=\"1485\" data-end=\"1510\">gumowe podk\u0142adki<\/strong> chroni\u0105ce przed zarysowaniami szk\u0142a<\/p>\n<\/li>\n<li data-start=\"1529\" data-end=\"1601\">\n<p data-start=\"1531\" data-end=\"1601\">Elastyczne <strong data-start=\"1541\" data-end=\"1569\">sanki z mo\u017cliwo\u015bci\u0105 blokowania (carve)<\/strong> &#8211; mo\u017cliwo\u015b\u0107 dostosowania do ka\u017cdej sytuacji<\/p>\n<\/li>\n<\/ul>\n","protected":false},"excerpt":{"rendered":"<p><strong data-start=\"40\" data-end=\"56\">Carry &#038; Roll<\/strong> to inteligentny, r\u0119cznie wykonany podno\u015bnik <strong data-start=\"85\" data-end=\"104\">wykonany ze stali nierdzewnej<\/strong> do bezpiecznego i wydajnego przenoszenia szk\u0142a i arkuszy, nawet na schodach lub w w\u0105skich przej\u015bciach. Dzi\u0119ki <strong data-start=\"226\" data-end=\"240\">szklanemu dywanowi<\/strong>, <strong data-start=\"245\" data-end=\"272\">gumowym przek\u0142adkom<\/strong> i <strong data-start=\"279\" data-end=\"310\">przyjaznym dla schod\u00f3w saniom<\/strong> z mechanizmem blokuj\u0105cym, to kompaktowe narz\u0119dzie jest idealne dla profesjonalist\u00f3w z bran\u017cy szklarskiej i budowlanej. <\/p>\n<p><br data-start=\"410\" data-end=\"413\"><strong data-start=\"416\" data-end=\"436\">Cena <span style=\"color: #5bbc3a;\">jest <\/span>cen\u0105 za zestaw<\/strong><\/p>\n<p><strong data-start=\"416\" data-end=\"436\"><span style=\"color: #5bbc3a;\">\u2714 <\/span><\/strong>Wykonany w ca\u0142o\u015bci ze <strong data-start=\"464\" data-end=\"489\">stali nierdzewnej<\/strong><\/p>\n<p><strong data-start=\"416\" data-end=\"436\"><span style=\"color: #5bbc3a;\">\u2714 <\/span><\/strong>Trwa\u0142o\u015b\u0107 i intensywne u\u017cytkowanie.<\/p>\n<p><strong data-start=\"416\" data-end=\"436\"><span style=\"color: #5bbc3a;\">\u2714<\/span><\/strong> 75 cm wysoko\u015bci<\/p>\n<p><strong data-start=\"416\" data-end=\"436\"><span style=\"color: #5bbc3a;\">\u2714<\/span><\/strong> 30 cm szeroko\u015bci<\/p>\n<p><strong data-start=\"416\" data-end=\"436\"><span style=\"color: #5bbc3a;\">\u2714<\/span><\/strong> rynna wynosi 45 mm<\/p>\n","protected":false},"featured_media":132470,"template":"","meta":{"_acf_changed":false,"_seopress_robots_primary_cat":"none","_seopress_titles_title":"","_seopress_titles_desc":"","_seopress_robots_index":""},"product_brand":[],"product_cat":[2079,2024,2078,2106,2025],"product_tag":[2069,2210,1993,1998,2138,2015,1992,2095,2086,2094,2071,2070,2037,2027,2139,2137,2072],"class_list":{"0":"post-140472","1":"product","2":"type-product","3":"status-publish","4":"has-post-thumbnail","6":"product_cat-wozek-na-talerze-glaskar","7":"product_cat-wozek-transportowy-typu-piesek","8":"product_cat-wozki-2","9":"product_cat-wozki-do-drzwi","10":"product_cat-wozki-elewacyjne","11":"product_tag-allterraindolly","12":"product_tag-carryroll","13":"product_tag-podnosnik-do-szkla","14":"product_tag-rama-okienna","15":"product_tag-shopfitterzy","16":"product_tag-szklarz-2","17":"product_tag-szklarz","18":"product_tag-transport-szkla-2","19":"product_tag-transport-szkla","20":"product_tag-umieszczanie-szkla","21":"product_tag-windowframecarrier","22":"product_tag-wozek-3","23":"product_tag-wozek-do-plyt-2","24":"product_tag-wozek-do-szyb","25":"product_tag-wozek-na-plyty-glaskar","26":"product_tag-wozek-na-szklo","27":"product_tag-wozek-ramowy","28":"product_shipping_class-25-euro","30":"first","31":"instock","32":"taxable","33":"shipping-taxable","34":"purchasable","35":"product-type-simple"},"acf":[],"_links":{"self":[{"href":"https:\/\/gevelridder.nl\/pl\/wp-json\/wp\/v2\/product\/140472","targetHints":{"allow":["GET"]}}],"collection":[{"href":"https:\/\/gevelridder.nl\/pl\/wp-json\/wp\/v2\/product"}],"about":[{"href":"https:\/\/gevelridder.nl\/pl\/wp-json\/wp\/v2\/types\/product"}],"wp:featuredmedia":[{"embeddable":true,"href":"https:\/\/gevelridder.nl\/pl\/wp-json\/wp\/v2\/media\/132470"}],"wp:attachment":[{"href":"https:\/\/gevelridder.nl\/pl\/wp-json\/wp\/v2\/media?parent=140472"}],"wp:term":[{"taxonomy":"product_brand","embeddable":true,"href":"https:\/\/gevelridder.nl\/pl\/wp-json\/wp\/v2\/product_brand?post=140472"},{"taxonomy":"product_cat","embeddable":true,"href":"https:\/\/gevelridder.nl\/pl\/wp-json\/wp\/v2\/product_cat?post=140472"},{"taxonomy":"product_tag","embeddable":true,"href":"https:\/\/gevelridder.nl\/pl\/wp-json\/wp\/v2\/product_tag?post=140472"}],"curies":[{"name":"wp","href":"https:\/\/api.w.org\/{rel}","templated":true}]}}