
{"id":140467,"date":"2026-03-24T08:17:09","date_gmt":"2026-03-24T08:17:09","guid":{"rendered":"https:\/\/gevelridder.nl\/product\/wozek-na-szklo-i-plyty-150-kg-2-0\/"},"modified":"2026-03-24T08:17:09","modified_gmt":"2026-03-24T08:17:09","slug":"wozek-na-szklo-i-plyty-150-kg-2-0","status":"publish","type":"product","link":"https:\/\/gevelridder.nl\/pl\/produkt\/wozek-na-szklo-i-plyty-150-kg-2-0\/","title":{"rendered":"W\u00f3zek na szk\u0142o i p\u0142yty 150 kg 2.0"},"content":{"rendered":"<h2><strong>W\u00f3zek na szk\u0142o i p\u0142yty<\/strong><\/h2>\n<h3>Pi\u0119kny w\u00f3zek na p\u0142yty<\/h3>\n<p>Gdy ju\u017c przyzwyczaisz si\u0119 do tego praktycznego, lekkiego w\u00f3zka na szk\u0142o, nie b\u0119dziesz chcia\u0142 si\u0119 bez niego obej\u015b\u0107. Gevelkar 100&#215;100 cm z p\u00f3\u0142k\u0105 \u0142adunkow\u0105 18 cm jest odpowiedni dla 150 kg. Por\u0119czny w\u00f3zek ma 2 rurki zamontowane na dole, co daje mo\u017cliwo\u015b\u0107 u\u017cycia zacisk\u00f3w napinaj\u0105cych. Jednoosiowa przyczepka jest wykonana w ca\u0142o\u015bci z lekkiego aluminium i wa\u017cy zaledwie 10 kg.   <\/p>\n<h3>Ko\u0142a Glaskar z zamontowanymi \u0142o\u017cyskami<\/h3>\n<p>W\u00f3zek na szk\u0142o ma osie z oponami pneumatycznymi, co by\u0142o \u015bwiadomym wyborem z naszej strony. Opony pneumatyczne zapewniaj\u0105 wi\u0119ksz\u0105 amortyzacj\u0119, dzi\u0119ki czemu \u0142atwiej jest pokonywa\u0107 nier\u00f3wno\u015bci. Sprzedajemy r\u00f3wnie\u017c ten w\u00f3zek na p\u0142yty z oddzielnymi oponami pe\u0142nymi, kt\u00f3re s\u0105 cz\u0119\u015bciej u\u017cywane w warsztatach.  <\/p>\n<p>Ten w\u00f3zek na talerze i szk\u0142o jest starannie wykonany w Holandii, z czego jeste\u015bmy dumni. Cena nie obejmuje zacisku ani lancy mocuj\u0105cej. Nale\u017cy je zam\u00f3wi\u0107 osobno. <a href=\"https:\/\/gevelridder.nl\/pl\/produkt\/aluminiowy-zacisk-napinajacy-do-glaskar\/\">Zaciski<\/a> zapobiegaj\u0105 spadaniu szk\u0142a do przodu. Oczywi\u015bcie nie nale\u017cy zostawia\u0107 w\u00f3zka na zewn\u0105trz, gdy jest za\u0142adowany, poniewa\u017c wiatr mo\u017ce go przewr\u00f3ci\u0107. Deska \u0142adunkowa ma 18 cm szeroko\u015bci i jest pi\u0119knie r\u0119cznie wy\u015bcie\u0142ana.     <\/p>\n<h3>Glaskar Push Bar<\/h3>\n<p>W\u00f3zek jest wyposa\u017cony w regulowany dr\u0105\u017cek do pchania, kt\u00f3rego mo\u017cna u\u017cywa\u0107 po obu stronach w\u00f3zka.<\/p>\n<p>Posiadamy r\u00f3wnie\u017c w\u00f3zek w wersji 250 kg z podw\u00f3jn\u0105 osi\u0105: <a href=\"https:\/\/gevelridder.nl\/product\/glaskar-250-platenwagen\/\">Gable cart 250 kg &#8211; Gable Knight<\/a>.<\/p>\n<p>Nasz tak zwany 4&#215;4 ma t\u0119 zalet\u0119, \u017ce rampa za\u0142adunkowa jest zawsze pozioma, co u\u0142atwia przepychanie pojazdu dwuosiowego przez pr\u00f3g. Z kolei pojazd jednoosiowy jest nieco bardziej zwrotny. <\/p>\n<h3>Stres fizyczny i bezpiecze\u0144stwo<\/h3>\n<p>Pracownicy, kt\u00f3rzy niemal codziennie podnosz\u0105 lub przenosz\u0105 przedmioty lub osoby, s\u0105 nara\u017ceni na wysokie ryzyko (trwa\u0142ych) uraz\u00f3w kr\u0119gos\u0142upa. Dlatego wa\u017cne jest, aby zminimalizowa\u0107 t\u0119 form\u0119 obci\u0105\u017cenia fizycznego lub wykonywa\u0107 j\u0105 w spos\u00f3b odpowiedzialny. Pracodawcy s\u0105 zobowi\u0105zani do podj\u0119cia \u015brodk\u00f3w w celu zapewnienia, \u017ce podnoszenie lub przenoszenie nie stanowi zagro\u017cenia dla zdrowia.  <\/p>\n<p>Je\u015bli chcesz dowiedzie\u0107 si\u0119 wi\u0119cej na temat podnoszenia i przenoszenia, zajrzyj na stron\u0119 internetow\u0105 po\u015bwi\u0119con\u0105 warunkom pracy.<\/p>\n","protected":false},"excerpt":{"rendered":"<p>W\u00f3zek Gevelkar o no\u015bno\u015bci 150 kg to praktyczne i lekkie rozwi\u0105zanie do transportu szk\u0142a i arkuszy. W wersji 2.0 \u0142atwiej jest teraz zaparkowa\u0107 zaciski rozci\u0105gaj\u0105ce z ty\u0142u ramy. Dzi\u0119ki pneumatycznym oponom zapewniaj\u0105cym lepsz\u0105 amortyzacj\u0119 i zwrotno\u015b\u0107, ten w\u00f3zek do p\u0142yt jest idealny do u\u017cytku w sytuacjach, w kt\u00f3rych przestrze\u0144 jest na wag\u0119 z\u0142ota. Na przyk\u0142ad w windach i na galeriach mieszka\u0144, a tak\u017ce w warsztatach. Regulowany popychacz po obu stronach u\u0142atwia manewrowanie. Oferujemy r\u00f3wnie\u017c <a href=\"https:\/\/gevelridder.nl\/product\/glaskar-250-platenwagen\/\">wersj\u0119 o ud\u017awigu 250 kg<\/a> z podw\u00f3jnymi osiami, zapewniaj\u0105c\u0105 jeszcze wi\u0119ksz\u0105 \u0142adowno\u015b\u0107. Bezpiecze\u0144stwo jest najwa\u017cniejsze, a zastosowanie zacisk\u00f3w zapobiega spadaniu szk\u0142a.       Cena nie obejmuje zacisk\u00f3w napinaj\u0105cych, kt\u00f3rych oferujemy trzy r\u00f3\u017cne rodzaje:<\/p>\n<ul>\n<li><a href=\"https:\/\/gevelridder.nl\/pl\/produkt\/aluminiowy-zacisk-napinajacy-do-glaskar\/\">Napinacz Alu<\/a> (najcz\u0119\u015bciej sprzedawany)<\/li>\n<li><a href=\"https:\/\/gevelridder.nl\/pl\/produkt\/zacisk-do-stali-glaskar-1-0\/\">zacisk stalowy<\/a> (dro\u017cszy i ci\u0119\u017cszy)<\/li>\n<li><a href=\"https:\/\/gevelridder.nl\/pl\/produkt\/lanca-spanlance-do-wozka-na-plyty\/\">lanca napinaj\u0105ca<\/a> (do mniejszych szyb).<\/li>\n<\/ul>\n","protected":false},"featured_media":131516,"template":"","meta":{"_acf_changed":false,"_seopress_robots_primary_cat":"none","_seopress_titles_title":"","_seopress_titles_desc":"","_seopress_robots_index":""},"product_brand":[],"product_cat":[2079,2025],"product_tag":[2069,1999,2044,2209,2017,1993,2013,2138,2015,1992,2071,2070,2027,2208,2137],"class_list":{"0":"post-140467","1":"product","2":"type-product","3":"status-publish","4":"has-post-thumbnail","6":"product_cat-wozek-na-talerze-glaskar","7":"product_cat-wozki-elewacyjne","8":"product_tag-allterraindolly","9":"product_tag-aluminiowy-podnosnik","10":"product_tag-gevelridderkar","11":"product_tag-glazurnicy","12":"product_tag-miroiterie","13":"product_tag-podnosnik-do-szkla","14":"product_tag-podnosnik-do-szyb","15":"product_tag-shopfitterzy","16":"product_tag-szklarz-2","17":"product_tag-szklarz","18":"product_tag-windowframecarrier","19":"product_tag-wozek-3","20":"product_tag-wozek-do-szyb","21":"product_tag-wozek-na-szklo-2","22":"product_tag-wozek-na-szklo","23":"product_shipping_class-wozek-maly","25":"first","26":"instock","27":"taxable","28":"shipping-taxable","29":"purchasable","30":"product-type-simple"},"acf":[],"_links":{"self":[{"href":"https:\/\/gevelridder.nl\/pl\/wp-json\/wp\/v2\/product\/140467","targetHints":{"allow":["GET"]}}],"collection":[{"href":"https:\/\/gevelridder.nl\/pl\/wp-json\/wp\/v2\/product"}],"about":[{"href":"https:\/\/gevelridder.nl\/pl\/wp-json\/wp\/v2\/types\/product"}],"wp:featuredmedia":[{"embeddable":true,"href":"https:\/\/gevelridder.nl\/pl\/wp-json\/wp\/v2\/media\/131516"}],"wp:attachment":[{"href":"https:\/\/gevelridder.nl\/pl\/wp-json\/wp\/v2\/media?parent=140467"}],"wp:term":[{"taxonomy":"product_brand","embeddable":true,"href":"https:\/\/gevelridder.nl\/pl\/wp-json\/wp\/v2\/product_brand?post=140467"},{"taxonomy":"product_cat","embeddable":true,"href":"https:\/\/gevelridder.nl\/pl\/wp-json\/wp\/v2\/product_cat?post=140467"},{"taxonomy":"product_tag","embeddable":true,"href":"https:\/\/gevelridder.nl\/pl\/wp-json\/wp\/v2\/product_tag?post=140467"}],"curies":[{"name":"wp","href":"https:\/\/api.w.org\/{rel}","templated":true}]}}