
{"id":140449,"date":"2026-03-24T11:37:16","date_gmt":"2026-03-24T11:37:16","guid":{"rendered":"https:\/\/gevelridder.nl\/product\/obrotowy-wozek-montazowy-250\/"},"modified":"2026-03-24T11:37:16","modified_gmt":"2026-03-24T11:37:16","slug":"obrotowy-wozek-montazowy-250","status":"publish","type":"product","link":"https:\/\/gevelridder.nl\/pl\/produkt\/obrotowy-wozek-montazowy-250\/","title":{"rendered":"Obrotowy w\u00f3zek monta\u017cowy 250"},"content":{"rendered":"<h2><strong>W\u00f3zek monta\u017cowy Swing 250: Optymalny format, optymalna wygoda<\/strong><\/h2>\n<div class=\"group w-full text-token-text-primary border-b border-black\/10 gizmo:border-0 dark:border-gray-900\/50 gizmo:dark:border-0 bg-gray-50 gizmo:bg-transparent dark:bg-[#444654] gizmo:dark:bg-transparent\" data-testid=\"conversation-turn-62\">\n<div class=\"p-4 justify-center text-base md:gap-6 md:py-6 m-auto\">\n<div class=\"flex flex-1 gap-4 text-base mx-auto md:gap-6 gizmo:gap-3 gizmo:md:px-5 gizmo:lg:px-1 gizmo:xl:px-5 md:max-w-2xl lg:max-w-[38rem] gizmo:md:max-w-3xl gizmo:lg:max-w-[40rem] gizmo:xl:max-w-[48rem] xl:max-w-3xl }\">\n<div class=\"relative flex w-[calc(100%-50px)] flex-col gizmo:w-full lg:w-[calc(100%-115px)] agent-turn\">\n<div class=\"flex-col gap-1 md:gap-3\">\n<div class=\"flex flex-grow flex-col gap-3 max-w-full\">\n<div class=\"min-h-[20px] flex flex-col items-start gap-3 whitespace-pre-wrap break-words overflow-x-auto\">\n<div class=\"markdown prose w-full break-words dark:prose-invert light\">\n<p>W\u00f3zek do p\u0142yt monta\u017cowych Zwenk 250: Je\u015bli kiedykolwiek szuka\u0142e\u015b niezawodnego w\u00f3zka do p\u0142yt lub szk\u0142a, wiesz, \u017ce nie ka\u017cdy w\u00f3zek jest r\u00f3wnie dobry. Na szcz\u0119\u015bcie firma Gable Knight przedstawia w\u00f3zek Zwenk 250 Glass Cart Plate Trolley, kt\u00f3ry oferuje wszystko, czego potrzebujesz do transportu i przechowywania szk\u0142a i talerzy. Doskona\u0142a r\u00f3wnowaga mi\u0119dzy form\u0105 i funkcjonalno\u015bci\u0105, ten w\u00f3zek zosta\u0142 zaprojektowany, aby u\u0142atwi\u0107 Ci \u017cycie.  <\/p>\n<p><strong>Wszechstronno\u015b\u0107 i \u0142atwo\u015b\u0107 u\u017cytkowania<\/strong>: Dzi\u0119ki innowacyjnej konstrukcji w\u00f3zka do szk\u0142a Facade Knight, masz gwarancj\u0119 wygody nawet w najcia\u015bniejszych miejscach. Wa\u017c\u0105cy zaledwie oko\u0142o 14 kg w\u00f3zek jest wyj\u0105tkowo lekki i przeno\u015bny. Niezale\u017cnie od tego, czy transportujesz blaty, lady czy cenne dzie\u0142a sztuki, z Gevelridder masz pewno\u015b\u0107 bezpiecznego transportu.  <\/p>\n<p><strong>Specyfikacja funkcji<\/strong>: Co wyr\u00f3\u017cnia nasz w\u00f3zek Swivel 250 Glaskar Plate Trolley na tle innych? Dwustronny dr\u0105\u017cek do pchania, regulowany w trzech pozycjach, \u0142opatki Carve zapewniaj\u0105ce p\u0142ynne manewrowanie i obrotowe ko\u0142a z hamulcami no\u017cnymi. Co wi\u0119cej, unikalna pow\u0142oka z drobnego py\u0142u zapewnia przyczepno\u015b\u0107 i ochron\u0119 przed zarysowaniami.  <\/p>\n<p><strong>Dodatkowe funkcje<\/strong>: Ten w\u00f3zek na p\u0142yty wykracza poza transport. W\u00f3zek jest wyposa\u017cony w por\u0119czn\u0105 listw\u0119 do zawieszania elektronarz\u0119dzi i tac\u0119 narz\u0119dziow\u0105 na niezb\u0119dne materia\u0142y eksploatacyjne. Dzi\u0119ki mo\u017cliwo\u015bci przymocowania klips\u00f3w mo\u017cna r\u00f3wnie\u017c wygodnie zawiesi\u0107 baterie.  <\/p>\n<p><strong>Dlaczego warto wybra\u0107 Gevelridder<\/strong>: Ka\u017cdy w\u00f3zek do p\u0142yt Zwenk 250 Glaskar jest spawany i powlekany r\u0119cznie, co gwarantuje, \u017ce masz w r\u0119kach produkt najwy\u017cszej jako\u015bci. Je\u015bli chodzi o trwa\u0142o\u015b\u0107 i kunszt, Gevelridder to marka, kt\u00f3rej mo\u017cna zaufa\u0107. <\/p>\n<p><strong>Podsumowanie funkcji<\/strong>:<\/p>\n<ul>\n<li>Niewielka waga (tylko 12 kg)<\/li>\n<li>Dwustronnie regulowany dr\u0105\u017cek do pchania<\/li>\n<li>\u0141opatki Carve zapewniaj\u0105ce zwrotno\u015b\u0107<\/li>\n<li>K\u00f3\u0142ka skr\u0119tne z hamulcem no\u017cnym<\/li>\n<li>Drobna pow\u0142oka przeciwpy\u0142owa zapewniaj\u0105ca przyczepno\u015b\u0107 i ochron\u0119<\/li>\n<li>Listwa do zawieszania elektronarz\u0119dzi<\/li>\n<li>Tacka narz\u0119dziowa na niezb\u0119dne materia\u0142y eksploatacyjne<\/li>\n<li>Dogodna pozycja parkingowa dla uchwytu<\/li>\n<li>Listwa posiada standardowe otwory na dwa zaciski dla Markita 18V LXT<\/li>\n<\/ul>\n<p>Podsumowanie: Dla tych, kt\u00f3rzy szukaj\u0105 najlepszego w\u00f3zka do p\u0142yt lub szk\u0142a, Gevelridder oferuje bezkonkurencyjne rozwi\u0105zanie. Dzi\u0119ki unikalnym funkcjom i wysokiej jako\u015bci konstrukcji, w\u00f3zek ten jest idealny do ka\u017cdego zadania, zar\u00f3wno du\u017cego, jak i ma\u0142ego. Zainwestuj w jako\u015b\u0107, zainwestuj w Gevelridder.  <\/p>\n<\/div>\n<\/div>\n<\/div>\n<\/div>\n<\/div>\n<\/div>\n<\/div>\n<\/div>\n","protected":false},"excerpt":{"rendered":"<p><span style=\"color: #5bbc3a;\"><strong>\u2714<\/strong><\/span>   <strong>Idealny do prac wewn\u0119trznych, konserwacji i napraw.<\/strong><\/p>\n<p><span style=\"color: #5bbc3a;\"><strong>\u2714<\/strong><\/span><strong><span style=\"color: #5bbc3a;\"> <\/span> Narz\u0119dzia zawsze pod r\u0119k\u0105. <\/strong> <\/p>\n<p><span style=\"color: #5bbc3a;\"><strong>\u2714<\/strong><\/span><strong> K\u00f3\u0142ka skr\u0119tne z hamulcem no\u017cnym. <\/strong> <\/p>\n<p><span style=\"color: #5bbc3a;\"><strong>\u2714<\/strong><\/span><strong> Lekki, bardzo zwrotny.<\/strong><\/p>\n<p><span style=\"color: #5bbc3a;\"><strong>\u2714<\/strong><\/span><strong><span style=\"color: #5bbc3a;\"> <\/span> L=100 cm, H=100 cm, W=60 cm<\/strong><\/p>\n<p><span style=\"color: #5bbc3a;\"><strong>\u2714<\/strong><\/span><strong><span style=\"color: #5bbc3a;\"> <\/span> Szeroko\u015b\u0107 p\u00f3\u0142ki 18 cm.<\/strong><\/p>\n<p><span style=\"color: #5bbc3a;\"><strong>\u2714<\/strong><\/span><strong> WLL250 kg. <\/strong> <\/p>\n<p><span style=\"color: #5bbc3a;\"><strong>\u2714<\/strong><\/span><strong><span style=\"color: #5bbc3a;\"> <\/span>  <\/strong><strong>Waga w\u0142asna 14 kg.<\/strong><\/p>\n<p><span style=\"color: #5bbc3a;\"><strong>\u2714<\/strong><\/span> <strong><span style=\"color: #5bbc3a;\">Zderzak zabezpieczaj\u0105cy przed przewr\u00f3ceniem si\u0119 w\u00f3zka.<\/span><\/strong><\/p>\n<p><strong><span style=\"color: #ff0000;\">x<\/span><\/strong> <strong>Z wy\u0142\u0105czeniem zacisk\u00f3w i narz\u0119dzi.<\/strong><\/p>\n<p><strong>\u2660 Zacisk napinaj\u0105cy nale\u017cy zam\u00f3wi\u0107 osobno:<\/strong><\/p>\n<ul>\n<li style=\"list-style-type: none;\">\n<ul>\n<li style=\"list-style-type: none;\">\n<ul>\n<li><a href=\"https:\/\/gevelridder.nl\/pl\/produkt\/aluminiowy-zacisk-napinajacy-do-glaskar\/\">Napinacz Alu (ko\u0144c\u00f3wka)<\/a><\/li>\n<li><a href=\"https:\/\/gevelridder.nl\/pl\/produkt\/zacisk-do-stali-glaskar-1-0\/\">Stalowy zacisk napinaj\u0105cy<\/a><\/li>\n<li><a href=\"https:\/\/gevelridder.nl\/pl\/produkt\/lanca-spanlance-do-wozka-na-plyty\/\">Lanca dystansowa<\/a><\/li>\n<\/ul>\n<\/li>\n<\/ul>\n<\/li>\n<\/ul>\n<ul>\n<li style=\"list-style-type: none;\">\n<ul>\n<li style=\"list-style-type: none;\">\n<\/ul>\n<\/li>\n<\/ul>\n","protected":false},"featured_media":131955,"template":"","meta":{"_acf_changed":false,"_seopress_robots_primary_cat":"none","_seopress_titles_title":"","_seopress_titles_desc":"","_seopress_robots_index":""},"product_brand":[],"product_cat":[2079,2078,2025],"product_tag":[2069,1993,1998,2206,2138,1992,2015,2207,2086,2071,2070,2037,2027,2139,2137,2072],"class_list":{"0":"post-140449","1":"product","2":"type-product","3":"status-publish","4":"has-post-thumbnail","6":"product_cat-wozek-na-talerze-glaskar","7":"product_cat-wozki-2","8":"product_cat-wozki-elewacyjne","9":"product_tag-allterraindolly","10":"product_tag-podnosnik-do-szkla","11":"product_tag-rama-okienna","12":"product_tag-reka-do-transportu-szkla-2","13":"product_tag-shopfitterzy","14":"product_tag-szklarz","15":"product_tag-szklarz-2","16":"product_tag-transport-plyt","17":"product_tag-transport-szkla","18":"product_tag-windowframecarrier","19":"product_tag-wozek-3","20":"product_tag-wozek-do-plyt-2","21":"product_tag-wozek-do-szyb","22":"product_tag-wozek-na-plyty-glaskar","23":"product_tag-wozek-na-szklo","24":"product_tag-wozek-ramowy","25":"product_shipping_class-kar-groot","27":"first","28":"instock","29":"taxable","30":"shipping-taxable","31":"purchasable","32":"product-type-simple"},"acf":[],"_links":{"self":[{"href":"https:\/\/gevelridder.nl\/pl\/wp-json\/wp\/v2\/product\/140449","targetHints":{"allow":["GET"]}}],"collection":[{"href":"https:\/\/gevelridder.nl\/pl\/wp-json\/wp\/v2\/product"}],"about":[{"href":"https:\/\/gevelridder.nl\/pl\/wp-json\/wp\/v2\/types\/product"}],"wp:featuredmedia":[{"embeddable":true,"href":"https:\/\/gevelridder.nl\/pl\/wp-json\/wp\/v2\/media\/131955"}],"wp:attachment":[{"href":"https:\/\/gevelridder.nl\/pl\/wp-json\/wp\/v2\/media?parent=140449"}],"wp:term":[{"taxonomy":"product_brand","embeddable":true,"href":"https:\/\/gevelridder.nl\/pl\/wp-json\/wp\/v2\/product_brand?post=140449"},{"taxonomy":"product_cat","embeddable":true,"href":"https:\/\/gevelridder.nl\/pl\/wp-json\/wp\/v2\/product_cat?post=140449"},{"taxonomy":"product_tag","embeddable":true,"href":"https:\/\/gevelridder.nl\/pl\/wp-json\/wp\/v2\/product_tag?post=140449"}],"curies":[{"name":"wp","href":"https:\/\/api.w.org\/{rel}","templated":true}]}}