
{"id":140438,"date":"2026-03-24T08:17:11","date_gmt":"2026-03-24T08:17:11","guid":{"rendered":"https:\/\/gevelridder.nl\/product\/zacisk-do-stali-glaskar-1-0\/"},"modified":"2026-03-24T08:17:11","modified_gmt":"2026-03-24T08:17:11","slug":"zacisk-do-stali-glaskar-1-0","status":"publish","type":"product","link":"https:\/\/gevelridder.nl\/pl\/produkt\/zacisk-do-stali-glaskar-1-0\/","title":{"rendered":"Zacisk do stali Glaskar 1.0"},"content":{"rendered":"<h2><strong>Rycerski napinacz dla stali Glaskar 1.0  <\/strong><\/h2>\n<p><strong>Stra\u017cnik szk\u0142a w Construction Field<\/strong><\/p>\n<p>W kr\u00f3lestwie budownictwa i konstrukcji, gdzie rzemios\u0142o i precyzja id\u0105 w parze, niezb\u0119dne jest posiadanie odpowiedniego arsena\u0142u narz\u0119dzi. Wykonany z wysokiej jako\u015bci stali odpornej na rdz\u0119 i pokryty gum\u0105 zacisk napinaj\u0105cy jest niczym nieustraszony rycerz gotowy do strze\u017cenia szk\u0142a. <\/p>\n<p>W przypadku wiernego Glaskara, czy to w wariancie 150 kg, czy 250 kg, jeden zacisk napinaj\u0105cy cz\u0119sto zapewnia niezb\u0119dn\u0105 wytrzyma\u0142o\u015b\u0107. Jednak w przypadku wi\u0119kszych tafli szk\u0142a, dwa zaciski podwajaj\u0105 ochron\u0119, utrzymuj\u0105c szk\u0142o w stabilnej pozycji, jakby strzegli go stra\u017cnicy \u015bredniowiecznego zamku. <\/p>\n<p>Niemniej jednak, jak ka\u017cdy rycerz ma swoje s\u0142abo\u015bci, tak i ten stalowy napinacz ma sw\u00f3j ci\u0119\u017car. Ale nie b\u00f3jcie si\u0119, szlachetni budowniczowie! Czasy wsp\u00f3\u0142czesne przynios\u0142y nam <a href=\"https:\/\/gevelridder.nl\/pl\/produkt\/aluminiowy-zacisk-napinajacy-do-glaskar\/\">aluminiow\u0105 wersj\u0119 zacisku napinaj\u0105cego<\/a>. L\u017cejsza i bardziej przyjazna dla portfela, ale r\u00f3wnie zdecydowana w swoim zadaniu.   <\/p>\n<p>Niezale\u017cnie od tego, czy u\u017cywasz <a href=\"https:\/\/gevelridder.nl\/pl\/produkt\/wozek-glaskar-250kg-2\/\">Glaskar<\/a>, czy <a href=\"https:\/\/gevelridder.nl\/product\/de-carve-250-platen-deur-en-glaskar\/\">Carve<\/a>, ten zacisk napinaj\u0105cy s\u0142u\u017cy jako dodatkowe rami\u0119 ochronne przed upadkiem szk\u0142a do przodu. Jednak\u017ce, tak jak rycerz musi by\u0107 zawsze czujny, nigdy nie nale\u017cy pozostawia\u0107 szk\u0142a bez nadzoru, nawet z zaciskiem napinaj\u0105cym jako os\u0142on\u0105. Niespodziewane podmuchy wiatru mog\u0105 by\u0107 podst\u0119pnym wrogiem, gotowym przewr\u00f3ci\u0107 w\u00f3zek.  <\/p>\n<p>Dlatego, szlachetni budowniczowie, zawsze upewniajcie si\u0119, \u017ce wasz w\u00f3zek stoi na twardym, r\u00f3wnym pod\u0142o\u017cu, a szyb strze\u017ce niezawodny zacisk napinaj\u0105cy, rycerz \u015bwiata budowlanego.<\/p>\n","protected":false},"excerpt":{"rendered":"<p>Rycerze konstrukcji, wyposa\u017c swojego Glaskara w nieustraszony zacisk napinaj\u0105cy: twoj\u0105 tarcz\u0119 przed spadaj\u0105cym szk\u0142em. Wykonany z wytrzyma\u0142ej stali, teraz dost\u0119pny r\u00f3wnie\u017c w <a href=\"https:\/\/gevelridder.nl\/pl\/produkt\/aluminiowy-zacisk-napinajacy-do-glaskar\/\">lekkiej wersji aluminiowej<\/a> (l\u017cejszej i ta\u0144szej!). Niezawodny sojusznik w walce o stabilno\u015b\u0107, ale nigdy nie pozostawiaj szk\u0142a bez nadzoru. Chro\u0144 swoje projekty za pomoc\u0105 tej os\u0142ony i buduj z pewno\u015bci\u0105 siebie i dum\u0105. W przypadku du\u017cego szk\u0142a nale\u017cy u\u017cy\u0107 dw\u00f3ch zacisk\u00f3w napinaj\u0105cych.    <\/p>\n","protected":false},"featured_media":138013,"template":"","meta":{"_acf_changed":false,"_seopress_robots_primary_cat":"none","_seopress_titles_title":"","_seopress_titles_desc":"","_seopress_robots_index":""},"product_brand":[],"product_cat":[2038,2025],"product_tag":[2195,2033,2027],"class_list":{"0":"post-140438","1":"product","2":"type-product","3":"status-publish","4":"has-post-thumbnail","6":"product_cat-czesci-zamienne-3","7":"product_cat-wozki-elewacyjne","8":"product_tag-stalowy-zacisk-napinajacy","9":"product_tag-wozek-do-plyt","10":"product_tag-wozek-do-szyb","11":"product_shipping_class-25-euro","13":"first","14":"instock","15":"taxable","16":"shipping-taxable","17":"purchasable","18":"product-type-simple"},"acf":[],"_links":{"self":[{"href":"https:\/\/gevelridder.nl\/pl\/wp-json\/wp\/v2\/product\/140438","targetHints":{"allow":["GET"]}}],"collection":[{"href":"https:\/\/gevelridder.nl\/pl\/wp-json\/wp\/v2\/product"}],"about":[{"href":"https:\/\/gevelridder.nl\/pl\/wp-json\/wp\/v2\/types\/product"}],"wp:featuredmedia":[{"embeddable":true,"href":"https:\/\/gevelridder.nl\/pl\/wp-json\/wp\/v2\/media\/138013"}],"wp:attachment":[{"href":"https:\/\/gevelridder.nl\/pl\/wp-json\/wp\/v2\/media?parent=140438"}],"wp:term":[{"taxonomy":"product_brand","embeddable":true,"href":"https:\/\/gevelridder.nl\/pl\/wp-json\/wp\/v2\/product_brand?post=140438"},{"taxonomy":"product_cat","embeddable":true,"href":"https:\/\/gevelridder.nl\/pl\/wp-json\/wp\/v2\/product_cat?post=140438"},{"taxonomy":"product_tag","embeddable":true,"href":"https:\/\/gevelridder.nl\/pl\/wp-json\/wp\/v2\/product_tag?post=140438"}],"curies":[{"name":"wp","href":"https:\/\/api.w.org\/{rel}","templated":true}]}}