
{"id":140429,"date":"2026-03-24T11:33:09","date_gmt":"2026-03-24T11:33:09","guid":{"rendered":"https:\/\/gevelridder.nl\/product\/carve-500kg-2-0\/"},"modified":"2026-03-24T11:33:09","modified_gmt":"2026-03-24T11:33:09","slug":"carve-500kg-2-0","status":"publish","type":"product","link":"https:\/\/gevelridder.nl\/pl\/produkt\/carve-500kg-2-0\/","title":{"rendered":"Carve 500kg 2.0"},"content":{"rendered":"<h2>W\u00f3zek transportowy CARVE 500 kg: idealne rozwi\u0105zanie do p\u0142yt, szk\u0142a i drzwi<\/h2>\n<p>Dzia\u0142asz w bran\u017cy budowlanej, wyko\u0144czenia wn\u0119trz, renowacji lub kamienia naturalnego? Je\u015bli szukasz optymalnego rozwi\u0105zania do transportu p\u0142yt, szk\u0142a, drzwi, ale przede wszystkim blat\u00f3w i sto\u0142\u00f3w z kamienia naturalnego, to w\u00f3zek transportowy CARVE 500 kg jest najlepszym wyborem. <\/p>\n<p><strong>Dlaczego w\u00f3zek transportowy CARVE powinien by\u0107 kolejnym zakupem:<\/strong><\/p>\n<ol>\n<li><strong>Wyj\u0105tkowa zwrotno\u015b\u0107:<\/strong> dzi\u0119ki sta\u0142ej osi po\u015brodku i podw\u00f3jnym ko\u0142om z przodu i z ty\u0142u, CARVE porusza si\u0119 bez wysi\u0142ku w ciasnych przestrzeniach &#8211; idealny do blat\u00f3w roboczych i blat\u00f3w wykonanych z kamienia naturalnego.<\/li>\n<li><strong>Wszechstronny w u\u017cyciu:<\/strong> U\u017cyj go jako sanek lub przymocuj zaciski napinaj\u0105ce dla dodatkowego bezpiecze\u0144stwa; CARVE oferuje obie opcje.<\/li>\n<li><strong>Stylowy i praktyczny design:<\/strong> antracytowa filcowa podszewka nie tylko nadaje CARVE elegancki wygl\u0105d, ale tak\u017ce chroni materia\u0142y przed zarysowaniami.<\/li>\n<li><strong>Dodatkowe bezpiecze\u0144stwo:<\/strong> dzi\u0119ki wy\u015bcie\u0142anym zderzakom z przodu i z ty\u0142u nie musisz si\u0119 martwi\u0107 o uderzenia lub zadrapania.<\/li>\n<li><strong>Kompaktowy i wygodny:<\/strong> Dzi\u0119ki d\u0142ugo\u015bci 140 cm i rozmiarowi \u015bwiat\u0142a dziennego 60 mm, CARVE jest \u0142atwy w transporcie i przechowywaniu.<\/li>\n<li><strong>Konstrukcja przyjazna dla prog\u00f3w:<\/strong> Unikalna konstrukcja CARVE u\u0142atwia pokonywanie nier\u00f3wno\u015bci bez destabilizacji \u0142adunku.<\/li>\n<\/ol>\n<p>Arkusz informacyjny TNO z czerwca 2018 r. pokazuje, \u017ce opr\u00f3cz psychospo\u0142ecznego obci\u0105\u017cenia prac\u0105, obci\u0105\u017cenie fizyczne jest nadal g\u0142\u00f3wn\u0105 przyczyn\u0105 chor\u00f3b zawodowych i nieobecno\u015bci w pracy. Dolegliwo\u015bciom fizycznym, takim jak b\u00f3l plec\u00f3w, ramion, szyi, kolan i bioder, mo\u017cna zapobiega\u0107 za pomoc\u0105 odpowiednich narz\u0119dzi. Chodzenie podczas podnoszenia mo\u017ce prowadzi\u0107 do takich dolegliwo\u015bci. Dlatego Gable Knight oferuje ten w\u00f3zek transportowy z oponami pneumatycznymi. Zawsze nale\u017cy upewni\u0107 si\u0119, \u017ce w\u00f3zki (ale tak\u017ce stojaki na szk\u0142o) s\u0105 wypoziomowane, aby zapobiec przewr\u00f3ceniu si\u0119 szk\u0142a.    <\/p>\n<p>Wybierz jako\u015b\u0107, trwa\u0142o\u015b\u0107 i styl. Wybierz w\u00f3zek transportowy CARVE 500 kg. Twoja praca b\u0119dzie \u0142atwiejsza, bezpieczniejsza i bardziej wydajna. Zam\u00f3w teraz i poczuj r\u00f3\u017cnic\u0119!   <\/p>\n","protected":false},"excerpt":{"rendered":"<p><strong>Lekkie p\u0142yty CARVE \/ w\u00f3zek transportowy \/ w\u00f3zek do szk\u0142a: Idealny do monta\u017cu (potr\u00f3jnego) szk\u0142a, drzwi i blat\u00f3w w ma\u0142ych przestrzeniach.  <\/strong><\/p>\n<p><span style=\"color: #ff6600;\"><strong>Nowo\u015b\u0107: teraz z gumowym zderzakiem i amortyzatorem z przodu i z ty\u0142u<\/strong>. <strong>Carve 2.0 <\/strong> <\/span><\/p>\n<p><strong>L= 150 cm, H=26 cm, W=47 cm<\/strong><\/p>\n<p><span style=\"color: #5bbc3a;\"><strong>\u2714<\/strong><\/span><strong> Zderzak (nowy). <\/strong> <\/p>\n<p><span style=\"color: #5bbc3a;\"><strong>\u2714<\/strong><\/span><strong> Rynna w rozmiarze \u015bwiat\u0142a dziennego 6 cm. <\/strong> <\/p>\n<p><span style=\"color: #5bbc3a;\"><strong>\u2714<\/strong><\/span><strong>   <\/strong><strong>WLL500 kg.<\/strong><\/p>\n<p><strong>Waga <span style=\"color: #5bbc3a;\">w\u0142asna <\/span> 9 kg<span style=\"color: #5bbc3a;\">. <\/span> <\/strong><\/p>\n<p><span style=\"color: #5bbc3a;\"><strong>\u2714<\/strong><\/span><strong> Z oponami pneumatycznymi (dobra amortyzacja).<\/strong><\/p>\n<p><span style=\"color: #5bbc3a;\"><strong>\u2714<\/strong><\/span><strong> Zderzak zabezpieczaj\u0105cy przed przewr\u00f3ceniem si\u0119 w\u00f3zka.<\/strong><\/p>\n<p><span style=\"color: #ff0000;\">x<\/span><strong> Z wy\u0142\u0105czeniem zacisk\u00f3w<\/strong><\/p>\n<p><span style=\"color: #3366ff;\">\u2660<\/span><strong> Zacisk napinaj\u0105cy nale\u017cy zam\u00f3wi\u0107 osobno:<\/strong><\/p>\n<ul>\n<li>\n<ul>\n<li>\n<ul>\n<li><a href=\"https:\/\/gevelridder.nl\/product\/spanklem-2-0-alu\/\">Aluminiowy zacisk napinaj\u0105cy (ko\u0144c\u00f3wka)<\/a><\/li>\n<li><a href=\"https:\/\/gevelridder.nl\/product\/spanklem\/\">Stalowy zacisk napinaj\u0105cy<\/a><\/li>\n<li><a href=\"https:\/\/gevelridder.nl\/pl\/produkt\/lanca-spanlance-do-wozka-na-plyty\/\">Lanca dystansowa<\/a><\/li>\n<\/ul>\n<\/li>\n<\/ul>\n<\/li>\n<\/ul>\n","protected":false},"featured_media":131943,"template":"","meta":{"_acf_changed":false,"_seopress_robots_primary_cat":"none","_seopress_titles_title":"","_seopress_titles_desc":"","_seopress_robots_index":""},"product_brand":[],"product_cat":[2079,2024,2025],"product_tag":[2185,2111,2086,2095,2109,2027,2112,2072,2115,2075,2113],"class_list":{"0":"post-140429","1":"product","2":"type-product","3":"status-publish","4":"has-post-thumbnail","6":"product_cat-wozek-na-talerze-glaskar","7":"product_cat-wozek-transportowy-typu-piesek","8":"product_cat-wozki-elewacyjne","9":"product_tag-potrojne-szklo-transportowe","10":"product_tag-reka-do-transportu-szkla","11":"product_tag-transport-szkla","12":"product_tag-transport-szkla-2","13":"product_tag-wozek-do-drzwi","14":"product_tag-wozek-do-szyb","15":"product_tag-wozek-na-szklo-wozek-na-plyty","16":"product_tag-wozek-ramowy","17":"product_tag-wozek-z-potrojna-szyba","18":"product_tag-wozek-z-rama","19":"product_tag-wozki-na-plyty","20":"product_shipping_class-opakowanie-160-50-40","22":"first","23":"instock","24":"taxable","25":"shipping-taxable","26":"purchasable","27":"product-type-simple"},"acf":[],"_links":{"self":[{"href":"https:\/\/gevelridder.nl\/pl\/wp-json\/wp\/v2\/product\/140429","targetHints":{"allow":["GET"]}}],"collection":[{"href":"https:\/\/gevelridder.nl\/pl\/wp-json\/wp\/v2\/product"}],"about":[{"href":"https:\/\/gevelridder.nl\/pl\/wp-json\/wp\/v2\/types\/product"}],"wp:featuredmedia":[{"embeddable":true,"href":"https:\/\/gevelridder.nl\/pl\/wp-json\/wp\/v2\/media\/131943"}],"wp:attachment":[{"href":"https:\/\/gevelridder.nl\/pl\/wp-json\/wp\/v2\/media?parent=140429"}],"wp:term":[{"taxonomy":"product_brand","embeddable":true,"href":"https:\/\/gevelridder.nl\/pl\/wp-json\/wp\/v2\/product_brand?post=140429"},{"taxonomy":"product_cat","embeddable":true,"href":"https:\/\/gevelridder.nl\/pl\/wp-json\/wp\/v2\/product_cat?post=140429"},{"taxonomy":"product_tag","embeddable":true,"href":"https:\/\/gevelridder.nl\/pl\/wp-json\/wp\/v2\/product_tag?post=140429"}],"curies":[{"name":"wp","href":"https:\/\/api.w.org\/{rel}","templated":true}]}}