
{"id":140382,"date":"2026-04-03T09:37:22","date_gmt":"2026-04-03T09:37:22","guid":{"rendered":"https:\/\/gevelridder.nl\/product\/glaskar-bigurban-carve-plate-trolley-500kg-1-5x1-5\/"},"modified":"2026-04-03T09:37:22","modified_gmt":"2026-04-03T09:37:22","slug":"glaskar-bigurban-carve-plate-trolley-500kg-1-5x1-5","status":"publish","type":"product","link":"https:\/\/gevelridder.nl\/pl\/produkt\/glaskar-bigurban-carve-plate-trolley-500kg-1-5x1-5\/","title":{"rendered":"Glaskar BigUrban Carve Plate Trolley 500kg 1.5&#215;1.5"},"content":{"rendered":"<p>Super zwrotny w\u00f3zek Glaskar Big-Urban Carve Plate Trolley 500 kg oferuje doskona\u0142e rozwi\u0105zanie z du\u017c\u0105 g\u00f3rn\u0105 p\u00f3\u0142k\u0105, idealn\u0105 do szerszych ram okiennych i innych materia\u0142\u00f3w. Przy maksymalnym obci\u0105\u017ceniu 500 kg (r\u00f3wnomiernie roz\u0142o\u017conym), w\u00f3zek elewacyjny jest w\u0142a\u015bciwym wyborem dla Twoich potrzeb transportowych. <\/p>\n<p><strong>Glaskar Big-Urban Carve Plate Trolley 500kg: Wydajny transport  <\/strong><\/p>\n<p>W\u00f3zek Gable Cart o wymiarach 150&#215;150 cm z p\u00f3\u0142k\u0105 \u0142adunkow\u0105 18 cm zosta\u0142 zaprojektowany tak, aby spe\u0142ni\u0107 Twoje wymagania. Ten aluminiowy w\u00f3zek oferuje trwa\u0142o\u015b\u0107 i przeno\u015bno\u015b\u0107. <\/p>\n<p><strong>Glaskar Big-Urban Plate Trolley 500kg: Zaprojektowany z mi\u0142o\u015bci\u0105, wyprodukowany w Holandii<\/strong><\/p>\n<p>Nasz w\u00f3zek na p\u0142yty to nie byle jaki w\u00f3zek. Z dum\u0105 prezentujemy nasz r\u0119cznie zaprojektowany i r\u0119cznie wykonany w\u00f3zek na p\u0142yty, #MadeinHolland. Ka\u017cdy szczeg\u00f3\u0142 zosta\u0142 starannie dopracowany, dzi\u0119ki czemu w\u00f3zek ten wyr\u00f3\u017cnia si\u0119 jako &#8222;Mercedes&#8221; w\u015br\u00f3d w\u00f3zk\u00f3w.  <\/p>\n<p><strong>Zaciski i akcesoria<\/strong><\/p>\n<p>Nale\u017cy pami\u0119ta\u0107, \u017ce cena nie obejmuje zacisk\u00f3w napinaj\u0105cych. Mo\u017cna je zam\u00f3wi\u0107 osobno, aby transport by\u0142 jeszcze bezpieczniejszy. <\/p>\n<p><strong>Wymiary i opcje<\/strong><\/p>\n<p>P\u00f3\u0142ka \u0142adunkowa w\u00f3zka Glaskar Plate Trolley ma 18 cm szeroko\u015bci, a ca\u0142kowita szeroko\u015b\u0107 wraz z k\u00f3\u0142kami wynosi zaledwie 57 cm. Regulowane uchwyty z mechanizmem szybkiego zatrzasku i czarny\/antracytowy filc dope\u0142niaj\u0105 ca\u0142o\u015bci. <\/p>\n<p><strong>Gable Knight: Zapobiegaj problemom zdrowotnym dzi\u0119ki wydajnemu transportowi<\/strong><\/p>\n<p>Czy wiesz, \u017ce podnoszenie i przenoszenie podczas pracy jest g\u0142\u00f3wn\u0105 przyczyn\u0105 dolegliwo\u015bci fizycznych? B\u00f3l plec\u00f3w, ramion, szyi, kolan i bioder mo\u017ce wynika\u0107 z niew\u0142a\u015bciwego podnoszenia, a nasz w\u00f3zek do p\u0142yt zapobiega temu. Nasz w\u00f3zek elewacyjny lub w\u00f3zek do p\u0142yt zosta\u0142 zaprojektowany z my\u015bl\u0105 zar\u00f3wno o wydajno\u015bci, jak i zdrowiu. Dzi\u0119ki urz\u0105dzeniom podnosz\u0105cym Gevelridder mo\u017cna zapobiec tym dolegliwo\u015bciom i pracowa\u0107 bezpiecznie i wygodnie.   <\/p>\n<p><strong>TNO &#8211; Fakty dotycz\u0105ce fizycznego obci\u0105\u017cenia prac\u0105 2018<\/strong><\/p>\n<p>Obci\u0105\u017cenie fizyczne pozostaje g\u0142\u00f3wn\u0105 przyczyn\u0105 chor\u00f3b zawodowych i nieobecno\u015bci w pracy. Nasze produkty zosta\u0142y zaprojektowane tak, aby przyczynia\u0107 si\u0119 do zdrowszego \u015brodowiska pracy, zgodnie z ustaleniami TNO. <\/p>\n<p>Odkryj moc w\u00f3zk\u00f3w Gable Trolley i Plate Trolley &#8211; Twoich partner\u00f3w w zakresie wydajnego transportu i zdrowych warunk\u00f3w pracy. Zam\u00f3w teraz i poczuj r\u00f3\u017cnic\u0119! Przy okazji, czy widzia\u0142e\u015b ju\u017c <a href=\"https:\/\/gevelridder.nl\/pl\/produkt\/brammetje-500kg\/\">pieska Brammetje<\/a>?  <\/p>\n","protected":false},"excerpt":{"rendered":"<p><span style=\"color: #5bbc3a;\"><strong>\u2714<\/strong><\/span>   <strong>SUPER WENDABLE<\/strong><\/p>\n<p><span style=\"color: #5bbc3a;\"><strong>\u2714<\/strong><\/span><strong> L=150 cm, H=150 cm, W=60 cm.<\/strong><\/p>\n<p><span style=\"color: #5bbc3a;\"><strong>\u2714<\/strong><\/span><strong> Szeroko\u015b\u0107 p\u00f3\u0142ki 18 cm (miejsce na k\u00f3\u0142ko 20 cm).<\/strong><\/p>\n<p><span style=\"color: #5bbc3a;\"><strong>\u2714<\/strong><\/span><strong> WLL500 kg. <\/strong> <\/p>\n<p><span style=\"color: #5bbc3a;\"><strong>\u2714<\/strong><\/span><strong>   <\/strong><strong>Waga w\u0142asna 33 kg.<\/strong><\/p>\n<p><span style=\"color: #5bbc3a;\"><strong>\u2714<\/strong><\/span><strong> Tuleje przednie i tylne do mocowania (opcja)<\/strong><strong>.<\/strong><\/p>\n<p><span style=\"color: #5bbc3a;\"><strong>\u2714<\/strong><\/span><strong> K\u00f3\u0142ka skr\u0119tne z przodu i z ty\u0142u<\/strong><\/p>\n<p><span style=\"color: #5bbc3a;\"><strong>\u2714<\/strong><\/span><strong> 2x k\u00f3\u0142ka obrotowe z hamulcem <\/strong> <\/p>\n<p><span style=\"color: #5bbc3a;\"><strong>\u2714<\/strong><\/span><strong> Gumowe zderzaki <\/strong> <\/p>\n<p><strong><span style=\"color: #ff0000;\">x<\/span><\/strong><strong> Z wy\u0142\u0105czeniem zacisk\u00f3w<\/strong><\/p>\n<p><span style=\"color: #ff0000;\"><span style=\"color: #000000;\">\u2660<\/span> <span style=\"color: #000000;\"><strong>Zacisk napinaj\u0105cy nale\u017cy zam\u00f3wi\u0107 osobno:<\/strong><\/span><\/span><\/p>\n<ul>\n<li style=\"list-style-type: none;\">\n<ul>\n<li style=\"list-style-type: none;\">\n<ul>\n<li><a href=\"https:\/\/gevelridder.nl\/pl\/produkt\/aluminiowy-zacisk-napinajacy-do-glaskar\/\">Aluminiowy zacisk napinaj\u0105cy (ko\u0144c\u00f3wka)<\/a><\/li>\n<li><a href=\"https:\/\/gevelridder.nl\/pl\/produkt\/zacisk-do-stali-glaskar-1-0\/\">Stalowy zacisk napinaj\u0105cy<\/a><\/li>\n<li><a href=\"https:\/\/gevelridder.nl\/pl\/produkt\/lanca-spanlance-do-wozka-na-plyty\/\">Lanca dystansowa<\/a><\/li>\n<\/ul>\n<\/li>\n<\/ul>\n<\/li>\n<\/ul>\n","protected":false},"featured_media":133025,"template":"","meta":{"_acf_changed":false,"_seopress_robots_primary_cat":"none","_seopress_titles_title":"","_seopress_titles_desc":"","_seopress_robots_index":""},"product_brand":[],"product_cat":[2079,2025],"product_tag":[2069,2140,2172,1993,1998,2170,2138,2095,2086,2071,2070,2109,2037,2027,2141,2163,2139,2137,2112,2171,2072],"class_list":{"0":"post-140382","1":"product","2":"type-product","3":"status-publish","4":"has-post-thumbnail","6":"product_cat-wozek-na-talerze-glaskar","7":"product_cat-wozki-elewacyjne","8":"product_tag-allterraindolly","9":"product_tag-jezyna","10":"product_tag-plytki-tarasowe-wozek","11":"product_tag-podnosnik-do-szkla","12":"product_tag-rama-okienna","13":"product_tag-reczny-transport-szkla","14":"product_tag-shopfitterzy","15":"product_tag-transport-szkla-2","16":"product_tag-transport-szkla","17":"product_tag-windowframecarrier","18":"product_tag-wozek-3","19":"product_tag-wozek-do-drzwi","20":"product_tag-wozek-do-plyt-2","21":"product_tag-wozek-do-szyb","22":"product_tag-wozek-drzwiowy-2","23":"product_tag-wozek-na-plyty","24":"product_tag-wozek-na-plyty-glaskar","25":"product_tag-wozek-na-szklo","26":"product_tag-wozek-na-szklo-wozek-na-plyty","27":"product_tag-wozek-nagrobkowy","28":"product_tag-wozek-ramowy","29":"product_shipping_class-kar-groot","31":"first","32":"instock","33":"taxable","34":"shipping-taxable","35":"purchasable","36":"product-type-simple"},"acf":[],"_links":{"self":[{"href":"https:\/\/gevelridder.nl\/pl\/wp-json\/wp\/v2\/product\/140382","targetHints":{"allow":["GET"]}}],"collection":[{"href":"https:\/\/gevelridder.nl\/pl\/wp-json\/wp\/v2\/product"}],"about":[{"href":"https:\/\/gevelridder.nl\/pl\/wp-json\/wp\/v2\/types\/product"}],"wp:featuredmedia":[{"embeddable":true,"href":"https:\/\/gevelridder.nl\/pl\/wp-json\/wp\/v2\/media\/133025"}],"wp:attachment":[{"href":"https:\/\/gevelridder.nl\/pl\/wp-json\/wp\/v2\/media?parent=140382"}],"wp:term":[{"taxonomy":"product_brand","embeddable":true,"href":"https:\/\/gevelridder.nl\/pl\/wp-json\/wp\/v2\/product_brand?post=140382"},{"taxonomy":"product_cat","embeddable":true,"href":"https:\/\/gevelridder.nl\/pl\/wp-json\/wp\/v2\/product_cat?post=140382"},{"taxonomy":"product_tag","embeddable":true,"href":"https:\/\/gevelridder.nl\/pl\/wp-json\/wp\/v2\/product_tag?post=140382"}],"curies":[{"name":"wp","href":"https:\/\/api.w.org\/{rel}","templated":true}]}}