
{"id":140380,"date":"2026-03-24T11:37:38","date_gmt":"2026-03-24T11:37:38","guid":{"rendered":"https:\/\/gevelridder.nl\/product\/wozek-serwisowy-do-tapicerki-szklanej\/"},"modified":"2026-03-24T11:37:38","modified_gmt":"2026-03-24T11:37:38","slug":"wozek-serwisowy-do-tapicerki-szklanej","status":"publish","type":"product","link":"https:\/\/gevelridder.nl\/pl\/produkt\/wozek-serwisowy-do-tapicerki-szklanej\/","title":{"rendered":"W\u00f3zek serwisowy do tapicerki szklanej"},"content":{"rendered":"<p><strong>Gable Knight Glaskar i w\u00f3zek do p\u0142yt &#8211; teraz z us\u0142ug\u0105 ponownego \u0142adowania!<\/strong><\/p>\n<p>Odkryj odnowion\u0105 us\u0142ug\u0119 Gevelridder: teraz mo\u017cesz zleci\u0107 ponowne obicie swojego niezawodnego w\u00f3zka Gevelkar, aby zn\u00f3w wygl\u0105da\u0142 i dzia\u0142a\u0142 jak nowy! Przynie\u015b sw\u00f3j w\u00f3zek do nas w Kapel Avezaath lub zle\u0107 nam jego dostaw\u0119, a my zajmiemy si\u0119 reszt\u0105. Stare ok\u0142adziny zostan\u0105 fachowo usuni\u0119te i zast\u0105pione nowym materia\u0142em wysokiej jako\u015bci. Mo\u017cesz odebra\u0107 w\u00f3zek, wybra\u0107 opcj\u0119 odbioru lub przywieziemy w\u00f3zek z powrotem do Twojej siedziby (wysy\u0142ka0.   <\/p>\n<p><strong>Informacje o naszym w\u00f3zku do przewozu szk\u0142a\/p\u0142yt:<\/strong><\/p>\n<ul>\n<li><strong>Wymiary i ud\u017awig:<\/strong> W\u00f3zek Gable Cart ma wymiary 100 x 100 cm z p\u0142yt\u0105 \u0142adunkow\u0105 o szeroko\u015bci 18 cm, odpowiedni\u0105 dla \u0142adunk\u00f3w o masie do 250 kg. W\u00f3zek jest r\u00f3wnie\u017c dost\u0119pny w l\u017cejszej wersji (1 o\u015b) o ud\u017awigu 150 kg. <\/li>\n<li><strong>Konstrukcja:<\/strong> Wykonany z lekkiego aluminium o wadze zaledwie 10 kg. Sp\u00f3d jest wyposa\u017cony w 2 tuleje na zaciski napinaj\u0105ce, wygodne w przypadku stojaka parkingowego. <\/li>\n<li><strong>Unikalne cechy:<\/strong> Nasze r\u0119cznie robione w\u00f3zki, pi\u0119knie tapicerowane i zaprojektowane w Holandii (#MadeinHolland), mo\u017cna por\u00f3wna\u0107 do &#8222;Astona Martina&#8221; w\u015br\u00f3d w\u00f3zk\u00f3w.<\/li>\n<li><strong>Zaciski:<\/strong> S\u0105 dost\u0119pne osobno i mo\u017cna je \u0142atwo zamontowa\u0107 na w\u00f3zku.<\/li>\n<li><strong>Ergonomia i bezpiecze\u0144stwo:<\/strong> z regulowanymi uchwytami i systemem szybkiego zatrzasku oraz wy\u0142o\u017cona czarnym\/antracytowym filcem. Nale\u017cy zapozna\u0107 si\u0119 z arkuszem informacyjnym TNO &#8211; Physical Workload Fact Sheet 2018 dotycz\u0105cym bezpiecznego podnoszenia i przenoszenia. <\/li>\n<\/ul>\n<p><strong>Dlaczego warto wybra\u0107 reupholstery?<\/strong><\/p>\n<ul>\n<li><strong>Trwa\u0142o\u015b\u0107:<\/strong> Przed\u0142u\u017c \u017cywotno\u015b\u0107 w\u00f3zka.<\/li>\n<li><strong>Wygl\u0105d:<\/strong> Spraw, by Tw\u00f3j w\u00f3zek zn\u00f3w wygl\u0105da\u0142 jak nowy.<\/li>\n<li><strong>Oszcz\u0119dno\u015b\u0107 koszt\u00f3w:<\/strong> Ekonomiczny wyb\u00f3r w por\u00f3wnaniu z zakupem nowego w\u00f3zka.<\/li>\n<\/ul>\n<p><strong>Bezpieczne u\u017cytkowanie:<\/strong> Nasze w\u00f3zki zosta\u0142y zaprojektowane z my\u015bl\u0105 o optymalnym bezpiecze\u0144stwie i trwa\u0142o\u015bci. Zalecamy, aby zawsze u\u017cywa\u0107 ich na r\u00f3wnym pod\u0142o\u017cu i nie pozostawia\u0107 ich bez nadzoru na zewn\u0105trz. <\/p>\n<p><strong>Odwied\u017a Ge<\/strong> velridder: Zanurz si\u0119 w kr\u00f3lestwie Gevelridder, gdzie kr\u00f3luje kunszt i jako\u015b\u0107. Pozw\u00f3l nam spe\u0142ni\u0107 Twoje d\u0105\u017cenie do perfekcji dzi\u0119ki naszym szklanym w\u00f3zkom &#8211; symbolowi naszego w\u0142asnego projektu i kunsztu. <\/p>\n","protected":false},"excerpt":{"rendered":"<p><strong>Gable Knight Glaskar i w\u00f3zek do p\u0142yt &#8211; teraz z us\u0142ug\u0105 ponownego \u0142adowania!<\/strong><\/p>\n<p>Odkryj odnowion\u0105 us\u0142ug\u0119 Gevelridder: teraz mo\u017cesz zleci\u0107 ponowne obicie swojego niezawodnego w\u00f3zka Gevelkar, aby zn\u00f3w wygl\u0105da\u0142 i dzia\u0142a\u0142 jak nowy! Przynie\u015b sw\u00f3j w\u00f3zek do nas w Kapel Avezaath lub zle\u0107 nam jego dostaw\u0119, a my zajmiemy si\u0119 reszt\u0105. Stare ok\u0142adziny zostan\u0105 fachowo usuni\u0119te i zast\u0105pione nowym materia\u0142em wysokiej jako\u015bci. Nast\u0119pnie mo\u017cesz ponownie odebra\u0107 w\u00f3zek lub odes\u0142a\u0107 go do siebie (z dodatkowymi kosztami transportu 69 euro).   <\/p>\n","protected":false},"featured_media":131984,"template":"","meta":{"_acf_changed":false,"_seopress_robots_primary_cat":"none","_seopress_titles_title":"","_seopress_titles_desc":"","_seopress_robots_index":""},"product_brand":[],"product_cat":[2038,2079,2025],"product_tag":[2069,1993,1998,2138,2015,1992,2071,2070,2037,2027,2139,2137,2072],"class_list":{"0":"post-140380","1":"product","2":"type-product","3":"status-publish","4":"has-post-thumbnail","6":"product_cat-czesci-zamienne-3","7":"product_cat-wozek-na-talerze-glaskar","8":"product_cat-wozki-elewacyjne","9":"product_tag-allterraindolly","10":"product_tag-podnosnik-do-szkla","11":"product_tag-rama-okienna","12":"product_tag-shopfitterzy","13":"product_tag-szklarz-2","14":"product_tag-szklarz","15":"product_tag-windowframecarrier","16":"product_tag-wozek-3","17":"product_tag-wozek-do-plyt-2","18":"product_tag-wozek-do-szyb","19":"product_tag-wozek-na-plyty-glaskar","20":"product_tag-wozek-na-szklo","21":"product_tag-wozek-ramowy","22":"product_shipping_class-65-euro","24":"first","25":"instock","26":"taxable","27":"shipping-taxable","28":"purchasable","29":"product-type-simple"},"acf":[],"_links":{"self":[{"href":"https:\/\/gevelridder.nl\/pl\/wp-json\/wp\/v2\/product\/140380","targetHints":{"allow":["GET"]}}],"collection":[{"href":"https:\/\/gevelridder.nl\/pl\/wp-json\/wp\/v2\/product"}],"about":[{"href":"https:\/\/gevelridder.nl\/pl\/wp-json\/wp\/v2\/types\/product"}],"wp:featuredmedia":[{"embeddable":true,"href":"https:\/\/gevelridder.nl\/pl\/wp-json\/wp\/v2\/media\/131984"}],"wp:attachment":[{"href":"https:\/\/gevelridder.nl\/pl\/wp-json\/wp\/v2\/media?parent=140380"}],"wp:term":[{"taxonomy":"product_brand","embeddable":true,"href":"https:\/\/gevelridder.nl\/pl\/wp-json\/wp\/v2\/product_brand?post=140380"},{"taxonomy":"product_cat","embeddable":true,"href":"https:\/\/gevelridder.nl\/pl\/wp-json\/wp\/v2\/product_cat?post=140380"},{"taxonomy":"product_tag","embeddable":true,"href":"https:\/\/gevelridder.nl\/pl\/wp-json\/wp\/v2\/product_tag?post=140380"}],"curies":[{"name":"wp","href":"https:\/\/api.w.org\/{rel}","templated":true}]}}