
{"id":140373,"date":"2026-03-24T11:34:16","date_gmt":"2026-03-24T11:34:16","guid":{"rendered":"https:\/\/gevelridder.nl\/product\/lanca-spanlance-do-wozka-na-plyty\/"},"modified":"2026-03-24T11:34:16","modified_gmt":"2026-03-24T11:34:16","slug":"lanca-spanlance-do-wozka-na-plyty","status":"publish","type":"product","link":"https:\/\/gevelridder.nl\/pl\/produkt\/lanca-spanlance-do-wozka-na-plyty\/","title":{"rendered":"Lanca SpanLance do w\u00f3zka na p\u0142yty"},"content":{"rendered":"<h2>Lanca SpanLance<\/h2>\n<p>Lanca SpanLance dla Gevelridderkar zapobiega opadaniu (szklanej) p\u0142yty do przodu.<\/p>\n<p>Zasadniczo wystarczy jedna lanca; w przypadku du\u017cych (szklanych) tafli zalecamy dwie lance. W przypadku transportu szk\u0142a o nieco wi\u0119kszych wymiarach na <a href=\"https:\/\/gevelridder.nl\/product\/glaskar-250-platenwagen\/\">urz\u0105dzeniu Glaskar<\/a> firmy Gevelridder zalecamy zastosowanie zacisku <a href=\"https:\/\/gevelridder.nl\/product\/spanklem\/\">napinaj\u0105cego<\/a>. <\/p>\n<p>Lanca SpanLance jest wykonana z wysokiej jako\u015bci stali nierdzewnej i oczywi\u015bcie: Made in Holland. Cena dotyczy jednej sztuki. <\/p>\n<h2>Hiszpanie w <a href=\"https:\/\/nl.wikipedia.org\/wiki\/Lans_(wapen)\">\u015bredniowieczu<\/a>.<\/h2>\n<p>W \u015bredniowieczu g\u0142\u00f3wn\u0105 broni\u0105 uzbrojonego rycerza na koniu by\u0142 miecz i lanca. W razie potrzeby m\u00f3g\u0142 dodatkowo u\u017cy\u0107 sztyletu i buzdyganu z \u017celaznymi okuciami. Aby si\u0119 chroni\u0107, rycerz nosi\u0142 p\u0142aszcz kolczy, kt\u00f3ry nie zapewnia\u0142 pe\u0142nej ochrony, wi\u0119c pokrywa\u0142 coraz wi\u0119cej cz\u0119\u015bci cia\u0142a \u017celaznymi p\u0142ytami, a\u017c w ko\u0144cu powsta\u0142a zbroja. Doprowadzi\u0142o to do tego, \u017ce po roku 1000 zmieni\u0142o si\u0119 r\u00f3wnie\u017c zastosowanie lancy. Drewniany trzonek z \u017celazn\u0105 ko\u0144c\u00f3wk\u0105 o d\u0142ugo\u015bci oko\u0142o 15 cm pozosta\u0142, ale ludzie zacz\u0119li pos\u0142ugiwa\u0107 si\u0119 lanc\u0105 w inny spos\u00f3b. Do tego czasu ludzie albo podnosili lanc\u0119 nad g\u0142ow\u0119, aby d\u017agn\u0105\u0107 lub rzuci\u0107, albo trzymali j\u0105 pod prawym ramieniem, aby zachowa\u0107 r\u00f3wnowag\u0119.     <\/p>\n<p>Badania pokazuj\u0105, \u017ce od ostatniej \u0107wierci XI wieku u\u017cywano ci\u0119\u017cszych lanc, kt\u00f3re ludzie zaciskali pod pach\u0105 i trzymali praw\u0105 r\u0119k\u0105 tu\u017c za pier\u015bcieniem. Pier\u015bcie\u0144 ten zapewnia\u0142 op\u00f3r podczas konfrontacji. Lanca by\u0142a skierowana po przek\u0105tnej szyi konia w lew\u0105 stron\u0119. Nabieraj\u0105c pr\u0119dko\u015bci na koniu, rycerz by\u0142 w stanie zada\u0107 w ten spos\u00f3b zab\u00f3jczy cios. Nazywa si\u0119 to <i>technik\u0105 zamaskowanej lancy<\/i>. <a class=\"new\" title=\"Maurice Keen (strona nie istnieje)\" href=\"https:\/\/nl.wikipedia.org\/w\/index.php?title=Maurice_Keen&#038;action=edit&#038;redlink=1\">Maurice Keen<\/a> nazwa\u0142 rycerza stosuj\u0105cego t\u0119 technik\u0119 &#8222;ludzkim pociskiem&#8221;. W przypadku tej techniki rycerz musia\u0142 by\u0107 specjalnie wyszkolony. Musia\u0142 jednocze\u015bnie trzyma\u0107 tarcz\u0119 lew\u0105 r\u0119k\u0105, operowa\u0107 lejcami i pozostawa\u0107 w siodle. Siod\u0142a by\u0142y specjalnie przystosowane do tej techniki.       <sup id=\"cite_ref-1\" class=\"reference\"><a href=\"https:\/\/nl.wikipedia.org\/wiki\/Lans_(wapen)#cite_note-1\">[1]<\/a><\/sup><\/p>\n","protected":false},"excerpt":{"rendered":"<p>Zacisk napinaj\u0105cy pasuje do Gevelkar 150 kg i Gevelkar 4&#215;4.<br \/>\nWykonany jest z wysokiej jako\u015bci stali, odpowiednio zabezpieczonej przed rdz\u0105 i pokrytej gum\u0105, aby nie uszkodzi\u0107 szk\u0142a ani p\u0142yt.<\/p>\n","protected":false},"featured_media":131698,"template":"","meta":{"_acf_changed":false,"_seopress_robots_primary_cat":"","_seopress_titles_title":"","_seopress_titles_desc":"","_seopress_robots_index":""},"product_brand":[],"product_cat":[2038,2025],"product_tag":[2153,2160,2159,2027],"class_list":{"0":"post-140373","1":"product","2":"type-product","3":"status-publish","4":"has-post-thumbnail","6":"product_cat-czesci-zamienne-3","7":"product_cat-wozki-elewacyjne","8":"product_tag-drzwi-na-szklanym-wozku","9":"product_tag-lanca-dystansowa","10":"product_tag-mocowanie-szkla","11":"product_tag-wozek-do-szyb","12":"product_shipping_class-25-euro","14":"first","15":"instock","16":"taxable","17":"shipping-taxable","18":"purchasable","19":"product-type-simple"},"acf":[],"_links":{"self":[{"href":"https:\/\/gevelridder.nl\/pl\/wp-json\/wp\/v2\/product\/140373","targetHints":{"allow":["GET"]}}],"collection":[{"href":"https:\/\/gevelridder.nl\/pl\/wp-json\/wp\/v2\/product"}],"about":[{"href":"https:\/\/gevelridder.nl\/pl\/wp-json\/wp\/v2\/types\/product"}],"wp:featuredmedia":[{"embeddable":true,"href":"https:\/\/gevelridder.nl\/pl\/wp-json\/wp\/v2\/media\/131698"}],"wp:attachment":[{"href":"https:\/\/gevelridder.nl\/pl\/wp-json\/wp\/v2\/media?parent=140373"}],"wp:term":[{"taxonomy":"product_brand","embeddable":true,"href":"https:\/\/gevelridder.nl\/pl\/wp-json\/wp\/v2\/product_brand?post=140373"},{"taxonomy":"product_cat","embeddable":true,"href":"https:\/\/gevelridder.nl\/pl\/wp-json\/wp\/v2\/product_cat?post=140373"},{"taxonomy":"product_tag","embeddable":true,"href":"https:\/\/gevelridder.nl\/pl\/wp-json\/wp\/v2\/product_tag?post=140373"}],"curies":[{"name":"wp","href":"https:\/\/api.w.org\/{rel}","templated":true}]}}