
{"id":140367,"date":"2026-04-03T09:37:21","date_gmt":"2026-04-03T09:37:21","guid":{"rendered":"https:\/\/gevelridder.nl\/product\/podnosnik-quattro-200-kg\/"},"modified":"2026-04-03T09:37:21","modified_gmt":"2026-04-03T09:37:21","slug":"podnosnik-quattro-200-kg","status":"publish","type":"product","link":"https:\/\/gevelridder.nl\/pl\/produkt\/podnosnik-quattro-200-kg\/","title":{"rendered":"Podno\u015bnik Quattro 200 kg"},"content":{"rendered":"<h2>Podno\u015bnik Quattro 200 kg<\/h2>\n<p>W\u00f3zek Quattro lift 200 kg umo\u017cliwia b\u0142yskawiczne umieszczanie szk\u0142a o maksymalnej wadze 200 kg. Ten w\u00f3zek to Mercedes w\u015br\u00f3d w\u00f3zk\u00f3w do transportu i uk\u0142adania, wyprodukowany w Australii. Jest niezwykle wytrzyma\u0142y, kompaktowy, inteligentny i sk\u0142ada si\u0119 z zaledwie 5 segment\u00f3w.  <\/p>\n<p>Za pomoc\u0105 tego w\u00f3zka mo\u017cna umie\u015bci\u0107 szk\u0142o o wadze do 80 kg samodzielnie, 150 kg razem i 200 kg z trzema osobami, bez naruszania przepis\u00f3w dotycz\u0105cych podnoszenia. Za pomoc\u0105 <a href=\"https:\/\/gevelridder.nl\/pl\/produkt\/quattro-lift-combi-200\/\">Quattro Lift<\/a> Professional mo\u017cna umieszcza\u0107 tylko szk\u0142o o wadze do 200 kg. <\/p>\n<h2>Obracanie i podnoszenie za pomoc\u0105 podno\u015bnika Quattro 200 kg<\/h2>\n<p>Por\u0119czny podno\u015bnik do obracania, transportu i umieszczania szk\u0142a.<\/p>\n<h3><\/h3>\n<h3>Unikaj r\u0119cznego przenoszenia szk\u0142a<\/h3>\n<p>Szk\u0142o jest nadal regularnie podnoszone i przenoszone r\u0119cznie, gdy nie jest to konieczne. Czasami brakuje odpowiednich urz\u0105dze\u0144 podnosz\u0105cych i sprz\u0119tu transportowego, a czasami wynika to z lenistwa pracownik\u00f3w. Szk\u0142o mo\u017ce by\u0107 podnoszone r\u0119cznie, je\u015bli nie jest zbyt du\u017ce i ci\u0119\u017ckie i nie musi by\u0107 transportowane zbyt daleko. Dla w\u0142asnego bezpiecze\u0144stwa lepiej jest jednak korzysta\u0107 z podno\u015bnik\u00f3w.   <\/p>\n<p>Ale czy chcesz zaryzykowa\u0107 b\u00f3l plec\u00f3w na ca\u0142e \u017cycie, my nie!<\/p>\n<p><a href=\"https:\/\/arbocatalogus-vlakglas.nl\/handeling\/handmatig-tillen-en-dragen-van-glas\">Zobacz tak\u017ce katalog BHP dla sektora szk\u0142a p\u0142askiego <\/a><\/p>\n<p>Dobr\u0105 alternatyw\u0105 dla tego produktu jest zakup <a href=\"https:\/\/gevelridder.nl\/pl\/produkt\/dystans-do-gevelridder-2-metry\/\">zestawu Facade<\/a>Knight, z kt\u00f3rym mo\u017cna wykona\u0107 jeszcze wi\u0119cej pracy. Zestaw ten sk\u0142ada si\u0119 z w\u00f3zka, Facade Knight, t\u0142oka i zacisku napinaj\u0105cego. <\/p>\n<p>Najcz\u0119stsze przyczyny wypadk\u00f3w i obra\u017ce\u0144 to:<\/p>\n<ul>\n<li>Ci\u0119cia spowodowane dzia\u0142aniem szk\u0142a<\/li>\n<li>Nadmierny wysi\u0142ek fizyczny zwi\u0105zany z podnoszeniem i przenoszeniem ci\u0119\u017ckich tafli szk\u0142a<\/li>\n<li>Potkni\u0119cie, po\u015blizgni\u0119cie lub upadek<\/li>\n<li>Uderzenie przez spadaj\u0105cy \u0142adunek<\/li>\n<\/ul>\n<p>Kluczowe zagro\u017cenia:<\/p>\n<ol>\n<li>Obci\u0105\u017cenie fizyczne<\/li>\n<li>Uderzenie przez (spadaj\u0105ce) materia\u0142y<\/li>\n<li>Zagro\u017cenie przeci\u0119ciem<\/li>\n<li>Potkni\u0119cia, upadki i po\u015blizgni\u0119cia<\/li>\n<\/ol>\n<p>Rozwi\u0105zania dla zagro\u017ce\u0144:<\/p>\n<ol>\n<li>Bezpieczne r\u0119czne podnoszenie i przenoszenie<\/li>\n<li>Zapobieganie uszkodzeniom cia\u0142a<\/li>\n<li>Zapobieganie upadkom, po\u015blizgni\u0119ciom i potkni\u0119ciom<\/li>\n<li>Odpowiednie \u015brodki ochrony indywidualnej dla ka\u017cdej operacji!<\/li>\n<\/ol>\n<p>Racja, wi\u0119c Gable Knight!<\/p>\n","protected":false},"excerpt":{"rendered":"<p>Podno\u015bnik Quattro 200 kg jest przeznaczony do przenoszenia i monta\u017cu szk\u0142a. Za pomoc\u0105 tego w\u00f3zka mo\u017cna umie\u015bci\u0107 do 80 kg szk\u0142a samodzielnie, 150 kg razem i 200 kg z trzema osobami, bez \u0142amania przepis\u00f3w dotycz\u0105cych podnoszenia. <\/p>\n<p>Za pomoc\u0105 tego podno\u015bnika mo\u017cna obraca\u0107, podnosi\u0107 i umieszcza\u0107 szk\u0142o w mgnieniu oka. Podno\u015bnik ten posiada r\u00f3wnie\u017c funkcj\u0119 site-shift, kt\u00f3ra umo\u017cliwia przesuwanie szyby prostopadle do w\u00f3zka za pomoc\u0105 zapadki.<\/p>\n","protected":false},"featured_media":132963,"template":"","meta":{"_acf_changed":false,"_seopress_robots_primary_cat":"none","_seopress_titles_title":"","_seopress_titles_desc":"","_seopress_robots_index":""},"product_brand":[],"product_cat":[2084,2025],"product_tag":[2154,2153,1957,1967,2156,2155,2085,2023,2151,2152],"class_list":{"0":"post-140367","1":"product","2":"type-product","3":"status-publish","4":"has-post-thumbnail","6":"product_cat-podnosniki-do-szkla","7":"product_cat-wozki-elewacyjne","8":"product_tag-balustrada-szklana","9":"product_tag-drzwi-na-szklanym-wozku","10":"product_tag-gevelridder","11":"product_tag-montaz-szkla","12":"product_tag-montaz-szkla-3","13":"product_tag-podnoszenie-szkla-2","14":"product_tag-wozek-instalacyjny","15":"product_tag-wszystko-do-szkla","16":"product_tag-wynajem-dzwigow-do-szkla","17":"product_tag-zestaw-szklany","18":"product_shipping_class-europaleta","20":"first","21":"instock","22":"taxable","23":"shipping-taxable","24":"purchasable","25":"product-type-simple"},"acf":[],"_links":{"self":[{"href":"https:\/\/gevelridder.nl\/pl\/wp-json\/wp\/v2\/product\/140367","targetHints":{"allow":["GET"]}}],"collection":[{"href":"https:\/\/gevelridder.nl\/pl\/wp-json\/wp\/v2\/product"}],"about":[{"href":"https:\/\/gevelridder.nl\/pl\/wp-json\/wp\/v2\/types\/product"}],"wp:featuredmedia":[{"embeddable":true,"href":"https:\/\/gevelridder.nl\/pl\/wp-json\/wp\/v2\/media\/132963"}],"wp:attachment":[{"href":"https:\/\/gevelridder.nl\/pl\/wp-json\/wp\/v2\/media?parent=140367"}],"wp:term":[{"taxonomy":"product_brand","embeddable":true,"href":"https:\/\/gevelridder.nl\/pl\/wp-json\/wp\/v2\/product_brand?post=140367"},{"taxonomy":"product_cat","embeddable":true,"href":"https:\/\/gevelridder.nl\/pl\/wp-json\/wp\/v2\/product_cat?post=140367"},{"taxonomy":"product_tag","embeddable":true,"href":"https:\/\/gevelridder.nl\/pl\/wp-json\/wp\/v2\/product_tag?post=140367"}],"curies":[{"name":"wp","href":"https:\/\/api.w.org\/{rel}","templated":true}]}}