
{"id":140361,"date":"2026-03-24T11:40:03","date_gmt":"2026-03-24T11:40:03","guid":{"rendered":"https:\/\/gevelridder.nl\/product\/zestaw-przedluzajacy-kim-plus-quattro\/"},"modified":"2026-03-24T11:40:03","modified_gmt":"2026-03-24T11:40:03","slug":"zestaw-przedluzajacy-kim-plus-quattro","status":"publish","type":"product","link":"https:\/\/gevelridder.nl\/pl\/produkt\/zestaw-przedluzajacy-kim-plus-quattro\/","title":{"rendered":"Zestaw przed\u0142u\u017caj\u0105cy Kim plus Quattro"},"content":{"rendered":"<h2>Zestaw przed\u0142u\u017caj\u0105cy Kim plus Quattro<\/h2>\n<p>Ten zestaw przed\u0142u\u017caj\u0105cy, zestaw przed\u0142u\u017caj\u0105cy Kim plus Quattro, sk\u0142ada si\u0119 z konstrukcji H i czterech t\u0142ok\u00f3w Kim75. Zestaw ten mo\u017cna b\u0142yskawicznie pod\u0142\u0105czy\u0107 do Quattro lift 200 i Quattro lift Combi, dzi\u0119ki czemu nie trzeba ju\u017c pompowa\u0107 r\u0119cznie. <\/p>\n<p>Je\u015bli chcesz uzyska\u0107 szczeg\u00f3\u0142owe informacje lub niezobowi\u0105zuj\u0105c\u0105 prezentacj\u0119 w naszym pi\u0119knym salonie w \u015brodku kraju, skontaktuj si\u0119 z nami.<\/p>\n<h3>Zapobiegaj r\u0119cznemu przenoszeniu szk\u0142a dzi\u0119ki zestawowi przed\u0142u\u017caj\u0105cemu Kim plus Quattro<\/h3>\n<p>Szk\u0142o jest nadal regularnie podnoszone i przenoszone r\u0119cznie, co nie jest konieczne. Czasami brakuje odpowiedniego sprz\u0119tu do podnoszenia i transportu, czasami wynika to z wygody pracownika. Po co ryzykowa\u0107 b\u00f3lem plec\u00f3w przez ca\u0142e \u017cycie, my tego nie robimy!  <\/p>\n<p><a href=\"https:\/\/arbocatalogus-vlakglas.nl\/handeling\/handmatig-tillen-en-dragen-van-glas\">Wskaz\u00f3wka: katalog BHP dla sektora szk\u0142a p\u0142askiego  <\/a><\/p>\n<p>Dobr\u0105 alternatyw\u0105 dla tego produktu jest zakup <a href=\"https:\/\/gevelridder.nl\/pl\/produkt\/dystans-do-gevelridder-2-metry\/\">zestawu Facade<\/a>Knight, z kt\u00f3rym mo\u017cna wykona\u0107 jeszcze wi\u0119cej pracy. Zestaw ten sk\u0142ada si\u0119 z w\u00f3zka, Facade Knight, t\u0142oka i zacisku napinaj\u0105cego. <\/p>\n<p>Najcz\u0119stsze przyczyny wypadk\u00f3w i obra\u017ce\u0144 to:<\/p>\n<ul>\n<li>Ci\u0119cia spowodowane dzia\u0142aniem szk\u0142a<\/li>\n<li>Nadmierny wysi\u0142ek fizyczny zwi\u0105zany z podnoszeniem i przenoszeniem ci\u0119\u017ckich tafli szk\u0142a<\/li>\n<li>Potkni\u0119cie, po\u015blizgni\u0119cie lub upadek<\/li>\n<li>Uderzenie przez spadaj\u0105cy \u0142adunek<\/li>\n<\/ul>\n<p>Kluczowe zagro\u017cenia:<\/p>\n<ol>\n<li>Obci\u0105\u017cenie fizyczne<\/li>\n<li>Uderzenie przez (spadaj\u0105ce) materia\u0142y<\/li>\n<li>Zagro\u017cenie przeci\u0119ciem<\/li>\n<li>Potkni\u0119cia, upadki i po\u015blizgni\u0119cia<\/li>\n<\/ol>\n<p>Rozwi\u0105zania dla zagro\u017ce\u0144:<\/p>\n<ol>\n<li>Bezpieczne r\u0119czne podnoszenie i przenoszenie<\/li>\n<li>Zapobieganie uszkodzeniom cia\u0142a<\/li>\n<li>Zapobieganie upadkom, po\u015blizgni\u0119ciom i potkni\u0119ciom<\/li>\n<li>Odpowiednie \u015brodki ochrony indywidualnej dla ka\u017cdej operacji!<\/li>\n<\/ol>\n<p>W\u0142a\u015bnie dlatego Gable Knight!<\/p>\n","protected":false},"excerpt":{"rendered":"<p>Ten zestaw przed\u0142u\u017caj\u0105cy, Quattro lift 200kg Pro, sk\u0142ada si\u0119 z konstrukcji H i czterech t\u0142ok\u00f3w Kim75. Mo\u017cna je \u0142atwo zamontowa\u0107 na podno\u015bniku <a href=\"https:\/\/gevelridder.nl\/pl\/produkt\/quattro-lift-combi-200\/\">Quattro<\/a> <a href=\"https:\/\/gevelridder.nl\/product\/quattro-lift-200kg-met-console\/\">lift 200<\/a> lub Quattro lift combi. <\/p>\n","protected":false},"featured_media":132278,"template":"","meta":{"_acf_changed":false,"_seopress_robots_primary_cat":"none","_seopress_titles_title":"","_seopress_titles_desc":"","_seopress_robots_index":""},"product_brand":[],"product_cat":[2084,2025],"product_tag":[1957,2085],"class_list":{"0":"post-140361","1":"product","2":"type-product","3":"status-publish","4":"has-post-thumbnail","6":"product_cat-podnosniki-do-szkla","7":"product_cat-wozki-elewacyjne","8":"product_tag-gevelridder","9":"product_tag-wozek-instalacyjny","10":"product_shipping_class-pakiet-80-50-20","12":"first","13":"instock","14":"sold-individually","15":"taxable","16":"shipping-taxable","17":"purchasable","18":"product-type-simple"},"acf":[],"_links":{"self":[{"href":"https:\/\/gevelridder.nl\/pl\/wp-json\/wp\/v2\/product\/140361","targetHints":{"allow":["GET"]}}],"collection":[{"href":"https:\/\/gevelridder.nl\/pl\/wp-json\/wp\/v2\/product"}],"about":[{"href":"https:\/\/gevelridder.nl\/pl\/wp-json\/wp\/v2\/types\/product"}],"wp:featuredmedia":[{"embeddable":true,"href":"https:\/\/gevelridder.nl\/pl\/wp-json\/wp\/v2\/media\/132278"}],"wp:attachment":[{"href":"https:\/\/gevelridder.nl\/pl\/wp-json\/wp\/v2\/media?parent=140361"}],"wp:term":[{"taxonomy":"product_brand","embeddable":true,"href":"https:\/\/gevelridder.nl\/pl\/wp-json\/wp\/v2\/product_brand?post=140361"},{"taxonomy":"product_cat","embeddable":true,"href":"https:\/\/gevelridder.nl\/pl\/wp-json\/wp\/v2\/product_cat?post=140361"},{"taxonomy":"product_tag","embeddable":true,"href":"https:\/\/gevelridder.nl\/pl\/wp-json\/wp\/v2\/product_tag?post=140361"}],"curies":[{"name":"wp","href":"https:\/\/api.w.org\/{rel}","templated":true}]}}