
{"id":140355,"date":"2026-03-24T11:35:10","date_gmt":"2026-03-24T11:35:10","guid":{"rendered":"https:\/\/gevelridder.nl\/product\/model-pokazowy-liftmaster-b1-facademaster\/"},"modified":"2026-03-24T11:35:10","modified_gmt":"2026-03-24T11:35:10","slug":"model-pokazowy-liftmaster-b1-facademaster","status":"publish","type":"product","link":"https:\/\/gevelridder.nl\/pl\/produkt\/model-pokazowy-liftmaster-b1-facademaster\/","title":{"rendered":"Model pokazowy LiftMaster B1 Facademaster"},"content":{"rendered":"<p>Nasz Facade Master: idealny podno\u015bnik do szk\u0142a zapewniaj\u0105cy wydajno\u015b\u0107 i bezpiecze\u0144stwo<\/p>\n<p>W \u015bwiecie przemys\u0142u szklarskiego wydajno\u015b\u0107 i bezpiecze\u0144stwo maj\u0105 ogromne znaczenie. Precyzyjne podnoszenie i pozycjonowanie szklanych element\u00f3w budynku wymaga precyzji i niezawodno\u015bci. Dlatego te\u017c z dum\u0105 przedstawiamy nasz Facade Master, wszechstronny i wydajny podno\u015bnik z bogatym do\u015bwiadczeniem praktycznym, zaprojektowany specjalnie z my\u015bl\u0105 o spe\u0142nieniu wymaga\u0144 przemys\u0142u szklarskiego.  <\/p>\n<p><strong>Dobra wydajno\u015b\u0107, korzystna cena<\/strong><\/p>\n<p>Nasz Gevelmaster to co\u015b wi\u0119cej ni\u017c tylko pomoc w podnoszeniu; to partner, kt\u00f3ry pomaga wykona\u0107 prac\u0119 szybko i dok\u0142adnie. Ten model jest wyposa\u017cony w tylne ko\u0142o tandemowe, co zapewnia mu jeszcze lepsz\u0105 wydajno\u015b\u0107. Mo\u017ce bez wysi\u0142ku podnosi\u0107 elementy budowlane o wadze do 180 kg, co zapewnia wydajn\u0105 i bezpieczn\u0105 obs\u0142ug\u0119 na placu budowy.  <\/p>\n<p><strong>Cechy, kt\u00f3re czyni\u0105 r\u00f3\u017cnic\u0119<\/strong><\/p>\n<p>Co sprawia, \u017ce Facade Master jest tak wyj\u0105tkowy? Przyjrzyjmy si\u0119 jego funkcjom: <\/p>\n<ul>\n<li><em>Stabilna konstrukcja<\/em>: dzi\u0119ki solidnej konstrukcji mo\u017cna polega\u0107 na stabilno\u015bci urz\u0105dzenia Gevelmaster, nawet przy du\u017cych obci\u0105\u017ceniach.<\/li>\n<li>Obracany i pochylany <em>maszt<\/em>: Obracany i pochylany maszt zapewnia maksymaln\u0105 elastyczno\u015b\u0107 podczas umieszczania element\u00f3w konstrukcyjnych, nawet w trudno dost\u0119pnych miejscach.<\/li>\n<li><em>\u0141atwy monta\u017c<\/em>: Monta\u017c element\u00f3w budynku nigdy nie by\u0142 \u0142atwiejszy dzi\u0119ki Facade Master.<\/li>\n<li><em>Kompaktowy i zwinny<\/em>: Dzi\u0119ki kompaktowej konstrukcji Facade Master mo\u017ce z \u0142atwo\u015bci\u0105 manewrowa\u0107 przez standardowe drzwi i w\u0105skie przej\u015bcia.<\/li>\n<li><em>Regulowany uchwyt<\/em>: Uchwyt o regulowanej wysoko\u015bci zapewnia ergonomiczny komfort, umo\u017cliwiaj\u0105c prac\u0119 bez wysi\u0142ku.<\/li>\n<li><em>Podw\u00f3jny system pr\u00f3\u017cniowy<\/em>: Gevelmaster jest wyposa\u017cony w podw\u00f3jny system pr\u00f3\u017cniowy z 4 t\u0142okami zapewniaj\u0105cymi pewny chwyt szklanych element\u00f3w budowlanych.<\/li>\n<li><em>Kontrola pod<\/em>ci\u015bnienia: Wbudowany manometr zapewnia kontrol\u0119 nad podci\u015bnieniem, dzi\u0119ki czemu zawsze masz pewno\u015b\u0107, \u017ce chwyt jest optymalny.<\/li>\n<li><em>Natychmiastowa gotowo\u015b\u0107<\/em> do <em>pracy<\/em>: Dzi\u0119ki r\u0119cznej pompce Gevelmaster jest gotowy do natychmiastowego u\u017cycia, oszcz\u0119dzaj\u0105c cenny czas.<\/li>\n<li><em>Lekki i przeno\u015bny<\/em>: Wa\u017c\u0105cy zaledwie 20 kg Gevelmaster jest \u0142atwy do przenoszenia i przemieszczania w wybrane miejsce.<\/li>\n<\/ul>\n<p>Gevelmaster to nie tylko niezawodny partner na placu budowy, ale tak\u017ce inwestycja w wydajno\u015b\u0107 i bezpiecze\u0144stwo pracy w bran\u017cy szklarskiej. Dzi\u0119ki imponuj\u0105cej wydajno\u015bci i przyst\u0119pnej cenie, Gevelmaster jest idealnym wyborem dla ka\u017cdego, kto chce podnosi\u0107 i umieszcza\u0107 szklane elementy budowlane z precyzj\u0105 i \u0142atwo\u015bci\u0105. <\/p>\n<p>Skontaktuj si\u0119 z nami ju\u017c dzi\u015b, aby zam\u00f3wi\u0107 Gevelmaster i odkry\u0107, jak ten pot\u0119\u017cny podno\u015bnik mo\u017ce przenie\u015b\u0107 Twoj\u0105 prac\u0119 na wy\u017cszy poziom. W Gevelridder wydajno\u015b\u0107, jako\u015b\u0107 i bezpiecze\u0144stwo s\u0105 zawsze najwa\u017cniejsze, co znajduje odzwierciedlenie w naszym Gevelmaster. Spraw, aby praca ze szk\u0142em by\u0142a \u0142atwiejsza i bardziej efektywna dzi\u0119ki Gevelmaster!  <\/p>\n","protected":false},"excerpt":{"rendered":"<p>Model Gevelmaster z du\u017cym do\u015bwiadczeniem praktycznym nadaje si\u0119 do 180 kg i mo\u017ce zar\u00f3wno transportowa\u0107, jak i umieszcza\u0107 szk\u0142o. Zawiera podw\u00f3jny system pr\u00f3\u017cniowy i jest \u0142atwy w monta\u017cu i demonta\u017cu w ma\u0142ych cz\u0119\u015bciach. Ten model b\u0119dzie wyposa\u017cony w ko\u0142o tandemowe z ty\u0142u (nie pokazane na zdj\u0119ciu). Dla dodatkowej stabilno\u015bci.    <\/p>\n","protected":false},"featured_media":131814,"template":"","meta":{"_acf_changed":false,"_seopress_robots_primary_cat":"","_seopress_titles_title":"","_seopress_titles_desc":"","_seopress_robots_index":""},"product_brand":[],"product_cat":[2057],"product_tag":[2147,2143,2149,2148,1993,2027],"class_list":{"0":"post-140355","1":"product","2":"type-product","3":"status-publish","4":"has-post-thumbnail","6":"product_cat-gable-knights","7":"product_tag-b1","8":"product_tag-bohle","9":"product_tag-liftmaster","10":"product_tag-mistrz-elewacji","11":"product_tag-podnosnik-do-szkla","12":"product_tag-wozek-do-szyb","13":"product_shipping_class-85-euro","15":"first","16":"outofstock","17":"taxable","18":"shipping-taxable","19":"purchasable","20":"product-type-simple"},"acf":[],"_links":{"self":[{"href":"https:\/\/gevelridder.nl\/pl\/wp-json\/wp\/v2\/product\/140355","targetHints":{"allow":["GET"]}}],"collection":[{"href":"https:\/\/gevelridder.nl\/pl\/wp-json\/wp\/v2\/product"}],"about":[{"href":"https:\/\/gevelridder.nl\/pl\/wp-json\/wp\/v2\/types\/product"}],"wp:featuredmedia":[{"embeddable":true,"href":"https:\/\/gevelridder.nl\/pl\/wp-json\/wp\/v2\/media\/131814"}],"wp:attachment":[{"href":"https:\/\/gevelridder.nl\/pl\/wp-json\/wp\/v2\/media?parent=140355"}],"wp:term":[{"taxonomy":"product_brand","embeddable":true,"href":"https:\/\/gevelridder.nl\/pl\/wp-json\/wp\/v2\/product_brand?post=140355"},{"taxonomy":"product_cat","embeddable":true,"href":"https:\/\/gevelridder.nl\/pl\/wp-json\/wp\/v2\/product_cat?post=140355"},{"taxonomy":"product_tag","embeddable":true,"href":"https:\/\/gevelridder.nl\/pl\/wp-json\/wp\/v2\/product_tag?post=140355"}],"curies":[{"name":"wp","href":"https:\/\/api.w.org\/{rel}","templated":true}]}}