
{"id":140332,"date":"2026-03-24T11:43:39","date_gmt":"2026-03-24T11:43:39","guid":{"rendered":"https:\/\/gevelridder.nl\/product\/ramie-do-liftmaster-gevelmaster-z-tandemem\/"},"modified":"2026-03-24T11:43:39","modified_gmt":"2026-03-24T11:43:39","slug":"ramie-do-liftmaster-gevelmaster-z-tandemem","status":"publish","type":"product","link":"https:\/\/gevelridder.nl\/pl\/produkt\/ramie-do-liftmaster-gevelmaster-z-tandemem\/","title":{"rendered":"Rami\u0119 do Liftmaster Gevelmaster z tandemem"},"content":{"rendered":"<h2>Rami\u0119 podnosz\u0105ce do podno\u015bnika pr\u00f3\u017cniowego<\/h2>\n<p>Ten uchwyt umo\u017cliwia podnoszenie szk\u0142a za pomoc\u0105 podno\u015bnika pr\u00f3\u017cniowego Gevelmaster (podci\u015bnieniowego urz\u0105dzenia podnosz\u0105cego) na d\u017awigu.<\/p>\n<h2>Facade Master 2.0: Najlepszy podno\u015bnik dla wydajnego budownictwa<\/h2>\n<p>Szukasz niezawodnego i wydajnego podno\u015bnika do swoich projekt\u00f3w budowlanych? Poznaj Gevelmaster 2.0! Ten zaawansowany podno\u015bnik zosta\u0142 specjalnie zaprojektowany do \u0142atwego i bezpiecznego przenoszenia element\u00f3w budowlanych o wadze do 180 kg. Dzi\u0119ki stabilnej konstrukcji, obrotowemu masztowi i kompaktowej konstrukcji, Gevelmaster 2.0 jest idealnym partnerem do transportu wewn\u0119trznego i prac na placu budowy.   <\/p>\n<h2>Bezpiecze\u0144stwo i \u0142atwo\u015b\u0107 u\u017cytkowania<\/h2>\n<p>Gevelmaster 2.0 zosta\u0142 opracowany zgodnie z najwy\u017cszymi standardami bezpiecze\u0144stwa i \u0142atwo\u015bci u\u017cytkowania. \u0141atwy monta\u017c element\u00f3w konstrukcyjnych oraz obrotowo-uchylny maszt umo\u017cliwiaj\u0105 \u0142atwe manewrowanie i precyzyjne pozycjonowanie. Nawet w ciasnych przestrzeniach ten podno\u015bnik jest bardzo zwrotny i mie\u015bci si\u0119 w standardowych drzwiach. Dzi\u0119ki regulowanemu uchwytowi i stabilnej konstrukcji tylnych k\u00f3\u0142 tandemowych, Gevelmaster 2.0 zapewnia optymaln\u0105 kontrol\u0119 i komfort podczas podnoszenia.   <\/p>\n<p>Mocny i niezawodny: Gevelmaster 2.0 jest wyposa\u017cony w zaawansowany system podnoszenia, kt\u00f3ry mo\u017ce obraca\u0107 si\u0119 o 360\u00b0. Umo\u017cliwia to \u0142atwe obracanie element\u00f3w budowlanych w dowolne po\u0142o\u017cenie. Dzi\u0119ki podw\u00f3jnemu systemowi podci\u015bnienia i 4 t\u0142okom, to urz\u0105dzenie podnosz\u0105ce zapewnia niezr\u00f3wnan\u0105 przyczepno\u015b\u0107 element\u00f3w budowlanych, nawet na bardzo p\u0142askich i kompaktowych powierzchniach. Wbudowany manometr zapewnia precyzyjn\u0105 kontrol\u0119 podci\u015bnienia, a r\u0119czne sterowanie pomp\u0105 sprawia, \u017ce Facade Master 2.0 mo\u017ce by\u0107 natychmiast u\u017cyty.   <\/p>\n<p>Elastyczny i przeno\u015bny: Jedn\u0105 z najwi\u0119kszych zalet Gevelmaster 2.0 jest jego elastyczno\u015b\u0107 i przeno\u015bno\u015b\u0107. Ten podno\u015bnik mo\u017cna \u0142atwo zdemontowa\u0107 i dopasowa\u0107 do niemal ka\u017cdej kombinacji. W rezultacie mo\u017cna go \u0142atwo transportowa\u0107 na r\u00f3\u017cne place budowy. Co wi\u0119cej, Gevelmaster 2.0 mo\u017ce by\u0107 r\u00f3wnie\u017c u\u017cywany w po\u0142\u0105czeniu z d\u017awigiem, co czyni go jeszcze bardziej wszechstronnym pod wzgl\u0119dem mo\u017cliwo\u015bci zastosowania.   <\/p>\n<h2>Wnioski<\/h2>\n<p>Je\u015bli szukasz niezawodnego, mocnego i wszechstronnego podno\u015bnika do swoich projekt\u00f3w budowlanych, Facademaster 2.0 jest idealnym wyborem. Dzi\u0119ki \u0142atwej i bezpiecznej obs\u0142udze, stabilnej konstrukcji, obrotowemu i odchylanemu masztowi oraz kompaktowej konstrukcji, ten podno\u015bnik oferuje wydajne rozwi\u0105zanie do transportu wewn\u0119trznego i prac na placu budowy. Niezale\u017cnie od tego, czy potrzebujesz podnosi\u0107, pozycjonowa\u0107 czy obraca\u0107 elementy konstrukcyjne, Facademaster 2.0 jest zawsze do Twojej dyspozycji. Nie wahaj si\u0119 d\u0142u\u017cej i zwi\u0119ksz produktywno\u015b\u0107 i bezpiecze\u0144stwo na swoim placu budowy dzi\u0119ki Gevelmaster 2.0 &#8211; najlepszemu podno\u015bnikowi do wydajnej budowy. Zam\u00f3w ju\u017c dzi\u015b i przekonaj si\u0119 o wielu zaletach tego innowacyjnego podno\u015bnika. Przenie\u015b ci\u0119\u017ck\u0105 prac\u0119 na nowy poziom dzi\u0119ki Gevelmaster 2.0 i spraw, aby Twoje projekty budowlane by\u0142y szybsze, bezpieczniejsze i \u0142atwiejsze ni\u017c kiedykolwiek wcze\u015bniej!     <\/p>\n<h2>Dodatkowy<\/h2>\n<p>Ekskluzywne stabilne ko\u0142o tandemowe (podw\u00f3jne ko\u0142o) z ty\u0142u, aby zapobiec przechylaniu si\u0119 w\u00f3zka. Aby uzyska\u0107 wi\u0119cej informacji, zadzwo\u0144 do nas. <\/p>\n<p>&nbsp;<\/p>\n","protected":false},"excerpt":{"rendered":"<p>To rami\u0119 mo\u017cna zamontowa\u0107 do pog\u0142\u0119biarki zasysaj\u0105cej szk\u0142o, aby podnosi\u0107 szk\u0142o do d\u017awigu.<\/p>\n","protected":false},"featured_media":132469,"template":"","meta":{"_acf_changed":false,"_seopress_robots_primary_cat":"","_seopress_titles_title":"","_seopress_titles_desc":"","_seopress_robots_index":""},"product_brand":[],"product_cat":[2084,2078],"product_tag":[2143,2145,2146,1967,2142,2144],"class_list":{"0":"post-140332","1":"product","2":"type-product","3":"status-publish","4":"has-post-thumbnail","6":"product_cat-podnosniki-do-szkla","7":"product_cat-wozki-2","8":"product_tag-bohle","9":"product_tag-ergonomia","10":"product_tag-liftmaster-b1","11":"product_tag-montaz-szkla","12":"product_tag-niebieski-wozek","13":"product_tag-niemcy","14":"product_shipping_class-europaleta","16":"first","17":"instock","18":"taxable","19":"shipping-taxable","20":"purchasable","21":"product-type-simple"},"acf":[],"_links":{"self":[{"href":"https:\/\/gevelridder.nl\/pl\/wp-json\/wp\/v2\/product\/140332","targetHints":{"allow":["GET"]}}],"collection":[{"href":"https:\/\/gevelridder.nl\/pl\/wp-json\/wp\/v2\/product"}],"about":[{"href":"https:\/\/gevelridder.nl\/pl\/wp-json\/wp\/v2\/types\/product"}],"wp:featuredmedia":[{"embeddable":true,"href":"https:\/\/gevelridder.nl\/pl\/wp-json\/wp\/v2\/media\/132469"}],"wp:attachment":[{"href":"https:\/\/gevelridder.nl\/pl\/wp-json\/wp\/v2\/media?parent=140332"}],"wp:term":[{"taxonomy":"product_brand","embeddable":true,"href":"https:\/\/gevelridder.nl\/pl\/wp-json\/wp\/v2\/product_brand?post=140332"},{"taxonomy":"product_cat","embeddable":true,"href":"https:\/\/gevelridder.nl\/pl\/wp-json\/wp\/v2\/product_cat?post=140332"},{"taxonomy":"product_tag","embeddable":true,"href":"https:\/\/gevelridder.nl\/pl\/wp-json\/wp\/v2\/product_tag?post=140332"}],"curies":[{"name":"wp","href":"https:\/\/api.w.org\/{rel}","templated":true}]}}